{"id":5636,"date":"2025-12-09T09:23:59","date_gmt":"2025-12-09T09:23:59","guid":{"rendered":"https:\/\/mountlaser.com\/?post_type=product&#038;p=5636"},"modified":"2025-12-09T09:23:59","modified_gmt":"2025-12-09T09:23:59","slug":"ldt-302-series-theodolite","status":"publish","type":"product","link":"https:\/\/mountlaser.com\/pl\/produkt\/ldt-302-series-theodolite\/","title":{"rendered":"Teodolit serii LDT-302"},"content":{"rendered":"<p>Wprowad\u017a precyzj\u0119 i wydajno\u015b\u0107 do ka\u017cdego projektu dzi\u0119ki in\u017cynierowi <a href=\"https:\/\/mountlaser.com\/pl\/about-us\/\">Teodolit serii LDT-302<\/a> od Mount Laser. Zaprojektowany dla geodet\u00f3w, in\u017cynier\u00f3w i specjalist\u00f3w budowlanych, kt\u00f3rzy wymagaj\u0105 niezawodnej pracy, ten cyfrowy teodolit \u0142\u0105czy w sobie solidny sprz\u0119t z inteligentnymi funkcjami, aby usprawni\u0107 pomiar k\u0105t\u00f3w i wyznaczanie osi w terenie.<br \/>\nSercem tej serii jest <a href=\"https:\/\/mountlaser.com\/pl\/about-us\/\">Teodolit cyfrowy Ldt-302<\/a>, zosta\u0142 zaprojektowany tak, aby zapewnia\u0107 wyj\u0105tkow\u0105 dok\u0142adno\u015b\u0107 i trwa\u0142o\u015b\u0107, dzi\u0119ki czemu jest niezast\u0105pionym narz\u0119dziem w szerokim zakresie zastosowa\u0144, od uk\u0142adu terenu po pomiary topograficzne.<\/p>\n<p><img fetchpriority=\"high\" decoding=\"async\" class=\"aligncenter wp-image-5638\" src=\"https:\/\/mountlaser.com\/wp-content\/uploads\/2025\/12\/LDT-3022.webp\" alt=\"Ldt-302 Digital Theodolite\" width=\"500\" height=\"500\" srcset=\"https:\/\/mountlaser.com\/wp-content\/uploads\/2025\/12\/LDT-3022.webp 1000w, https:\/\/mountlaser.com\/wp-content\/uploads\/2025\/12\/LDT-3022-300x300.webp 300w, https:\/\/mountlaser.com\/wp-content\/uploads\/2025\/12\/LDT-3022-150x150.webp 150w, https:\/\/mountlaser.com\/wp-content\/uploads\/2025\/12\/LDT-3022-768x768.webp 768w, https:\/\/mountlaser.com\/wp-content\/uploads\/2025\/12\/LDT-3022-12x12.webp 12w, https:\/\/mountlaser.com\/wp-content\/uploads\/2025\/12\/LDT-3022-600x600.webp 600w, https:\/\/mountlaser.com\/wp-content\/uploads\/2025\/12\/LDT-3022-800x800.webp 800w, https:\/\/mountlaser.com\/wp-content\/uploads\/2025\/12\/LDT-3022-400x400.webp 400w\" sizes=\"(max-width: 500px) 100vw, 500px\" \/><\/p>\n<p><strong>Teodolit cyfrowy LDT-302 wyst\u0119puje w czterech nast\u0119puj\u0105cych typach:<\/strong><\/p>\n<p>Teodolit cyfrowy LDT-302LO<br \/>\nTeodolit, D\u00f3\u0142: Laser (czerwona wi\u0105zka), G\u00f3ra: Optyczny, \u017b\u00f3\u0142ty kolor obudowy<\/p>\n<p>LDT-302LL Teodolit cyfrowy<br \/>\nTeodolit, D\u00f3\u0142: Laser (czerwona wi\u0105zka), G\u00f3ra: Laser (czerwona wi\u0105zka), \u017b\u00f3\u0142ty kolor obudowy<\/p>\n<p>Teodolit cyfrowy LDT-302OO<br \/>\nTeodolit, D\u00f3\u0142: Optyczny, G\u00f3ra: Optyczny, \u017b\u00f3\u0142ty kolor obudowy<\/p>\n<p>Teodolit cyfrowy LDT-302OL<br \/>\nTeodolit, D\u00f3\u0142: Optyczny, G\u00f3ra: Laser (czerwona wi\u0105zka), \u017b\u00f3\u0142ty kolor obudowy<\/p>\n<p><strong>Specyfikacja teodolitu serii LDT-302<\/strong><\/p>\n<table style=\"border-collapse: collapse; width: 704px; height: 945px;\" border=\"0\" width=\"463\" cellspacing=\"0\" cellpadding=\"0\">\n<tbody>\n<tr style=\"height: 13.50pt;\">\n<td class=\"et2\" style=\"height: 13.50pt; width: 230.25pt;\" colspan=\"2\" width=\"307\" height=\"18\">Numer modelu.<\/td>\n<td class=\"et3\" style=\"width: 117.00pt;\" width=\"156\">LDT-302<\/td>\n<\/tr>\n<tr style=\"height: 13.50pt;\">\n<td class=\"et3\" style=\"height: 13.50pt;\" height=\"18\">Trybrach<\/td>\n<td class=\"et3\">Model<\/td>\n<td class=\"et3\">Od\u0142\u0105czany<\/td>\n<\/tr>\n<tr style=\"height: 13.50pt;\">\n<td class=\"et2\" style=\"height: 108.00pt;\" rowspan=\"8\" height=\"144\">Teleskop<\/td>\n<td class=\"et3\">Obrazowanie<\/td>\n<td class=\"et3\">Wyprostowany<\/td>\n<\/tr>\n<tr style=\"height: 13.50pt;\">\n<td class=\"et3\">Powi\u0119kszenie<\/td>\n<td class=\"et3\">30X<\/td>\n<\/tr>\n<tr style=\"height: 13.50pt;\">\n<td class=\"et3\">Apertura obiektywu<\/td>\n<td class=\"et3\">45 mm<\/td>\n<\/tr>\n<tr style=\"height: 13.50pt;\">\n<td class=\"et3\">Rezolucja<\/td>\n<td class=\"et3\">3\u2033<\/td>\n<\/tr>\n<tr style=\"height: 13.50pt;\">\n<td class=\"et3\">Pole widzenia<\/td>\n<td class=\"et3\">1\u00b030\u2032<\/td>\n<\/tr>\n<tr style=\"height: 13.50pt;\">\n<td class=\"et3\">Minimalne skupienie<\/td>\n<td class=\"et3\">1,3 m<\/td>\n<\/tr>\n<tr style=\"height: 13.50pt;\">\n<td class=\"et3\">Sta\u0142a mno\u017cenia\/dodawania<\/td>\n<td class=\"et3\">100\/ 0<\/td>\n<\/tr>\n<tr style=\"height: 13.50pt;\">\n<td class=\"et3\">D\u0142ugo\u015b\u0107<\/td>\n<td class=\"et3\">156 mm<\/td>\n<\/tr>\n<tr style=\"height: 13.50pt;\">\n<td class=\"et2\" style=\"height: 67.50pt;\" rowspan=\"5\" height=\"90\">Pomiar k\u0105ta<\/td>\n<td class=\"et3\">Tryb pomiaru<\/td>\n<td class=\"et3\">Enkoder absolutny<\/td>\n<\/tr>\n<tr style=\"height: 13.50pt;\">\n<td class=\"et3\">Minimalna lektura<\/td>\n<td class=\"et3\">1\u2033\/ 5\u2033<\/td>\n<\/tr>\n<tr style=\"height: 13.50pt;\">\n<td class=\"et3\">Dok\u0142adno\u015b\u0107 odczytu<\/td>\n<td class=\"et3\">2\u2033<\/td>\n<\/tr>\n<tr style=\"height: 13.50pt;\">\n<td class=\"et3\">\u015arednica okr\u0119gu<\/td>\n<td class=\"et3\">71 mm<\/td>\n<\/tr>\n<tr style=\"height: 13.50pt;\">\n<td class=\"et3\">Jednostki k\u0105towe<\/td>\n<td class=\"et3\">360\u00b0\/ 400gon\/ 6400mil<\/td>\n<\/tr>\n<tr style=\"height: 13.50pt;\">\n<td class=\"et2\" style=\"height: 27.00pt;\" rowspan=\"2\" height=\"36\">Kompensator<\/td>\n<td class=\"et3\">Czujnik przechy\u0142u<\/td>\n<td class=\"et3\">Tak<\/td>\n<\/tr>\n<tr style=\"height: 13.50pt;\">\n<td class=\"et3\">Zakres<\/td>\n<td class=\"et3\">\u00b13\u2032<\/td>\n<\/tr>\n<tr style=\"height: 13.50pt;\">\n<td class=\"et2\" style=\"height: 54.00pt;\" rowspan=\"4\" height=\"72\">Pion laserowy<\/td>\n<td class=\"et3\">D\u0142ugo\u015b\u0107 fali<\/td>\n<td class=\"et3\">635nm Czerwona wi\u0105zka<\/td>\n<\/tr>\n<tr style=\"height: 13.50pt;\">\n<td class=\"et3\">Moc<\/td>\n<td class=\"et3\">1mW<\/td>\n<\/tr>\n<tr style=\"height: 13.50pt;\">\n<td class=\"et3\">Dok\u0142adno\u015b\u0107 (1,5 m)<\/td>\n<td class=\"et3\">\u00b11 mm<\/td>\n<\/tr>\n<tr style=\"height: 13.50pt;\">\n<td class=\"et3\">Stopie\u0144 laserowy<\/td>\n<td class=\"et3\"><span class=\"font1\">Klasa<\/span><span class=\"font3\">\u2161<\/span><\/td>\n<\/tr>\n<tr style=\"height: 13.50pt;\">\n<td class=\"et2\" style=\"height: 40.50pt;\" rowspan=\"3\" height=\"54\">Pion optyczny (opcjonalnie)<\/td>\n<td class=\"et3\">Powi\u0119kszenie<\/td>\n<td class=\"et3\">3x<\/td>\n<\/tr>\n<tr style=\"height: 13.50pt;\">\n<td class=\"et3\">Pole widzenia<\/td>\n<td class=\"et3\">5\u00b0<\/td>\n<\/tr>\n<tr style=\"height: 13.50pt;\">\n<td class=\"et3\">Zakres ostro\u015bci<\/td>\n<td class=\"et3\"><span class=\"font1\">0,5 m\u2014<\/span><span class=\"font3\">\u221e<\/span><\/td>\n<\/tr>\n<tr style=\"height: 13.50pt;\">\n<td class=\"et2\" style=\"height: 67.50pt;\" rowspan=\"5\" height=\"90\">Wska\u017anik laserowy<\/td>\n<td class=\"et3\">D\u0142ugo\u015b\u0107 fali<\/td>\n<td class=\"et3\">\/<\/td>\n<\/tr>\n<tr style=\"height: 13.50pt;\">\n<td class=\"et3\">Moc<\/td>\n<td class=\"et3\">\/<\/td>\n<\/tr>\n<tr style=\"height: 13.50pt;\">\n<td class=\"et3\">Zasi\u0119g lasera (w ci\u0105gu dnia)<\/td>\n<td class=\"et3\">\/<\/td>\n<\/tr>\n<tr style=\"height: 13.50pt;\">\n<td class=\"et3\">Dok\u0142adno\u015b\u0107 wsp\u00f3\u0142osiowa lasera<\/td>\n<td class=\"et3\">\/<\/td>\n<\/tr>\n<tr style=\"height: 13.50pt;\">\n<td class=\"et3\">\u015arednica plamki lasera<\/td>\n<td class=\"et3\">\/<\/td>\n<\/tr>\n<tr style=\"height: 13.50pt;\">\n<td class=\"et2\" style=\"height: 27.00pt;\" rowspan=\"2\" height=\"36\">Fiolka<\/td>\n<td class=\"et3\">Fiolka p\u0142ytkowa<\/td>\n<td class=\"et3\">30\u2033\/ 2mm<\/td>\n<\/tr>\n<tr style=\"height: 13.50pt;\">\n<td class=\"et3\">Fiolka okr\u0105g\u0142a<\/td>\n<td class=\"et3\">8&#039;\/ 2mm<\/td>\n<\/tr>\n<tr style=\"height: 13.50pt;\">\n<td class=\"et3\" style=\"height: 13.50pt;\" height=\"18\">Wy\u015bwietlacz<\/td>\n<td class=\"et3\">Podw\u00f3jna twarz<\/td>\n<td class=\"et3\">Pod\u015bwietlenie LED<\/td>\n<\/tr>\n<tr style=\"height: 13.50pt;\">\n<td class=\"et2\" style=\"height: 27.00pt;\" rowspan=\"2\" height=\"36\">Moc<\/td>\n<td class=\"et3\">Zas\u00f3b mocy<\/td>\n<td class=\"et4\">Akumulator Ni-MH 4,8 V 1500 mAh<\/td>\n<\/tr>\n<tr style=\"height: 13.50pt;\">\n<td class=\"et3\">Temperatura pracy<\/td>\n<td class=\"et3\"><span class=\"font1\">-20<\/span><span class=\"font4\">\u2103\uff5e<\/span><span class=\"font1\">+50<\/span><span class=\"font4\">\u2103<\/span><\/td>\n<\/tr>\n<\/tbody>\n<\/table>","protected":false},"excerpt":{"rendered":"<ul>\n<li>Wysoka precyzja cyfrowego pomiaru k\u0105ta: Sercem teodolitu cyfrowego Ldt-302 jest system pomiaru z enkoderem absolutnym<\/li>\n<li>Teodolit serii LDT-302 stanowi idealne po\u0142\u0105czenie precyzyjnej optyki, wytrzyma\u0142ej elektroniki cyfrowej i praktycznej konstrukcji do zastosowa\u0144 w terenie.<\/li>\n<\/ul>","protected":false},"featured_media":5637,"comment_status":"open","ping_status":"closed","template":"","meta":[],"product_brand":[],"product_cat":[144,95],"product_tag":[],"class_list":{"0":"post-5636","1":"product","2":"type-product","3":"status-publish","4":"has-post-thumbnail","6":"product_cat-theodoliteagent-sales","7":"product_cat-agent-sales","9":"first","10":"instock","11":"shipping-taxable","12":"product-type-simple"},"_links":{"self":[{"href":"https:\/\/mountlaser.com\/pl\/wp-json\/wp\/v2\/product\/5636","targetHints":{"allow":["GET"]}}],"collection":[{"href":"https:\/\/mountlaser.com\/pl\/wp-json\/wp\/v2\/product"}],"about":[{"href":"https:\/\/mountlaser.com\/pl\/wp-json\/wp\/v2\/types\/product"}],"replies":[{"embeddable":true,"href":"https:\/\/mountlaser.com\/pl\/wp-json\/wp\/v2\/comments?post=5636"}],"wp:featuredmedia":[{"embeddable":true,"href":"https:\/\/mountlaser.com\/pl\/wp-json\/wp\/v2\/media\/5637"}],"wp:attachment":[{"href":"https:\/\/mountlaser.com\/pl\/wp-json\/wp\/v2\/media?parent=5636"}],"wp:term":[{"taxonomy":"product_brand","embeddable":true,"href":"https:\/\/mountlaser.com\/pl\/wp-json\/wp\/v2\/product_brand?post=5636"},{"taxonomy":"product_cat","embeddable":true,"href":"https:\/\/mountlaser.com\/pl\/wp-json\/wp\/v2\/product_cat?post=5636"},{"taxonomy":"product_tag","embeddable":true,"href":"https:\/\/mountlaser.com\/pl\/wp-json\/wp\/v2\/product_tag?post=5636"}],"curies":[{"name":"wp","href":"https:\/\/api.w.org\/{rel}","templated":true}]}}