{"id":5631,"date":"2025-12-09T09:14:29","date_gmt":"2025-12-09T09:14:29","guid":{"rendered":"https:\/\/mountlaser.com\/?post_type=product&#038;p=5631"},"modified":"2025-12-09T09:14:29","modified_gmt":"2025-12-09T09:14:29","slug":"dt-series-theodolite","status":"publish","type":"product","link":"https:\/\/mountlaser.com\/pl\/produkt\/dt-series-theodolite\/","title":{"rendered":"Teodolit serii DT"},"content":{"rendered":"<p>Podnie\u015b poziom swoich projekt\u00f3w geodezyjnych i pomiarowych dzi\u0119ki teodolitowi serii DT firmy Mount Laser, zaprojektowanemu z my\u015bl\u0105 o precyzji, wytrzyma\u0142o\u015bci i \u0142atwo\u015bci u\u017cytkowania.<\/p>\n<p>Ten <a href=\"https:\/\/mountlaser.com\/pl\/\">Teodolit serii DT<\/a> obejmuje zaawansowane <a href=\"https:\/\/mountlaser.com\/pl\/\"><strong>Teodolit elektroniczny DT-01<\/strong><\/a> oraz teodolit elektroniczny DT-02, oba zaprojektowane z my\u015bl\u0105 o potrzebach specjalist\u00f3w z bran\u017cy budowlanej, in\u017cynieryjnej i geodezyjnej. Niezale\u017cnie od tego, czy mierzysz k\u0105ty, wyr\u00f3wnujesz konstrukcje, czy prowadzisz pomiary topograficzne, te teodolity elektroniczne zapewniaj\u0105 niezawodn\u0105 prac\u0119 w r\u00f3\u017cnych warunkach terenowych.<\/p>\n<p>Teodolit elektroniczny serii DT dzieli si\u0119 na dwa typy: teodolit elektroniczny DT-01 i teodolit elektroniczny DT-02.<\/p>\n<p>Seria teodolit\u00f3w cyfrowych DT-01 obejmuje cztery nast\u0119puj\u0105ce typy:<\/p>\n<p>DT-01LO Teodolit elektroniczny<br \/>\nTeodolit, statyw nieroz\u0142\u0105czny, d\u00f3\u0142: laser (czerwona wi\u0105zka), g\u00f3ra: optyczny<\/p>\n<p>DT-01LL Teodolit elektroniczny<br \/>\nTeodolit, tr\u00f3jn\u00f3g nieroz\u0142\u0105czalny, D\u00f3\u0142: Laser (czerwona wi\u0105zka), G\u00f3ra: Laser (czerwona wi\u0105zka)<\/p>\n<p>DT-01OO Teodolit elektroniczny<br \/>\nTeodolit, tr\u00f3jka nieroz\u0142\u0105czna, d\u00f3\u0142: optyczny, g\u00f3ra: optyczny<\/p>\n<p>DT-01OL Teodolit elektroniczny<br \/>\nTeodolit, statyw nieroz\u0142\u0105czny, d\u00f3\u0142: optyczny, g\u00f3ra: laserowy (czerwona wi\u0105zka)<\/p>\n<p>Seria teodolit\u00f3w cyfrowych DT-02 obejmuje cztery nast\u0119puj\u0105ce typy:<\/p>\n<p>DT-02LL Teodolit cyfrowy<br \/>\nPodk\u0142adka od\u0142\u0105czana, d\u00f3\u0142: laser (czerwona wi\u0105zka), g\u00f3ra: laser (czerwona wi\u0105zka)<\/p>\n<p>DT-02LO Teodolit cyfrowy<br \/>\nTeodolit, tr\u00f3jka od\u0142\u0105czana, d\u00f3\u0142: laser (czerwona wi\u0105zka), g\u00f3ra: optyczny<\/p>\n<p>Teodolit cyfrowy DT-02OL<br \/>\nTeodolit, tr\u00f3jka od\u0142\u0105czana, d\u00f3\u0142: optyczny, g\u00f3ra: laser (czerwona wi\u0105zka)<\/p>\n<p>DT-02OO Teodolit cyfrowy<br \/>\nTeodolit, tr\u00f3jka od\u0142\u0105czana, d\u00f3\u0142: optyczny, g\u00f3ra: optyczny<\/p>\n<p><img fetchpriority=\"high\" decoding=\"async\" class=\"aligncenter wp-image-5632\" src=\"https:\/\/mountlaser.com\/wp-content\/uploads\/2025\/12\/dt-01.webp\" alt=\"DT-01 Electronic Theodolite\" width=\"500\" height=\"500\" srcset=\"https:\/\/mountlaser.com\/wp-content\/uploads\/2025\/12\/dt-01.webp 800w, https:\/\/mountlaser.com\/wp-content\/uploads\/2025\/12\/dt-01-300x300.webp 300w, https:\/\/mountlaser.com\/wp-content\/uploads\/2025\/12\/dt-01-150x150.webp 150w, https:\/\/mountlaser.com\/wp-content\/uploads\/2025\/12\/dt-01-768x768.webp 768w, https:\/\/mountlaser.com\/wp-content\/uploads\/2025\/12\/dt-01-12x12.webp 12w, https:\/\/mountlaser.com\/wp-content\/uploads\/2025\/12\/dt-01-600x600.webp 600w, https:\/\/mountlaser.com\/wp-content\/uploads\/2025\/12\/dt-01-400x400.webp 400w\" sizes=\"(max-width: 500px) 100vw, 500px\" \/><\/p>\n<p>&nbsp;<\/p>\n<p><strong>Specyfikacja teodolitu serii DT<\/strong><\/p>\n<table style=\"border-collapse: collapse; width: 884px; height: 926px;\" border=\"0\" width=\"619\" cellspacing=\"0\" cellpadding=\"0\">\n<tbody>\n<tr style=\"height: 13.50pt;\">\n<td class=\"et2\" style=\"height: 13.50pt; width: 230.25pt;\" colspan=\"2\" width=\"307\" height=\"18\">Numer modelu.<\/td>\n<td class=\"et3\" style=\"width: 117.00pt;\" width=\"156\">DT-01<\/td>\n<td class=\"et3\" style=\"width: 117.00pt;\" width=\"156\">DT-02<\/td>\n<\/tr>\n<tr style=\"height: 13.50pt;\">\n<td class=\"et3\" style=\"height: 13.50pt;\" height=\"18\">Trybrach<\/td>\n<td class=\"et3\">Model<\/td>\n<td class=\"et4\">Nieod\u0142\u0105czalny<\/td>\n<td class=\"et3\">Od\u0142\u0105czany<\/td>\n<\/tr>\n<tr style=\"height: 13.50pt;\">\n<td class=\"et2\" style=\"height: 108.00pt;\" rowspan=\"8\" height=\"144\">Teleskop<\/td>\n<td class=\"et3\">Obrazowanie<\/td>\n<td class=\"et3\">Wyprostowany<\/td>\n<td class=\"et3\">Wyprostowany<\/td>\n<\/tr>\n<tr style=\"height: 13.50pt;\">\n<td class=\"et3\">Powi\u0119kszenie<\/td>\n<td class=\"et3\">30X<\/td>\n<td class=\"et3\">30X<\/td>\n<\/tr>\n<tr style=\"height: 13.50pt;\">\n<td class=\"et3\">Apertura obiektywu<\/td>\n<td class=\"et3\">45 mm<\/td>\n<td class=\"et3\">45 mm<\/td>\n<\/tr>\n<tr style=\"height: 13.50pt;\">\n<td class=\"et3\">Rezolucja<\/td>\n<td class=\"et3\">3\u2033<\/td>\n<td class=\"et3\">3\u2033<\/td>\n<\/tr>\n<tr style=\"height: 13.50pt;\">\n<td class=\"et3\">Pole widzenia<\/td>\n<td class=\"et3\">1\u00b030\u2032<\/td>\n<td class=\"et3\">1\u00b030\u2032<\/td>\n<\/tr>\n<tr style=\"height: 13.50pt;\">\n<td class=\"et3\">Minimalne skupienie<\/td>\n<td class=\"et3\">1m<\/td>\n<td class=\"et3\">1m<\/td>\n<\/tr>\n<tr style=\"height: 13.50pt;\">\n<td class=\"et3\">Sta\u0142a mno\u017cenia\/dodawania<\/td>\n<td class=\"et3\">100\/ 0<\/td>\n<td class=\"et3\">100\/ 0<\/td>\n<\/tr>\n<tr style=\"height: 13.50pt;\">\n<td class=\"et3\">D\u0142ugo\u015b\u0107<\/td>\n<td class=\"et3\">170 mm<\/td>\n<td class=\"et3\">170 mm<\/td>\n<\/tr>\n<tr style=\"height: 13.50pt;\">\n<td class=\"et2\" style=\"height: 67.50pt;\" rowspan=\"5\" height=\"90\">Pomiar k\u0105ta<\/td>\n<td class=\"et3\">Tryb pomiaru<\/td>\n<td class=\"et3\">Enkoder absolutny<\/td>\n<td class=\"et3\">Enkoder absolutny<\/td>\n<\/tr>\n<tr style=\"height: 13.50pt;\">\n<td class=\"et3\">Minimalna lektura<\/td>\n<td class=\"et3\">1\u2033\/ 5\u2033<\/td>\n<td class=\"et3\">1\u2033\/ 5\u2033<\/td>\n<\/tr>\n<tr style=\"height: 13.50pt;\">\n<td class=\"et3\">Dok\u0142adno\u015b\u0107 odczytu<\/td>\n<td class=\"et3\">2\u2033<\/td>\n<td class=\"et3\">2\u2033<\/td>\n<\/tr>\n<tr style=\"height: 13.50pt;\">\n<td class=\"et3\">\u015arednica okr\u0119gu<\/td>\n<td class=\"et3\">78 mm<\/td>\n<td class=\"et3\">78 mm<\/td>\n<\/tr>\n<tr style=\"height: 13.50pt;\">\n<td class=\"et3\">Jednostki k\u0105towe<\/td>\n<td class=\"et3\">360\u00b0\/ 400gon\/ 6400mil<\/td>\n<td class=\"et3\">360\u00b0\/ 400gon\/ 6400mil<\/td>\n<\/tr>\n<tr style=\"height: 13.50pt;\">\n<td class=\"et2\" style=\"height: 27.00pt;\" rowspan=\"2\" height=\"36\">Kompensator<\/td>\n<td class=\"et3\">Czujnik przechy\u0142u<\/td>\n<td class=\"et3\">Tak<\/td>\n<td class=\"et3\">Tak<\/td>\n<\/tr>\n<tr style=\"height: 13.50pt;\">\n<td class=\"et3\">Zakres<\/td>\n<td class=\"et3\">\u00b13\u2032<\/td>\n<td class=\"et3\">\u00b13\u2032<\/td>\n<\/tr>\n<tr style=\"height: 13.50pt;\">\n<td class=\"et2\" style=\"height: 54.00pt;\" rowspan=\"4\" height=\"72\">Pion laserowy<\/td>\n<td class=\"et3\">D\u0142ugo\u015b\u0107 fali<\/td>\n<td class=\"et3\">635nm Czerwona wi\u0105zka<\/td>\n<td class=\"et3\">635nm Czerwona wi\u0105zka<\/td>\n<\/tr>\n<tr style=\"height: 13.50pt;\">\n<td class=\"et3\">Moc<\/td>\n<td class=\"et3\">1mW<\/td>\n<td class=\"et3\">1mW<\/td>\n<\/tr>\n<tr style=\"height: 13.50pt;\">\n<td class=\"et3\">Dok\u0142adno\u015b\u0107 (1,5 m)<\/td>\n<td class=\"et3\">1 mm<\/td>\n<td class=\"et3\">1 mm<\/td>\n<\/tr>\n<tr style=\"height: 13.50pt;\">\n<td class=\"et3\">Stopie\u0144 laserowy<\/td>\n<td class=\"et3\"><span class=\"font1\">Klasa<\/span><span class=\"font6\">\u2161<\/span><\/td>\n<td class=\"et3\"><span class=\"font1\">Klasa<\/span><span class=\"font6\">\u2161<\/span><\/td>\n<\/tr>\n<tr style=\"height: 13.50pt;\">\n<td class=\"et2\" style=\"height: 40.50pt;\" rowspan=\"3\" height=\"54\">Pion optyczny (opcjonalnie)<\/td>\n<td class=\"et3\">Powi\u0119kszenie<\/td>\n<td class=\"et3\">3x<\/td>\n<td class=\"et3\">3x<\/td>\n<\/tr>\n<tr style=\"height: 13.50pt;\">\n<td class=\"et3\">Pole widzenia<\/td>\n<td class=\"et3\">5\u00b0<\/td>\n<td class=\"et3\">5\u00b0<\/td>\n<\/tr>\n<tr style=\"height: 13.50pt;\">\n<td class=\"et3\">Zakres ostro\u015bci<\/td>\n<td class=\"et3\"><span class=\"font1\">0,5 m\u2014<\/span><span class=\"font6\">\u221e<\/span><\/td>\n<td class=\"et3\"><span class=\"font1\">0,5 m\u2014<\/span><span class=\"font6\">\u221e<\/span><\/td>\n<\/tr>\n<tr style=\"height: 13.50pt;\">\n<td class=\"et2\" style=\"height: 67.50pt;\" rowspan=\"5\" height=\"90\">Wska\u017anik laserowy<\/td>\n<td class=\"et3\">D\u0142ugo\u015b\u0107 fali<\/td>\n<td class=\"et3\">635nm Czerwony<\/td>\n<td class=\"et3\">635nm Czerwony<\/td>\n<\/tr>\n<tr style=\"height: 13.50pt;\">\n<td class=\"et3\">Moc<\/td>\n<td class=\"et3\">5mW<\/td>\n<td class=\"et3\">5mW<\/td>\n<\/tr>\n<tr style=\"height: 13.50pt;\">\n<td class=\"et3\">Zasi\u0119g lasera (w ci\u0105gu dnia)<\/td>\n<td class=\"et3\">200m<\/td>\n<td class=\"et3\">200m<\/td>\n<\/tr>\n<tr style=\"height: 13.50pt;\">\n<td class=\"et3\">Dok\u0142adno\u015b\u0107 wsp\u00f3\u0142osiowa lasera<\/td>\n<td class=\"et5\"><span class=\"font3\">\u2264<\/span><span class=\"font7\">5 cali<\/span><\/td>\n<td class=\"et5\"><span class=\"font3\">\u2264<\/span><span class=\"font7\">5 cali<\/span><\/td>\n<\/tr>\n<tr style=\"height: 13.50pt;\">\n<td class=\"et3\">\u015arednica plamki lasera<\/td>\n<td class=\"et6\"><span class=\"font4\">\u2264<\/span><span class=\"font8\">2mm\/100m<\/span><\/td>\n<td class=\"et6\"><span class=\"font4\">\u2264<\/span><span class=\"font8\">2mm\/100m<\/span><\/td>\n<\/tr>\n<tr style=\"height: 13.50pt;\">\n<td class=\"et2\" style=\"height: 27.00pt;\" rowspan=\"2\" height=\"36\">Fiolka<\/td>\n<td class=\"et3\">Fiolka p\u0142ytkowa<\/td>\n<td class=\"et3\">30\u2033\/ 2mm<\/td>\n<td class=\"et3\">30\u2033\/ 2mm<\/td>\n<\/tr>\n<tr style=\"height: 13.50pt;\">\n<td class=\"et3\">Fiolka okr\u0105g\u0142a<\/td>\n<td class=\"et3\">8&#039;\/ 2mm<\/td>\n<td class=\"et3\">8&#039;\/ 2mm<\/td>\n<\/tr>\n<tr style=\"height: 13.50pt;\">\n<td class=\"et3\" style=\"height: 13.50pt;\" height=\"18\">Wy\u015bwietlacz<\/td>\n<td class=\"et3\">Podw\u00f3jna twarz<\/td>\n<td class=\"et3\">Pod\u015bwietlenie LED<\/td>\n<td class=\"et3\">Pod\u015bwietlenie LED<\/td>\n<\/tr>\n<tr style=\"height: 13.50pt;\">\n<td class=\"et2\" style=\"height: 27.00pt;\" rowspan=\"2\" height=\"36\">Moc<\/td>\n<td class=\"et3\">Zas\u00f3b mocy<\/td>\n<td class=\"et7\">Akumulator litowo-jonowy 3,7 V 1800 mAh<\/td>\n<td class=\"et7\">Akumulator litowo-jonowy 3,7 V 1800 mAh<\/td>\n<\/tr>\n<tr style=\"height: 13.50pt;\">\n<td class=\"et3\">Temperatura pracy<\/td>\n<td class=\"et3\"><span class=\"font1\">-20<\/span><span class=\"font9\">\u2103\uff5e<\/span><span class=\"font1\">+50<\/span><span class=\"font9\">\u2103<\/span><\/td>\n<td class=\"et3\"><span class=\"font1\">-20<\/span><span class=\"font9\">\u2103\uff5e<\/span><span class=\"font1\">+50<\/span><span class=\"font9\">\u2103<\/span><\/td>\n<\/tr>\n<\/tbody>\n<\/table>","protected":false},"excerpt":{"rendered":"<ul>\n<li>Wykonane z trwa\u0142ych materia\u0142\u00f3w, s\u0105 odporne na kurz, wilgo\u0107 i uderzenia, co gwarantuje d\u0142ugowieczno\u015b\u0107 w trudnych warunkach.<\/li>\n<li>Elektroniczny teodolit DT-02 charakteryzuje si\u0119 d\u0142u\u017csz\u0105 \u017cywotno\u015bci\u0105 baterii, co zapewnia d\u0142u\u017csze u\u017cytkowanie<\/li>\n<li>podczas gdy teodolit elektroniczny DT-01 stawia na mobilno\u015b\u0107 i przyst\u0119pn\u0105 cen\u0119.<\/li>\n<\/ul>","protected":false},"featured_media":5633,"comment_status":"open","ping_status":"closed","template":"","meta":[],"product_brand":[],"product_cat":[144,95],"product_tag":[],"class_list":{"0":"post-5631","1":"product","2":"type-product","3":"status-publish","4":"has-post-thumbnail","6":"product_cat-theodoliteagent-sales","7":"product_cat-agent-sales","9":"first","10":"instock","11":"shipping-taxable","12":"product-type-simple"},"_links":{"self":[{"href":"https:\/\/mountlaser.com\/pl\/wp-json\/wp\/v2\/product\/5631","targetHints":{"allow":["GET"]}}],"collection":[{"href":"https:\/\/mountlaser.com\/pl\/wp-json\/wp\/v2\/product"}],"about":[{"href":"https:\/\/mountlaser.com\/pl\/wp-json\/wp\/v2\/types\/product"}],"replies":[{"embeddable":true,"href":"https:\/\/mountlaser.com\/pl\/wp-json\/wp\/v2\/comments?post=5631"}],"wp:featuredmedia":[{"embeddable":true,"href":"https:\/\/mountlaser.com\/pl\/wp-json\/wp\/v2\/media\/5633"}],"wp:attachment":[{"href":"https:\/\/mountlaser.com\/pl\/wp-json\/wp\/v2\/media?parent=5631"}],"wp:term":[{"taxonomy":"product_brand","embeddable":true,"href":"https:\/\/mountlaser.com\/pl\/wp-json\/wp\/v2\/product_brand?post=5631"},{"taxonomy":"product_cat","embeddable":true,"href":"https:\/\/mountlaser.com\/pl\/wp-json\/wp\/v2\/product_cat?post=5631"},{"taxonomy":"product_tag","embeddable":true,"href":"https:\/\/mountlaser.com\/pl\/wp-json\/wp\/v2\/product_tag?post=5631"}],"curies":[{"name":"wp","href":"https:\/\/api.w.org\/{rel}","templated":true}]}}