{"id":5623,"date":"2025-12-09T05:35:53","date_gmt":"2025-12-09T05:35:53","guid":{"rendered":"https:\/\/mountlaser.com\/?post_type=product&#038;p=5623"},"modified":"2025-12-09T05:35:53","modified_gmt":"2025-12-09T05:35:53","slug":"iwb01-survey-monitoring-wall-bracket","status":"publish","type":"product","link":"https:\/\/mountlaser.com\/pl\/produkt\/iwb01-survey-monitoring-wall-bracket\/","title":{"rendered":"Uchwyt \u015bcienny do monitorowania IWB01"},"content":{"rendered":"<p>Ten <a href=\"https:\/\/mountlaser.com\/pl\/\"><strong>IWB01 P\u0142yta \u015bcienna do monitorowania tunelu<\/strong><\/a> to wysoce precyzyjne rozwi\u0105zanie zaprojektowane do d\u0142ugoterminowego \u015bledzenia deformacji i monitorowania konstrukcji. W ramach profesjonalnego <a href=\"https:\/\/mountlaser.com\/pl\/kategoria-produktu\/surveying-accessory\/\"><strong>Uchwyt \u015bcienny do monitorowania pomiar\u00f3w<\/strong><\/a> System zapewnia wyj\u0105tkow\u0105 stabilno\u015b\u0107 i dok\u0142adno\u015b\u0107 w zastosowaniach zwi\u0105zanych z nadzorem tuneli, most\u00f3w i budynk\u00f3w. Zbudowana z wytrzyma\u0142ej stalowej p\u0142yty tylnej i modu\u0142owego aluminiowego sto\u0142u, \u015bcienna p\u0142yta do monitoringu tuneli IWB01 zapewnia sta\u0142e centrowanie z dok\u0142adno\u015bci\u0105 powy\u017cej 0,25 mm \u2013 co jest kluczowe w \u015brodowiskach o wysokich wymaganiach monitoringu.<\/p>\n<p><img fetchpriority=\"high\" decoding=\"async\" class=\"aligncenter wp-image-5622\" src=\"https:\/\/mountlaser.com\/wp-content\/uploads\/2025\/12\/IWB016.webp\" alt=\"IWB01 Tunnel Monitoring Wall Plate\" width=\"500\" height=\"500\" srcset=\"https:\/\/mountlaser.com\/wp-content\/uploads\/2025\/12\/IWB016.webp 1000w, https:\/\/mountlaser.com\/wp-content\/uploads\/2025\/12\/IWB016-300x300.webp 300w, https:\/\/mountlaser.com\/wp-content\/uploads\/2025\/12\/IWB016-150x150.webp 150w, https:\/\/mountlaser.com\/wp-content\/uploads\/2025\/12\/IWB016-768x768.webp 768w, https:\/\/mountlaser.com\/wp-content\/uploads\/2025\/12\/IWB016-12x12.webp 12w, https:\/\/mountlaser.com\/wp-content\/uploads\/2025\/12\/IWB016-600x600.webp 600w, https:\/\/mountlaser.com\/wp-content\/uploads\/2025\/12\/IWB016-800x800.webp 800w, https:\/\/mountlaser.com\/wp-content\/uploads\/2025\/12\/IWB016-400x400.webp 400w\" sizes=\"(max-width: 500px) 100vw, 500px\" \/><\/p>\n<p>Zaprojektowany do trudnych warunk\u00f3w terenowych, uchwyt \u015bcienny do monitoringu geodezyjnego charakteryzuje si\u0119 \u017c\u00f3\u0142t\u0105 pow\u0142ok\u0105 proszkow\u0105, kt\u00f3ra zwi\u0119ksza odporno\u015b\u0107 na korozj\u0119 i widoczno\u015b\u0107, dzi\u0119ki czemu nadaje si\u0119 do stosowania w podziemnych i s\u0142abo o\u015bwietlonych miejscach. Demontowany aluminiowy st\u00f3\u0142 umo\u017cliwia szybk\u0105 instalacj\u0119, regulacj\u0119 i rutynow\u0105 konserwacj\u0119, zapewniaj\u0105c technikom \u0142atwy dost\u0119p i mo\u017cliwo\u015b\u0107 zmiany po\u0142o\u017cenia urz\u0105dze\u0144 monitoruj\u0105cych. W przypadku projekt\u00f3w o du\u017cej infrastrukturze, <a href=\"https:\/\/mountlaser.com\/pl\/about-us\/\">IWB01 P\u0142yta \u015bcienna do monitorowania tunelu<\/a> wyr\u00f3\u017cnia si\u0119 jako niezawodne i trwa\u0142e rozwi\u0105zanie monta\u017cowe.<\/p>","protected":false},"excerpt":{"rendered":"<ul>\n<li>Wysoka precyzja centrowania: dok\u0142adno\u015b\u0107 lepsza ni\u017c 0,25 mm umo\u017cliwia wiarygodne odczyty pomiar\u00f3w i monitoringu.<\/li>\n<li>Trwa\u0142a konstrukcja: Stalowa p\u0142yta tylna i aluminiowy st\u00f3\u0142 wytrzymuj\u0105 wymagaj\u0105ce warunki panuj\u0105ce w tunelach i konstrukcjach.<\/li>\n<li>System modu\u0142owy: Mo\u017cliwo\u015b\u0107 od\u0142\u0105czenia sto\u0142u w celu szybszej instalacji, wymiany instrument\u00f3w i konserwacji.<\/li>\n<li>Wysoka widoczno\u015b\u0107: \u017b\u00f3\u0142ta pow\u0142oka proszkowa poprawia widoczno\u015b\u0107 i odporno\u015b\u0107 na korozj\u0119.<\/li>\n<li>Obs\u0142uguje urz\u0105dzenia pomiarowe: Kompatybilny z wieloma systemami monitorowania tuneli i deformacji.<\/li>\n<\/ul>","protected":false},"featured_media":5620,"comment_status":"open","ping_status":"closed","template":"","meta":[],"product_brand":[],"product_cat":[79,162],"product_tag":[],"class_list":{"0":"post-5623","1":"product","2":"type-product","3":"status-publish","4":"has-post-thumbnail","6":"product_cat-surveying-accessory","7":"product_cat-wall-mount-bracket","9":"first","10":"instock","11":"shipping-taxable","12":"product-type-simple"},"_links":{"self":[{"href":"https:\/\/mountlaser.com\/pl\/wp-json\/wp\/v2\/product\/5623","targetHints":{"allow":["GET"]}}],"collection":[{"href":"https:\/\/mountlaser.com\/pl\/wp-json\/wp\/v2\/product"}],"about":[{"href":"https:\/\/mountlaser.com\/pl\/wp-json\/wp\/v2\/types\/product"}],"replies":[{"embeddable":true,"href":"https:\/\/mountlaser.com\/pl\/wp-json\/wp\/v2\/comments?post=5623"}],"wp:featuredmedia":[{"embeddable":true,"href":"https:\/\/mountlaser.com\/pl\/wp-json\/wp\/v2\/media\/5620"}],"wp:attachment":[{"href":"https:\/\/mountlaser.com\/pl\/wp-json\/wp\/v2\/media?parent=5623"}],"wp:term":[{"taxonomy":"product_brand","embeddable":true,"href":"https:\/\/mountlaser.com\/pl\/wp-json\/wp\/v2\/product_brand?post=5623"},{"taxonomy":"product_cat","embeddable":true,"href":"https:\/\/mountlaser.com\/pl\/wp-json\/wp\/v2\/product_cat?post=5623"},{"taxonomy":"product_tag","embeddable":true,"href":"https:\/\/mountlaser.com\/pl\/wp-json\/wp\/v2\/product_tag?post=5623"}],"curies":[{"name":"wp","href":"https:\/\/api.w.org\/{rel}","templated":true}]}}