{"id":5589,"date":"2025-12-10T01:31:40","date_gmt":"2025-12-10T01:31:40","guid":{"rendered":"https:\/\/mountlaser.com\/?post_type=product&#038;p=5589"},"modified":"2025-12-10T02:13:26","modified_gmt":"2025-12-10T02:13:26","slug":"hc-al01-series-hard-case","status":"publish","type":"product","link":"https:\/\/mountlaser.com\/pl\/produkt\/hc-al01-series-hard-case\/","title":{"rendered":"Seria HC-AL01 Twarda obudowa"},"content":{"rendered":"<p>Ten <a href=\"https:\/\/mountlaser.com\/pl\/\"><strong>HC-AL01 Twardy futera\u0142<\/strong><\/a> To trwa\u0142e i uniwersalne rozwi\u0105zanie ochronne zaprojektowane specjalnie do niwelator\u00f3w samochodowych i podobnych precyzyjnych przyrz\u0105d\u00f3w pomiarowych. Zaprojektowane z my\u015bl\u0105 o niezawodnej pracy w terenie, <a href=\"https:\/\/mountlaser.com\/pl\/kategoria-produktu\/surveying-accessory\/\"><strong>Twarde etui do poziomowania automatycznego<\/strong><\/a> zapewniaj\u0105 solidn\u0105 ochron\u0119 zewn\u0119trzn\u0105, gwarantuj\u0105c jednocze\u015bnie bezpiecze\u0144stwo sprz\u0119tu podczas transportu i przechowywania. Ka\u017cdy <!--StartFragment --><span class=\"cf0\">HC-AL01 Twardy futera\u0142<\/span><!--EndFragment --> jest dost\u0119pny w kolorze czerwonym lub \u017c\u00f3\u0142tym, aby zapewni\u0107 dobr\u0105 widoczno\u015b\u0107, a u\u017cytkownicy mog\u0105 wybiera\u0107 pomi\u0119dzy konfiguracj\u0105 pojedynczej lub podw\u00f3jnej blokady, aby spe\u0142ni\u0107 swoje potrzeby w zakresie bezpiecze\u0144stwa.<\/p>\n<p>Wykonane z materia\u0142\u00f3w odpornych na uderzenia, twarde futera\u0142y na poziomice automatyczne chroni\u0105 urz\u0105dzenia przed wstrz\u0105sami, kurzem i trudnymi warunkami panuj\u0105cymi na placu budowy. Seria HC-AL01 obejmuje dwie g\u0142\u00f3wne opcje \u2013 HC-AL01RD i HC-AL01YL \u2013 obie z pojedynczym systemem blokady, natomiast seria HC-AL02 (HC-AL02RD i HC-AL02YL) oferuje zwi\u0119kszon\u0105 ochron\u0119 dzi\u0119ki podw\u00f3jnym mechanizmom blokady. Niezale\u017cnie od modelu, ka\u017cdy <!--StartFragment --><a href=\"https:\/\/mountlaser.com\/pl\/contact-us\/\"><span class=\"cf0\">HC-AL01 Twardy futera\u0142<\/span><\/a><!--EndFragment -->\u00a0zapewnia niezawodn\u0105 wydajno\u015b\u0107 i uniwersaln\u0105 kompatybilno\u015b\u0107 dla profesjonalnych geodet\u00f3w.<\/p>\n<div>\n<table style=\"border-collapse: collapse; width: 491.27pt;\" border=\"0\" width=\"655\" cellspacing=\"0\" cellpadding=\"0\">\n<tbody>\n<tr style=\"height: 14.25pt;\">\n<td class=\"et2\" style=\"height: 14.25pt; width: 127.50pt;\" width=\"170\" height=\"19\">NUMER<\/td>\n<td class=\"et3\" style=\"width: 135.00pt;\" width=\"180\">ZAMEK<\/td>\n<td class=\"et3\" style=\"width: 84.00pt;\" width=\"112\">KOLOR<\/td>\n<td class=\"et4\" style=\"width: 144.75pt;\" width=\"193\">ZDJ\u0118CIE<\/td>\n<\/tr>\n<tr style=\"height: 14.25pt;\">\n<td class=\"et5\" style=\"height: 14.25pt;\" height=\"19\">HC-AL01RD<\/td>\n<td class=\"et5\">Pojedynczy zamek<\/td>\n<td class=\"et5\">Czerwony<\/td>\n<td class=\"et6\"><img fetchpriority=\"high\" decoding=\"async\" class=\"alignnone wp-image-5649\" src=\"https:\/\/mountlaser.com\/wp-content\/uploads\/2025\/12\/HC-AL01RD4.webp\" alt=\"HC-AL01 Hard case\" width=\"500\" height=\"500\" srcset=\"https:\/\/mountlaser.com\/wp-content\/uploads\/2025\/12\/HC-AL01RD4.webp 1000w, https:\/\/mountlaser.com\/wp-content\/uploads\/2025\/12\/HC-AL01RD4-300x300.webp 300w, https:\/\/mountlaser.com\/wp-content\/uploads\/2025\/12\/HC-AL01RD4-150x150.webp 150w, https:\/\/mountlaser.com\/wp-content\/uploads\/2025\/12\/HC-AL01RD4-768x768.webp 768w, https:\/\/mountlaser.com\/wp-content\/uploads\/2025\/12\/HC-AL01RD4-12x12.webp 12w, https:\/\/mountlaser.com\/wp-content\/uploads\/2025\/12\/HC-AL01RD4-600x600.webp 600w, https:\/\/mountlaser.com\/wp-content\/uploads\/2025\/12\/HC-AL01RD4-800x800.webp 800w, https:\/\/mountlaser.com\/wp-content\/uploads\/2025\/12\/HC-AL01RD4-400x400.webp 400w\" sizes=\"(max-width: 500px) 100vw, 500px\" \/><\/td>\n<\/tr>\n<tr style=\"height: 14.25pt;\">\n<td class=\"et5\" style=\"height: 14.25pt;\" height=\"19\">HC-AL01YL<\/td>\n<td class=\"et5\">Pojedynczy zamek<\/td>\n<td class=\"et5\">\u017b\u00f3\u0142ty<\/td>\n<td class=\"et6\"><img decoding=\"async\" class=\"alignnone wp-image-5657\" src=\"https:\/\/mountlaser.com\/wp-content\/uploads\/2025\/12\/HC-AL01YL5.webp\" alt=\"HC-AL01 Hard case\" width=\"500\" height=\"500\" srcset=\"https:\/\/mountlaser.com\/wp-content\/uploads\/2025\/12\/HC-AL01YL5.webp 1000w, https:\/\/mountlaser.com\/wp-content\/uploads\/2025\/12\/HC-AL01YL5-300x300.webp 300w, https:\/\/mountlaser.com\/wp-content\/uploads\/2025\/12\/HC-AL01YL5-150x150.webp 150w, https:\/\/mountlaser.com\/wp-content\/uploads\/2025\/12\/HC-AL01YL5-768x768.webp 768w, https:\/\/mountlaser.com\/wp-content\/uploads\/2025\/12\/HC-AL01YL5-12x12.webp 12w, https:\/\/mountlaser.com\/wp-content\/uploads\/2025\/12\/HC-AL01YL5-600x600.webp 600w, https:\/\/mountlaser.com\/wp-content\/uploads\/2025\/12\/HC-AL01YL5-800x800.webp 800w, https:\/\/mountlaser.com\/wp-content\/uploads\/2025\/12\/HC-AL01YL5-400x400.webp 400w\" sizes=\"(max-width: 500px) 100vw, 500px\" \/><\/td>\n<\/tr>\n<tr style=\"height: 14.25pt;\">\n<td class=\"et5\" style=\"height: 14.25pt;\" height=\"19\">HC-AL02RD<\/td>\n<td class=\"et5\">Podw\u00f3jna blokada<\/td>\n<td class=\"et5\">Czerwony<\/td>\n<td class=\"et6\"><img decoding=\"async\" class=\"alignnone wp-image-5663\" src=\"https:\/\/mountlaser.com\/wp-content\/uploads\/2025\/12\/HC-AL02RD5.webp\" alt=\"HC-AL01 Hard case\" width=\"500\" height=\"500\" srcset=\"https:\/\/mountlaser.com\/wp-content\/uploads\/2025\/12\/HC-AL02RD5.webp 1000w, https:\/\/mountlaser.com\/wp-content\/uploads\/2025\/12\/HC-AL02RD5-300x300.webp 300w, https:\/\/mountlaser.com\/wp-content\/uploads\/2025\/12\/HC-AL02RD5-150x150.webp 150w, https:\/\/mountlaser.com\/wp-content\/uploads\/2025\/12\/HC-AL02RD5-768x768.webp 768w, https:\/\/mountlaser.com\/wp-content\/uploads\/2025\/12\/HC-AL02RD5-12x12.webp 12w, https:\/\/mountlaser.com\/wp-content\/uploads\/2025\/12\/HC-AL02RD5-600x600.webp 600w, https:\/\/mountlaser.com\/wp-content\/uploads\/2025\/12\/HC-AL02RD5-800x800.webp 800w, https:\/\/mountlaser.com\/wp-content\/uploads\/2025\/12\/HC-AL02RD5-400x400.webp 400w\" sizes=\"(max-width: 500px) 100vw, 500px\" \/><\/td>\n<\/tr>\n<tr style=\"height: 14.25pt;\">\n<td class=\"et5\" style=\"height: 14.25pt;\" height=\"19\">HC-AL02YL<\/td>\n<td class=\"et5\">Podw\u00f3jna blokada<\/td>\n<td class=\"et5\">\u017b\u00f3\u0142ty<\/td>\n<td class=\"et6\"><img loading=\"lazy\" decoding=\"async\" class=\"alignnone wp-image-5669\" src=\"https:\/\/mountlaser.com\/wp-content\/uploads\/2025\/12\/HC-AL02YL4.webp\" alt=\"HC-AL01 Hard case\" width=\"500\" height=\"500\" srcset=\"https:\/\/mountlaser.com\/wp-content\/uploads\/2025\/12\/HC-AL02YL4.webp 1000w, https:\/\/mountlaser.com\/wp-content\/uploads\/2025\/12\/HC-AL02YL4-300x300.webp 300w, https:\/\/mountlaser.com\/wp-content\/uploads\/2025\/12\/HC-AL02YL4-150x150.webp 150w, https:\/\/mountlaser.com\/wp-content\/uploads\/2025\/12\/HC-AL02YL4-768x768.webp 768w, https:\/\/mountlaser.com\/wp-content\/uploads\/2025\/12\/HC-AL02YL4-12x12.webp 12w, https:\/\/mountlaser.com\/wp-content\/uploads\/2025\/12\/HC-AL02YL4-600x600.webp 600w, https:\/\/mountlaser.com\/wp-content\/uploads\/2025\/12\/HC-AL02YL4-800x800.webp 800w, https:\/\/mountlaser.com\/wp-content\/uploads\/2025\/12\/HC-AL02YL4-400x400.webp 400w\" sizes=\"(max-width: 500px) 100vw, 500px\" \/><\/td>\n<\/tr>\n<\/tbody>\n<\/table>\n<\/div>","protected":false},"excerpt":{"rendered":"<ul>\n<li>Chroni poziomy samochodowe przed uderzeniami, kurzem, wilgoci\u0105 i warunkami terenowymi<\/li>\n<li>Uniwersalny uk\u0142ad wewn\u0119trzny umo\u017cliwia zastosowanie szerokiej gamy modeli automatycznego poziomowania<\/li>\n<li>System blokowania (pojedynczy lub podw\u00f3jny) zapewnia bezpieczne zamkni\u0119cie podczas transportu<\/li>\n<li>Opcje kolor\u00f3w o wysokiej widoczno\u015bci zwi\u0119kszaj\u0105 widoczno\u015b\u0107 sprz\u0119tu i redukuj\u0105 straty<\/li>\n<\/ul>","protected":false},"featured_media":5646,"comment_status":"open","ping_status":"closed","template":"","meta":[],"product_brand":[],"product_cat":[163,79],"product_tag":[],"class_list":{"0":"post-5589","1":"product","2":"type-product","3":"status-publish","4":"has-post-thumbnail","6":"product_cat-hard-case","7":"product_cat-surveying-accessory","9":"first","10":"instock","11":"shipping-taxable","12":"product-type-simple"},"_links":{"self":[{"href":"https:\/\/mountlaser.com\/pl\/wp-json\/wp\/v2\/product\/5589","targetHints":{"allow":["GET"]}}],"collection":[{"href":"https:\/\/mountlaser.com\/pl\/wp-json\/wp\/v2\/product"}],"about":[{"href":"https:\/\/mountlaser.com\/pl\/wp-json\/wp\/v2\/types\/product"}],"replies":[{"embeddable":true,"href":"https:\/\/mountlaser.com\/pl\/wp-json\/wp\/v2\/comments?post=5589"}],"wp:featuredmedia":[{"embeddable":true,"href":"https:\/\/mountlaser.com\/pl\/wp-json\/wp\/v2\/media\/5646"}],"wp:attachment":[{"href":"https:\/\/mountlaser.com\/pl\/wp-json\/wp\/v2\/media?parent=5589"}],"wp:term":[{"taxonomy":"product_brand","embeddable":true,"href":"https:\/\/mountlaser.com\/pl\/wp-json\/wp\/v2\/product_brand?post=5589"},{"taxonomy":"product_cat","embeddable":true,"href":"https:\/\/mountlaser.com\/pl\/wp-json\/wp\/v2\/product_cat?post=5589"},{"taxonomy":"product_tag","embeddable":true,"href":"https:\/\/mountlaser.com\/pl\/wp-json\/wp\/v2\/product_tag?post=5589"}],"curies":[{"name":"wp","href":"https:\/\/api.w.org\/{rel}","templated":true}]}}