{"id":5577,"date":"2025-12-09T01:46:19","date_gmt":"2025-12-09T01:46:19","guid":{"rendered":"https:\/\/mountlaser.com\/?post_type=product&#038;p=5577"},"modified":"2025-12-12T01:32:14","modified_gmt":"2025-12-12T01:32:14","slug":"tsfg01-tripod-floor-guide","status":"publish","type":"product","link":"https:\/\/mountlaser.com\/pl\/produkt\/tsfg01-tripod-floor-guide\/","title":{"rendered":"TSFG01 Prowadnica pod\u0142ogowa statywu"},"content":{"rendered":"<p>Ten <a href=\"https:\/\/mountlaser.com\/pl\/\"><strong>TSFG01 Prowadnica pod\u0142ogowa statywu<\/strong><\/a> to precyzyjnie zaprojektowany akcesorium, kt\u00f3re zapewnia maksymaln\u0105 stabilno\u015b\u0107 statywu na \u015bliskich, polerowanych lub betonowych powierzchniach. Jako wysoce niezawodny<a href=\"https:\/\/mountlaser.com\/pl\/kategoria-produktu\/surveying-accessory\/\"><strong> prowadnica pod\u0142ogowa stabilizatora statywu<\/strong><\/a>, pomaga geodetom szybciej i pewniej ustala\u0107 po\u0142o\u017cenie punkt\u00f3w, gwarantuj\u0105c sta\u0142\u0105 dok\u0142adno\u015b\u0107 w wymagaj\u0105cych warunkach terenowych.<\/p>\n<p>Wykonany z wytrzyma\u0142ej stali, <a href=\"https:\/\/mountlaser.com\/pl\/contact-us\/\">TSFG01 Prowadnica pod\u0142ogowa statywu<\/a> zapewnia wyj\u0105tkow\u0105 trwa\u0142o\u015b\u0107 i pozwala na wysuni\u0119cie n\u00f3g statywu nawet o 40 cm (15,7 cala) od \u015brodka, zapewniaj\u0105c stabiln\u0105 i bezpieczn\u0105 podstaw\u0119 na r\u00f3wnym terenie.<\/p>\n<p><img fetchpriority=\"high\" decoding=\"async\" class=\"aligncenter wp-image-5578\" src=\"https:\/\/mountlaser.com\/wp-content\/uploads\/2025\/12\/TSFG01.webp\" alt=\"TSFG01 Tripod Floor Guide\" width=\"500\" height=\"500\" srcset=\"https:\/\/mountlaser.com\/wp-content\/uploads\/2025\/12\/TSFG01.webp 1000w, https:\/\/mountlaser.com\/wp-content\/uploads\/2025\/12\/TSFG01-300x300.webp 300w, https:\/\/mountlaser.com\/wp-content\/uploads\/2025\/12\/TSFG01-150x150.webp 150w, https:\/\/mountlaser.com\/wp-content\/uploads\/2025\/12\/TSFG01-768x768.webp 768w, https:\/\/mountlaser.com\/wp-content\/uploads\/2025\/12\/TSFG01-12x12.webp 12w, https:\/\/mountlaser.com\/wp-content\/uploads\/2025\/12\/TSFG01-600x600.webp 600w, https:\/\/mountlaser.com\/wp-content\/uploads\/2025\/12\/TSFG01-800x800.webp 800w, https:\/\/mountlaser.com\/wp-content\/uploads\/2025\/12\/TSFG01-400x400.webp 400w\" sizes=\"(max-width: 500px) 100vw, 500px\" \/><\/p>\n<p>Niezale\u017cnie od tego, czy jest stosowany w budownictwie, geodezji czy w instalacjach pomiarowych wewn\u0105trz budynk\u00f3w, <a href=\"https:\/\/mountlaser.com\/pl\/about-us\/\">TSFG01 Prowadnica pod\u0142ogowa statywu<\/a> Zapewnia szybkie, stabilne i precyzyjne pozycjonowanie instrument\u00f3w za ka\u017cdym razem. Jego solidna konstrukcja i zoptymalizowany uk\u0142ad sprawiaj\u0105, \u017ce jest to niezb\u0119dne narz\u0119dzie dla ekip terenowych pracuj\u0105cych na twardych, \u015bliskich lub wyko\u0144czonych powierzchniach pod\u0142ogowych.<\/p>","protected":false},"excerpt":{"rendered":"<ul>\n<li>Zwi\u0119ksza stabilno\u015b\u0107 na \u015bliskich, polerowanych lub betonowych pod\u0142ogach.<\/li>\n<li>Przyspiesza rozstawianie statyw\u00f3w w przypadku ich ustawienia bezpo\u015brednio nad punktem.<\/li>\n<li>Zapewnia elastyczne wyd\u0142u\u017canie n\u00f3g, a TSFG01 si\u0119ga 40 cm.<\/li>\n<\/ul>","protected":false},"featured_media":5578,"comment_status":"open","ping_status":"closed","template":"","meta":[],"product_brand":[],"product_cat":[79,160],"product_tag":[],"class_list":{"0":"post-5577","1":"product","2":"type-product","3":"status-publish","4":"has-post-thumbnail","6":"product_cat-surveying-accessory","7":"product_cat-tripod-floor-guide","9":"first","10":"instock","11":"shipping-taxable","12":"product-type-simple"},"_links":{"self":[{"href":"https:\/\/mountlaser.com\/pl\/wp-json\/wp\/v2\/product\/5577","targetHints":{"allow":["GET"]}}],"collection":[{"href":"https:\/\/mountlaser.com\/pl\/wp-json\/wp\/v2\/product"}],"about":[{"href":"https:\/\/mountlaser.com\/pl\/wp-json\/wp\/v2\/types\/product"}],"replies":[{"embeddable":true,"href":"https:\/\/mountlaser.com\/pl\/wp-json\/wp\/v2\/comments?post=5577"}],"wp:featuredmedia":[{"embeddable":true,"href":"https:\/\/mountlaser.com\/pl\/wp-json\/wp\/v2\/media\/5578"}],"wp:attachment":[{"href":"https:\/\/mountlaser.com\/pl\/wp-json\/wp\/v2\/media?parent=5577"}],"wp:term":[{"taxonomy":"product_brand","embeddable":true,"href":"https:\/\/mountlaser.com\/pl\/wp-json\/wp\/v2\/product_brand?post=5577"},{"taxonomy":"product_cat","embeddable":true,"href":"https:\/\/mountlaser.com\/pl\/wp-json\/wp\/v2\/product_cat?post=5577"},{"taxonomy":"product_tag","embeddable":true,"href":"https:\/\/mountlaser.com\/pl\/wp-json\/wp\/v2\/product_tag?post=5577"}],"curies":[{"name":"wp","href":"https:\/\/api.w.org\/{rel}","templated":true}]}}