{"id":5576,"date":"2025-12-09T01:08:15","date_gmt":"2025-12-09T01:08:15","guid":{"rendered":"https:\/\/mountlaser.com\/?post_type=product&#038;p=5576"},"modified":"2025-12-09T01:08:15","modified_gmt":"2025-12-09T01:08:15","slug":"su01-surveying-umbrella","status":"publish","type":"product","link":"https:\/\/mountlaser.com\/pl\/produkt\/su01-surveying-umbrella\/","title":{"rendered":"SU01 Parasol geodezyjny"},"content":{"rendered":"<p>Ten <a href=\"https:\/\/mountlaser.com\/pl\/\"><strong>Parasol geodezyjny SU01<\/strong><\/a> to profesjonalna os\u0142ona zaprojektowana do ochrony wra\u017cliwego sprz\u0119tu geodezyjnego i operator\u00f3w terenowych przed bezpo\u015brednim dzia\u0142aniem promieni s\u0142onecznych i nieoczekiwanym deszczem. Zaprojektowana z my\u015bl\u0105 o trudnych warunkach zewn\u0119trznych, ta <a href=\"https:\/\/mountlaser.com\/pl\/kategoria-produktu\/surveying-accessory\/\"><strong>parasol geodezyjny<\/strong><\/a> Zapewnia stabiln\u0105 prac\u0119 instrumentu w ka\u017cdych warunkach pogodowych. Dzi\u0119ki obrotowej g\u0142owicy umo\u017cliwiaj\u0105cej elastyczn\u0105 regulacj\u0119 kierunku i du\u017cej czaszy o d\u0142ugo\u015bci 200 cm, parasol geodezyjny SU01 zapewnia niezawodn\u0105 os\u0142on\u0119 przed s\u0142o\u0144cem podczas d\u0142ugich operacji w terenie.<\/p>\n<p><img fetchpriority=\"high\" decoding=\"async\" class=\"aligncenter wp-image-5570\" src=\"https:\/\/mountlaser.com\/wp-content\/uploads\/2025\/12\/SU011.webp\" alt=\"SU01 surveying umbrella\" width=\"500\" height=\"500\" srcset=\"https:\/\/mountlaser.com\/wp-content\/uploads\/2025\/12\/SU011.webp 1000w, https:\/\/mountlaser.com\/wp-content\/uploads\/2025\/12\/SU011-300x300.webp 300w, https:\/\/mountlaser.com\/wp-content\/uploads\/2025\/12\/SU011-150x150.webp 150w, https:\/\/mountlaser.com\/wp-content\/uploads\/2025\/12\/SU011-768x768.webp 768w, https:\/\/mountlaser.com\/wp-content\/uploads\/2025\/12\/SU011-12x12.webp 12w, https:\/\/mountlaser.com\/wp-content\/uploads\/2025\/12\/SU011-600x600.webp 600w, https:\/\/mountlaser.com\/wp-content\/uploads\/2025\/12\/SU011-800x800.webp 800w, https:\/\/mountlaser.com\/wp-content\/uploads\/2025\/12\/SU011-400x400.webp 400w\" sizes=\"(max-width: 500px) 100vw, 500px\" \/><\/p>\n<p>Wykonany z wytrzyma\u0142ej, 10-panelowej, niebiesko-bia\u0142ej tkaniny i wsparty na dwucz\u0119\u015bciowym maszcie (\u00d828\u201332 mm), ten parasol geodezyjny zosta\u0142 zaprojektowany z my\u015bl\u0105 o wygodzie i d\u0142ugotrwa\u0142ej niezawodno\u015bci. Jego wytrzyma\u0142y kolec wbija si\u0119 w mi\u0119kkie pod\u0142o\u017ce na g\u0142\u0119boko\u015b\u0107 do 20 cm, zapewniaj\u0105c solidne zakotwiczenie nawet na nier\u00f3wnym terenie. Niezale\u017cnie od tego, czy jest u\u017cywany do tachimetr\u00f3w, odbiornik\u00f3w GNSS, czy do prac dokumentacyjnych w terenie, <a href=\"https:\/\/mountlaser.com\/pl\/about-us\/\">Parasol geodezyjny SU01<\/a> Pomaga zachowa\u0107 widoczno\u015b\u0107, wyd\u0142u\u017cy\u0107 \u017cywotno\u015b\u0107 instrument\u00f3w i poprawi\u0107 komfort pracy. Dla geodet\u00f3w, kt\u00f3rzy wymagaj\u0105 sta\u0142ej wydajno\u015bci, mobilno\u015bci i ochrony, ten parasol geodezyjny jest niezb\u0119dnym dodatkiem do ka\u017cdego wyposa\u017cenia terenowego.<\/p>","protected":false},"excerpt":{"rendered":"<ul>\n<li>Ochrona przed warunkami atmosferycznymi: chroni urz\u0105dzenia i operator\u00f3w przed intensywnym \u015bwiat\u0142em s\u0142onecznym i deszczem.<\/li>\n<li>G\u0142owica obrotowa: umo\u017cliwia regulacj\u0119 kierunku strumienia \u015bwiat\u0142a w celu uzyskania maksymalnej efektywno\u015bci zacieniania.<\/li>\n<li>Du\u017cy baldachim o szeroko\u015bci 200 cm: 10-panelowa tkanina w kolorze niebiesko-bia\u0142ym zapewnia szerokie pokrycie.<\/li>\n<li>Regulowana wysoko\u015b\u0107: Dwucz\u0119\u015bciowy dr\u0105\u017cek mo\u017cna rozsun\u0105\u0107 do 200 cm, co umo\u017cliwia wszechstronne zastosowanie.<\/li>\n<li>Zwi\u0119kszona stabilno\u015b\u0107: Wytrzyma\u0142y metalowy kolec wbija si\u0119 na g\u0142\u0119boko\u015b\u0107 20 cm w mi\u0119kkie pod\u0142o\u017ce.<\/li>\n<li>Trwa\u0142a konstrukcja: Zaprojektowana do wielokrotnego u\u017cytku w terenie.<\/li>\n<li>Przeno\u015bno\u015b\u0107 i \u0142atwa instalacja: Prosty monta\u017c umo\u017cliwiaj\u0105cy szybkie wdro\u017cenie na placach budowy.<\/li>\n<\/ul>","protected":false},"featured_media":5572,"comment_status":"open","ping_status":"closed","template":"","meta":[],"product_brand":[],"product_cat":[79,159],"product_tag":[],"class_list":{"0":"post-5576","1":"product","2":"type-product","3":"status-publish","4":"has-post-thumbnail","6":"product_cat-surveying-accessory","7":"product_cat-surveying-umbrella","9":"first","10":"instock","11":"shipping-taxable","12":"product-type-simple"},"_links":{"self":[{"href":"https:\/\/mountlaser.com\/pl\/wp-json\/wp\/v2\/product\/5576","targetHints":{"allow":["GET"]}}],"collection":[{"href":"https:\/\/mountlaser.com\/pl\/wp-json\/wp\/v2\/product"}],"about":[{"href":"https:\/\/mountlaser.com\/pl\/wp-json\/wp\/v2\/types\/product"}],"replies":[{"embeddable":true,"href":"https:\/\/mountlaser.com\/pl\/wp-json\/wp\/v2\/comments?post=5576"}],"wp:featuredmedia":[{"embeddable":true,"href":"https:\/\/mountlaser.com\/pl\/wp-json\/wp\/v2\/media\/5572"}],"wp:attachment":[{"href":"https:\/\/mountlaser.com\/pl\/wp-json\/wp\/v2\/media?parent=5576"}],"wp:term":[{"taxonomy":"product_brand","embeddable":true,"href":"https:\/\/mountlaser.com\/pl\/wp-json\/wp\/v2\/product_brand?post=5576"},{"taxonomy":"product_cat","embeddable":true,"href":"https:\/\/mountlaser.com\/pl\/wp-json\/wp\/v2\/product_cat?post=5576"},{"taxonomy":"product_tag","embeddable":true,"href":"https:\/\/mountlaser.com\/pl\/wp-json\/wp\/v2\/product_tag?post=5576"}],"curies":[{"name":"wp","href":"https:\/\/api.w.org\/{rel}","templated":true}]}}