{"id":5569,"date":"2025-12-08T09:09:35","date_gmt":"2025-12-08T09:09:35","guid":{"rendered":"https:\/\/mountlaser.com\/?post_type=product&#038;p=5569"},"modified":"2025-12-12T02:46:23","modified_gmt":"2025-12-12T02:46:23","slug":"ps2a-pocket-stereo-viewer","status":"publish","type":"product","link":"https:\/\/mountlaser.com\/pl\/produkt\/ps2a-pocket-stereo-viewer\/","title":{"rendered":"Przegl\u0105darka kieszonkowego stereo PS2A"},"content":{"rendered":"<p data-start=\"358\" data-end=\"742\">Ten <a href=\"https:\/\/mountlaser.com\/pl\/\"><strong data-start=\"362\" data-end=\"394\">Przegl\u0105darka kieszonkowego stereo PS2A<\/strong><\/a> to profesjonalny, kompaktowy stereoskop zaprojektowany z my\u015bl\u0105 o wyra\u017anej i precyzyjnej interpretacji obrazu stereoskopowego zar\u00f3wno w terenie, jak i w biurze. Zbudowany z trwa\u0142ych uchwyt\u00f3w ze stopu metalu, <a href=\"https:\/\/mountlaser.com\/pl\/kategoria-produktu\/surveying-accessory\/\"><strong data-start=\"583\" data-end=\"613\">Metalowy kieszonkowy podgl\u0105d stereo<\/strong><\/a> zapewnia d\u0142ugotrwa\u0142\u0105 stabilno\u015b\u0107 i sp\u00f3jno\u015b\u0107 optyczn\u0105, dzi\u0119ki czemu idealnie nadaje si\u0119 dla geodet\u00f3w, fotogrametr\u00f3w i analityk\u00f3w terenu.<\/p>\n<p data-start=\"744\" data-end=\"1196\">Zaprojektowany z regulowan\u0105 odleg\u0142o\u015bci\u0105 mi\u0119dzy \u017arenicami od 56 mm do 75 mm, kieszonkowy wizjer stereoskopowy PS2A zapewnia komfortow\u0105 obserwacj\u0119 r\u00f3\u017cnym u\u017cytkownikom, oferuj\u0105c jednocze\u015bnie szerokie pole widzenia 125 mm \u00d7 125 mm, co pozwala na efektywne badanie par stereoskopowych. Metalowy kieszonkowy wizjer stereoskopowy PS2A z 2-krotnym powi\u0119kszeniem oferuje r\u00f3\u017cne poziomy szczeg\u00f3\u0142owo\u015bci wymagane podczas profesjonalnych prac geodezyjnych i kartograficznych.<\/p>\n<p data-start=\"744\" data-end=\"1196\"><img fetchpriority=\"high\" decoding=\"async\" class=\"aligncenter wp-image-5563\" src=\"https:\/\/mountlaser.com\/wp-content\/uploads\/2025\/12\/\u4e3b\u56fe3-4.webp\" alt=\"PS2A\/4A pocket stereo viewer\" width=\"500\" height=\"500\" srcset=\"https:\/\/mountlaser.com\/wp-content\/uploads\/2025\/12\/\u4e3b\u56fe3-4.webp 1000w, https:\/\/mountlaser.com\/wp-content\/uploads\/2025\/12\/\u4e3b\u56fe3-4-300x300.webp 300w, https:\/\/mountlaser.com\/wp-content\/uploads\/2025\/12\/\u4e3b\u56fe3-4-150x150.webp 150w, https:\/\/mountlaser.com\/wp-content\/uploads\/2025\/12\/\u4e3b\u56fe3-4-768x768.webp 768w, https:\/\/mountlaser.com\/wp-content\/uploads\/2025\/12\/\u4e3b\u56fe3-4-12x12.webp 12w, https:\/\/mountlaser.com\/wp-content\/uploads\/2025\/12\/\u4e3b\u56fe3-4-600x600.webp 600w, https:\/\/mountlaser.com\/wp-content\/uploads\/2025\/12\/\u4e3b\u56fe3-4-800x800.webp 800w, https:\/\/mountlaser.com\/wp-content\/uploads\/2025\/12\/\u4e3b\u56fe3-4-400x400.webp 400w\" sizes=\"(max-width: 500px) 100vw, 500px\" \/><\/p>\n<p data-start=\"1198\" data-end=\"1423\">\u0141\u0105cz\u0105c w sobie przeno\u015bno\u015b\u0107, trwa\u0142\u0105 konstrukcj\u0119 i przejrzysto\u015b\u0107 optyczn\u0105, <a href=\"https:\/\/mountlaser.com\/pl\/contact-us\/\">Przegl\u0105darka kieszonkowa PS2A\/4A<\/a> zapewnia niezawodn\u0105 wydajno\u015b\u0107 ka\u017cdemu, kto potrzebuje dok\u0142adnej interpretacji stereoskopowej w wymagaj\u0105cych \u015brodowiskach pracy.<\/p>","protected":false},"excerpt":{"rendered":"<ul>\n<li>PS2A (powi\u0119kszenie 2X).<\/li>\n<li>Regulowana odleg\u0142o\u015b\u0107 mi\u0119dzy \u017arenicami: 56\u201375 mm, aby wygodnie dopasowa\u0107 si\u0119 do ka\u017cdego u\u017cytkownika.<\/li>\n<li>Szerokie pole widzenia: 125 mm \u00d7 125 mm umo\u017cliwiaj\u0105ce efektywn\u0105 analiz\u0119 obrazu stereoskopowego.<\/li>\n<li>Konstrukcja metalowa: Wytrzyma\u0142y korpus wykonany ze stopu metalu gwarantuje stabilno\u015b\u0107 i d\u0142ugotrwa\u0142\u0105 trwa\u0142o\u015b\u0107.<\/li>\n<li>Przeno\u015bna konstrukcja: Na tyle lekka, \u017ce mo\u017cna j\u0105 \u0142atwo transportowa\u0107 w terenie.<\/li>\n<li>Zastosowanie profesjonalne: Idealny do interpretacji stereoskopowej, oceny terenu i zastosowa\u0144 fotogrametrycznych.<\/li>\n<\/ul>","protected":false},"featured_media":5562,"comment_status":"open","ping_status":"closed","template":"","meta":[],"product_brand":[],"product_cat":[79,158],"product_tag":[],"class_list":{"0":"post-5569","1":"product","2":"type-product","3":"status-publish","4":"has-post-thumbnail","6":"product_cat-surveying-accessory","7":"product_cat-pocket-stereo-viewer","9":"first","10":"instock","11":"shipping-taxable","12":"product-type-simple"},"_links":{"self":[{"href":"https:\/\/mountlaser.com\/pl\/wp-json\/wp\/v2\/product\/5569","targetHints":{"allow":["GET"]}}],"collection":[{"href":"https:\/\/mountlaser.com\/pl\/wp-json\/wp\/v2\/product"}],"about":[{"href":"https:\/\/mountlaser.com\/pl\/wp-json\/wp\/v2\/types\/product"}],"replies":[{"embeddable":true,"href":"https:\/\/mountlaser.com\/pl\/wp-json\/wp\/v2\/comments?post=5569"}],"wp:featuredmedia":[{"embeddable":true,"href":"https:\/\/mountlaser.com\/pl\/wp-json\/wp\/v2\/media\/5562"}],"wp:attachment":[{"href":"https:\/\/mountlaser.com\/pl\/wp-json\/wp\/v2\/media?parent=5569"}],"wp:term":[{"taxonomy":"product_brand","embeddable":true,"href":"https:\/\/mountlaser.com\/pl\/wp-json\/wp\/v2\/product_brand?post=5569"},{"taxonomy":"product_cat","embeddable":true,"href":"https:\/\/mountlaser.com\/pl\/wp-json\/wp\/v2\/product_cat?post=5569"},{"taxonomy":"product_tag","embeddable":true,"href":"https:\/\/mountlaser.com\/pl\/wp-json\/wp\/v2\/product_tag?post=5569"}],"curies":[{"name":"wp","href":"https:\/\/api.w.org\/{rel}","templated":true}]}}