{"id":5552,"date":"2025-12-08T08:02:23","date_gmt":"2025-12-08T08:02:23","guid":{"rendered":"https:\/\/mountlaser.com\/?post_type=product&#038;p=5552"},"modified":"2025-12-11T02:32:20","modified_gmt":"2025-12-11T02:32:20","slug":"hl01-hand-level","status":"publish","type":"product","link":"https:\/\/mountlaser.com\/pl\/produkt\/hl01-hand-level\/","title":{"rendered":"Poziomica r\u0119czna HL01"},"content":{"rendered":"<p>Ten <a href=\"https:\/\/mountlaser.com\/pl\/\"><strong>Poziomica r\u0119czna HL01<\/strong><\/a> to kompaktowe i wydajne narz\u0119dzie terenowe zaprojektowane dla profesjonalist\u00f3w, kt\u00f3rzy potrzebuj\u0105 szybkiego i dok\u0142adnego pomiaru w poziomie. Zaprojektowana w efektownym \u017c\u00f3\u0142tym kolorze, poziomica r\u0119czna HL01 \u0142\u0105czy w sobie mobilno\u015b\u0107 z niezawodn\u0105 wydajno\u015bci\u0105 optyczn\u0105, co czyni j\u0105 niezb\u0119dnym urz\u0105dzeniem do prac budowlanych, niwelacyjnych i geodezyjnych.<\/p>\n<p>Z udzia\u0142em <a href=\"https:\/\/mountlaser.com\/pl\/kategoria-produktu\/surveying-accessory\/\"><strong>Poziomica 2,5X<\/strong><\/a> Dzi\u0119ki systemowi optycznemu, instrument ten zapewnia wyra\u017any obraz, umo\u017cliwiaj\u0105c precyzyjne ustawienie i podstawowe oszacowanie odleg\u0142o\u015bci. Wewn\u0119trzne linie dalmierza i pionowy krzy\u017c nitek dodatkowo zwi\u0119kszaj\u0105 u\u017cyteczno\u015b\u0107, umo\u017cliwiaj\u0105c u\u017cytkownikom szybkie ustalanie punkt\u00f3w odniesienia w r\u00f3\u017cnych warunkach zewn\u0119trznych.<\/p>\n<p>Zaprojektowany z my\u015bl\u0105 o mobilno\u015bci, poziomica r\u0119czna HL01 jest dostarczana w wytrzyma\u0142ym sk\u00f3rzanym futerale, kt\u00f3ry chroni instrument podczas transportu i codziennych prac w terenie. Niezale\u017cnie od tego, czy jest u\u017cywana do szybkich kontroli, czy rutynowych zada\u0144, poziomica r\u0119czna 2,5X zapewnia sp\u00f3jn\u0105 i niezawodn\u0105 wydajno\u015b\u0107, kt\u00f3rej profesjonali\u015bci mog\u0105 zaufa\u0107.<\/p>\n<p><img fetchpriority=\"high\" decoding=\"async\" class=\"aligncenter wp-image-5558\" src=\"https:\/\/mountlaser.com\/wp-content\/uploads\/2025\/12\/HL016.webp\" alt=\"HL01 Hand Level\" width=\"500\" height=\"500\" srcset=\"https:\/\/mountlaser.com\/wp-content\/uploads\/2025\/12\/HL016.webp 1000w, https:\/\/mountlaser.com\/wp-content\/uploads\/2025\/12\/HL016-300x300.webp 300w, https:\/\/mountlaser.com\/wp-content\/uploads\/2025\/12\/HL016-150x150.webp 150w, https:\/\/mountlaser.com\/wp-content\/uploads\/2025\/12\/HL016-768x768.webp 768w, https:\/\/mountlaser.com\/wp-content\/uploads\/2025\/12\/HL016-12x12.webp 12w, https:\/\/mountlaser.com\/wp-content\/uploads\/2025\/12\/HL016-600x600.webp 600w, https:\/\/mountlaser.com\/wp-content\/uploads\/2025\/12\/HL016-800x800.webp 800w, https:\/\/mountlaser.com\/wp-content\/uploads\/2025\/12\/HL016-400x400.webp 400w\" sizes=\"(max-width: 500px) 100vw, 500px\" \/><\/p>\n<p>Podsumowuj\u0105c, <a href=\"https:\/\/mountlaser.com\/pl\/contact-us\/\">Poziomica 2,5X<\/a> charakteryzuj\u0105 si\u0119 lekk\u0105 konstrukcj\u0105, podstawowymi funkcjami optycznymi i solidn\u0105 ochron\u0105, dzi\u0119ki czemu idealnie nadaj\u0105 si\u0119 dla os\u00f3b potrzebuj\u0105cych szybkiego i dok\u0142adnego poziomowania w terenie.<\/p>","protected":false},"excerpt":{"rendered":"<ul>\n<li>Jaskrawo\u017c\u00f3\u0142ta obudowa zapewniaj\u0105ca dobr\u0105 widoczno\u015b\u0107 i \u0142atw\u0105 identyfikacj\u0119 na terenach zewn\u0119trznych.<\/li>\n<li>Powi\u0119kszenie 2,5X zapewnia wyra\u017any i dok\u0142adny obraz podczas szybkiego poziomowania i celowania.<\/li>\n<li>Wbudowane linie Stadia i pionowe krzy\u017ce celownicze umo\u017cliwiaj\u0105 podstawow\u0105 ocen\u0119 odleg\u0142o\u015bci i wyr\u00f3wnanie.<\/li>\n<li>Lekka i kieszonkowa konstrukcja sprawia, \u017ce instrument jest \u0142atwy do przenoszenia i idealnie nadaje si\u0119 do mobilnej pracy w terenie.<\/li>\n<li>Wytrzyma\u0142e sk\u00f3rzane etui chroni urz\u0105dzenie podczas transportu i przechowywania.<\/li>\n<li>Niezawodna wydajno\u015b\u0107, odpowiednia do niwelacji, profilowania, wykop\u00f3w i og\u00f3lnych zastosowa\u0144 geodezyjnych.<\/li>\n<li>Prosta obs\u0142uga jedn\u0105 r\u0119k\u0105 zapewniaj\u0105ca maksymaln\u0105 wygod\u0119 podczas szybkich kontroli.<\/li>\n<\/ul>","protected":false},"featured_media":5553,"comment_status":"open","ping_status":"closed","template":"","meta":[],"product_brand":[],"product_cat":[79,157],"product_tag":[],"class_list":{"0":"post-5552","1":"product","2":"type-product","3":"status-publish","4":"has-post-thumbnail","6":"product_cat-surveying-accessory","7":"product_cat-handle-level","9":"first","10":"instock","11":"shipping-taxable","12":"product-type-simple"},"_links":{"self":[{"href":"https:\/\/mountlaser.com\/pl\/wp-json\/wp\/v2\/product\/5552","targetHints":{"allow":["GET"]}}],"collection":[{"href":"https:\/\/mountlaser.com\/pl\/wp-json\/wp\/v2\/product"}],"about":[{"href":"https:\/\/mountlaser.com\/pl\/wp-json\/wp\/v2\/types\/product"}],"replies":[{"embeddable":true,"href":"https:\/\/mountlaser.com\/pl\/wp-json\/wp\/v2\/comments?post=5552"}],"wp:featuredmedia":[{"embeddable":true,"href":"https:\/\/mountlaser.com\/pl\/wp-json\/wp\/v2\/media\/5553"}],"wp:attachment":[{"href":"https:\/\/mountlaser.com\/pl\/wp-json\/wp\/v2\/media?parent=5552"}],"wp:term":[{"taxonomy":"product_brand","embeddable":true,"href":"https:\/\/mountlaser.com\/pl\/wp-json\/wp\/v2\/product_brand?post=5552"},{"taxonomy":"product_cat","embeddable":true,"href":"https:\/\/mountlaser.com\/pl\/wp-json\/wp\/v2\/product_cat?post=5552"},{"taxonomy":"product_tag","embeddable":true,"href":"https:\/\/mountlaser.com\/pl\/wp-json\/wp\/v2\/product_tag?post=5552"}],"curies":[{"name":"wp","href":"https:\/\/api.w.org\/{rel}","templated":true}]}}