{"id":5539,"date":"2025-12-08T07:47:18","date_gmt":"2025-12-08T07:47:18","guid":{"rendered":"https:\/\/mountlaser.com\/?post_type=product&#038;p=5539"},"modified":"2025-12-12T05:08:10","modified_gmt":"2025-12-12T05:08:10","slug":"al01-abney-level","status":"publish","type":"product","link":"https:\/\/mountlaser.com\/pl\/produkt\/al01-abney-level\/","title":{"rendered":"AL01 Poziom Abney"},"content":{"rendered":"<p data-start=\"286\" data-end=\"718\">Ten <a href=\"https:\/\/mountlaser.com\/pl\/\"><strong data-start=\"290\" data-end=\"313\">AL01 Poziom Abney<\/strong><\/a> to precyzyjny instrument optyczny zaprojektowany dla profesjonalist\u00f3w, kt\u00f3rzy potrzebuj\u0105 szybkich i dok\u0142adnych pomiar\u00f3w nachylenia, k\u0105ta i wysoko\u015bci, zar\u00f3wno w geodezji topograficznej, jak i budowlanej. Jako wszechstronny <a href=\"https:\/\/mountlaser.com\/pl\/kategoria-produktu\/surveying-accessory\/\"><strong data-start=\"515\" data-end=\"547\">Poziomica topograficzna Abney Hand<\/strong><\/a>, charakteryzuje si\u0119 kwadratowym tubusem celowniczym wyposa\u017conym w wewn\u0119trzny teleskop ogniskuj\u0105cy o dok\u0142adno\u015bci 20&#039;\/2 mm, co gwarantuje niezawodn\u0105 prac\u0119 w wymagaj\u0105cych warunkach terenowych.<\/p>\n<figure id=\"attachment_5540\" aria-describedby=\"caption-attachment-5540\" style=\"width: 500px\" class=\"wp-caption aligncenter\"><img fetchpriority=\"high\" decoding=\"async\" class=\"wp-image-5540\" src=\"https:\/\/mountlaser.com\/wp-content\/uploads\/2025\/12\/AL011.webp\" alt=\"AL01\/03 Abney Level\" width=\"500\" height=\"500\" srcset=\"https:\/\/mountlaser.com\/wp-content\/uploads\/2025\/12\/AL011.webp 1000w, https:\/\/mountlaser.com\/wp-content\/uploads\/2025\/12\/AL011-300x300.webp 300w, https:\/\/mountlaser.com\/wp-content\/uploads\/2025\/12\/AL011-150x150.webp 150w, https:\/\/mountlaser.com\/wp-content\/uploads\/2025\/12\/AL011-768x768.webp 768w, https:\/\/mountlaser.com\/wp-content\/uploads\/2025\/12\/AL011-12x12.webp 12w, https:\/\/mountlaser.com\/wp-content\/uploads\/2025\/12\/AL011-600x600.webp 600w, https:\/\/mountlaser.com\/wp-content\/uploads\/2025\/12\/AL011-800x800.webp 800w, https:\/\/mountlaser.com\/wp-content\/uploads\/2025\/12\/AL011-400x400.webp 400w\" sizes=\"(max-width: 500px) 100vw, 500px\" \/><figcaption id=\"caption-attachment-5540\" class=\"wp-caption-text\">AL01 Poziom Abney<\/figcaption><\/figure>\n<p data-start=\"720\" data-end=\"1206\">Zaprojektowany z my\u015bl\u0105 o mo\u017cliwo\u015bci adaptacji, <a href=\"https:\/\/mountlaser.com\/pl\/about-us\/\">AL01 Poziom Abney<\/a> Wyposa\u017cona w wymienne \u0142uki, pozwala geodetom z \u0142atwo\u015bci\u0105 prze\u0142\u0105cza\u0107 si\u0119 mi\u0119dzy aplikacjami. Zintegrowana skala g\u0142\u00f3wna 1\u00b0 z odczytem noniusza 10\u2032 oraz skale nachylenia 1:1 i 1:10 sprawiaj\u0105, \u017ce ta topograficzna poziomnica r\u0119czna Abney idealnie nadaje si\u0119 do precyzyjnych pomiar\u00f3w nachylenia. Dla zwi\u0119kszenia u\u017cyteczno\u015bci, model AL01 jest dost\u0119pny w zielonej obudowie.<\/p>\n<p data-start=\"1208\" data-end=\"1443\">Poziomica AL01 Abney jest kompaktowa, lekka i dostarczana z wygodnym futera\u0142em na pasek, co czyni j\u0105 idealn\u0105 do noszenia. <a href=\"https:\/\/mountlaser.com\/pl\/contact-us\/\">Poziomica topograficzna Abney Hand<\/a> niezawodny towarzysz dla geodet\u00f3w, kt\u00f3rzy ceni\u0105 sobie wydajno\u015b\u0107 i mobilno\u015b\u0107.<\/p>","protected":false},"excerpt":{"rendered":"<ul>\n<li>Dok\u0142adny pomiar nachyle\u0144 i k\u0105t\u00f3w: Pomiar nachylenia, wysoko\u015bci i zmian k\u0105ta z dok\u0142adno\u015bci\u0105 20&#039;\/2 mm.<\/li>\n<li>Wymienne \u0142uki pomiarowe: Dwa \u0142uki umo\u017cliwiaj\u0105 elastyczne wykorzystanie do r\u00f3\u017cnych zada\u0144 topograficznych lub budowlanych.<\/li>\n<li>Precyzyjna skala: Posiada g\u0142\u00f3wn\u0105 skal\u0119 1\u00b0, odczyty noniusza 10\u2032 i zintegrowane skale nachylenia 1:1 i 1:10, co umo\u017cliwia pomiary na poziomie profesjonalnym.<\/li>\n<li>Modele oznaczone kolorami dla widoczno\u015bci w terenie: Zielony AL01 dla \u0142atwej identyfikacji w r\u00f3\u017cnych \u015brodowiskach pomiarowych.<\/li>\n<li>Przeno\u015bny i trwa\u0142y: W zestawie znajduje si\u0119 futera\u0142 z p\u0119tl\u0105 na pasek, umo\u017cliwiaj\u0105cy wygodny transport w terenie.<\/li>\n<\/ul>","protected":false},"featured_media":5541,"comment_status":"open","ping_status":"closed","template":"","meta":[],"product_brand":[],"product_cat":[79,156],"product_tag":[],"class_list":{"0":"post-5539","1":"product","2":"type-product","3":"status-publish","4":"has-post-thumbnail","6":"product_cat-surveying-accessory","7":"product_cat-abney-level","9":"first","10":"instock","11":"shipping-taxable","12":"product-type-simple"},"_links":{"self":[{"href":"https:\/\/mountlaser.com\/pl\/wp-json\/wp\/v2\/product\/5539","targetHints":{"allow":["GET"]}}],"collection":[{"href":"https:\/\/mountlaser.com\/pl\/wp-json\/wp\/v2\/product"}],"about":[{"href":"https:\/\/mountlaser.com\/pl\/wp-json\/wp\/v2\/types\/product"}],"replies":[{"embeddable":true,"href":"https:\/\/mountlaser.com\/pl\/wp-json\/wp\/v2\/comments?post=5539"}],"wp:featuredmedia":[{"embeddable":true,"href":"https:\/\/mountlaser.com\/pl\/wp-json\/wp\/v2\/media\/5541"}],"wp:attachment":[{"href":"https:\/\/mountlaser.com\/pl\/wp-json\/wp\/v2\/media?parent=5539"}],"wp:term":[{"taxonomy":"product_brand","embeddable":true,"href":"https:\/\/mountlaser.com\/pl\/wp-json\/wp\/v2\/product_brand?post=5539"},{"taxonomy":"product_cat","embeddable":true,"href":"https:\/\/mountlaser.com\/pl\/wp-json\/wp\/v2\/product_cat?post=5539"},{"taxonomy":"product_tag","embeddable":true,"href":"https:\/\/mountlaser.com\/pl\/wp-json\/wp\/v2\/product_tag?post=5539"}],"curies":[{"name":"wp","href":"https:\/\/api.w.org\/{rel}","templated":true}]}}