{"id":5531,"date":"2025-12-08T07:08:04","date_gmt":"2025-12-08T07:08:04","guid":{"rendered":"https:\/\/mountlaser.com\/?post_type=product&#038;p=5531"},"modified":"2025-12-08T07:08:04","modified_gmt":"2025-12-08T07:08:04","slug":"ft40-series-flagging-tape","status":"publish","type":"product","link":"https:\/\/mountlaser.com\/pl\/produkt\/ft40-series-flagging-tape\/","title":{"rendered":"Ta\u015bma flagowa serii FT40"},"content":{"rendered":"<p>MountLaser <a href=\"https:\/\/mountlaser.com\/pl\/\"><strong>Ta\u015bma flagowa<\/strong><\/a> To trwa\u0142e i doskonale widoczne rozwi\u0105zanie do znakowania, przeznaczone do wymagaj\u0105cych warunk\u00f3w zewn\u0119trznych. Zaprojektowana dla geodet\u00f3w i specjalist\u00f3w budowlanych, ta\u015bma flagowa zapewnia niezawodn\u0105 prac\u0119 w r\u00f3\u017cnych temperaturach i na r\u00f3\u017cnym terenie. Niezale\u017cnie od tego, czy chodzi o oznaczanie granic, punkt\u00f3w odniesienia, czy krytycznych punkt\u00f3w odniesienia, ta\u015bma flagowa zapewnia wyra\u017an\u0105 i d\u0142ugotrwa\u0142\u0105 widoczno\u015b\u0107 w ka\u017cdych warunkach terenowych.<\/p>\n<p><img fetchpriority=\"high\" decoding=\"async\" class=\"aligncenter wp-image-5536\" src=\"https:\/\/mountlaser.com\/wp-content\/uploads\/2025\/12\/05.webp\" alt=\"Flagging Tape\" width=\"500\" height=\"500\" srcset=\"https:\/\/mountlaser.com\/wp-content\/uploads\/2025\/12\/05.webp 1200w, https:\/\/mountlaser.com\/wp-content\/uploads\/2025\/12\/05-300x300.webp 300w, https:\/\/mountlaser.com\/wp-content\/uploads\/2025\/12\/05-1024x1024.webp 1024w, https:\/\/mountlaser.com\/wp-content\/uploads\/2025\/12\/05-150x150.webp 150w, https:\/\/mountlaser.com\/wp-content\/uploads\/2025\/12\/05-768x768.webp 768w, https:\/\/mountlaser.com\/wp-content\/uploads\/2025\/12\/05-12x12.webp 12w, https:\/\/mountlaser.com\/wp-content\/uploads\/2025\/12\/05-600x600.webp 600w, https:\/\/mountlaser.com\/wp-content\/uploads\/2025\/12\/05-800x800.webp 800w, https:\/\/mountlaser.com\/wp-content\/uploads\/2025\/12\/05-400x400.webp 400w\" sizes=\"(max-width: 500px) 100vw, 500px\" \/><\/p>\n<p>Wykonane z wytrzyma\u0142ego i odpornego na warunki atmosferyczne materia\u0142u, nasze <a href=\"https:\/\/mountlaser.com\/pl\/kategoria-produktu\/surveying-accessory\/\"><strong>Ta\u015bma do znakowania flag<\/strong><\/a> Oferuje wyj\u0105tkow\u0105 odporno\u015b\u0107 na rozdarcie i trwa\u0142o\u015b\u0107 koloru. Asortyment ta\u015bm do znakowania flagowego obejmuje wiele d\u0142ugo\u015bci, grubo\u015bci i \u017cywych kolor\u00f3w \u2013 idealnych do szybkiej identyfikacji na placach budowy i w terenie. Dzi\u0119ki wysokiej elastyczno\u015bci i doskona\u0142ej trwa\u0142o\u015bci ta\u015bma do znakowania flagowego wyr\u00f3\u017cnia si\u0119 jako niezb\u0119dne narz\u0119dzie do precyzyjnego znakowania terenu i efektywnego zarz\u0105dzania przep\u0142ywem pracy.<\/p>\n<div>\n<table style=\"border-collapse: collapse; width: 741.02pt;\" border=\"0\" width=\"988\" cellspacing=\"0\" cellpadding=\"0\">\n<tbody>\n<tr style=\"height: 14.25pt;\">\n<td class=\"et2\" style=\"height: 14.25pt; width: 99.75pt;\" width=\"133\" height=\"19\">NUMER<\/td>\n<td class=\"et3\" style=\"width: 101.25pt;\" width=\"135\">TEMP. PRACY.<\/td>\n<td class=\"et4\" style=\"width: 74.25pt;\" width=\"99\">D\u0141UGO\u015a\u0106<\/td>\n<td class=\"et5\" style=\"width: 83.25pt;\" width=\"111\">GRUBO\u015a\u0106<\/td>\n<td class=\"et5\" style=\"width: 69.00pt;\" width=\"92\">SZEROKO\u015a\u0106<\/td>\n<td class=\"et5\" style=\"width: 201.00pt;\" width=\"268\">KOLOR<\/td>\n<td class=\"et5\" style=\"width: 112.50pt;\" width=\"150\">MOQ (ROLKI)<\/td>\n<\/tr>\n<tr style=\"height: 14.25pt;\">\n<td class=\"et6\" style=\"height: 14.25pt;\" height=\"19\">FT40-45-127<\/td>\n<td class=\"et6\">-40\u00b0C<\/td>\n<td class=\"et6\">45m<\/td>\n<td class=\"et6\">0,127 mm<\/td>\n<td class=\"et6\">25 mm<\/td>\n<td class=\"et7\">Pomara\u0144czowy, r\u00f3\u017cowy, \u017c\u00f3\u0142ty, czerwony<\/td>\n<td class=\"et6\">Wielokrotno\u015bci 100<\/td>\n<\/tr>\n<tr style=\"height: 14.25pt;\">\n<td class=\"et6\" style=\"height: 14.25pt;\" height=\"19\">FT15-45-050<\/td>\n<td class=\"et6\">-15\u00b0C<\/td>\n<td class=\"et6\">45m<\/td>\n<td class=\"et6\">0,0508 mm<\/td>\n<td class=\"et6\">25 mm<\/td>\n<td class=\"et7\">Pomara\u0144czowy, r\u00f3\u017cowy, \u017c\u00f3\u0142ty, czerwony<\/td>\n<td class=\"et6\">Wielokrotno\u015bci 100<\/td>\n<\/tr>\n<tr style=\"height: 14.25pt;\">\n<td class=\"et6\" style=\"height: 14.25pt;\" height=\"19\">FT15-30-070<\/td>\n<td class=\"et6\">-15\u00b0C<\/td>\n<td class=\"et6\">30m<\/td>\n<td class=\"et6\">0,070 mm<\/td>\n<td class=\"et6\">25 mm<\/td>\n<td class=\"et7\">Pomara\u0144czowy, r\u00f3\u017cowy, \u017c\u00f3\u0142ty, czerwony, zielony, niebieski<\/td>\n<td class=\"et6\">Wielokrotno\u015bci 240<\/td>\n<\/tr>\n<tr style=\"height: 14.25pt;\">\n<td class=\"et6\" style=\"height: 14.25pt;\" height=\"19\">FT40-100-127<\/td>\n<td class=\"et6\">-40\u00b0C<\/td>\n<td class=\"et6\">100m<\/td>\n<td class=\"et6\">0,127 mm<\/td>\n<td class=\"et6\">25 mm<\/td>\n<td class=\"et7\">Pomara\u0144czowy, r\u00f3\u017cowy, \u017c\u00f3\u0142ty, czerwony<\/td>\n<td class=\"et6\">Wielokrotno\u015bci 96<\/td>\n<\/tr>\n<tr style=\"height: 14.25pt;\">\n<td class=\"et6\" style=\"height: 14.25pt;\" height=\"19\">FT15-100-050<\/td>\n<td class=\"et6\">-15\u00b0C<\/td>\n<td class=\"et6\">100m<\/td>\n<td class=\"et6\">0,0508 mm<\/td>\n<td class=\"et6\">25 mm<\/td>\n<td class=\"et7\">Pomara\u0144czowy, r\u00f3\u017cowy, \u017c\u00f3\u0142ty, czerwony<\/td>\n<td class=\"et6\">Wielokrotno\u015bci 96<\/td>\n<\/tr>\n<tr style=\"height: 14.25pt;\">\n<td class=\"et6\" style=\"height: 14.25pt;\" height=\"19\">FT15-100-070<\/td>\n<td class=\"et6\">-15\u00b0C<\/td>\n<td class=\"et6\">100m<\/td>\n<td class=\"et6\">0,070 mm<\/td>\n<td class=\"et6\">25 mm<\/td>\n<td class=\"et7\">Pomara\u0144czowy, r\u00f3\u017cowy, \u017c\u00f3\u0142ty, czerwony, zielony, niebieski<\/td>\n<td class=\"et6\">Wielokrotno\u015bci 96<\/td>\n<\/tr>\n<\/tbody>\n<\/table>\n<p>&nbsp;<\/p>\n<\/div>","protected":false},"excerpt":{"rendered":"<ul>\n<li>Oznakowanie o wysokiej widoczno\u015bci: Jasne, odporne na promieniowanie UV kolory umo\u017cliwiaj\u0105 wyra\u017an\u0105 identyfikacj\u0119 punkt\u00f3w kontrolnych, granic, zagro\u017ce\u0144 i linii uk\u0142adu w ka\u017cdych warunkach.<\/li>\n<li>Odporno\u015b\u0107 na temperatur\u0119 i warunki atmosferyczne: Zaprojektowane do pracy w trudnych warunkach, w temperaturach si\u0119gaj\u0105cych nawet -40\u00b0C (w zale\u017cno\u015bci od modelu).<\/li>\n<li>Elastyczny i odporny na rozdarcia materia\u0142: gwarantuje d\u0142ug\u0105 \u017cywotno\u015b\u0107 i niezawodn\u0105 prac\u0119 nawet przy wielokrotnym u\u017cytkowaniu w terenie.<\/li>\n<li>Wszechstronne zastosowania: Nadaje si\u0119 do pomiar\u00f3w in\u017cynieryjnych, planowania budowy, le\u015bnictwa, infrastruktury publicznej i monitorowania \u015brodowiska.<\/li>\n<\/ul>","protected":false},"featured_media":5536,"comment_status":"open","ping_status":"closed","template":"","meta":[],"product_brand":[],"product_cat":[79,152],"product_tag":[],"class_list":{"0":"post-5531","1":"product","2":"type-product","3":"status-publish","4":"has-post-thumbnail","6":"product_cat-surveying-accessory","7":"product_cat-surveying-marker","9":"first","10":"instock","11":"shipping-taxable","12":"product-type-simple"},"_links":{"self":[{"href":"https:\/\/mountlaser.com\/pl\/wp-json\/wp\/v2\/product\/5531","targetHints":{"allow":["GET"]}}],"collection":[{"href":"https:\/\/mountlaser.com\/pl\/wp-json\/wp\/v2\/product"}],"about":[{"href":"https:\/\/mountlaser.com\/pl\/wp-json\/wp\/v2\/types\/product"}],"replies":[{"embeddable":true,"href":"https:\/\/mountlaser.com\/pl\/wp-json\/wp\/v2\/comments?post=5531"}],"wp:featuredmedia":[{"embeddable":true,"href":"https:\/\/mountlaser.com\/pl\/wp-json\/wp\/v2\/media\/5536"}],"wp:attachment":[{"href":"https:\/\/mountlaser.com\/pl\/wp-json\/wp\/v2\/media?parent=5531"}],"wp:term":[{"taxonomy":"product_brand","embeddable":true,"href":"https:\/\/mountlaser.com\/pl\/wp-json\/wp\/v2\/product_brand?post=5531"},{"taxonomy":"product_cat","embeddable":true,"href":"https:\/\/mountlaser.com\/pl\/wp-json\/wp\/v2\/product_cat?post=5531"},{"taxonomy":"product_tag","embeddable":true,"href":"https:\/\/mountlaser.com\/pl\/wp-json\/wp\/v2\/product_tag?post=5531"}],"curies":[{"name":"wp","href":"https:\/\/api.w.org\/{rel}","templated":true}]}}