{"id":5524,"date":"2025-12-08T06:20:52","date_gmt":"2025-12-08T06:20:52","guid":{"rendered":"https:\/\/mountlaser.com\/?post_type=product&#038;p=5524"},"modified":"2025-12-08T06:20:52","modified_gmt":"2025-12-08T06:20:52","slug":"mf01-series-marking-flags","status":"publish","type":"product","link":"https:\/\/mountlaser.com\/pl\/produkt\/mf01-series-marking-flags\/","title":{"rendered":"Flagi znakuj\u0105ce serii MF01"},"content":{"rendered":"<p>Nasz <a href=\"https:\/\/mountlaser.com\/pl\/\"><strong>Flagi do znakowania<\/strong> <\/a>To trwa\u0142e i doskonale widoczne znaczniki terenowe, zaprojektowane z my\u015bl\u0105 o potrzebach profesjonalnych geodet\u00f3w i ekip budowlanych. Wykonane z wysokiej jako\u015bci, odpornego na warunki atmosferyczne PVC, te flagi znakuj\u0105ce gwarantuj\u0105 d\u0142ugotrwa\u0142\u0105 wydajno\u015b\u0107 nawet w trudnych warunkach zewn\u0119trznych. Jako niezawodne <a href=\"https:\/\/mountlaser.com\/pl\/kategoria-produktu\/surveying-accessory\/\"><strong>Flagi palikowe<\/strong><\/a>, zapewniaj\u0105 wyra\u017an\u0105 identyfikacj\u0119 wizualn\u0105 punkt\u00f3w kontrolnych, granic, infrastruktury i linii uk\u0142adu na ka\u017cdym placu budowy.<\/p>\n<p><img fetchpriority=\"high\" decoding=\"async\" class=\"aligncenter wp-image-5525\" src=\"https:\/\/mountlaser.com\/wp-content\/uploads\/2025\/12\/MF011.webp\" alt=\"Marking Flags\" width=\"500\" height=\"500\" srcset=\"https:\/\/mountlaser.com\/wp-content\/uploads\/2025\/12\/MF011.webp 1000w, https:\/\/mountlaser.com\/wp-content\/uploads\/2025\/12\/MF011-300x300.webp 300w, https:\/\/mountlaser.com\/wp-content\/uploads\/2025\/12\/MF011-150x150.webp 150w, https:\/\/mountlaser.com\/wp-content\/uploads\/2025\/12\/MF011-768x768.webp 768w, https:\/\/mountlaser.com\/wp-content\/uploads\/2025\/12\/MF011-12x12.webp 12w, https:\/\/mountlaser.com\/wp-content\/uploads\/2025\/12\/MF011-600x600.webp 600w, https:\/\/mountlaser.com\/wp-content\/uploads\/2025\/12\/MF011-800x800.webp 800w, https:\/\/mountlaser.com\/wp-content\/uploads\/2025\/12\/MF011-400x400.webp 400w\" sizes=\"(max-width: 500px) 100vw, 500px\" \/><\/p>\n<p>Zaprojektowane z my\u015bl\u0105 o elastyczno\u015bci i wytrzyma\u0142o\u015bci, te flagi znakuj\u0105ce s\u0105 odporne na rozdarcia i zachowuj\u0105 stabilno\u015b\u0107 w zr\u00f3\u017cnicowanym terenie, dzi\u0119ki czemu idealnie nadaj\u0105 si\u0119 do oznaczania palik\u00f3w geodezyjnych, kszta\u0142towania krajobrazu, prac ziemnych i budowlanych. Dost\u0119pne w wielu jaskrawych kolorach, poprawiaj\u0105 widoczno\u015b\u0107 i zapewniaj\u0105 szybkie rozpoznanie z daleka. Dla zespo\u0142\u00f3w wymagaj\u0105cych niezawodnego i skutecznego oznakowania terenu, te flagi znakuj\u0105ce s\u0105 idealne. <a href=\"https:\/\/mountlaser.com\/pl\/about-us\/\">Flagi do znakowania<\/a> zapewniaj\u0105 sp\u00f3jn\u0105, profesjonaln\u0105 wydajno\u015b\u0107.<\/p>\n<div>\n<table style=\"border-collapse: collapse; width: 567.77pt;\" border=\"0\" width=\"757\" cellspacing=\"0\" cellpadding=\"0\">\n<tbody>\n<tr style=\"height: 14.25pt;\">\n<td class=\"et2\" style=\"height: 14.25pt; width: 99.75pt;\" width=\"133\" height=\"19\">NUMER<\/td>\n<td class=\"et3\" style=\"width: 101.25pt;\" width=\"135\">KOLOR<\/td>\n<td class=\"et3\" style=\"width: 108.75pt;\" width=\"145\">ROZMIAR FLAGI<\/td>\n<td class=\"et3\" style=\"width: 144.00pt;\" width=\"192\">D\u0141UGO\u015a\u0106<\/td>\n<td class=\"et4\" style=\"width: 114.00pt;\" width=\"152\">MOQ (szt.)<\/td>\n<\/tr>\n<tr style=\"height: 14.25pt;\">\n<td class=\"et5\" style=\"height: 14.25pt;\" height=\"19\">MF01-RD<\/td>\n<td class=\"et5\">Czerwony<\/td>\n<td class=\"et5\">140 x 100 mm<\/td>\n<td class=\"et5\">380 mm<\/td>\n<td class=\"et5\" align=\"right\">1000<\/td>\n<\/tr>\n<tr style=\"height: 14.25pt;\">\n<td class=\"et5\" style=\"height: 14.25pt;\" height=\"19\">MF01-YL<\/td>\n<td class=\"et5\">\u017b\u00f3\u0142ty<\/td>\n<td class=\"et5\">140 x 100 mm<\/td>\n<td class=\"et5\">380 mm<\/td>\n<td class=\"et5\" align=\"right\">1000<\/td>\n<\/tr>\n<tr style=\"height: 14.25pt;\">\n<td class=\"et5\" style=\"height: 14.25pt;\" height=\"19\">MF01-BL<\/td>\n<td class=\"et5\">Niebieski<\/td>\n<td class=\"et5\">140 x 100 mm<\/td>\n<td class=\"et5\">380 mm<\/td>\n<td class=\"et5\" align=\"right\">1000<\/td>\n<\/tr>\n<tr style=\"height: 14.25pt;\">\n<td class=\"et5\" style=\"height: 14.25pt;\" height=\"19\">MF01-PU<\/td>\n<td class=\"et5\">Fioletowy<\/td>\n<td class=\"et5\">140 x 100 mm<\/td>\n<td class=\"et5\">380 mm<\/td>\n<td class=\"et5\" align=\"right\">1000<\/td>\n<\/tr>\n<tr style=\"height: 14.25pt;\">\n<td class=\"et5\" style=\"height: 14.25pt;\" height=\"19\">MF01-GY<\/td>\n<td class=\"et5\">Szary<\/td>\n<td class=\"et5\">140 x 100 mm<\/td>\n<td class=\"et5\">380 mm<\/td>\n<td class=\"et5\" align=\"right\">1000<\/td>\n<\/tr>\n<tr style=\"height: 14.25pt;\">\n<td class=\"et5\" style=\"height: 14.25pt;\" height=\"19\">MF01-GN<\/td>\n<td class=\"et5\">Zielony<\/td>\n<td class=\"et5\">140 x 100 mm<\/td>\n<td class=\"et5\">380 mm<\/td>\n<td class=\"et5\" align=\"right\">1000<\/td>\n<\/tr>\n<\/tbody>\n<\/table>\n<p>&nbsp;<\/p>\n<\/div>","protected":false},"excerpt":{"rendered":"<ul>\n<li>Wysokiej jako\u015bci konstrukcja z tworzywa PVC zapewniaj\u0105ca trwa\u0142o\u015b\u0107, elastyczno\u015b\u0107 i mo\u017cliwo\u015b\u0107 d\u0142ugotrwa\u0142ego u\u017cytkowania na zewn\u0105trz.<\/li>\n<li>Jasne, dobrze widoczne kolory zapewniaj\u0105 wyra\u017an\u0105 identyfikacj\u0119 punkt\u00f3w pomiarowych.<\/li>\n<li>Doskonale nadaj\u0105 si\u0119 do zastosowa\u0144 geodezyjnych, budowlanych, kszta\u0142towania krajobrazu i znakowania infrastruktury, skutecznie pe\u0142ni\u0105c funkcj\u0119 zar\u00f3wno flag znacznikowych, jak i flag do palikowania.<\/li>\n<li>Odporne na warunki atmosferyczne, zginanie i rozrywanie, gwarantuj\u0105 stabilne oznakowanie w ka\u017cdych warunkach terenowych.<\/li>\n<li>Standardowy rozmiar flagi 140 \u00d7 100 mm i d\u0142ugo\u015b\u0107 380 mm zapewniaj\u0105 optymaln\u0105 widoczno\u015b\u0107 i monta\u017c.<\/li>\n<\/ul>","protected":false},"featured_media":5525,"comment_status":"open","ping_status":"closed","template":"","meta":[],"product_brand":[],"product_cat":[79,152],"product_tag":[],"class_list":{"0":"post-5524","1":"product","2":"type-product","3":"status-publish","4":"has-post-thumbnail","6":"product_cat-surveying-accessory","7":"product_cat-surveying-marker","9":"first","10":"instock","11":"shipping-taxable","12":"product-type-simple"},"_links":{"self":[{"href":"https:\/\/mountlaser.com\/pl\/wp-json\/wp\/v2\/product\/5524","targetHints":{"allow":["GET"]}}],"collection":[{"href":"https:\/\/mountlaser.com\/pl\/wp-json\/wp\/v2\/product"}],"about":[{"href":"https:\/\/mountlaser.com\/pl\/wp-json\/wp\/v2\/types\/product"}],"replies":[{"embeddable":true,"href":"https:\/\/mountlaser.com\/pl\/wp-json\/wp\/v2\/comments?post=5524"}],"wp:featuredmedia":[{"embeddable":true,"href":"https:\/\/mountlaser.com\/pl\/wp-json\/wp\/v2\/media\/5525"}],"wp:attachment":[{"href":"https:\/\/mountlaser.com\/pl\/wp-json\/wp\/v2\/media?parent=5524"}],"wp:term":[{"taxonomy":"product_brand","embeddable":true,"href":"https:\/\/mountlaser.com\/pl\/wp-json\/wp\/v2\/product_brand?post=5524"},{"taxonomy":"product_cat","embeddable":true,"href":"https:\/\/mountlaser.com\/pl\/wp-json\/wp\/v2\/product_cat?post=5524"},{"taxonomy":"product_tag","embeddable":true,"href":"https:\/\/mountlaser.com\/pl\/wp-json\/wp\/v2\/product_tag?post=5524"}],"curies":[{"name":"wp","href":"https:\/\/api.w.org\/{rel}","templated":true}]}}