{"id":5518,"date":"2025-12-08T05:35:52","date_gmt":"2025-12-08T05:35:52","guid":{"rendered":"https:\/\/mountlaser.com\/?post_type=product&#038;p=5518"},"modified":"2025-12-08T05:35:52","modified_gmt":"2025-12-08T05:35:52","slug":"bl04-bubble-level","status":"publish","type":"product","link":"https:\/\/mountlaser.com\/pl\/produkt\/bl04-bubble-level\/","title":{"rendered":"BL04 Poziomica p\u0119cherzykowa"},"content":{"rendered":"<p>Ten <a href=\"https:\/\/mountlaser.com\/pl\/\"><strong data-start=\"192\" data-end=\"213\">BL04 Poziomica p\u0119cherzykowa<\/strong><\/a> to precyzyjny element niwelacyjny zaprojektowany do spodarek, no\u015bnik\u00f3w i system\u00f3w tachimetrycznych. Zaprojektowany w klasycznym szwajcarskim stylu TS, BL04 charakteryzuje si\u0119 wytrzyma\u0142\u0105 srebrn\u0105 obudow\u0105 z czyst\u0105, bia\u0142\u0105 libell\u0105 centraln\u0105 i charakterystycznym\u2026 <a href=\"https:\/\/mountlaser.com\/pl\/kategoria-produktu\/surveying-accessory\/\"><strong data-start=\"468\" data-end=\"495\">poziomica p\u00f3\u0142okr\u0105g\u0142a<\/strong><\/a> Profil zapewniaj\u0105cy lepsz\u0105 przejrzysto\u015b\u0107 wizualn\u0105. Jego solidna konstrukcja gwarantuje sta\u0142\u0105 dok\u0142adno\u015b\u0107 w wymagaj\u0105cych warunkach terenowych, co czyni go niezb\u0119dnym akcesorium dla geodet\u00f3w, kt\u00f3rzy polegaj\u0105 na niezawodnym ustawieniu.<\/p>\n<p><img fetchpriority=\"high\" decoding=\"async\" class=\"aligncenter wp-image-5520\" src=\"https:\/\/mountlaser.com\/wp-content\/uploads\/2025\/12\/BL042.webp\" alt=\"BL04 Bubble Level\" width=\"500\" height=\"500\" srcset=\"https:\/\/mountlaser.com\/wp-content\/uploads\/2025\/12\/BL042.webp 1000w, https:\/\/mountlaser.com\/wp-content\/uploads\/2025\/12\/BL042-300x300.webp 300w, https:\/\/mountlaser.com\/wp-content\/uploads\/2025\/12\/BL042-150x150.webp 150w, https:\/\/mountlaser.com\/wp-content\/uploads\/2025\/12\/BL042-768x768.webp 768w, https:\/\/mountlaser.com\/wp-content\/uploads\/2025\/12\/BL042-12x12.webp 12w, https:\/\/mountlaser.com\/wp-content\/uploads\/2025\/12\/BL042-600x600.webp 600w, https:\/\/mountlaser.com\/wp-content\/uploads\/2025\/12\/BL042-800x800.webp 800w, https:\/\/mountlaser.com\/wp-content\/uploads\/2025\/12\/BL042-400x400.webp 400w\" sizes=\"(max-width: 500px) 100vw, 500px\" \/><\/p>\n<p>Niezale\u017cnie od tego, czy jest u\u017cywany do kalibracji sprz\u0119tu, czy weryfikacji na miejscu, <a href=\"https:\/\/mountlaser.com\/pl\/contact-us\/\">BL04 Poziomica p\u0119cherzykowa<\/a>\u00a0zapewniaj\u0105 niezawodn\u0105 wydajno\u015b\u0107 we wszystkich zastosowaniach geodezyjnych.<\/p>","protected":false},"excerpt":{"rendered":"<ul>\n<li>Wysoka dok\u0142adno\u015b\u0107 dzi\u0119ki p\u00f3\u0142okr\u0105g\u0142ej konstrukcji libelli: p\u00f3\u0142okr\u0105g\u0142a konstrukcja libelli zapewnia lepsz\u0105 czytelno\u015b\u0107, umo\u017cliwiaj\u0105c geodetom precyzyjne niwelowanie przy minimalnym wysi\u0142ku.<\/li>\n<li>Trwa\u0142a konstrukcja w stylu szwajcarskim: P\u00f3\u0142okr\u0105g\u0142a libella posiada obudow\u0119 wykonan\u0105 w ca\u0142o\u015bci ze srebra, co zapewnia wi\u0119ksz\u0105 sztywno\u015b\u0107, odporno\u015b\u0107 na korozj\u0119 i d\u0142u\u017csz\u0105 \u017cywotno\u015b\u0107.<\/li>\n<li>Zoptymalizowany do stosowania z tachimetrami i spodarkami: w pe\u0142ni kompatybilny z instrumentami typu TS, poziomica p\u0119cherzykowa BL04 gwarantuje sta\u0142\u0105 stabilno\u015b\u0107 i p\u0142ynn\u0105 integracj\u0119 z wi\u0119kszo\u015bci\u0105 nowoczesnych system\u00f3w geodezyjnych.<\/li>\n<\/ul>","protected":false},"featured_media":5519,"comment_status":"open","ping_status":"closed","template":"","meta":[],"product_brand":[],"product_cat":[79,153],"product_tag":[],"class_list":{"0":"post-5518","1":"product","2":"type-product","3":"status-publish","4":"has-post-thumbnail","6":"product_cat-surveying-accessory","7":"product_cat-bubble-for-tribrach-carrier-prism","9":"first","10":"instock","11":"shipping-taxable","12":"product-type-simple"},"_links":{"self":[{"href":"https:\/\/mountlaser.com\/pl\/wp-json\/wp\/v2\/product\/5518","targetHints":{"allow":["GET"]}}],"collection":[{"href":"https:\/\/mountlaser.com\/pl\/wp-json\/wp\/v2\/product"}],"about":[{"href":"https:\/\/mountlaser.com\/pl\/wp-json\/wp\/v2\/types\/product"}],"replies":[{"embeddable":true,"href":"https:\/\/mountlaser.com\/pl\/wp-json\/wp\/v2\/comments?post=5518"}],"wp:featuredmedia":[{"embeddable":true,"href":"https:\/\/mountlaser.com\/pl\/wp-json\/wp\/v2\/media\/5519"}],"wp:attachment":[{"href":"https:\/\/mountlaser.com\/pl\/wp-json\/wp\/v2\/media?parent=5518"}],"wp:term":[{"taxonomy":"product_brand","embeddable":true,"href":"https:\/\/mountlaser.com\/pl\/wp-json\/wp\/v2\/product_brand?post=5518"},{"taxonomy":"product_cat","embeddable":true,"href":"https:\/\/mountlaser.com\/pl\/wp-json\/wp\/v2\/product_cat?post=5518"},{"taxonomy":"product_tag","embeddable":true,"href":"https:\/\/mountlaser.com\/pl\/wp-json\/wp\/v2\/product_tag?post=5518"}],"curies":[{"name":"wp","href":"https:\/\/api.w.org\/{rel}","templated":true}]}}