{"id":5509,"date":"2025-12-08T03:30:09","date_gmt":"2025-12-08T03:30:09","guid":{"rendered":"https:\/\/mountlaser.com\/?post_type=product&#038;p=5509"},"modified":"2025-12-08T05:10:26","modified_gmt":"2025-12-08T05:10:26","slug":"bl02-triangle-bubble-level","status":"publish","type":"product","link":"https:\/\/mountlaser.com\/pl\/produkt\/bl02-triangle-bubble-level\/","title":{"rendered":"Poziomnica tr\u00f3jk\u0105tna BL02"},"content":{"rendered":"<p>Ten <a href=\"https:\/\/mountlaser.com\/pl\/\"><strong>Poziomnica tr\u00f3jk\u0105tna BL02<\/strong><\/a> to precyzyjnie zaprojektowany element niwelacyjny przeznaczony do precyzyjnego pozycjonowania w tachimetrach, spodarkach i systemach pryzmatycznych. Zbudowana w charakterystycznym tr\u00f3jk\u0105tnym kszta\u0142cie ze srebrn\u0105 obudow\u0105 i bia\u0142\u0105 libell\u0105 centraln\u0105, poziomnica tr\u00f3jk\u0105tna BL02 zapewnia doskona\u0142\u0105 widoczno\u015b\u0107 i niezawodn\u0105 prac\u0119 w wymagaj\u0105cych warunkach geodezyjnych.<\/p>\n<p>BL02 oferuje stabilne poziomowanie wieloosiowe, dzi\u0119ki czemu jest odpowiedni dla profesjonalnych geodet\u00f3w, kt\u00f3rzy wymagaj\u0105 maksymalnej sp\u00f3jno\u015bci. Niezale\u017cnie od tego, czy jest u\u017cywany jako samodzielny element kalibracyjny, czy zintegrowany z instrumentami optycznymi, <a href=\"https:\/\/mountlaser.com\/pl\/about-us\/\">Poziomnica tr\u00f3jk\u0105tna BL02<\/a> zapewnia szybkie i dok\u0142adne poziomowanie przy ka\u017cdym ustawieniu.<\/p>\n<p><img fetchpriority=\"high\" decoding=\"async\" class=\"aligncenter wp-image-5510\" src=\"https:\/\/mountlaser.com\/wp-content\/uploads\/2025\/12\/BL021.webp\" alt=\"BL02 triangle bubble level\" width=\"500\" height=\"500\" srcset=\"https:\/\/mountlaser.com\/wp-content\/uploads\/2025\/12\/BL021.webp 1000w, https:\/\/mountlaser.com\/wp-content\/uploads\/2025\/12\/BL021-300x300.webp 300w, https:\/\/mountlaser.com\/wp-content\/uploads\/2025\/12\/BL021-150x150.webp 150w, https:\/\/mountlaser.com\/wp-content\/uploads\/2025\/12\/BL021-768x768.webp 768w, https:\/\/mountlaser.com\/wp-content\/uploads\/2025\/12\/BL021-12x12.webp 12w, https:\/\/mountlaser.com\/wp-content\/uploads\/2025\/12\/BL021-600x600.webp 600w, https:\/\/mountlaser.com\/wp-content\/uploads\/2025\/12\/BL021-800x800.webp 800w, https:\/\/mountlaser.com\/wp-content\/uploads\/2025\/12\/BL021-400x400.webp 400w\" sizes=\"(max-width: 500px) 100vw, 500px\" \/><\/p>\n<p>Kompatybilny z japo\u0144skimi systemami tachimetrycznymi PEN, <a href=\"https:\/\/mountlaser.com\/pl\/contact-us\/\"><strong>Poziomica b\u0105belkowa Bullseye<\/strong><\/a> Idealnie nadaje si\u0119 do utrzymania stabilno\u015bci instrumentu. Lekka i trwa\u0142a konstrukcja zapewnia d\u0142ugotrwa\u0142\u0105 niezawodno\u015b\u0107, dzi\u0119ki czemu poziomnica tr\u00f3jk\u0105tna BL02 to sprawdzone rozwi\u0105zanie do precyzyjnego ustawiania w terenie. Geodeci polegaj\u0105 na tej poziomnicy Bullseye, aby uzyska\u0107 sp\u00f3jne i powtarzalne pomiary w ka\u017cdych warunkach pracy.<\/p>","protected":false},"excerpt":{"rendered":"<ul>\n<li>Tr\u00f3jk\u0105tna, precyzyjna konstrukcja umo\u017cliwiaj\u0105ca szybkie i dok\u0142adne poziomowanie.<\/li>\n<li>Trwa\u0142a srebrna obudowa z przezroczyst\u0105, bia\u0142\u0105 centraln\u0105 ba\u0144k\u0105 zapewniaj\u0105c\u0105 dobr\u0105 widoczno\u015b\u0107.<\/li>\n<li>Kompatybilny z podstawkami, no\u015bnikami i zestawami pryzmat\u00f3w, co zapewnia wszechstronne zastosowanie.<\/li>\n<li>Stabilna praca poziomicy Bullseye gwarantuje niezawodne odniesienie poziome.<\/li>\n<li>Kompaktowy i lekki, idealny do zastosowa\u0144 terenowych i laboratoryjnych.<\/li>\n<\/ul>","protected":false},"featured_media":5510,"comment_status":"open","ping_status":"closed","template":"","meta":[],"product_brand":[],"product_cat":[79,153],"product_tag":[],"class_list":{"0":"post-5509","1":"product","2":"type-product","3":"status-publish","4":"has-post-thumbnail","6":"product_cat-surveying-accessory","7":"product_cat-bubble-for-tribrach-carrier-prism","9":"first","10":"instock","11":"shipping-taxable","12":"product-type-simple"},"_links":{"self":[{"href":"https:\/\/mountlaser.com\/pl\/wp-json\/wp\/v2\/product\/5509","targetHints":{"allow":["GET"]}}],"collection":[{"href":"https:\/\/mountlaser.com\/pl\/wp-json\/wp\/v2\/product"}],"about":[{"href":"https:\/\/mountlaser.com\/pl\/wp-json\/wp\/v2\/types\/product"}],"replies":[{"embeddable":true,"href":"https:\/\/mountlaser.com\/pl\/wp-json\/wp\/v2\/comments?post=5509"}],"wp:featuredmedia":[{"embeddable":true,"href":"https:\/\/mountlaser.com\/pl\/wp-json\/wp\/v2\/media\/5510"}],"wp:attachment":[{"href":"https:\/\/mountlaser.com\/pl\/wp-json\/wp\/v2\/media?parent=5509"}],"wp:term":[{"taxonomy":"product_brand","embeddable":true,"href":"https:\/\/mountlaser.com\/pl\/wp-json\/wp\/v2\/product_brand?post=5509"},{"taxonomy":"product_cat","embeddable":true,"href":"https:\/\/mountlaser.com\/pl\/wp-json\/wp\/v2\/product_cat?post=5509"},{"taxonomy":"product_tag","embeddable":true,"href":"https:\/\/mountlaser.com\/pl\/wp-json\/wp\/v2\/product_tag?post=5509"}],"curies":[{"name":"wp","href":"https:\/\/api.w.org\/{rel}","templated":true}]}}