{"id":5502,"date":"2025-12-08T02:55:59","date_gmt":"2025-12-08T02:55:59","guid":{"rendered":"https:\/\/mountlaser.com\/?post_type=product&#038;p=5502"},"modified":"2025-12-08T02:55:59","modified_gmt":"2025-12-08T02:55:59","slug":"bl08-bubble-level","status":"publish","type":"product","link":"https:\/\/mountlaser.com\/pl\/produkt\/bl08-bubble-level\/","title":{"rendered":"Poziomica p\u0119cherzykowa BL08"},"content":{"rendered":"<p>Ten <a href=\"https:\/\/mountlaser.com\/pl\/\"><strong>Poziomica p\u0119cherzykowa BL08<\/strong><\/a> to precyzyjny element niwelacyjny zaprojektowany specjalnie do profesjonalnych instrument\u00f3w geodezyjnych. Zbudowany w ameryka\u0144skim stylu TRI Dini03, ten libello charakteryzuje si\u0119 wytrzyma\u0142\u0105 czarn\u0105 obudow\u0105 i jasnozielon\u0105 libell\u0105 centraln\u0105, co zapewnia lepsz\u0105 widoczno\u015b\u0107 w ka\u017cdych warunkach terenowych. Jako wszechstronna poziomica BL08, oferuje stabiln\u0105 prac\u0119 i niezawodn\u0105 dok\u0142adno\u015b\u0107 po zamontowaniu na pryzmatach, spodarkach lub no\u015bnikach.<\/p>\n<p><img fetchpriority=\"high\" decoding=\"async\" class=\"aligncenter wp-image-5503\" src=\"https:\/\/mountlaser.com\/wp-content\/uploads\/2025\/12\/BL081-1.webp\" alt=\"BL08 Bubble Level\" width=\"500\" height=\"500\" srcset=\"https:\/\/mountlaser.com\/wp-content\/uploads\/2025\/12\/BL081-1.webp 1000w, https:\/\/mountlaser.com\/wp-content\/uploads\/2025\/12\/BL081-1-300x300.webp 300w, https:\/\/mountlaser.com\/wp-content\/uploads\/2025\/12\/BL081-1-150x150.webp 150w, https:\/\/mountlaser.com\/wp-content\/uploads\/2025\/12\/BL081-1-768x768.webp 768w, https:\/\/mountlaser.com\/wp-content\/uploads\/2025\/12\/BL081-1-12x12.webp 12w, https:\/\/mountlaser.com\/wp-content\/uploads\/2025\/12\/BL081-1-600x600.webp 600w, https:\/\/mountlaser.com\/wp-content\/uploads\/2025\/12\/BL081-1-800x800.webp 800w, https:\/\/mountlaser.com\/wp-content\/uploads\/2025\/12\/BL081-1-400x400.webp 400w\" sizes=\"(max-width: 500px) 100vw, 500px\" \/><\/p>\n<p>Poziomica b\u0105belkowa BL08 zosta\u0142a zaprojektowana tak, aby spe\u0142nia\u0107 rygorystyczne standardy bran\u017cowe i jest powszechnie uznawana za <a href=\"https:\/\/mountlaser.com\/pl\/kategoria-produktu\/surveying-accessory\/\"><strong>Poziomica cyfrowa TRI<\/strong><\/a>, zapewniaj\u0105c sp\u00f3jne wsparcie niwelacyjne dla tachimetr\u00f3w i innych instrument\u00f3w optycznych. Solidna konstrukcja gwarantuje d\u0142ug\u0105 \u017cywotno\u015b\u0107, a kompaktowa, nieokr\u0105g\u0142a konstrukcja poprawia adaptowalno\u015b\u0107 w r\u00f3\u017cnych warunkach monta\u017cu. Profesjonali\u015bci polegaj\u0105 na tej cyfrowej libelli TRI, aby uzyska\u0107 precyzyjne ustawienie, stabilne ustawienia i niezawodne pomiary. Dzi\u0119ki przyjaznej dla u\u017cytkownika konstrukcji,<a href=\"https:\/\/mountlaser.com\/pl\/contact-us\/\"> Poziomica cyfrowa TRI<\/a> zwi\u0119ksza wydajno\u015b\u0107 przep\u0142ywu pracy, zar\u00f3wno w przypadku planowania budowy, pomiar\u00f3w gruntu, jak i zastosowa\u0144 in\u017cynieryjnych.<\/p>","protected":false},"excerpt":{"rendered":"<ul>\n<li>Wysoka widoczno\u015b\u0107: Zielona centralna ba\u0144ka zapewnia doskona\u0142\u0105 czytelno\u015b\u0107 nawet w jasnym \u015bwietle s\u0142onecznym lub w warunkach s\u0142abego o\u015bwietlenia.<\/li>\n<li>Trwa\u0142a konstrukcja: Czarna, wzmocniona obudowa zapewnia solidn\u0105 ochron\u0119 podczas d\u0142ugotrwa\u0142ego u\u017cytkowania w terenie.<\/li>\n<li>Precyzyjne poziomowanie: umo\u017cliwia dok\u0142adne ustawienie pryzmat\u00f3w i instrument\u00f3w geodezyjnych, gwarantuj\u0105c stabilno\u015b\u0107 i niezawodno\u015b\u0107 pomiar\u00f3w.<\/li>\n<li>Kompaktowa, nieokr\u0105g\u0142a konstrukcja: poprawia kompatybilno\u015b\u0107 z urz\u0105dzeniami i obs\u0142uguje szeroki zakres konfiguracji monta\u017cu.<\/li>\n<\/ul>","protected":false},"featured_media":5504,"comment_status":"open","ping_status":"closed","template":"","meta":[],"product_brand":[],"product_cat":[79,153],"product_tag":[],"class_list":{"0":"post-5502","1":"product","2":"type-product","3":"status-publish","4":"has-post-thumbnail","6":"product_cat-surveying-accessory","7":"product_cat-bubble-for-tribrach-carrier-prism","9":"first","10":"instock","11":"shipping-taxable","12":"product-type-simple"},"_links":{"self":[{"href":"https:\/\/mountlaser.com\/pl\/wp-json\/wp\/v2\/product\/5502","targetHints":{"allow":["GET"]}}],"collection":[{"href":"https:\/\/mountlaser.com\/pl\/wp-json\/wp\/v2\/product"}],"about":[{"href":"https:\/\/mountlaser.com\/pl\/wp-json\/wp\/v2\/types\/product"}],"replies":[{"embeddable":true,"href":"https:\/\/mountlaser.com\/pl\/wp-json\/wp\/v2\/comments?post=5502"}],"wp:featuredmedia":[{"embeddable":true,"href":"https:\/\/mountlaser.com\/pl\/wp-json\/wp\/v2\/media\/5504"}],"wp:attachment":[{"href":"https:\/\/mountlaser.com\/pl\/wp-json\/wp\/v2\/media?parent=5502"}],"wp:term":[{"taxonomy":"product_brand","embeddable":true,"href":"https:\/\/mountlaser.com\/pl\/wp-json\/wp\/v2\/product_brand?post=5502"},{"taxonomy":"product_cat","embeddable":true,"href":"https:\/\/mountlaser.com\/pl\/wp-json\/wp\/v2\/product_cat?post=5502"},{"taxonomy":"product_tag","embeddable":true,"href":"https:\/\/mountlaser.com\/pl\/wp-json\/wp\/v2\/product_tag?post=5502"}],"curies":[{"name":"wp","href":"https:\/\/api.w.org\/{rel}","templated":true}]}}