{"id":5499,"date":"2025-12-08T02:00:11","date_gmt":"2025-12-08T02:00:11","guid":{"rendered":"https:\/\/mountlaser.com\/?post_type=product&#038;p=5499"},"modified":"2025-12-08T02:00:11","modified_gmt":"2025-12-08T02:00:11","slug":"bl06-digital-bubble-level","status":"publish","type":"product","link":"https:\/\/mountlaser.com\/pl\/produkt\/bl06-digital-bubble-level\/","title":{"rendered":"BL06 Cyfrowa poziomica p\u0119cherzykowa"},"content":{"rendered":"<p>Ten <a href=\"https:\/\/mountlaser.com\/pl\/kategoria-produktu\/surveying-accessory\/\"><strong>BL06 Cyfrowa poziomica p\u0119cherzykowa<\/strong><\/a> to precyzyjna libella okr\u0105g\u0142a przeznaczona do profesjonalnych zastosowa\u0144 geodezyjnych. Ta cyfrowa poziomnica p\u0119cherzykowa, umieszczona w obudowie w stylu szwajcarskim, zapewnia p\u0142ynne i niezwykle precyzyjne poziomowanie instrument\u00f3w takich jak spodarki, wsporniki i pryzmaty. Wykonana w ca\u0142o\u015bci ze srebra konstrukcja gwarantuje doskona\u0142\u0105 trwa\u0142o\u015b\u0107, a ca\u0142kowicie okr\u0105g\u0142a konstrukcja zapewnia sta\u0142\u0105 czu\u0142o\u015b\u0107 we wszystkich kierunkach.<\/p>\n<p><img fetchpriority=\"high\" decoding=\"async\" class=\"aligncenter wp-image-5500\" src=\"https:\/\/mountlaser.com\/wp-content\/uploads\/2025\/12\/01.webp\" alt=\"BL06 Digital bubble level\" width=\"500\" height=\"500\" srcset=\"https:\/\/mountlaser.com\/wp-content\/uploads\/2025\/12\/01.webp 1000w, https:\/\/mountlaser.com\/wp-content\/uploads\/2025\/12\/01-300x300.webp 300w, https:\/\/mountlaser.com\/wp-content\/uploads\/2025\/12\/01-150x150.webp 150w, https:\/\/mountlaser.com\/wp-content\/uploads\/2025\/12\/01-768x768.webp 768w, https:\/\/mountlaser.com\/wp-content\/uploads\/2025\/12\/01-12x12.webp 12w, https:\/\/mountlaser.com\/wp-content\/uploads\/2025\/12\/01-600x600.webp 600w, https:\/\/mountlaser.com\/wp-content\/uploads\/2025\/12\/01-800x800.webp 800w, https:\/\/mountlaser.com\/wp-content\/uploads\/2025\/12\/01-400x400.webp 400w\" sizes=\"(max-width: 500px) 100vw, 500px\" \/><\/p>\n<p>Jako cyfrowa poziomnica p\u0119cherzykowa BL06, oferuje stabiln\u0105 i powtarzaln\u0105 dok\u0142adno\u015b\u0107, na kt\u00f3rej geodeci terenowi mog\u0105 polega\u0107 podczas konfiguracji instrumentu. Solidna konstrukcja i precyzyjna kalibracja libelli sprawiaj\u0105, \u017ce ta cyfrowa poziomnica p\u0119cherzykowa nadaje si\u0119 do tachimetr\u00f3w, instalacji GNSS, niwelator\u00f3w automatycznych i innych precyzyjnych instrument\u00f3w wymagaj\u0105cych niezawodnego ustawienia w poziomie. Niezale\u017cnie od tego, czy jest u\u017cywana jako element zamienny, czy zintegrowana z nowym sprz\u0119tem, <!--StartFragment --><a href=\"https:\/\/mountlaser.com\/pl\/about-us\/\"><strong><span class=\"cf0\">Precyzyjna poziomica b\u0105belkowa<\/span><\/strong><\/a><!--EndFragment -->\u00a0zapewnia niezawodno\u015b\u0107 pomiar\u00f3w nawet w wymagaj\u0105cych warunkach terenowych.<\/p>","protected":false},"excerpt":{"rendered":"<ul>\n<li>Wysokiej dok\u0142adno\u015bci libella okr\u0105g\u0142a zapewnia precyzyjne i sp\u00f3jne poziomowanie instrument\u00f3w geodezyjnych.<\/li>\n<li>Ca\u0142kowicie srebrna obudowa gwarantuje doskona\u0142\u0105 trwa\u0142o\u015b\u0107 i odporno\u015b\u0107 na warunki terenowe.<\/li>\n<li>Ca\u0142kowicie okr\u0105g\u0142a konstrukcja b\u0105belkowa poprawia czu\u0142o\u015b\u0107 i mo\u017cliwo\u015b\u0107 poziomowania w wielu kierunkach.<\/li>\n<li>Kompatybilny z spodarkami, no\u015bnikami, pryzmatami i systemami optycznymi\/automatycznymi.<\/li>\n<li>Precyzyjna konstrukcja w szwajcarskim stylu gwarantuje d\u0142ugoterminow\u0105 stabilno\u015b\u0107 i niezawodne ustawienie instrument\u00f3w.<\/li>\n<\/ul>","protected":false},"featured_media":5500,"comment_status":"open","ping_status":"closed","template":"","meta":[],"product_brand":[],"product_cat":[79,153],"product_tag":[],"class_list":{"0":"post-5499","1":"product","2":"type-product","3":"status-publish","4":"has-post-thumbnail","6":"product_cat-surveying-accessory","7":"product_cat-bubble-for-tribrach-carrier-prism","9":"first","10":"instock","11":"shipping-taxable","12":"product-type-simple"},"_links":{"self":[{"href":"https:\/\/mountlaser.com\/pl\/wp-json\/wp\/v2\/product\/5499","targetHints":{"allow":["GET"]}}],"collection":[{"href":"https:\/\/mountlaser.com\/pl\/wp-json\/wp\/v2\/product"}],"about":[{"href":"https:\/\/mountlaser.com\/pl\/wp-json\/wp\/v2\/types\/product"}],"replies":[{"embeddable":true,"href":"https:\/\/mountlaser.com\/pl\/wp-json\/wp\/v2\/comments?post=5499"}],"wp:featuredmedia":[{"embeddable":true,"href":"https:\/\/mountlaser.com\/pl\/wp-json\/wp\/v2\/media\/5500"}],"wp:attachment":[{"href":"https:\/\/mountlaser.com\/pl\/wp-json\/wp\/v2\/media?parent=5499"}],"wp:term":[{"taxonomy":"product_brand","embeddable":true,"href":"https:\/\/mountlaser.com\/pl\/wp-json\/wp\/v2\/product_brand?post=5499"},{"taxonomy":"product_cat","embeddable":true,"href":"https:\/\/mountlaser.com\/pl\/wp-json\/wp\/v2\/product_cat?post=5499"},{"taxonomy":"product_tag","embeddable":true,"href":"https:\/\/mountlaser.com\/pl\/wp-json\/wp\/v2\/product_tag?post=5499"}],"curies":[{"name":"wp","href":"https:\/\/api.w.org\/{rel}","templated":true}]}}