{"id":5492,"date":"2025-12-08T01:21:19","date_gmt":"2025-12-08T01:21:19","guid":{"rendered":"https:\/\/mountlaser.com\/?post_type=product&#038;p=5492"},"modified":"2025-12-08T01:21:19","modified_gmt":"2025-12-08T01:21:19","slug":"bl03-bubble-for-auto-level","status":"publish","type":"product","link":"https:\/\/mountlaser.com\/pl\/produkt\/bl03-bubble-for-auto-level\/","title":{"rendered":"BL03 B\u0105belek do automatycznego poziomowania"},"content":{"rendered":"<p>Ten <a href=\"https:\/\/mountlaser.com\/pl\/kategoria-produktu\/surveying-accessory\/\"><strong>BL03 p\u0119cherzyk do poziomicy automatycznej<\/strong><\/a> to precyzyjnie zaprojektowany element niwelacyjny zaprojektowany specjalnie do precyzyjnych instrument\u00f3w optycznych. Wykonana w szwajcarskim stylu, libella BL03 do automatycznej niwelacji oferuje wyj\u0105tkow\u0105 stabilno\u015b\u0107 i niezawodno\u015b\u0107 w wymagaj\u0105cych zastosowaniach terenowych. Jej trwa\u0142a, w ca\u0142o\u015bci wykonana ze srebra konstrukcja wyd\u0142u\u017ca \u017cywotno\u015b\u0107, zapewniaj\u0105c jednocze\u015bnie doskona\u0142\u0105 widoczno\u015b\u0107 w r\u00f3\u017cnych warunkach o\u015bwietleniowych. Kompatybilna z instrumentami typu NA2, ta libella jest\u2026 <a href=\"https:\/\/mountlaser.com\/pl\/products\/\"><strong>Poziomica automatyczna NA2<\/strong><\/a> zapewnia p\u0142ynne i dok\u0142adne niwelowanie dla geodet\u00f3w wymagaj\u0105cych sta\u0142ej precyzji.<\/p>\n<p><img fetchpriority=\"high\" decoding=\"async\" class=\"aligncenter wp-image-5494\" src=\"https:\/\/mountlaser.com\/wp-content\/uploads\/2025\/12\/BL032.webp\" alt=\"BL03 bubble for auto level\" width=\"500\" height=\"500\" srcset=\"https:\/\/mountlaser.com\/wp-content\/uploads\/2025\/12\/BL032.webp 1000w, https:\/\/mountlaser.com\/wp-content\/uploads\/2025\/12\/BL032-300x300.webp 300w, https:\/\/mountlaser.com\/wp-content\/uploads\/2025\/12\/BL032-150x150.webp 150w, https:\/\/mountlaser.com\/wp-content\/uploads\/2025\/12\/BL032-768x768.webp 768w, https:\/\/mountlaser.com\/wp-content\/uploads\/2025\/12\/BL032-12x12.webp 12w, https:\/\/mountlaser.com\/wp-content\/uploads\/2025\/12\/BL032-600x600.webp 600w, https:\/\/mountlaser.com\/wp-content\/uploads\/2025\/12\/BL032-800x800.webp 800w, https:\/\/mountlaser.com\/wp-content\/uploads\/2025\/12\/BL032-400x400.webp 400w\" sizes=\"(max-width: 500px) 100vw, 500px\" \/><\/p>\n<p>Zaprojektowana z my\u015bl\u0105 o bezproblemowej integracji, automatyczna poziomica libella NA2 zapewnia prawid\u0142owe ustawienie i sta\u0142\u0105 dok\u0142adno\u015b\u0107 pomiar\u00f3w. Automatyczna poziomica libella NA2 poprawia wydajno\u015b\u0107 niwelatora, przyspieszaj\u0105c konfiguracj\u0119 i redukuj\u0105c b\u0142\u0119dy poziomowania. Dzi\u0119ki udoskonalonej konstrukcji, <a href=\"https:\/\/mountlaser.com\/pl\/\">BL03 p\u0119cherzyk do poziomicy automatycznej<\/a> jest niezawodnym podzespo\u0142em zar\u00f3wno do wymiany jak i konserwacji urz\u0105dzenia.<\/p>","protected":false},"excerpt":{"rendered":"<ul>\n<li>In\u017cynieria w szwajcarskim stylu gwarantuje wyj\u0105tkow\u0105 dok\u0142adno\u015b\u0107 i stabiln\u0105 prac\u0119 poziomowania.<\/li>\n<li>Trwa\u0142a, w ca\u0142o\u015bci srebrna obudowa zapewnia zwi\u0119kszon\u0105 odporno\u015b\u0107 na uderzenia, korozj\u0119 i zu\u017cycie.<\/li>\n<li>Komora p\u0119cherzykowa o wysokiej czu\u0142o\u015bci umo\u017cliwia szybsze poziomowanie i wi\u0119ksz\u0105 niezawodno\u015b\u0107 pomiaru.<\/li>\n<li>Zgodno\u015b\u0107 z automatycznymi poziomami NA2 zapewnia \u0142atw\u0105 wymian\u0119 i d\u0142u\u017csz\u0105 \u017cywotno\u015b\u0107 urz\u0105dzenia.<\/li>\n<li>Zoptymalizowany pod k\u0105tem profesjonalnych pomiar\u00f3w geodezyjnych, oferuj\u0105cy sp\u00f3jne wyniki w zastosowaniach budowlanych, kartograficznych i in\u017cynieryjnych.<\/li>\n<\/ul>","protected":false},"featured_media":5493,"comment_status":"open","ping_status":"closed","template":"","meta":[],"product_brand":[],"product_cat":[79,153],"product_tag":[],"class_list":{"0":"post-5492","1":"product","2":"type-product","3":"status-publish","4":"has-post-thumbnail","6":"product_cat-surveying-accessory","7":"product_cat-bubble-for-tribrach-carrier-prism","9":"first","10":"instock","11":"shipping-taxable","12":"product-type-simple"},"_links":{"self":[{"href":"https:\/\/mountlaser.com\/pl\/wp-json\/wp\/v2\/product\/5492","targetHints":{"allow":["GET"]}}],"collection":[{"href":"https:\/\/mountlaser.com\/pl\/wp-json\/wp\/v2\/product"}],"about":[{"href":"https:\/\/mountlaser.com\/pl\/wp-json\/wp\/v2\/types\/product"}],"replies":[{"embeddable":true,"href":"https:\/\/mountlaser.com\/pl\/wp-json\/wp\/v2\/comments?post=5492"}],"wp:featuredmedia":[{"embeddable":true,"href":"https:\/\/mountlaser.com\/pl\/wp-json\/wp\/v2\/media\/5493"}],"wp:attachment":[{"href":"https:\/\/mountlaser.com\/pl\/wp-json\/wp\/v2\/media?parent=5492"}],"wp:term":[{"taxonomy":"product_brand","embeddable":true,"href":"https:\/\/mountlaser.com\/pl\/wp-json\/wp\/v2\/product_brand?post=5492"},{"taxonomy":"product_cat","embeddable":true,"href":"https:\/\/mountlaser.com\/pl\/wp-json\/wp\/v2\/product_cat?post=5492"},{"taxonomy":"product_tag","embeddable":true,"href":"https:\/\/mountlaser.com\/pl\/wp-json\/wp\/v2\/product_tag?post=5492"}],"curies":[{"name":"wp","href":"https:\/\/api.w.org\/{rel}","templated":true}]}}