{"id":5478,"date":"2025-12-05T09:17:47","date_gmt":"2025-12-05T09:17:47","guid":{"rendered":"https:\/\/mountlaser.com\/?post_type=product&#038;p=5478"},"modified":"2025-12-11T09:26:00","modified_gmt":"2025-12-11T09:26:00","slug":"de-2b-series-theodolite","status":"publish","type":"product","link":"https:\/\/mountlaser.com\/pl\/produkt\/de-2b-series-theodolite\/","title":{"rendered":"Teodolit serii DE-2B"},"content":{"rendered":"<p>Seria DE-2B oferuje dopasowane rozwi\u0105zanie do precyzyjnego ustawiania i pomiaru k\u0105ta. Niezale\u017cnie od tego, czy potrzebujesz podstawowej niezawodno\u015bci modelu optycznego, czy zaawansowanego, doskonale widocznego celowania zielonego lasera, <a href=\"https:\/\/mountlaser.com\/pl\/\"><strong>Teodolit elektroniczny DE-2B<\/strong><\/a><\/p>\n<p>Wybierz spo\u015br\u00f3d szeregu modeli wyr\u00f3\u017cniaj\u0105cych si\u0119 wytrzyma\u0142\u0105, kolorow\u0105 obudow\u0105 i zaawansowanymi konfiguracjami wska\u017anika laserowego. Wszystkie zbudowane na fundamencie solidnej wydajno\u015bci optycznej i elektronicznej.<\/p>\n<p><img fetchpriority=\"high\" decoding=\"async\" class=\"aligncenter wp-image-5479\" src=\"https:\/\/mountlaser.com\/wp-content\/uploads\/2025\/12\/DE-2ALG1_\u526f\u672c.webp\" alt=\"Electronic Theodolite DE-2B\" width=\"500\" height=\"500\" srcset=\"https:\/\/mountlaser.com\/wp-content\/uploads\/2025\/12\/DE-2ALG1_\u526f\u672c.webp 1000w, https:\/\/mountlaser.com\/wp-content\/uploads\/2025\/12\/DE-2ALG1_\u526f\u672c-300x300.webp 300w, https:\/\/mountlaser.com\/wp-content\/uploads\/2025\/12\/DE-2ALG1_\u526f\u672c-150x150.webp 150w, https:\/\/mountlaser.com\/wp-content\/uploads\/2025\/12\/DE-2ALG1_\u526f\u672c-768x768.webp 768w, https:\/\/mountlaser.com\/wp-content\/uploads\/2025\/12\/DE-2ALG1_\u526f\u672c-12x12.webp 12w, https:\/\/mountlaser.com\/wp-content\/uploads\/2025\/12\/DE-2ALG1_\u526f\u672c-600x600.webp 600w, https:\/\/mountlaser.com\/wp-content\/uploads\/2025\/12\/DE-2ALG1_\u526f\u672c-800x800.webp 800w, https:\/\/mountlaser.com\/wp-content\/uploads\/2025\/12\/DE-2ALG1_\u526f\u672c-400x400.webp 400w\" sizes=\"(max-width: 500px) 100vw, 500px\" \/><\/p>\n<p><strong>Teodolity serii DE-2B LUB teodolit elektroniczny DE-2B<\/strong><br \/>\nTeodolit DE-2BR, obudowa czerwona, laser dolny czerwony, laser g\u00f3rny optyczny<br \/>\nTeodolit DE-2BY, obudowa \u017c\u00f3\u0142ta, laser dolny czerwony, laser g\u00f3rny optyczny<br \/>\nTeodolit DE-2BG, obudowa zielona, dolny laser czerwony, g\u00f3rny optyczny<br \/>\nTeodolit DEL-2BG, obudowa zielona, dolny laser czerwony, g\u00f3rny laser czerwony<br \/>\nTeodolit DEL-2BR, obudowa czerwona, dolny laser czerwony, g\u00f3rny laser czerwony<br \/>\nTeodolit DEL-2BY, obudowa \u017c\u00f3\u0142ta, dolny laser czerwony, g\u00f3rny laser czerwony<br \/>\nTeodolit DEL-2BGG, obudowa zielona, dolny laser czerwony, g\u00f3rny laser zielony<br \/>\nTeodolit DEL-2BRG, obudowa czerwona, dolny laser czerwony, g\u00f3rny laser zielony<br \/>\nTeodolit DEL-2BYG, obudowa \u017c\u00f3\u0142ta, dolny laser czerwony, g\u00f3rny laser zielony<\/p>\n<p><strong><a href=\"https:\/\/mountlaser.com\/pl\/\">Teodolity serii DE-2B<\/a> Specyfikacje<\/strong><\/p>\n<table style=\"border-collapse: collapse; width: 847px; height: 948px;\" border=\"0\" width=\"792\" cellspacing=\"0\" cellpadding=\"0\">\n<tbody>\n<tr style=\"height: 13.50pt;\">\n<td class=\"et2\" style=\"height: 13.50pt; width: 230.25pt;\" colspan=\"2\" width=\"307\" height=\"18\">Numer modelu.<\/td>\n<td class=\"et3\" style=\"width: 117.00pt;\" width=\"156\">DE-2BR\/2BY\/2BG<\/td>\n<td class=\"et3\" style=\"width: 117.00pt;\" width=\"156\">DEL-2BR\/2BY\/2BG<\/td>\n<td class=\"et3\" style=\"width: 129.75pt;\" width=\"173\">DEL-2BRG\/2BYG\/2BGG<\/td>\n<\/tr>\n<tr style=\"height: 13.50pt;\">\n<td class=\"et3\" style=\"height: 13.50pt;\" height=\"18\">Trybrach<\/td>\n<td class=\"et3\">Model<\/td>\n<td class=\"et3\">Od\u0142\u0105czany<\/td>\n<td class=\"et3\">Od\u0142\u0105czany<\/td>\n<td class=\"et3\">Od\u0142\u0105czany<\/td>\n<\/tr>\n<tr style=\"height: 13.50pt;\">\n<td class=\"et2\" style=\"height: 108.00pt;\" rowspan=\"8\" height=\"144\">Teleskop<\/td>\n<td class=\"et3\">Obrazowanie<\/td>\n<td class=\"et3\">Wyprostowany<\/td>\n<td class=\"et3\">Wyprostowany<\/td>\n<td class=\"et3\">Wyprostowany<\/td>\n<\/tr>\n<tr style=\"height: 13.50pt;\">\n<td class=\"et3\">Powi\u0119kszenie<\/td>\n<td class=\"et3\">30X<\/td>\n<td class=\"et3\">30X<\/td>\n<td class=\"et3\">30X<\/td>\n<\/tr>\n<tr style=\"height: 13.50pt;\">\n<td class=\"et3\">Apertura obiektywu<\/td>\n<td class=\"et3\">45 mm<\/td>\n<td class=\"et3\">45 mm<\/td>\n<td class=\"et3\">45 mm<\/td>\n<\/tr>\n<tr style=\"height: 13.50pt;\">\n<td class=\"et3\">Rezolucja<\/td>\n<td class=\"et3\">3\u2033<\/td>\n<td class=\"et3\">3\u2033<\/td>\n<td class=\"et3\">3\u2033<\/td>\n<\/tr>\n<tr style=\"height: 13.50pt;\">\n<td class=\"et3\">Pole widzenia<\/td>\n<td class=\"et3\">1\u00b030\u2032<\/td>\n<td class=\"et3\">1\u00b030\u2032<\/td>\n<td class=\"et3\">1\u00b030\u2032<\/td>\n<\/tr>\n<tr style=\"height: 13.50pt;\">\n<td class=\"et3\">Minimalne skupienie<\/td>\n<td class=\"et3\">1,35 m<\/td>\n<td class=\"et3\">1,35 m<\/td>\n<td class=\"et3\">1,35 m<\/td>\n<\/tr>\n<tr style=\"height: 13.50pt;\">\n<td class=\"et3\">Sta\u0142a mno\u017cenia\/dodawania<\/td>\n<td class=\"et3\">100\/ 0<\/td>\n<td class=\"et3\">100\/ 0<\/td>\n<td class=\"et3\">100\/ 0<\/td>\n<\/tr>\n<tr style=\"height: 13.50pt;\">\n<td class=\"et3\">D\u0142ugo\u015b\u0107<\/td>\n<td class=\"et3\">155 mm<\/td>\n<td class=\"et3\">155 mm<\/td>\n<td class=\"et3\">155 mm<\/td>\n<\/tr>\n<tr style=\"height: 13.50pt;\">\n<td class=\"et2\" style=\"height: 67.50pt;\" rowspan=\"5\" height=\"90\">Pomiar k\u0105ta<\/td>\n<td class=\"et3\">Tryb pomiaru<\/td>\n<td class=\"et3\">Enkoder absolutny<\/td>\n<td class=\"et3\">Enkoder absolutny<\/td>\n<td class=\"et3\">Enkoder absolutny<\/td>\n<\/tr>\n<tr style=\"height: 13.50pt;\">\n<td class=\"et3\">Minimalna lektura<\/td>\n<td class=\"et3\">1\u2033\/ 5\u2033<\/td>\n<td class=\"et3\">1\u2033\/ 5\u2033<\/td>\n<td class=\"et3\">1\u2033\/ 5\u2033<\/td>\n<\/tr>\n<tr style=\"height: 13.50pt;\">\n<td class=\"et3\">Dok\u0142adno\u015b\u0107 odczytu<\/td>\n<td class=\"et3\">2\u2033\/ 5\u2033\/ 10\u2033<\/td>\n<td class=\"et3\">2\u2033\/ 5\u2033\/ 10\u2033<\/td>\n<td class=\"et3\">2\u2033\/ 5\u2033\/ 10\u2033<\/td>\n<\/tr>\n<tr style=\"height: 13.50pt;\">\n<td class=\"et3\">\u015arednica okr\u0119gu<\/td>\n<td class=\"et3\">79 mm<\/td>\n<td class=\"et3\">79 mm<\/td>\n<td class=\"et3\">79 mm<\/td>\n<\/tr>\n<tr style=\"height: 13.50pt;\">\n<td class=\"et3\">Jednostki k\u0105towe<\/td>\n<td class=\"et3\">360\u00b0\/ 400gon\/ 6400mil<\/td>\n<td class=\"et3\">360\u00b0\/ 400gon\/ 6400mil<\/td>\n<td class=\"et3\">360\u00b0\/ 400gon\/ 6400mil<\/td>\n<\/tr>\n<tr style=\"height: 13.50pt;\">\n<td class=\"et2\" style=\"height: 27.00pt;\" rowspan=\"2\" height=\"36\">Kompensator<\/td>\n<td class=\"et3\">Czujnik przechy\u0142u<\/td>\n<td class=\"et3\">Tak<\/td>\n<td class=\"et3\">Tak<\/td>\n<td class=\"et3\">Tak<\/td>\n<\/tr>\n<tr style=\"height: 13.50pt;\">\n<td class=\"et3\">Zakres<\/td>\n<td class=\"et3\">\u00b13\u2032<\/td>\n<td class=\"et3\">\u00b13\u2032<\/td>\n<td class=\"et3\">\u00b13\u2032<\/td>\n<\/tr>\n<tr style=\"height: 13.50pt;\">\n<td class=\"et2\" style=\"height: 54.00pt;\" rowspan=\"4\" height=\"72\">Pion laserowy<\/td>\n<td class=\"et3\">D\u0142ugo\u015b\u0107 fali<\/td>\n<td class=\"et3\">635nm Czerwona wi\u0105zka<\/td>\n<td class=\"et3\">635nm Czerwona wi\u0105zka<\/td>\n<td class=\"et3\">635nm Czerwona wi\u0105zka<\/td>\n<\/tr>\n<tr style=\"height: 13.50pt;\">\n<td class=\"et3\">Moc<\/td>\n<td class=\"et3\">1mW<\/td>\n<td class=\"et3\">1mW<\/td>\n<td class=\"et3\">1mW<\/td>\n<\/tr>\n<tr style=\"height: 13.50pt;\">\n<td class=\"et3\">Dok\u0142adno\u015b\u0107 (1,5 m)<\/td>\n<td class=\"et3\">\u00b10,5 mm<\/td>\n<td class=\"et3\">\u00b10,5 mm<\/td>\n<td class=\"et3\">\u00b10,5 mm<\/td>\n<\/tr>\n<tr style=\"height: 13.50pt;\">\n<td class=\"et3\">Stopie\u0144 laserowy<\/td>\n<td class=\"et3\">Klasa<span class=\"font6\">\u2161<\/span><\/td>\n<td class=\"et3\">Klasa<span class=\"font6\">\u2161<\/span><\/td>\n<td class=\"et3\">Klasa<span class=\"font6\">\u2161<\/span><\/td>\n<\/tr>\n<tr style=\"height: 13.50pt;\">\n<td class=\"et2\" style=\"height: 40.50pt;\" rowspan=\"3\" height=\"54\">Pion optyczny (opcjonalnie)<\/td>\n<td class=\"et3\">Powi\u0119kszenie<\/td>\n<td class=\"et3\">3x<\/td>\n<td class=\"et3\">3x<\/td>\n<td class=\"et3\">3x<\/td>\n<\/tr>\n<tr style=\"height: 13.50pt;\">\n<td class=\"et3\">Pole widzenia<\/td>\n<td class=\"et3\">5\u00b0<\/td>\n<td class=\"et3\">5\u00b0<\/td>\n<td class=\"et3\">5\u00b0<\/td>\n<\/tr>\n<tr style=\"height: 13.50pt;\">\n<td class=\"et3\">Zakres ostro\u015bci<\/td>\n<td class=\"et3\">0,5 m\u2014<span class=\"font6\">\u221e<\/span><\/td>\n<td class=\"et3\">0,5 m\u2014<span class=\"font6\">\u221e<\/span><\/td>\n<td class=\"et3\">0,5 m\u2014<span class=\"font6\">\u221e<\/span><\/td>\n<\/tr>\n<tr style=\"height: 13.50pt;\">\n<td class=\"et2\" style=\"height: 67.50pt;\" rowspan=\"5\" height=\"90\">Wska\u017anik laserowy<\/td>\n<td class=\"et3\">D\u0142ugo\u015b\u0107 fali<\/td>\n<td class=\"et3\">\/<\/td>\n<td class=\"et3\">635nm Czerwony<\/td>\n<td class=\"et3\">520nm Zielony<\/td>\n<\/tr>\n<tr style=\"height: 13.50pt;\">\n<td class=\"et3\">Moc<\/td>\n<td class=\"et3\">\/<\/td>\n<td class=\"et3\">5mW<\/td>\n<td class=\"et3\">5mW<\/td>\n<\/tr>\n<tr style=\"height: 13.50pt;\">\n<td class=\"et3\">Zasi\u0119g lasera (w ci\u0105gu dnia)<\/td>\n<td class=\"et3\">\/<\/td>\n<td class=\"et3\">180m<\/td>\n<td class=\"et3\">250m<\/td>\n<\/tr>\n<tr style=\"height: 13.50pt;\">\n<td class=\"et3\">Dok\u0142adno\u015b\u0107 wsp\u00f3\u0142osiowa lasera<\/td>\n<td class=\"et3\">\/<\/td>\n<td class=\"et4\">\u2264<span class=\"font7\">5 cali<\/span><\/td>\n<td class=\"et5\">\u2264<span class=\"font1\">5 cali<\/span><\/td>\n<\/tr>\n<tr style=\"height: 13.50pt;\">\n<td class=\"et3\">\u015arednica plamki lasera<\/td>\n<td class=\"et3\">\/<\/td>\n<td class=\"et6\">\u2264<span class=\"font8\">2mm\/100m<\/span><\/td>\n<td class=\"et6\">\u2264<span class=\"font8\">2mm\/ 100m<\/span><\/td>\n<\/tr>\n<tr style=\"height: 13.50pt;\">\n<td class=\"et2\" style=\"height: 27.00pt;\" rowspan=\"2\" height=\"36\">Fiolka<\/td>\n<td class=\"et3\">Fiolka p\u0142ytkowa<\/td>\n<td class=\"et3\">30\u2033\/ 2mm<\/td>\n<td class=\"et3\">30\u2033\/ 2mm<\/td>\n<td class=\"et3\">30\u2033\/ 2mm<\/td>\n<\/tr>\n<tr style=\"height: 13.50pt;\">\n<td class=\"et3\">Fiolka okr\u0105g\u0142a<\/td>\n<td class=\"et3\">8&#039;\/ 2mm<\/td>\n<td class=\"et3\">8&#039;\/ 2mm<\/td>\n<td class=\"et3\">8&#039;\/ 2mm<\/td>\n<\/tr>\n<tr style=\"height: 13.50pt;\">\n<td class=\"et3\" style=\"height: 13.50pt;\" height=\"18\">Wy\u015bwietlacz<\/td>\n<td class=\"et3\">Podw\u00f3jna twarz<\/td>\n<td class=\"et3\">Pod\u015bwietlenie LED<\/td>\n<td class=\"et3\">Pod\u015bwietlenie LED<\/td>\n<td class=\"et3\">Pod\u015bwietlenie LED<\/td>\n<\/tr>\n<tr style=\"height: 13.50pt;\">\n<td class=\"et2\" style=\"height: 27.00pt;\" rowspan=\"2\" height=\"36\">Moc<\/td>\n<td class=\"et3\">Zas\u00f3b mocy<\/td>\n<td class=\"et7\">Akumulator litowo-jonowy 7,4 V 1650 mAh<\/td>\n<td class=\"et7\">Akumulator litowo-jonowy 7,4 V 1650 mAh<\/td>\n<td class=\"et7\">Akumulator litowo-jonowy 7,4 V 1650 mAh<\/td>\n<\/tr>\n<tr style=\"height: 13.50pt;\">\n<td class=\"et3\">Temperatura pracy<\/td>\n<td class=\"et3\">-20<span class=\"font3\">\u2103\uff5e<\/span><span class=\"font1\">+50<\/span><span class=\"font3\">\u2103<\/span><\/td>\n<td class=\"et3\">-20<span class=\"font3\">\u2103\uff5e<\/span><span class=\"font1\">+50<\/span><span class=\"font3\">\u2103<\/span><\/td>\n<td class=\"et3\">-20<span class=\"font3\">\u2103\uff5e<\/span><span class=\"font1\">+50<\/span><span class=\"font3\">\u2103<\/span><\/td>\n<\/tr>\n<\/tbody>\n<\/table>","protected":false},"excerpt":{"rendered":"<ul>\n<li>Ka\u017cdy laserowy teodolit optyczny DE-2B oraz model elektroniczny, stworzony z my\u015bl\u0105 o dok\u0142adno\u015bci i wytrzyma\u0142o\u015bci, charakteryzuj\u0105 si\u0119 nast\u0119puj\u0105cymi profesjonalnymi specyfikacjami:<\/li>\n<li>Pomiar o wysokiej precyzji: Posiada enkoder absolutny<\/li>\n<li>Solidny uk\u0142ad optyczny: Teleskop o powi\u0119kszeniu 30x i obiektywie o \u015brednicy 45 mm zapewnia wyra\u017any obraz<\/li>\n<\/ul>","protected":false},"featured_media":5480,"comment_status":"open","ping_status":"closed","template":"","meta":[],"product_brand":[],"product_cat":[144,95],"product_tag":[],"class_list":{"0":"post-5478","1":"product","2":"type-product","3":"status-publish","4":"has-post-thumbnail","6":"product_cat-theodoliteagent-sales","7":"product_cat-agent-sales","9":"first","10":"instock","11":"shipping-taxable","12":"product-type-simple"},"_links":{"self":[{"href":"https:\/\/mountlaser.com\/pl\/wp-json\/wp\/v2\/product\/5478","targetHints":{"allow":["GET"]}}],"collection":[{"href":"https:\/\/mountlaser.com\/pl\/wp-json\/wp\/v2\/product"}],"about":[{"href":"https:\/\/mountlaser.com\/pl\/wp-json\/wp\/v2\/types\/product"}],"replies":[{"embeddable":true,"href":"https:\/\/mountlaser.com\/pl\/wp-json\/wp\/v2\/comments?post=5478"}],"wp:featuredmedia":[{"embeddable":true,"href":"https:\/\/mountlaser.com\/pl\/wp-json\/wp\/v2\/media\/5480"}],"wp:attachment":[{"href":"https:\/\/mountlaser.com\/pl\/wp-json\/wp\/v2\/media?parent=5478"}],"wp:term":[{"taxonomy":"product_brand","embeddable":true,"href":"https:\/\/mountlaser.com\/pl\/wp-json\/wp\/v2\/product_brand?post=5478"},{"taxonomy":"product_cat","embeddable":true,"href":"https:\/\/mountlaser.com\/pl\/wp-json\/wp\/v2\/product_cat?post=5478"},{"taxonomy":"product_tag","embeddable":true,"href":"https:\/\/mountlaser.com\/pl\/wp-json\/wp\/v2\/product_tag?post=5478"}],"curies":[{"name":"wp","href":"https:\/\/api.w.org\/{rel}","templated":true}]}}