{"id":5477,"date":"2025-12-05T08:56:49","date_gmt":"2025-12-05T08:56:49","guid":{"rendered":"https:\/\/mountlaser.com\/?post_type=product&#038;p=5477"},"modified":"2025-12-05T08:56:49","modified_gmt":"2025-12-05T08:56:49","slug":"gli115-bubble-for-prism","status":"publish","type":"product","link":"https:\/\/mountlaser.com\/pl\/produkt\/gli115-bubble-for-prism\/","title":{"rendered":"GLI115 Ba\u0144ka do pryzmatu"},"content":{"rendered":"<p>Ten <a href=\"https:\/\/mountlaser.com\/pl\/\"><strong data-start=\"210\" data-end=\"237\">GLI115 Ba\u0144ka do pryzmatu<\/strong><\/a> to precyzyjna poziomica z klipsem, przeznaczona do miniaturowych tyczek reflektorowych, oferuj\u0105ca szybkie i niezawodne ustawienie w profesjonalnych pracach geodezyjnych. Wykonana z wytrzyma\u0142ego tworzywa sztucznego w stylu szwajcarskim, ta libelka GLI115 do pryzmatu zapewnia doskona\u0142\u0105 stabilno\u015b\u0107, a jednocze\u015bnie jest lekka i \u0142atwa w monta\u017cu. Jako poziomica o wysokiej widoczno\u015bci <a href=\"https:\/\/mountlaser.com\/pl\/kategoria-produktu\/surveying-accessory\/\"><strong data-start=\"548\" data-end=\"590\">plastikowa ba\u0144ka do miniaturowego s\u0142upka odblaskowego<\/strong><\/a>, zapewnia geodetom sta\u0142\u0105 dok\u0142adno\u015b\u0107 pomiar\u00f3w pionowych, nawet w trudnych warunkach terenowych.<\/p>\n<p><img fetchpriority=\"high\" decoding=\"async\" class=\"aligncenter wp-image-5490\" src=\"https:\/\/mountlaser.com\/wp-content\/uploads\/2025\/12\/GLI1156.webp\" alt=\"GLI115 Bubble for Prism\" width=\"500\" height=\"500\" srcset=\"https:\/\/mountlaser.com\/wp-content\/uploads\/2025\/12\/GLI1156.webp 1000w, https:\/\/mountlaser.com\/wp-content\/uploads\/2025\/12\/GLI1156-300x300.webp 300w, https:\/\/mountlaser.com\/wp-content\/uploads\/2025\/12\/GLI1156-150x150.webp 150w, https:\/\/mountlaser.com\/wp-content\/uploads\/2025\/12\/GLI1156-768x768.webp 768w, https:\/\/mountlaser.com\/wp-content\/uploads\/2025\/12\/GLI1156-12x12.webp 12w, https:\/\/mountlaser.com\/wp-content\/uploads\/2025\/12\/GLI1156-600x600.webp 600w, https:\/\/mountlaser.com\/wp-content\/uploads\/2025\/12\/GLI1156-800x800.webp 800w, https:\/\/mountlaser.com\/wp-content\/uploads\/2025\/12\/GLI1156-400x400.webp 400w\" sizes=\"(max-width: 500px) 100vw, 500px\" \/><\/p>\n<p>Ten <a href=\"https:\/\/mountlaser.com\/pl\/contact-us\/\">GLI115 Ba\u0144ka do pryzmatu<\/a> jest idealnym wyborem dla technik\u00f3w wymagaj\u0105cych niezawodnego, gotowego do pracy w terenie urz\u0105dzenia do poziomowania o kompaktowej i wydajnej konstrukcji.<\/p>","protected":false},"excerpt":{"rendered":"<ul>\n<li>Konstrukcja zatrzaskowa \u2013 plastikowa ba\u0144ka do miniaturowego masztu odblaskowego mocowana jest bezpiecznie w ci\u0105gu kilku sekund, co pozwala na szybk\u0105 instalacj\u0119.<\/li>\n<li>Poziomnica o wysokiej widoczno\u015bci \u2013 zapewnia wyra\u017ane i dok\u0142adne poziomowanie podczas prac geodezyjnych.<\/li>\n<li>Wytrzyma\u0142y plastik w stylu szwajcarskim \u2013 wykonany tak, aby wytrzyma\u0107 trudne warunki zewn\u0119trzne, co gwarantuje d\u0142ug\u0105 \u017cywotno\u015b\u0107.<\/li>\n<li>Lekki i kompaktowy, zapewniaj\u0105cy minimalne obci\u0105\u017cenie s\u0142upa.<\/li>\n<li>Stabilna i niezawodna praca dla precyzyjnego ustawienia w pionie.<\/li>\n<li>Kompatybilny z wi\u0119kszo\u015bci\u0105 miniaturowych maszt\u00f3w odblaskowych.<\/li>\n<\/ul>","protected":false},"featured_media":5485,"comment_status":"open","ping_status":"closed","template":"","meta":[],"product_brand":[],"product_cat":[79,153],"product_tag":[],"class_list":{"0":"post-5477","1":"product","2":"type-product","3":"status-publish","4":"has-post-thumbnail","6":"product_cat-surveying-accessory","7":"product_cat-bubble-for-tribrach-carrier-prism","9":"first","10":"instock","11":"shipping-taxable","12":"product-type-simple"},"_links":{"self":[{"href":"https:\/\/mountlaser.com\/pl\/wp-json\/wp\/v2\/product\/5477","targetHints":{"allow":["GET"]}}],"collection":[{"href":"https:\/\/mountlaser.com\/pl\/wp-json\/wp\/v2\/product"}],"about":[{"href":"https:\/\/mountlaser.com\/pl\/wp-json\/wp\/v2\/types\/product"}],"replies":[{"embeddable":true,"href":"https:\/\/mountlaser.com\/pl\/wp-json\/wp\/v2\/comments?post=5477"}],"wp:featuredmedia":[{"embeddable":true,"href":"https:\/\/mountlaser.com\/pl\/wp-json\/wp\/v2\/media\/5485"}],"wp:attachment":[{"href":"https:\/\/mountlaser.com\/pl\/wp-json\/wp\/v2\/media?parent=5477"}],"wp:term":[{"taxonomy":"product_brand","embeddable":true,"href":"https:\/\/mountlaser.com\/pl\/wp-json\/wp\/v2\/product_brand?post=5477"},{"taxonomy":"product_cat","embeddable":true,"href":"https:\/\/mountlaser.com\/pl\/wp-json\/wp\/v2\/product_cat?post=5477"},{"taxonomy":"product_tag","embeddable":true,"href":"https:\/\/mountlaser.com\/pl\/wp-json\/wp\/v2\/product_tag?post=5477"}],"curies":[{"name":"wp","href":"https:\/\/api.w.org\/{rel}","templated":true}]}}