{"id":5470,"date":"2025-12-05T08:22:48","date_gmt":"2025-12-05T08:22:48","guid":{"rendered":"https:\/\/mountlaser.com\/?post_type=product&#038;p=5470"},"modified":"2025-12-05T08:22:48","modified_gmt":"2025-12-05T08:22:48","slug":"bl12-bubble-level-for-tribrach","status":"publish","type":"product","link":"https:\/\/mountlaser.com\/pl\/produkt\/bl12-bubble-level-for-tribrach\/","title":{"rendered":"Poziomica p\u0119cherzykowa BL12 do spodarki"},"content":{"rendered":"<p>Ten <a href=\"https:\/\/mountlaser.com\/pl\/\"><strong>Poziomica p\u0119cherzykowa BL12 do spodarki<\/strong><\/a> to precyzyjnie zaprojektowana, d\u0142uga libella b\u0105belkowa, zaprojektowana z my\u015bl\u0105 o dok\u0142adnym poziomowaniu instrument\u00f3w geodezyjnych w wymagaj\u0105cych warunkach terenowych. Zaprojektowana z my\u015bl\u0105 o niezawodno\u015bci, poziomica b\u0105belkowa BL12 do spodarek zapewnia geodetom stabiln\u0105 prac\u0119 i szybkie ustawienie optyczne, co czyni j\u0105 niezb\u0119dnym elementem adapter\u00f3w do spodarek i profesjonalnych zestaw\u00f3w optycznych. Jako <a href=\"https:\/\/mountlaser.com\/pl\/about-us\/\"><strong>D\u0142uga \u017c\u00f3\u0142ta poziomica p\u0119cherzykowa do spodarki<\/strong><\/a>, zapewnia rozszerzon\u0105 powierzchni\u0119 widzenia, co zwi\u0119ksza czu\u0142o\u015b\u0107 i poprawia dok\u0142adno\u015b\u0107 poziomowania podczas ustawiania instrumentu.<\/p>\n<p><img fetchpriority=\"high\" decoding=\"async\" class=\"aligncenter wp-image-5473\" src=\"https:\/\/mountlaser.com\/wp-content\/uploads\/2025\/12\/BL12YL3.webp\" alt=\"BL12 Bubble Level for tribrach\" width=\"500\" height=\"500\" srcset=\"https:\/\/mountlaser.com\/wp-content\/uploads\/2025\/12\/BL12YL3.webp 1000w, https:\/\/mountlaser.com\/wp-content\/uploads\/2025\/12\/BL12YL3-300x300.webp 300w, https:\/\/mountlaser.com\/wp-content\/uploads\/2025\/12\/BL12YL3-150x150.webp 150w, https:\/\/mountlaser.com\/wp-content\/uploads\/2025\/12\/BL12YL3-768x768.webp 768w, https:\/\/mountlaser.com\/wp-content\/uploads\/2025\/12\/BL12YL3-12x12.webp 12w, https:\/\/mountlaser.com\/wp-content\/uploads\/2025\/12\/BL12YL3-600x600.webp 600w, https:\/\/mountlaser.com\/wp-content\/uploads\/2025\/12\/BL12YL3-800x800.webp 800w, https:\/\/mountlaser.com\/wp-content\/uploads\/2025\/12\/BL12YL3-400x400.webp 400w\" sizes=\"(max-width: 500px) 100vw, 500px\" \/><\/p>\n<p>Wykonana z wysokiej jako\u015bci materia\u0142\u00f3w i o zoptymalizowanej krzywi\u017anie, d\u0142uga poziomica p\u0119cherzykowa do spodarek zapewnia wyj\u0105tkow\u0105 trwa\u0142o\u015b\u0107 i sp\u00f3jne wyniki pomiar\u00f3w. Niezale\u017cnie od tego, czy jest u\u017cywana z tachimetrami, pryzmatami, czy akcesoriami GNSS, poziomica p\u0119cherzykowa BL12 do spodarek zapewnia idealne ustawienie instrumentu, co pozwala na precyzyjne zbieranie danych.<\/p>","protected":false},"excerpt":{"rendered":"<ul>\n<li>D\u0142uga poziomica p\u0119cherzykowa do spodarek zapewnia precyzyjne poziomowanie i stabilne ustawienie instrument\u00f3w geodezyjnych.<\/li>\n<li>Trwa\u0142a \u017c\u00f3\u0142ta obudowa poprawia widoczno\u015b\u0107 i zapewnia dodatkow\u0105 ochron\u0119 podczas u\u017cytkowania w terenie.<\/li>\n<li>Zgodno\u015b\u0107 z adapterami do spod\u00f3w sprawia, \u017ce poziomica BL12 do spod\u00f3w jest wszechstronnym elementem zamiennym lub udoskonalaj\u0105cym.<\/li>\n<\/ul>","protected":false},"featured_media":5471,"comment_status":"open","ping_status":"closed","template":"","meta":[],"product_brand":[],"product_cat":[79,153],"product_tag":[],"class_list":{"0":"post-5470","1":"product","2":"type-product","3":"status-publish","4":"has-post-thumbnail","6":"product_cat-surveying-accessory","7":"product_cat-bubble-for-tribrach-carrier-prism","9":"first","10":"instock","11":"shipping-taxable","12":"product-type-simple"},"_links":{"self":[{"href":"https:\/\/mountlaser.com\/pl\/wp-json\/wp\/v2\/product\/5470","targetHints":{"allow":["GET"]}}],"collection":[{"href":"https:\/\/mountlaser.com\/pl\/wp-json\/wp\/v2\/product"}],"about":[{"href":"https:\/\/mountlaser.com\/pl\/wp-json\/wp\/v2\/types\/product"}],"replies":[{"embeddable":true,"href":"https:\/\/mountlaser.com\/pl\/wp-json\/wp\/v2\/comments?post=5470"}],"wp:featuredmedia":[{"embeddable":true,"href":"https:\/\/mountlaser.com\/pl\/wp-json\/wp\/v2\/media\/5471"}],"wp:attachment":[{"href":"https:\/\/mountlaser.com\/pl\/wp-json\/wp\/v2\/media?parent=5470"}],"wp:term":[{"taxonomy":"product_brand","embeddable":true,"href":"https:\/\/mountlaser.com\/pl\/wp-json\/wp\/v2\/product_brand?post=5470"},{"taxonomy":"product_cat","embeddable":true,"href":"https:\/\/mountlaser.com\/pl\/wp-json\/wp\/v2\/product_cat?post=5470"},{"taxonomy":"product_tag","embeddable":true,"href":"https:\/\/mountlaser.com\/pl\/wp-json\/wp\/v2\/product_tag?post=5470"}],"curies":[{"name":"wp","href":"https:\/\/api.w.org\/{rel}","templated":true}]}}