{"id":547,"date":"2024-03-28T08:16:41","date_gmt":"2024-03-28T08:16:41","guid":{"rendered":"https:\/\/startersites.io\/blocksy\/pottery\/?post_type=product&#038;p=547"},"modified":"2025-12-01T02:06:00","modified_gmt":"2025-12-01T02:06:00","slug":"ma-h32-auto-level","status":"publish","type":"product","link":"https:\/\/mountlaser.com\/pl\/produkt\/ma-h32-auto-level\/","title":{"rendered":"MA-H32 Autopoziomowanie"},"content":{"rendered":"<p>Ten <a href=\"https:\/\/mountlaser.com\/pl\/\"><strong>Poziomowanie automatyczne MA-H32\/H36<\/strong><\/a> od Mountlaser wyznacza nowy standard <a href=\"https:\/\/mountlaser.com\/pl\/kategoria-produktu\/surveying-instrument\/automatic-level\/\"><strong>wysokiej jako\u015bci pomiary poziomu automatycznego<\/strong><\/a>, zapewniaj\u0105c najwy\u017csz\u0105 precyzj\u0119 i niezawodno\u015b\u0107 profesjonalnym geodetom i in\u017cynierom budowlanym. Zaprojektowane z zaawansowanym kompensatorem t\u0142umienia drga\u0144, instrumenty te gwarantuj\u0105 wyj\u0105tkow\u0105 dok\u0142adno\u015b\u0107 z odchyleniem standardowym zaledwie 1,0 mm na kilometr podw\u00f3jnego przebiegu.<\/p>\n<p>MA-H32 oferuje 32-krotne powi\u0119kszenie, a MA-H36 \u2013 ulepszone 36-krotne \u2013 oba modele wyposa\u017cone s\u0105 w teleskopy obrazuj\u0105ce w pozycji wyprostowanej, zapewniaj\u0105ce wyra\u017any obraz z prawej strony. Solidna obudowa o stopniu ochrony IP54 zapewnia wodoodporno\u015b\u0107 i py\u0142oszczelno\u015b\u0107, dzi\u0119ki czemu idealnie nadaj\u0105 si\u0119 do trudnych warunk\u00f3w zewn\u0119trznych.<\/p>\n<p>Pomimo zaawansowanych funkcji, cena niwelator\u00f3w automatycznych pozostaje bardzo konkurencyjna, oferuj\u0105c wyj\u0105tkow\u0105 warto\u015b\u0107 bez kompromis\u00f3w w zakresie wydajno\u015bci. Niezale\u017cnie od tego, czy s\u0105 u\u017cywane do pomiar\u00f3w topograficznych, projektowania rozplanowania budynk\u00f3w, czy prac niwelacyjnych, niwelatory automatyczne MA-H32\/H36 uciele\u015bniaj\u0105 to, czego oczekuje si\u0119 od wysokiej jako\u015bci niwelator\u00f3w automatycznych \u2013 trwa\u0142o\u015bci, precyzji i \u0142atwo\u015bci obs\u0142ugi. Bior\u0105c pod uwag\u0119 zar\u00f3wno precyzj\u0119, jak i cen\u0119 niwelator\u00f3w automatycznych, modele te wyr\u00f3\u017cniaj\u0105 si\u0119 jako ekonomiczne rozwi\u0105zania dla profesjonalist\u00f3w, kt\u00f3rzy wymagaj\u0105 wiarygodnych rezultat\u00f3w przy ka\u017cdym zadaniu.<\/p>\n<p>&nbsp;<\/p>\n<p><img fetchpriority=\"high\" decoding=\"async\" class=\"aligncenter wp-image-1890\" src=\"https:\/\/mountlaser.com\/wp-content\/uploads\/2024\/03\/MA-H325.webp\" alt=\"high quality auto level surveying\" width=\"500\" height=\"500\" srcset=\"https:\/\/mountlaser.com\/wp-content\/uploads\/2024\/03\/MA-H325.webp 1000w, https:\/\/mountlaser.com\/wp-content\/uploads\/2024\/03\/MA-H325-300x300.webp 300w, https:\/\/mountlaser.com\/wp-content\/uploads\/2024\/03\/MA-H325-400x400.webp 400w, https:\/\/mountlaser.com\/wp-content\/uploads\/2024\/03\/MA-H325-800x800.webp 800w, https:\/\/mountlaser.com\/wp-content\/uploads\/2024\/03\/MA-H325-600x600.webp 600w, https:\/\/mountlaser.com\/wp-content\/uploads\/2024\/03\/MA-H325-150x150.webp 150w, https:\/\/mountlaser.com\/wp-content\/uploads\/2024\/03\/MA-H325-768x768.webp 768w, https:\/\/mountlaser.com\/wp-content\/uploads\/2024\/03\/MA-H325-12x12.webp 12w\" sizes=\"(max-width: 500px) 100vw, 500px\" \/><\/p>\n<p><strong><a href=\"https:\/\/mountlaser.com\/pl\/about-us\/\">Poziomowanie automatyczne<\/a> Specyfikacje<\/strong><\/p>\n<table style=\"border-collapse: collapse; width: 555.02pt;\" border=\"0\" width=\"740\" cellspacing=\"0\" cellpadding=\"0\">\n<tbody>\n<tr style=\"height: 14.25pt;\">\n<td class=\"et2\" style=\"height: 14.25pt; width: 242.25pt;\" width=\"323\" height=\"19\">Numer modelu.<\/td>\n<td class=\"et2\" style=\"width: 146.25pt;\" width=\"195\">MA-H32<\/td>\n<td class=\"et3\" style=\"width: 166.50pt;\" width=\"222\">MA-H36<\/td>\n<\/tr>\n<tr style=\"height: 14.25pt;\">\n<td class=\"et4\" style=\"height: 14.25pt;\" height=\"19\">Odleg\u0142o\u015b\u0107 robocza<\/td>\n<td class=\"et5\" colspan=\"2\">50m<\/td>\n<\/tr>\n<tr style=\"height: 14.25pt;\">\n<td class=\"et4\" style=\"height: 14.25pt;\" height=\"19\">Odchylenie standardowe dla biegu podw\u00f3jnego na dystansie 1 km<\/td>\n<td class=\"et5\" colspan=\"2\">1,0 mm<\/td>\n<\/tr>\n<tr style=\"height: 14.25pt;\">\n<td class=\"et4\" style=\"height: 14.25pt;\" height=\"19\">Powi\u0119kszenie teleskopu<\/td>\n<td class=\"et4\">32X<\/td>\n<td class=\"et7\">36X<\/td>\n<\/tr>\n<tr style=\"height: 14.25pt;\">\n<td class=\"et4\" style=\"height: 14.25pt;\" height=\"19\">Obraz teleskopu<\/td>\n<td class=\"et5\" colspan=\"2\">Wyprostowany<\/td>\n<\/tr>\n<tr style=\"height: 14.25pt;\">\n<td class=\"et4\" style=\"height: 14.25pt;\" height=\"19\">Najkr\u00f3tsza odleg\u0142o\u015b\u0107 widzenia<\/td>\n<td class=\"et5\" colspan=\"2\">0,5 m<\/td>\n<\/tr>\n<tr style=\"height: 14.25pt;\">\n<td class=\"et4\" style=\"height: 14.25pt;\" height=\"19\">Wy\u015bwietl b\u0142\u0105d odleg\u0142o\u015bci<\/td>\n<td class=\"et5\" colspan=\"2\">\u2264\u00b10,5%<\/td>\n<\/tr>\n<tr style=\"height: 14.25pt;\">\n<td class=\"et4\" style=\"height: 14.25pt;\" height=\"19\">Efektywny rozmiar apertury obiektywu<\/td>\n<td class=\"et5\" colspan=\"2\">40 mm<\/td>\n<\/tr>\n<tr style=\"height: 14.25pt;\">\n<td class=\"et4\" style=\"height: 14.25pt;\" height=\"19\">B\u0142\u0105d ustawiania ostro\u015bci<\/td>\n<td class=\"et5\" colspan=\"2\">\u22641,0 mm<\/td>\n<\/tr>\n<tr style=\"height: 14.25pt;\">\n<td class=\"et4\" style=\"height: 14.25pt;\" height=\"19\">Typ kompensatora<\/td>\n<td class=\"et5\" colspan=\"2\">T\u0142umienie powietrza<\/td>\n<\/tr>\n<tr style=\"height: 14.25pt;\">\n<td class=\"et4\" style=\"height: 14.25pt;\" height=\"19\">Kompensacja b\u0142\u0119du<\/td>\n<td class=\"et5\" colspan=\"2\">&lt;0,5\u2032<\/td>\n<\/tr>\n<tr style=\"height: 14.25pt;\">\n<td class=\"et4\" style=\"height: 14.25pt;\" height=\"19\">Siatka przyrz\u0105du<\/td>\n<td class=\"et5\" colspan=\"2\">Kszta\u0142t klina<\/td>\n<\/tr>\n<tr style=\"height: 14.25pt;\">\n<td class=\"et4\" style=\"height: 14.25pt;\" height=\"19\">Dok\u0142adno\u015b\u0107 ustawie\u0144<\/td>\n<td class=\"et5\" colspan=\"2\">\u00b10,4%<\/td>\n<\/tr>\n<tr style=\"height: 14.25pt;\">\n<td class=\"et4\" style=\"height: 14.25pt;\" height=\"19\">Wodoodporny i py\u0142oszczelny<\/td>\n<td class=\"et5\" colspan=\"2\">IP54<\/td>\n<\/tr>\n<tr style=\"height: 14.25pt;\">\n<td class=\"et4\" style=\"height: 14.25pt;\" height=\"19\">Wy\u015blij akcesorium<\/td>\n<td class=\"et5\" colspan=\"2\">Pion, r\u0119czny, trzpie\u0144 regulacyjny, obudowa plastikowa<\/td>\n<\/tr>\n<tr style=\"height: 14.25pt;\">\n<td class=\"et8\" style=\"height: 14.25pt;\" height=\"19\">Waga netto<\/td>\n<td class=\"et9\" colspan=\"2\">1,55 kg<\/td>\n<\/tr>\n<\/tbody>\n<\/table>","protected":false},"excerpt":{"rendered":"<ul>\n<li>Elastyczne powi\u0119kszenie: Wybierz teleskop pionowy 32x (MA-H32) lub 36x (MA-H36), aby uzyska\u0107 ostre obrazy widziane z prawej strony.<\/li>\n<li>Automatyczna kompensacja: Kompensator t\u0142umienia powietrznego z b\u0142\u0119dem &lt;0,5\u2032 umo\u017cliwiaj\u0105cy szybk\u0105 i stabiln\u0105 konfiguracj\u0119.<\/li>\n<li>\u0141atwy w u\u017cyciu: w zestawie znajduje si\u0119 pion, instrukcja obs\u0142ugi, sworze\u0144 regulacyjny i plastikowa obudowa zapewniaj\u0105ca wygod\u0119 u\u017cytkowania w terenie.<\/li>\n<\/ul>","protected":false},"featured_media":1887,"comment_status":"open","ping_status":"closed","template":"","meta":[],"product_brand":[],"product_cat":[15,140],"product_tag":[],"class_list":{"0":"post-547","1":"product","2":"type-product","3":"status-publish","4":"has-post-thumbnail","6":"product_cat-surveying-instrument","7":"product_cat-automatic-level","9":"first","10":"instock","11":"shipping-taxable","12":"product-type-simple"},"_links":{"self":[{"href":"https:\/\/mountlaser.com\/pl\/wp-json\/wp\/v2\/product\/547","targetHints":{"allow":["GET"]}}],"collection":[{"href":"https:\/\/mountlaser.com\/pl\/wp-json\/wp\/v2\/product"}],"about":[{"href":"https:\/\/mountlaser.com\/pl\/wp-json\/wp\/v2\/types\/product"}],"replies":[{"embeddable":true,"href":"https:\/\/mountlaser.com\/pl\/wp-json\/wp\/v2\/comments?post=547"}],"wp:featuredmedia":[{"embeddable":true,"href":"https:\/\/mountlaser.com\/pl\/wp-json\/wp\/v2\/media\/1887"}],"wp:attachment":[{"href":"https:\/\/mountlaser.com\/pl\/wp-json\/wp\/v2\/media?parent=547"}],"wp:term":[{"taxonomy":"product_brand","embeddable":true,"href":"https:\/\/mountlaser.com\/pl\/wp-json\/wp\/v2\/product_brand?post=547"},{"taxonomy":"product_cat","embeddable":true,"href":"https:\/\/mountlaser.com\/pl\/wp-json\/wp\/v2\/product_cat?post=547"},{"taxonomy":"product_tag","embeddable":true,"href":"https:\/\/mountlaser.com\/pl\/wp-json\/wp\/v2\/product_tag?post=547"}],"curies":[{"name":"wp","href":"https:\/\/api.w.org\/{rel}","templated":true}]}}