{"id":5462,"date":"2025-12-05T08:00:49","date_gmt":"2025-12-05T08:00:49","guid":{"rendered":"https:\/\/mountlaser.com\/?post_type=product&#038;p=5462"},"modified":"2025-12-05T08:00:49","modified_gmt":"2025-12-05T08:00:49","slug":"bl11-bubble-for-tribrach","status":"publish","type":"product","link":"https:\/\/mountlaser.com\/pl\/produkt\/bl11-bubble-for-tribrach\/","title":{"rendered":"BL11 Bubble do spodarki"},"content":{"rendered":"<p>Ten <a href=\"https:\/\/mountlaser.com\/pl\/\"><strong data-start=\"175\" data-end=\"203\">BL11 Bubble do spodarki<\/strong><\/a> to precyzyjnie zaprojektowana poziomica okr\u0105g\u0142a, zaprojektowana z my\u015bl\u0105 o dok\u0142adnym ustawieniu instrument\u00f3w w profesjonalnych zastosowaniach geodezyjnych. Ta wysokiej jako\u015bci libella zapewnia wyra\u017ane i niezawodne poziomowanie, co czyni j\u0105 idealnym elementem zamiennym do spodarek i system\u00f3w pryzmatycznych. Libella BL11 do spodarek wyposa\u017cona jest w wytrzyma\u0142\u0105, dobrze widoczn\u0105 kapsu\u0142\u0119 z p\u0142ynem, kt\u00f3ra pozwala geodetom na szybkie i powtarzalne ustawienie w terenie. Zaprojektowana z my\u015bl\u0105 o kompatybilno\u015bci z szerok\u0105 gam\u0105 akcesori\u00f3w optycznych i GNSS, doskonale sprawdza si\u0119 r\u00f3wnie\u017c jako\u2026 <a href=\"https:\/\/mountlaser.com\/pl\/products\/\"><strong data-start=\"745\" data-end=\"771\">Okr\u0105g\u0142a ba\u0144ka do pryzmatu<\/strong><\/a>, zapewniaj\u0105c stabilne poziomowanie pryzmat\u00f3w i innych zamontowanych urz\u0105dze\u0144.<\/p>\n<p><img fetchpriority=\"high\" decoding=\"async\" class=\"aligncenter wp-image-5466\" src=\"https:\/\/mountlaser.com\/wp-content\/uploads\/2025\/12\/BL104.webp\" alt=\"BL11 Bubble for tribrach\" width=\"500\" height=\"500\" srcset=\"https:\/\/mountlaser.com\/wp-content\/uploads\/2025\/12\/BL104.webp 1000w, https:\/\/mountlaser.com\/wp-content\/uploads\/2025\/12\/BL104-300x300.webp 300w, https:\/\/mountlaser.com\/wp-content\/uploads\/2025\/12\/BL104-150x150.webp 150w, https:\/\/mountlaser.com\/wp-content\/uploads\/2025\/12\/BL104-768x768.webp 768w, https:\/\/mountlaser.com\/wp-content\/uploads\/2025\/12\/BL104-12x12.webp 12w, https:\/\/mountlaser.com\/wp-content\/uploads\/2025\/12\/BL104-600x600.webp 600w, https:\/\/mountlaser.com\/wp-content\/uploads\/2025\/12\/BL104-800x800.webp 800w, https:\/\/mountlaser.com\/wp-content\/uploads\/2025\/12\/BL104-400x400.webp 400w\" sizes=\"(max-width: 500px) 100vw, 500px\" \/><\/p>\n<p>Niezale\u017cnie od tego, czy jest u\u017cywany jako b\u0105bel tr\u00f3jramienny, czy te\u017c <a href=\"https:\/\/mountlaser.com\/pl\/contact-us\/\">Okr\u0105g\u0142a ba\u0144ka do pryzmatu<\/a>, BL11 zapewnia d\u0142ugoterminow\u0105 stabilno\u015b\u0107 i niezawodn\u0105 precyzj\u0119. BL11 Bubble do spodarki to niezb\u0119dny element do utrzymania dok\u0142adno\u015bci w procesach pomiarowych z tachimetrami, pryzmatami i odbiornikami GNSS.<\/p>","protected":false},"excerpt":{"rendered":"<ul>\n<li>Precyzyjne poziomowanie \u2013 zapewnia dok\u0142adne ustawienie spodarek, pryzmat\u00f3w i instrument\u00f3w geodezyjnych.<\/li>\n<li>Wysoka kompatybilno\u015b\u0107 \u2013 dzia\u0142a zar\u00f3wno jako libella spodarki, jak i okr\u0105g\u0142a libella do pryzmat\u00f3w, obs\u0142uguj\u0105c wiele akcesori\u00f3w geodezyjnych.<\/li>\n<li>Trwa\u0142a konstrukcja \u2013 Zbudowany ze stabilnych, trwa\u0142ych materia\u0142\u00f3w, co gwarantuje niezawodno\u015b\u0107 w wymagaj\u0105cych warunkach terenowych.<\/li>\n<\/ul>","protected":false},"featured_media":5463,"comment_status":"open","ping_status":"closed","template":"","meta":[],"product_brand":[],"product_cat":[79,153],"product_tag":[],"class_list":{"0":"post-5462","1":"product","2":"type-product","3":"status-publish","4":"has-post-thumbnail","6":"product_cat-surveying-accessory","7":"product_cat-bubble-for-tribrach-carrier-prism","9":"first","10":"instock","11":"shipping-taxable","12":"product-type-simple"},"_links":{"self":[{"href":"https:\/\/mountlaser.com\/pl\/wp-json\/wp\/v2\/product\/5462","targetHints":{"allow":["GET"]}}],"collection":[{"href":"https:\/\/mountlaser.com\/pl\/wp-json\/wp\/v2\/product"}],"about":[{"href":"https:\/\/mountlaser.com\/pl\/wp-json\/wp\/v2\/types\/product"}],"replies":[{"embeddable":true,"href":"https:\/\/mountlaser.com\/pl\/wp-json\/wp\/v2\/comments?post=5462"}],"wp:featuredmedia":[{"embeddable":true,"href":"https:\/\/mountlaser.com\/pl\/wp-json\/wp\/v2\/media\/5463"}],"wp:attachment":[{"href":"https:\/\/mountlaser.com\/pl\/wp-json\/wp\/v2\/media?parent=5462"}],"wp:term":[{"taxonomy":"product_brand","embeddable":true,"href":"https:\/\/mountlaser.com\/pl\/wp-json\/wp\/v2\/product_brand?post=5462"},{"taxonomy":"product_cat","embeddable":true,"href":"https:\/\/mountlaser.com\/pl\/wp-json\/wp\/v2\/product_cat?post=5462"},{"taxonomy":"product_tag","embeddable":true,"href":"https:\/\/mountlaser.com\/pl\/wp-json\/wp\/v2\/product_tag?post=5462"}],"curies":[{"name":"wp","href":"https:\/\/api.w.org\/{rel}","templated":true}]}}