{"id":5450,"date":"2025-12-05T05:56:21","date_gmt":"2025-12-05T05:56:21","guid":{"rendered":"https:\/\/mountlaser.com\/?post_type=product&#038;p=5450"},"modified":"2025-12-05T06:12:58","modified_gmt":"2025-12-05T06:12:58","slug":"hdcc01-heavy-duty-column-mount-bracket","status":"publish","type":"product","link":"https:\/\/mountlaser.com\/pl\/produkt\/hdcc01-heavy-duty-column-mount-bracket\/","title":{"rendered":"HDCC01 Wytrzyma\u0142y wspornik monta\u017cowy do kolumny"},"content":{"rendered":"<p data-start=\"141\" data-end=\"685\">Ten <a href=\"https:\/\/mountlaser.com\/pl\/\"><strong data-start=\"145\" data-end=\"180\">wytrzyma\u0142y wspornik monta\u017cowy do kolumny<\/strong><\/a> od MountLaser zosta\u0142 zaprojektowany tak, aby zapewni\u0107 wyj\u0105tkow\u0105 stabilno\u015b\u0107, wytrzyma\u0142o\u015b\u0107 i precyzj\u0119 w profesjonalnych zastosowaniach geodezyjnych i budowlanych. Zaprojektowany jako <a href=\"https:\/\/mountlaser.com\/pl\/about-us\/\"><strong data-start=\"342\" data-end=\"377\">regulowany uchwyt monta\u017cowy kolumny<\/strong><\/a>, Zapewnia regulacj\u0119 obrotow\u0105 i pionow\u0105, umo\u017cliwiaj\u0105c u\u017cytkownikom precyzyjne ustawienie instrument\u00f3w pod wzgl\u0119dem wysoko\u015bci i ustawienia. Wykonany z wytrzyma\u0142ego aluminium konstrukcyjnego i wyposa\u017cony w osprz\u0119t ze stali nierdzewnej, system ten gwarantuje trwa\u0142o\u015b\u0107 nawet w najbardziej wymagaj\u0105cych warunkach przemys\u0142owych.<\/p>\n<p data-start=\"141\" data-end=\"685\"><img fetchpriority=\"high\" decoding=\"async\" class=\"aligncenter wp-image-5453\" src=\"https:\/\/mountlaser.com\/wp-content\/uploads\/2025\/12\/HDCC013.webp\" alt=\"heavy-duty Column Mount Bracket\" width=\"500\" height=\"500\" srcset=\"https:\/\/mountlaser.com\/wp-content\/uploads\/2025\/12\/HDCC013.webp 1000w, https:\/\/mountlaser.com\/wp-content\/uploads\/2025\/12\/HDCC013-300x300.webp 300w, https:\/\/mountlaser.com\/wp-content\/uploads\/2025\/12\/HDCC013-150x150.webp 150w, https:\/\/mountlaser.com\/wp-content\/uploads\/2025\/12\/HDCC013-768x768.webp 768w, https:\/\/mountlaser.com\/wp-content\/uploads\/2025\/12\/HDCC013-12x12.webp 12w, https:\/\/mountlaser.com\/wp-content\/uploads\/2025\/12\/HDCC013-600x600.webp 600w, https:\/\/mountlaser.com\/wp-content\/uploads\/2025\/12\/HDCC013-800x800.webp 800w, https:\/\/mountlaser.com\/wp-content\/uploads\/2025\/12\/HDCC013-400x400.webp 400w\" sizes=\"(max-width: 500px) 100vw, 500px\" \/><\/p>\n<p data-start=\"687\" data-end=\"1336\">Pas przemys\u0142owy o szeroko\u015bci 2 cali (5,08 cm) i d\u0142ugo\u015bci 10 st\u00f3p (3,05 m) \u2013 o ud\u017awigu do 2200 funt\u00f3w (1000 kg) \u2013 umo\u017cliwia bezpieczny monta\u017c wspornika zar\u00f3wno na s\u0142upach kwadratowych, jak i okr\u0105g\u0142ych. Wytrzyma\u0142y wspornik do monta\u017cu na s\u0142upie oferuje zakres ruchu pionowego 12 cali (30,48 cm), a platforma monta\u017cowa o szeroko\u015bci 6 cali jest wyposa\u017cona w standardowy gwintowany ko\u0142ek 5\/8-11, kt\u00f3ry pasuje do szerokiej gamy instrument\u00f3w geodezyjnych. Dzi\u0119ki zoptymalizowanej odleg\u0142o\u015bci osiowej 15 cali (38,1 cm), zapewniaj\u0105cej dodatkowy prze\u015bwit, <a href=\"https:\/\/mountlaser.com\/pl\/kategoria-produktu\/surveying-accessory\/\">wytrzyma\u0142y wspornik monta\u017cowy do kolumny<\/a> Zwi\u0119ksza u\u017cyteczno\u015b\u0107 w ciasnych lub trudno dost\u0119pnych miejscach pracy. Zintegrowany gumowy zderzak dodatkowo zapewnia bezpieczn\u0105 i wygodn\u0105 obs\u0142ug\u0119 podczas monta\u017cu.<\/p>","protected":false},"excerpt":{"rendered":"<ul>\n<li>Konstrukcja o wysokiej wytrzyma\u0142o\u015bci<\/li>\n<li>W pe\u0142ni regulowane pozycjonowanie<\/li>\n<li>Szeroka kompatybilno\u015b\u0107 i bezpieczne mocowanie: W zestawie znajduje si\u0119 wytrzyma\u0142y pas o wymiarach 2 cale x 10 st\u00f3p, kt\u00f3ry mo\u017cna przymocowa\u0107 do okr\u0105g\u0142ych lub kwadratowych kolumn i kt\u00f3ry wytrzymuje obci\u0105\u017cenie do 2200 funt\u00f3w (1000 kg).<\/li>\n<li>Platforma gotowa do monta\u017cu instrument\u00f3w: wyposa\u017cona w p\u0142ask\u0105 podstaw\u0119 o \u015brednicy 6 cali i standardowy gwintowany ko\u0142ek 5\/8-11 do monta\u017cu tachimetr\u00f3w, laser\u00f3w i innych urz\u0105dze\u0144 geodezyjnych.<\/li>\n<li>Optymalny prze\u015bwit i bezpiecze\u0144stwo: 15-calowa odleg\u0142o\u015b\u0107 od linii \u015brodkowej poprawia widoczno\u015b\u0107, a zintegrowany gumowy zderzak poprawia ochron\u0119 u\u017cytkownika podczas instalacji.<\/li>\n<\/ul>","protected":false},"featured_media":5452,"comment_status":"open","ping_status":"closed","template":"","meta":[],"product_brand":[],"product_cat":[79,155],"product_tag":[],"class_list":{"0":"post-5450","1":"product","2":"type-product","3":"status-publish","4":"has-post-thumbnail","6":"product_cat-surveying-accessory","7":"product_cat-column-mount-bracket","9":"first","10":"instock","11":"shipping-taxable","12":"product-type-simple"},"_links":{"self":[{"href":"https:\/\/mountlaser.com\/pl\/wp-json\/wp\/v2\/product\/5450","targetHints":{"allow":["GET"]}}],"collection":[{"href":"https:\/\/mountlaser.com\/pl\/wp-json\/wp\/v2\/product"}],"about":[{"href":"https:\/\/mountlaser.com\/pl\/wp-json\/wp\/v2\/types\/product"}],"replies":[{"embeddable":true,"href":"https:\/\/mountlaser.com\/pl\/wp-json\/wp\/v2\/comments?post=5450"}],"wp:featuredmedia":[{"embeddable":true,"href":"https:\/\/mountlaser.com\/pl\/wp-json\/wp\/v2\/media\/5452"}],"wp:attachment":[{"href":"https:\/\/mountlaser.com\/pl\/wp-json\/wp\/v2\/media?parent=5450"}],"wp:term":[{"taxonomy":"product_brand","embeddable":true,"href":"https:\/\/mountlaser.com\/pl\/wp-json\/wp\/v2\/product_brand?post=5450"},{"taxonomy":"product_cat","embeddable":true,"href":"https:\/\/mountlaser.com\/pl\/wp-json\/wp\/v2\/product_cat?post=5450"},{"taxonomy":"product_tag","embeddable":true,"href":"https:\/\/mountlaser.com\/pl\/wp-json\/wp\/v2\/product_tag?post=5450"}],"curies":[{"name":"wp","href":"https:\/\/api.w.org\/{rel}","templated":true}]}}