{"id":5448,"date":"2025-12-05T05:17:35","date_gmt":"2025-12-05T05:17:35","guid":{"rendered":"https:\/\/mountlaser.com\/?post_type=product&#038;p=5448"},"modified":"2025-12-11T05:09:18","modified_gmt":"2025-12-11T05:09:18","slug":"pb01-08-brass-plumb-bob","status":"publish","type":"product","link":"https:\/\/mountlaser.com\/pl\/produkt\/pb01-08-brass-plumb-bob\/","title":{"rendered":"PB01-08 Mosi\u0119\u017cny pion"},"content":{"rendered":"<p>Ten <a href=\"https:\/\/mountlaser.com\/pl\/\"><strong>PB01-08 PION MOSI\u0118\u017bNY<\/strong><\/a> to wysokiej jako\u015bci, precyzyjnie obrobione narz\u0119dzie przeznaczone dla profesjonalist\u00f3w, kt\u00f3rzy wymagaj\u0105 dok\u0142adno\u015bci i d\u0142ugotrwa\u0142ej niezawodno\u015bci w pracach budowlanych i geodezyjnych. Wykonany z litego mosi\u0105dzu, pion PB01-08 z mosi\u0105dzu zapewnia doskona\u0142\u0105 r\u00f3wnowag\u0119 i stabilno\u015b\u0107, gwarantuj\u0105c zawsze precyzyjny punkt odniesienia w pionie. <a href=\"https:\/\/mountlaser.com\/pl\/kategoria-produktu\/surveying-accessory\/\"><strong>pion z litego mosi\u0105dzu<\/strong><\/a> jest zabezpieczony trwa\u0142\u0105 pow\u0142ok\u0105 lakiernicz\u0105, co wyd\u0142u\u017ca jego \u017cywotno\u015b\u0107 nawet w trudnych warunkach terenowych.<\/p>\n<p><img fetchpriority=\"high\" decoding=\"async\" class=\"aligncenter wp-image-5449\" src=\"https:\/\/mountlaser.com\/wp-content\/uploads\/2025\/12\/PB01.webp\" alt=\"PB01-08 BRASS PLUMB BOB\" width=\"500\" height=\"500\" srcset=\"https:\/\/mountlaser.com\/wp-content\/uploads\/2025\/12\/PB01.webp 1000w, https:\/\/mountlaser.com\/wp-content\/uploads\/2025\/12\/PB01-300x300.webp 300w, https:\/\/mountlaser.com\/wp-content\/uploads\/2025\/12\/PB01-150x150.webp 150w, https:\/\/mountlaser.com\/wp-content\/uploads\/2025\/12\/PB01-768x768.webp 768w, https:\/\/mountlaser.com\/wp-content\/uploads\/2025\/12\/PB01-12x12.webp 12w, https:\/\/mountlaser.com\/wp-content\/uploads\/2025\/12\/PB01-600x600.webp 600w, https:\/\/mountlaser.com\/wp-content\/uploads\/2025\/12\/PB01-800x800.webp 800w, https:\/\/mountlaser.com\/wp-content\/uploads\/2025\/12\/PB01-400x400.webp 400w\" sizes=\"(max-width: 500px) 100vw, 500px\" \/><\/p>\n<p>Posiada hartowan\u0105 stalow\u0105 ko\u0144c\u00f3wk\u0119 i standardow\u0105 nasadk\u0119 z gwintem ASA. <a href=\"https:\/\/mountlaser.com\/pl\/contact-us\/\">PB01-08 PION MOSI\u0118\u017bNY<\/a> Umo\u017cliwia szybk\u0105 wymian\u0119 grotu i bezpieczne mocowanie. Stalowa nasadka posiada r\u00f3wnie\u017c wewn\u0119trzne miejsce na dodatkowy grot, co zwi\u0119ksza wygod\u0119 podczas ci\u0105g\u0142ego u\u017cytkowania w terenie. Solidny mosi\u0119\u017cny pion zapewnia precyzyjne dzia\u0142anie podczas rozmieszczania, wyr\u00f3wnywania i oznaczania punkt\u00f3w kontrolnych.<\/p>","protected":false},"excerpt":{"rendered":"<ul>\n<li>Wysoka precyzja i idealne wywa\u017cenie \u2013 gwarantuje dok\u0142adne ustawienie pionowe podczas prac geodezyjnych, budowlanych i konstrukcyjnych.<\/li>\n<li>Trwa\u0142a konstrukcja z litego mosi\u0105dzu \u2013 odporna na korozj\u0119 i uderzenia, przeznaczona do d\u0142ugotrwa\u0142ego u\u017cytkowania w terenie.<\/li>\n<li>Hartowana stalowa ko\u0144c\u00f3wka i gwintowana nasadka ASA \u2013 niezawodna praca i wygodne przechowywanie zapasowej ko\u0144c\u00f3wki.<\/li>\n<li>R\u00f3\u017cne opcje wagowe \u2013 odpowiednie do r\u00f3\u017cnorodnych zada\u0144 profesjonalnych i warunk\u00f3w \u015brodowiskowych.<\/li>\n<\/ul>","protected":false},"featured_media":5449,"comment_status":"open","ping_status":"closed","template":"","meta":[],"product_brand":[],"product_cat":[79,154],"product_tag":[],"class_list":{"0":"post-5448","1":"product","2":"type-product","3":"status-publish","4":"has-post-thumbnail","6":"product_cat-surveying-accessory","7":"product_cat-brass-plumb-bob","9":"first","10":"instock","11":"shipping-taxable","12":"product-type-simple"},"_links":{"self":[{"href":"https:\/\/mountlaser.com\/pl\/wp-json\/wp\/v2\/product\/5448","targetHints":{"allow":["GET"]}}],"collection":[{"href":"https:\/\/mountlaser.com\/pl\/wp-json\/wp\/v2\/product"}],"about":[{"href":"https:\/\/mountlaser.com\/pl\/wp-json\/wp\/v2\/types\/product"}],"replies":[{"embeddable":true,"href":"https:\/\/mountlaser.com\/pl\/wp-json\/wp\/v2\/comments?post=5448"}],"wp:featuredmedia":[{"embeddable":true,"href":"https:\/\/mountlaser.com\/pl\/wp-json\/wp\/v2\/media\/5449"}],"wp:attachment":[{"href":"https:\/\/mountlaser.com\/pl\/wp-json\/wp\/v2\/media?parent=5448"}],"wp:term":[{"taxonomy":"product_brand","embeddable":true,"href":"https:\/\/mountlaser.com\/pl\/wp-json\/wp\/v2\/product_brand?post=5448"},{"taxonomy":"product_cat","embeddable":true,"href":"https:\/\/mountlaser.com\/pl\/wp-json\/wp\/v2\/product_cat?post=5448"},{"taxonomy":"product_tag","embeddable":true,"href":"https:\/\/mountlaser.com\/pl\/wp-json\/wp\/v2\/product_tag?post=5448"}],"curies":[{"name":"wp","href":"https:\/\/api.w.org\/{rel}","templated":true}]}}