{"id":5441,"date":"2025-12-05T03:21:14","date_gmt":"2025-12-05T03:21:14","guid":{"rendered":"https:\/\/mountlaser.com\/?post_type=product&#038;p=5441"},"modified":"2025-12-05T03:21:14","modified_gmt":"2025-12-05T03:21:14","slug":"bl20-surveying-instrument-bubble-level","status":"publish","type":"product","link":"https:\/\/mountlaser.com\/pl\/produkt\/bl20-surveying-instrument-bubble-level\/","title":{"rendered":"Poziomica p\u0119cherzykowa BL20 do pomiar\u00f3w geodezyjnych"},"content":{"rendered":"<p data-start=\"209\" data-end=\"750\">Ten <a href=\"https:\/\/mountlaser.com\/pl\/\"><strong data-start=\"213\" data-end=\"255\">Poziomica p\u0119cherzykowa BL20 do pomiar\u00f3w geodezyjnych<\/strong><\/a> to precyzyjnie zaprojektowany element niwelacyjny przeznaczony do precyzyjnego niwelowania optycznego i automatycznego. Zbudowany w szwajcarskiej konstrukcji NA532, poziomnica p\u0119cherzykowa BL20 do pomiar\u00f3w geodezyjnych zapewnia stabilne, niezawodne i niezwykle wyra\u017ane informacje zwrotne dotycz\u0105ce poziomowania w profesjonalnych zastosowaniach geodezyjnych. Jako niezb\u0119dny element <a href=\"https:\/\/mountlaser.com\/pl\/kategoria-produktu\/surveying-accessory\/\"><strong data-start=\"556\" data-end=\"583\">poziomica automatyczna poziomica b\u0105belkowa<\/strong><\/a>, zapewnia stabiln\u0105 prac\u0119 w trudnych warunkach terenowych, dzi\u0119ki czemu idealnie nadaje si\u0119 dla geodet\u00f3w, kt\u00f3rzy potrzebuj\u0105 dok\u0142adnego ustawienia i niezawodnej kalibracji instrument\u00f3w.<\/p>\n<p data-start=\"209\" data-end=\"750\"><img fetchpriority=\"high\" decoding=\"async\" class=\"aligncenter wp-image-5446\" src=\"https:\/\/mountlaser.com\/wp-content\/uploads\/2025\/12\/BL085.webp\" alt=\"BL20 Surveying Instrument Bubble Level\" width=\"500\" height=\"500\" srcset=\"https:\/\/mountlaser.com\/wp-content\/uploads\/2025\/12\/BL085.webp 1000w, https:\/\/mountlaser.com\/wp-content\/uploads\/2025\/12\/BL085-300x300.webp 300w, https:\/\/mountlaser.com\/wp-content\/uploads\/2025\/12\/BL085-150x150.webp 150w, https:\/\/mountlaser.com\/wp-content\/uploads\/2025\/12\/BL085-768x768.webp 768w, https:\/\/mountlaser.com\/wp-content\/uploads\/2025\/12\/BL085-12x12.webp 12w, https:\/\/mountlaser.com\/wp-content\/uploads\/2025\/12\/BL085-600x600.webp 600w, https:\/\/mountlaser.com\/wp-content\/uploads\/2025\/12\/BL085-800x800.webp 800w, https:\/\/mountlaser.com\/wp-content\/uploads\/2025\/12\/BL085-400x400.webp 400w\" sizes=\"(max-width: 500px) 100vw, 500px\" \/><\/p>\n<p data-start=\"752\" data-end=\"1260\">Dzi\u0119ki trwa\u0142ej konstrukcji i doskona\u0142ej czu\u0142o\u015bci, ta automatyczna poziomica p\u0119cherzykowa idealnie pasuje do szerokiej gamy spodarek, no\u015bnik\u00f3w i instrument\u00f3w optycznych. Niezale\u017cnie od tego, czy jest u\u017cywana do budowy, pomiar\u00f3w geodezyjnych, czy konserwacji instrument\u00f3w, poziomica p\u0119cherzykowa BL20 zapewnia niezawodn\u0105 precyzj\u0119 niezb\u0119dn\u0105 w codziennej pracy w terenie. Ta wysokiej jako\u015bci poziomica p\u0119cherzykowa idealnie pasuje do szerokiej gamy spodarek, no\u015bnik\u00f3w i instrument\u00f3w optycznych. <a href=\"https:\/\/mountlaser.com\/pl\/about-us\/\">poziomica automatyczna poziomica b\u0105belkowa<\/a> zwi\u0119ksza efektywno\u015b\u0107 pomiar\u00f3w, aby mie\u0107 pewno\u015b\u0107, \u017ce ka\u017cda konfiguracja spe\u0142nia rygorystyczne standardy dok\u0142adno\u015bci.<\/p>","protected":false},"excerpt":{"rendered":"<ul>\n<li>Wysoka precyzja poziomowania \u2013 zapewnia wyra\u017any i czu\u0142y ruch p\u0119cherzyka powietrza, co gwarantuje dok\u0142adne ustawienie poziomic optycznych i automatycznych.<\/li>\n<li>Trwa\u0142a, gotowa do pracy w terenie konstrukcja \u2013 wykonana z solidnych materia\u0142\u00f3w, odpowiednich do wymagaj\u0105cych warunk\u00f3w zewn\u0119trznych i d\u0142ugotrwa\u0142ego u\u017cytkowania sprz\u0119tu.<\/li>\n<li>Szeroka kompatybilno\u015b\u0107 z instrumentami \u2013 zaprojektowana dla urz\u0105dze\u0144 typu NA532, bez problemu pasuje do wi\u0119kszo\u015bci spodarek, no\u015bnik\u00f3w i system\u00f3w niwelacyjnych.<\/li>\n<li>Stabilna i niezawodna wydajno\u015b\u0107 \u2013 zmniejsza ryzyko b\u0142\u0119d\u00f3w ustawie\u0144 i zwi\u0119ksza dok\u0142adno\u015b\u0107 pomiar\u00f3w w zastosowaniach budowlanych, kartograficznych i in\u017cynieryjnych.<\/li>\n<li>\u0141atwa instalacja \u2013 Kompaktowa i lekka konstrukcja umo\u017cliwia szybk\u0105 wymian\u0119 lub integracj\u0119 ze sprz\u0119tem geodezyjnym.<\/li>\n<\/ul>","protected":false},"featured_media":5442,"comment_status":"open","ping_status":"closed","template":"","meta":[],"product_brand":[],"product_cat":[79,153],"product_tag":[],"class_list":{"0":"post-5441","1":"product","2":"type-product","3":"status-publish","4":"has-post-thumbnail","6":"product_cat-surveying-accessory","7":"product_cat-bubble-for-tribrach-carrier-prism","9":"first","10":"instock","11":"shipping-taxable","12":"product-type-simple"},"_links":{"self":[{"href":"https:\/\/mountlaser.com\/pl\/wp-json\/wp\/v2\/product\/5441","targetHints":{"allow":["GET"]}}],"collection":[{"href":"https:\/\/mountlaser.com\/pl\/wp-json\/wp\/v2\/product"}],"about":[{"href":"https:\/\/mountlaser.com\/pl\/wp-json\/wp\/v2\/types\/product"}],"replies":[{"embeddable":true,"href":"https:\/\/mountlaser.com\/pl\/wp-json\/wp\/v2\/comments?post=5441"}],"wp:featuredmedia":[{"embeddable":true,"href":"https:\/\/mountlaser.com\/pl\/wp-json\/wp\/v2\/media\/5442"}],"wp:attachment":[{"href":"https:\/\/mountlaser.com\/pl\/wp-json\/wp\/v2\/media?parent=5441"}],"wp:term":[{"taxonomy":"product_brand","embeddable":true,"href":"https:\/\/mountlaser.com\/pl\/wp-json\/wp\/v2\/product_brand?post=5441"},{"taxonomy":"product_cat","embeddable":true,"href":"https:\/\/mountlaser.com\/pl\/wp-json\/wp\/v2\/product_cat?post=5441"},{"taxonomy":"product_tag","embeddable":true,"href":"https:\/\/mountlaser.com\/pl\/wp-json\/wp\/v2\/product_tag?post=5441"}],"curies":[{"name":"wp","href":"https:\/\/api.w.org\/{rel}","templated":true}]}}