{"id":5435,"date":"2025-12-05T02:40:20","date_gmt":"2025-12-05T02:40:20","guid":{"rendered":"https:\/\/mountlaser.com\/?post_type=product&#038;p=5435"},"modified":"2025-12-05T02:40:20","modified_gmt":"2025-12-05T02:40:20","slug":"bl07-surveying-instrument-bubble-level","status":"publish","type":"product","link":"https:\/\/mountlaser.com\/pl\/produkt\/bl07-surveying-instrument-bubble-level\/","title":{"rendered":"BL07 Instrument pomiarowy Poziomnica p\u0119cherzykowa"},"content":{"rendered":"<p>Ten <a href=\"https:\/\/mountlaser.com\/pl\/\"><strong>Cyfrowa poziomica b\u0105belkowa<\/strong><\/a> BL07 to urz\u0105dzenie o wysokiej precyzji <a href=\"https:\/\/mountlaser.com\/pl\/kategoria-produktu\/surveying-accessory\/\"><strong>Poziomica p\u0119cherzykowa do instrument\u00f3w geodezyjnych<\/strong><\/a> Zaprojektowana do spodarek, no\u015bnik\u00f3w i system\u00f3w pryzmatycznych u\u017cywanych w profesjonalnych pomiarach geodezyjnych. Zaprojektowana w szwajcarskiej konstrukcji GX, ta cyfrowa poziomnica p\u0119cherzykowa zapewnia wyj\u0105tkow\u0105 dok\u0142adno\u015b\u0107 i stabilno\u015b\u0107, gwarantuj\u0105c idealne wypoziomowanie instrument\u00f3w i wiarygodne pomiary terenowe.<\/p>\n<p><img fetchpriority=\"high\" decoding=\"async\" class=\"aligncenter wp-image-5437\" src=\"https:\/\/mountlaser.com\/wp-content\/uploads\/2025\/12\/BL072.webp\" alt=\"Digital bubble level\" width=\"500\" height=\"500\" srcset=\"https:\/\/mountlaser.com\/wp-content\/uploads\/2025\/12\/BL072.webp 1000w, https:\/\/mountlaser.com\/wp-content\/uploads\/2025\/12\/BL072-300x300.webp 300w, https:\/\/mountlaser.com\/wp-content\/uploads\/2025\/12\/BL072-150x150.webp 150w, https:\/\/mountlaser.com\/wp-content\/uploads\/2025\/12\/BL072-768x768.webp 768w, https:\/\/mountlaser.com\/wp-content\/uploads\/2025\/12\/BL072-12x12.webp 12w, https:\/\/mountlaser.com\/wp-content\/uploads\/2025\/12\/BL072-600x600.webp 600w, https:\/\/mountlaser.com\/wp-content\/uploads\/2025\/12\/BL072-800x800.webp 800w, https:\/\/mountlaser.com\/wp-content\/uploads\/2025\/12\/BL072-400x400.webp 400w\" sizes=\"(max-width: 500px) 100vw, 500px\" \/><\/p>\n<p>Jako wszechstronny instrument geodezyjny, poziomnica p\u0119cherzykowa idealnie integruje si\u0119 z tachimetrami, pryzmatami i innymi akcesoriami geodezyjnymi, gdzie precyzyjne poziomowanie jest kluczowe. Zaprojektowana z my\u015bl\u0105 o trwa\u0142o\u015bci i dok\u0142adno\u015bci, BL07 oferuje geodetom niezawodne i niezawodne rozwi\u0105zanie. <a href=\"https:\/\/mountlaser.com\/pl\/about-us\/\">Cyfrowa poziomica b\u0105belkowa<\/a> rozwi\u0105zanie dla wymagaj\u0105cych warunk\u00f3w na budowie.<\/p>","protected":false},"excerpt":{"rendered":"<ul>\n<li>Wysoka precyzja poziomowania \u2013 zapewnia dok\u0142adne ustawienie instrument\u00f3w pomiarowych, co zwi\u0119ksza niezawodno\u015b\u0107 pomiar\u00f3w.<\/li>\n<li>Szwajcarska konstrukcja GX \u2013 zaawansowana konstrukcja zapewniaj\u0105ca zwi\u0119kszon\u0105 czu\u0142o\u015b\u0107 i stabilno\u015b\u0107 w zastosowaniach profesjonalnych.<\/li>\n<li>Szeroka kompatybilno\u015b\u0107 \u2013 wsp\u00f3\u0142pracuje z podstawkami, no\u015bnymi, pryzmatami i wieloma instrumentami geodezyjnymi.<\/li>\n<li>Trwa\u0142a konstrukcja \u2013 Zaprojektowane tak, aby wytrzyma\u0107 trudne warunki terenowe, zapewniaj\u0105c jednocze\u015bnie sp\u00f3jn\u0105 kalibracj\u0119.<\/li>\n<li>Przejrzyste odniesienie wizualne \u2013 umo\u017cliwia szybkie i intuicyjne odczyty p\u0119cherzyk\u00f3w powietrza, skracaj\u0105c czas konfiguracji.<\/li>\n<\/ul>","protected":false},"featured_media":5437,"comment_status":"open","ping_status":"closed","template":"","meta":[],"product_brand":[],"product_cat":[79,153],"product_tag":[],"class_list":{"0":"post-5435","1":"product","2":"type-product","3":"status-publish","4":"has-post-thumbnail","6":"product_cat-surveying-accessory","7":"product_cat-bubble-for-tribrach-carrier-prism","9":"first","10":"instock","11":"shipping-taxable","12":"product-type-simple"},"_links":{"self":[{"href":"https:\/\/mountlaser.com\/pl\/wp-json\/wp\/v2\/product\/5435","targetHints":{"allow":["GET"]}}],"collection":[{"href":"https:\/\/mountlaser.com\/pl\/wp-json\/wp\/v2\/product"}],"about":[{"href":"https:\/\/mountlaser.com\/pl\/wp-json\/wp\/v2\/types\/product"}],"replies":[{"embeddable":true,"href":"https:\/\/mountlaser.com\/pl\/wp-json\/wp\/v2\/comments?post=5435"}],"wp:featuredmedia":[{"embeddable":true,"href":"https:\/\/mountlaser.com\/pl\/wp-json\/wp\/v2\/media\/5437"}],"wp:attachment":[{"href":"https:\/\/mountlaser.com\/pl\/wp-json\/wp\/v2\/media?parent=5435"}],"wp:term":[{"taxonomy":"product_brand","embeddable":true,"href":"https:\/\/mountlaser.com\/pl\/wp-json\/wp\/v2\/product_brand?post=5435"},{"taxonomy":"product_cat","embeddable":true,"href":"https:\/\/mountlaser.com\/pl\/wp-json\/wp\/v2\/product_cat?post=5435"},{"taxonomy":"product_tag","embeddable":true,"href":"https:\/\/mountlaser.com\/pl\/wp-json\/wp\/v2\/product_tag?post=5435"}],"curies":[{"name":"wp","href":"https:\/\/api.w.org\/{rel}","templated":true}]}}