{"id":543,"date":"2024-03-28T08:13:14","date_gmt":"2024-03-28T08:13:14","guid":{"rendered":"https:\/\/startersites.io\/blocksy\/pottery\/?post_type=product&#038;p=543"},"modified":"2025-12-01T02:32:34","modified_gmt":"2025-12-01T02:32:34","slug":"ma-dh32-dh36-optical-style-auto-level","status":"publish","type":"product","link":"https:\/\/mountlaser.com\/pl\/produkt\/ma-dh32-dh36-optical-style-auto-level\/","title":{"rendered":"MA-DH32\/DH36 Optyczny styl automatycznej poziomicy"},"content":{"rendered":"<p>Ten <strong><a href=\"https:\/\/mountlaser.com\/pl\/\">MA-DH32\/DH36 Optyczne automatyczne poziomowanie<\/a><\/strong> Urz\u0105dzenia firmy Mountlaser reprezentuj\u0105 now\u0105 generacj\u0119 precyzyjnego optycznego sprz\u0119tu do niwelacji, zaprojektowanego dla geodet\u00f3w wymagaj\u0105cych bezkompromisowej dok\u0142adno\u015bci i niezawodno\u015bci. Modele te zosta\u0142y zaprojektowane jako wysokiej jako\u015bci niwelatory automatyczne, dost\u0119pne w sprzeda\u017cy, \u0142\u0105cz\u0105c klasyczn\u0105 doskona\u0142o\u015b\u0107 optyczn\u0105 z solidn\u0105, nowoczesn\u0105 konstrukcj\u0105.<br \/>\nAutomatyczne niwelatory optyczne MA-DH32\/DH36. Oferuj\u0105c powi\u0119kszenie 32x (MA-DH32) lub 36x (MA-DH36) z lunetami z obrazem prostym, zapewniaj\u0105 ostry obraz bez zniekszta\u0142ce\u0144 nawet na du\u017ce odleg\u0142o\u015bci. Dzi\u0119ki niezwykle precyzyjnemu kompensatorowi t\u0142umienia drga\u0144 i odchyleniu standardowemu wynosz\u0105cemu zaledwie 1,0 mm na km podw\u00f3jnego przebiegu, instrumenty te s\u0105 przeznaczone do wymagaj\u0105cych zastosowa\u0144, takich jak tyczenie budowlane, pomiary topograficzne i niwelacje in\u017cynieryjne.<\/p>\n<p>Solidna obudowa posiada klas\u0119 wodoodporno\u015bci IP66, co gwarantuje niezawodn\u0105 prac\u0119 w trudnych warunkach na placu budowy. Jako zaufany dostawca<a href=\"https:\/\/mountlaser.com\/pl\/kategoria-produktu\/surveying-instrument\/automatic-level\/\"><strong> optyczny sprz\u0119t do pomiaru poziomu<\/strong><\/a>, Firma Mountlaser gwarantuje kalibracj\u0119 ka\u017cdego urz\u0105dzenia zgodnie z najwy\u017cszymi standardami. Dla profesjonalist\u00f3w poszukuj\u0105cych wysokiej jako\u015bci niwelator\u00f3w automatycznych na sprzeda\u017c, serie MA-DH32 i MA-DH36 oferuj\u0105 wyj\u0105tkow\u0105 trwa\u0142o\u015b\u0107, precyzj\u0119 i warto\u015b\u0107 \u2013 co czyni je idealn\u0105 inwestycj\u0105 w ka\u017cdy zestaw narz\u0119dzi geodezyjnych.<\/p>\n<p>&nbsp;<\/p>\n<p><img fetchpriority=\"high\" decoding=\"async\" class=\"aligncenter wp-image-1896\" src=\"https:\/\/mountlaser.com\/wp-content\/uploads\/2024\/03\/MA-DH328.webp\" alt=\"Optical Level Surveying Equipment\" width=\"500\" height=\"500\" srcset=\"https:\/\/mountlaser.com\/wp-content\/uploads\/2024\/03\/MA-DH328.webp 1000w, https:\/\/mountlaser.com\/wp-content\/uploads\/2024\/03\/MA-DH328-300x300.webp 300w, https:\/\/mountlaser.com\/wp-content\/uploads\/2024\/03\/MA-DH328-400x400.webp 400w, https:\/\/mountlaser.com\/wp-content\/uploads\/2024\/03\/MA-DH328-800x800.webp 800w, https:\/\/mountlaser.com\/wp-content\/uploads\/2024\/03\/MA-DH328-600x600.webp 600w, https:\/\/mountlaser.com\/wp-content\/uploads\/2024\/03\/MA-DH328-150x150.webp 150w, https:\/\/mountlaser.com\/wp-content\/uploads\/2024\/03\/MA-DH328-768x768.webp 768w, https:\/\/mountlaser.com\/wp-content\/uploads\/2024\/03\/MA-DH328-12x12.webp 12w\" sizes=\"(max-width: 500px) 100vw, 500px\" \/><\/p>\n<p><strong><a href=\"https:\/\/mountlaser.com\/pl\/contact-us\/\">Styl optyczny, automatyczne poziomowanie<\/a> Specyfikacje<\/strong><\/p>\n<table style=\"border-collapse: collapse; width: 810.77pt;\" border=\"0\" width=\"1081\" cellspacing=\"0\" cellpadding=\"0\">\n<tbody>\n<tr style=\"height: 14.25pt;\">\n<td class=\"et2\" style=\"height: 14.25pt; width: 322.50pt;\" width=\"430\" height=\"19\">Numer modelu.<\/td>\n<td class=\"et2\" style=\"width: 141.00pt;\" width=\"188\">MA-DH32<\/td>\n<td class=\"et2\" style=\"width: 88.50pt;\" width=\"118\">MA-DH36<\/td>\n<td class=\"et2\" style=\"width: 82.50pt;\" width=\"110\">MA-DH32L<\/td>\n<td class=\"et3\" style=\"width: 176.25pt;\" width=\"235\">MA-DH36L<\/td>\n<\/tr>\n<tr style=\"height: 14.25pt;\">\n<td class=\"et2\" style=\"height: 14.25pt;\" height=\"19\">Odleg\u0142o\u015b\u0107 robocza<\/td>\n<td class=\"et4\" colspan=\"4\">60m<\/td>\n<\/tr>\n<tr style=\"height: 14.25pt;\">\n<td class=\"et2\" style=\"height: 14.25pt;\" height=\"19\">Odchylenie standardowe dla biegu podw\u00f3jnego na dystansie 1 km<\/td>\n<td class=\"et4\" colspan=\"4\">1,0 mm<\/td>\n<\/tr>\n<tr style=\"height: 14.25pt;\">\n<td class=\"et2\" style=\"height: 14.25pt;\" height=\"19\">Powi\u0119kszenie teleskopu<\/td>\n<td class=\"et2\">32X<\/td>\n<td class=\"et2\">36X<\/td>\n<td class=\"et2\">32X<\/td>\n<td class=\"et3\">36X<\/td>\n<\/tr>\n<tr style=\"height: 14.25pt;\">\n<td class=\"et2\" style=\"height: 14.25pt;\" height=\"19\">Obraz teleskopu<\/td>\n<td class=\"et4\" colspan=\"4\">Wyprostowany<\/td>\n<\/tr>\n<tr style=\"height: 14.25pt;\">\n<td class=\"et2\" style=\"height: 14.25pt;\" height=\"19\">Najkr\u00f3tsza odleg\u0142o\u015b\u0107 ogniskowania<\/td>\n<td class=\"et4\" colspan=\"4\">0,4 m<\/td>\n<\/tr>\n<tr style=\"height: 14.25pt;\">\n<td class=\"et2\" style=\"height: 14.25pt;\" height=\"19\">Wy\u015bwietl b\u0142\u0105d odleg\u0142o\u015bci<\/td>\n<td class=\"et4\" colspan=\"4\">\u2264\u00b10,4%<\/td>\n<\/tr>\n<tr style=\"height: 14.25pt;\">\n<td class=\"et2\" style=\"height: 14.25pt;\" height=\"19\">Efektywny rozmiar apertury obiektywu<\/td>\n<td class=\"et4\" colspan=\"4\">42 mm<\/td>\n<\/tr>\n<tr style=\"height: 14.25pt;\">\n<td class=\"et2\" style=\"height: 14.25pt;\" height=\"19\">B\u0142\u0105d ustawiania ostro\u015bci<\/td>\n<td class=\"et4\" colspan=\"4\">\u22641 mm<\/td>\n<\/tr>\n<tr style=\"height: 14.25pt;\">\n<td class=\"et2\" style=\"height: 14.25pt;\" height=\"19\">Typ kompensatora<\/td>\n<td class=\"et4\" colspan=\"4\">Zawieszenie drutowe w kszta\u0142cie litery X z t\u0142umieniem magnetycznym<\/td>\n<\/tr>\n<tr style=\"height: 14.25pt;\">\n<td class=\"et2\" style=\"height: 14.25pt;\" height=\"19\">Kompensacja b\u0142\u0119du<\/td>\n<td class=\"et4\" colspan=\"4\">\u22640,2\u2033<\/td>\n<\/tr>\n<tr style=\"height: 14.25pt;\">\n<td class=\"et2\" style=\"height: 14.25pt;\" height=\"19\">Siatka przyrz\u0105du<\/td>\n<td class=\"et4\" colspan=\"4\">Kszta\u0142t klina<\/td>\n<\/tr>\n<tr style=\"height: 14.25pt;\">\n<td class=\"et2\" style=\"height: 14.25pt;\" height=\"19\">Dok\u0142adno\u015b\u0107 ustawie\u0144<\/td>\n<td class=\"et4\" colspan=\"4\">\u00b10,3\u2033<\/td>\n<\/tr>\n<tr style=\"height: 14.25pt;\">\n<td class=\"et2\" style=\"height: 14.25pt;\" height=\"19\">Wodoodporny i py\u0142oszczelny<\/td>\n<td class=\"et4\" colspan=\"4\">Wodoodporno\u015b\u0107 IP66 na wysokim poziomie<\/td>\n<\/tr>\n<tr style=\"height: 14.25pt;\">\n<td class=\"et2\" style=\"height: 14.25pt;\" height=\"19\">Standardowe akcesorium<\/td>\n<td class=\"et4\" colspan=\"4\">Pion r\u0119czny, trzpie\u0144 regulacyjny, obudowa plastikowa<\/td>\n<\/tr>\n<tr style=\"height: 14.25pt;\">\n<td class=\"et2\" style=\"height: 14.25pt;\" height=\"19\">D\u0142ugo\u015b\u0107 fali lasera<\/td>\n<td class=\"et7\" style=\"border-right: .5pt solid #000000;\" colspan=\"2\">\u2014<\/td>\n<td class=\"et4\" colspan=\"2\">Czerwona wi\u0105zka 635 nm<\/td>\n<\/tr>\n<tr style=\"height: 14.25pt;\">\n<td class=\"et2\" style=\"height: 14.25pt;\" height=\"19\">Efektywny zasi\u0119g<\/td>\n<td class=\"et7\" style=\"border-right: .5pt solid #000000;\" colspan=\"2\">\u2014<\/td>\n<td class=\"et7\" style=\"border-right: .5pt solid #000000;\" colspan=\"2\">200m (noc)<\/td>\n<\/tr>\n<tr style=\"height: 14.25pt;\">\n<td class=\"et2\" style=\"height: 14.25pt;\" height=\"19\">Rozmiar plamki<\/td>\n<td class=\"et7\" style=\"border-right: .5pt solid #000000;\" colspan=\"2\">\u2014<\/td>\n<td class=\"et7\" style=\"border-right: .5pt solid #000000;\" colspan=\"2\">5 mm\/100 m<\/td>\n<\/tr>\n<tr style=\"height: 14.25pt;\">\n<td class=\"et2\" style=\"height: 14.25pt;\" height=\"19\">\u015arodek plamki i odchylenie osi widzenia<\/td>\n<td class=\"et7\" style=\"border-right: .5pt solid #000000;\" colspan=\"2\">\u2014<\/td>\n<td class=\"et7\" style=\"border-right: .5pt solid #000000;\" colspan=\"2\">5 cali<\/td>\n<\/tr>\n<tr style=\"height: 14.25pt;\">\n<td class=\"et2\" style=\"height: 14.25pt;\" height=\"19\">Powar<\/td>\n<td class=\"et7\" style=\"border-right: .5pt solid #000000;\" colspan=\"2\">\u2014<\/td>\n<td class=\"et7\" style=\"border-right: .5pt solid #000000;\" colspan=\"2\">Akumulator litowo-jonowy 3,7 V 2000 mAh<\/td>\n<\/tr>\n<tr style=\"height: 14.25pt;\">\n<td class=\"et2\" style=\"height: 14.25pt;\" height=\"19\">Typ z\u0142\u0105cza<\/td>\n<td class=\"et7\" style=\"border-right: .5pt solid #000000;\" colspan=\"2\">\u2014<\/td>\n<td class=\"et7\" style=\"border-right: .5pt solid #000000;\" colspan=\"2\">Typ C<\/td>\n<\/tr>\n<tr style=\"height: 14.25pt;\">\n<td class=\"et2\" style=\"height: 14.25pt;\" height=\"19\">Czas pracy<\/td>\n<td class=\"et7\" style=\"border-right: .5pt solid #000000;\" colspan=\"2\">\u2014<\/td>\n<td class=\"et7\" style=\"border-right: .5pt solid #000000;\" colspan=\"2\">&gt;70 godzin<\/td>\n<\/tr>\n<tr style=\"height: 14.25pt;\">\n<td class=\"et2\" style=\"height: 14.25pt;\" height=\"19\">Temperatura pracy<\/td>\n<td class=\"et7\" style=\"border-right: .5pt solid #000000;\" colspan=\"2\">\u2014<\/td>\n<td class=\"et7\" style=\"border-right: .5pt solid #000000;\" colspan=\"2\">-10\u2103-+60\u2103<\/td>\n<\/tr>\n<tr style=\"height: 14.25pt;\">\n<td class=\"et10\" style=\"height: 14.25pt;\" height=\"19\">Waga netto<\/td>\n<td class=\"et4\" colspan=\"4\">1,85 kg<\/td>\n<\/tr>\n<\/tbody>\n<\/table>","protected":false},"excerpt":{"rendered":"<ul>\n<li>Automatyczne niwelatory optyczne MA-DH32\/DH36 zapewniaj\u0105 profesjonaln\u0105 wydajno\u015b\u0107 w szerokim zakresie zada\u0144 geodezyjnych.<\/li>\n<li>Jako wysoce precyzyjny optyczny sprz\u0119t do pomiaru poziomu<\/li>\n<li>S\u0105 wytrzyma\u0142e i przyjazne dla u\u017cytkownika, oferuj\u0105c wyj\u0105tkowo korzystn\u0105 cen\u0119 jako wysokiej jako\u015bci poziomice samochodowe dost\u0119pne na sprzeda\u017c.<\/li>\n<\/ul>","protected":false},"featured_media":1894,"comment_status":"open","ping_status":"closed","template":"","meta":[],"product_brand":[],"product_cat":[15,140],"product_tag":[],"class_list":{"0":"post-543","1":"product","2":"type-product","3":"status-publish","4":"has-post-thumbnail","6":"product_cat-surveying-instrument","7":"product_cat-automatic-level","9":"first","10":"instock","11":"shipping-taxable","12":"product-type-simple"},"_links":{"self":[{"href":"https:\/\/mountlaser.com\/pl\/wp-json\/wp\/v2\/product\/543","targetHints":{"allow":["GET"]}}],"collection":[{"href":"https:\/\/mountlaser.com\/pl\/wp-json\/wp\/v2\/product"}],"about":[{"href":"https:\/\/mountlaser.com\/pl\/wp-json\/wp\/v2\/types\/product"}],"replies":[{"embeddable":true,"href":"https:\/\/mountlaser.com\/pl\/wp-json\/wp\/v2\/comments?post=543"}],"wp:featuredmedia":[{"embeddable":true,"href":"https:\/\/mountlaser.com\/pl\/wp-json\/wp\/v2\/media\/1894"}],"wp:attachment":[{"href":"https:\/\/mountlaser.com\/pl\/wp-json\/wp\/v2\/media?parent=543"}],"wp:term":[{"taxonomy":"product_brand","embeddable":true,"href":"https:\/\/mountlaser.com\/pl\/wp-json\/wp\/v2\/product_brand?post=543"},{"taxonomy":"product_cat","embeddable":true,"href":"https:\/\/mountlaser.com\/pl\/wp-json\/wp\/v2\/product_cat?post=543"},{"taxonomy":"product_tag","embeddable":true,"href":"https:\/\/mountlaser.com\/pl\/wp-json\/wp\/v2\/product_tag?post=543"}],"curies":[{"name":"wp","href":"https:\/\/api.w.org\/{rel}","templated":true}]}}