{"id":541,"date":"2024-03-28T08:11:43","date_gmt":"2024-03-28T08:11:43","guid":{"rendered":"https:\/\/startersites.io\/blocksy\/pottery\/?post_type=product&#038;p=541"},"modified":"2025-12-01T02:38:10","modified_gmt":"2025-12-01T02:38:10","slug":"ma-e32-auto-level","status":"publish","type":"product","link":"https:\/\/mountlaser.com\/pl\/produkt\/ma-e32-auto-level\/","title":{"rendered":"MA-E32 Autopoziomowanie"},"content":{"rendered":"<p>Ten <a href=\"https:\/\/mountlaser.com\/pl\/\"><strong>MA-E32 Autopoziomowanie<\/strong><\/a> Zosta\u0142 zaprojektowany z my\u015bl\u0105 o profesjonalistach, kt\u00f3rzy wymagaj\u0105 wyj\u0105tkowej precyzji i wytrzyma\u0142o\u015bci w automatycznych pomiarach niwelacyjnych. Wyposa\u017cony w japo\u0144ski kompensator zapewniaj\u0105cy doskona\u0142\u0105 stabilno\u015b\u0107, ten instrument zapewnia niezawodn\u0105 prac\u0119 nawet w trudnych warunkach. Dzi\u0119ki 32-krotnemu powi\u0119kszeniu, teleskopowi z obrazem prostym i imponuj\u0105cemu odchyleniu standardowemu 1,0 mm na km w przypadku podw\u00f3jnego niwelatora, MA-E32 zapewnia dok\u0142adne pomiary w budownictwie, in\u017cynierii i geodezji. Dzi\u0119ki wysokiej klasie wodoodporno\u015bci i py\u0142oszczelno\u015bci IP66 jest to jeden z najsolidniejszych dost\u0119pnych na rynku automatycznych niwelator\u00f3w geodezyjnych, zdolny do pracy w trudnych warunkach, w kt\u00f3rych inne urz\u0105dzenia mog\u0105 zawie\u015b\u0107.<\/p>\n<p>Ten model jest przyk\u0142adem zaawansowanego <a href=\"https:\/\/mountlaser.com\/pl\/kategoria-produktu\/surveying-instrument\/automatic-level\/\"><strong>automatyczne pomiary poziomu<\/strong><\/a> Technologia ta wykorzystuje kompensator magnetyczno-t\u0142umi\u0105cy z zawieszeniem drutowym w kszta\u0142cie litery X, charakteryzuj\u0105cy si\u0119 b\u0142\u0119dem \u22640,4 cala, co umo\u017cliwia szybk\u0105 i precyzyjn\u0105 konfiguracj\u0119. Dla geodet\u00f3w poszukuj\u0105cych wydajnych automatycznych niwelator\u00f3w geodezyjnych, MA-E32 oferuje idealn\u0105 r\u00f3wnowag\u0119 mi\u0119dzy przejrzysto\u015bci\u0105 optyczn\u0105, wytrzyma\u0142o\u015bci\u0105 i \u0142atwo\u015bci\u0105 obs\u0142ugi, co czyni go idealnym wyborem do projekt\u00f3w o krytycznym znaczeniu.<\/p>\n<p><img fetchpriority=\"high\" decoding=\"async\" class=\"aligncenter wp-image-1900\" src=\"https:\/\/mountlaser.com\/wp-content\/uploads\/2024\/03\/MA-E325.webp\" alt=\"Automatic level surveying\" width=\"500\" height=\"500\" srcset=\"https:\/\/mountlaser.com\/wp-content\/uploads\/2024\/03\/MA-E325.webp 1000w, https:\/\/mountlaser.com\/wp-content\/uploads\/2024\/03\/MA-E325-300x300.webp 300w, https:\/\/mountlaser.com\/wp-content\/uploads\/2024\/03\/MA-E325-400x400.webp 400w, https:\/\/mountlaser.com\/wp-content\/uploads\/2024\/03\/MA-E325-800x800.webp 800w, https:\/\/mountlaser.com\/wp-content\/uploads\/2024\/03\/MA-E325-600x600.webp 600w, https:\/\/mountlaser.com\/wp-content\/uploads\/2024\/03\/MA-E325-150x150.webp 150w, https:\/\/mountlaser.com\/wp-content\/uploads\/2024\/03\/MA-E325-768x768.webp 768w, https:\/\/mountlaser.com\/wp-content\/uploads\/2024\/03\/MA-E325-12x12.webp 12w\" sizes=\"(max-width: 500px) 100vw, 500px\" \/><\/p>\n<p>&nbsp;<\/p>\n<p><strong><a href=\"https:\/\/mountlaser.com\/pl\/about-us\/\">MA-E32 Autopoziomowanie<\/a> Specyfikacje<\/strong><\/p>\n<table style=\"border-collapse: collapse; width: 631.52pt;\" border=\"0\" width=\"842\" cellspacing=\"0\" cellpadding=\"0\">\n<tbody>\n<tr style=\"height: 14.25pt;\">\n<td class=\"et2\" style=\"height: 14.25pt; width: 322.50pt;\" width=\"430\" height=\"19\">Numer modelu.<\/td>\n<td class=\"et3\" style=\"width: 309.00pt;\" width=\"412\">MA-E32<\/td>\n<\/tr>\n<tr style=\"height: 14.25pt;\">\n<td class=\"et4\" style=\"height: 14.25pt;\" height=\"19\">Odleg\u0142o\u015b\u0107 robocza<\/td>\n<td class=\"et5\">60m<\/td>\n<\/tr>\n<tr style=\"height: 14.25pt;\">\n<td class=\"et4\" style=\"height: 14.25pt;\" height=\"19\">Odchylenie standardowe dla biegu podw\u00f3jnego na dystansie 1 km<\/td>\n<td class=\"et5\">1,0 mm<\/td>\n<\/tr>\n<tr style=\"height: 14.25pt;\">\n<td class=\"et4\" style=\"height: 14.25pt;\" height=\"19\">Powi\u0119kszenie teleskopu<\/td>\n<td class=\"et5\">32X<\/td>\n<\/tr>\n<tr style=\"height: 14.25pt;\">\n<td class=\"et4\" style=\"height: 14.25pt;\" height=\"19\">Obraz teleskopu<\/td>\n<td class=\"et5\">Wyprostowany<\/td>\n<\/tr>\n<tr style=\"height: 14.25pt;\">\n<td class=\"et4\" style=\"height: 14.25pt;\" height=\"19\">Najkr\u00f3tsza odleg\u0142o\u015b\u0107 ogniskowania<\/td>\n<td class=\"et5\">0,5 m<\/td>\n<\/tr>\n<tr style=\"height: 14.25pt;\">\n<td class=\"et4\" style=\"height: 14.25pt;\" height=\"19\">Wy\u015bwietl b\u0142\u0105d odleg\u0142o\u015bci<\/td>\n<td class=\"et5\">\u2264\u00b10,4%<\/td>\n<\/tr>\n<tr style=\"height: 14.25pt;\">\n<td class=\"et4\" style=\"height: 14.25pt;\" height=\"19\">Efektywny rozmiar apertury obiektywu<\/td>\n<td class=\"et5\">36 mm<\/td>\n<\/tr>\n<tr style=\"height: 14.25pt;\">\n<td class=\"et4\" style=\"height: 14.25pt;\" height=\"19\">B\u0142\u0105d ustawiania ostro\u015bci<\/td>\n<td class=\"et5\">\u22641 mm<\/td>\n<\/tr>\n<tr style=\"height: 14.25pt;\">\n<td class=\"et4\" style=\"height: 14.25pt;\" height=\"19\">Typ kompensatora<\/td>\n<td class=\"et5\">Zawieszenie drutowe w kszta\u0142cie litery X z t\u0142umieniem magnetycznym<\/td>\n<\/tr>\n<tr style=\"height: 14.25pt;\">\n<td class=\"et4\" style=\"height: 14.25pt;\" height=\"19\">Kompensacja b\u0142\u0119du<\/td>\n<td class=\"et5\">\u22640,4\u201d<\/td>\n<\/tr>\n<tr style=\"height: 14.25pt;\">\n<td class=\"et4\" style=\"height: 14.25pt;\" height=\"19\">Siatka przyrz\u0105du<\/td>\n<td class=\"et5\">Kszta\u0142t klina<\/td>\n<\/tr>\n<tr style=\"height: 14.25pt;\">\n<td class=\"et4\" style=\"height: 14.25pt;\" height=\"19\">Dok\u0142adno\u015b\u0107 ustawie\u0144<\/td>\n<td class=\"et5\">\u00b10,3\u201d<\/td>\n<\/tr>\n<tr style=\"height: 14.25pt;\">\n<td class=\"et4\" style=\"height: 14.25pt;\" height=\"19\">Wodoodporny i py\u0142oszczelny<\/td>\n<td class=\"et5\">Wodoodporno\u015b\u0107 IP66 na wysokim poziomie<\/td>\n<\/tr>\n<tr style=\"height: 14.25pt;\">\n<td class=\"et4\" style=\"height: 14.25pt;\" height=\"19\">Standardowe akcesorium<\/td>\n<td class=\"et5\">Pion, r\u0119czny, trzpie\u0144 regulacyjny, obudowa plastikowa<\/td>\n<\/tr>\n<tr style=\"height: 14.25pt;\">\n<td class=\"et6\" style=\"height: 14.25pt;\" height=\"19\">Waga netto<\/td>\n<td class=\"et7\">1,7 kg<\/td>\n<\/tr>\n<\/tbody>\n<\/table>","protected":false},"excerpt":{"rendered":"<ul>\n<li>Wysokiej precyzji optyka: teleskop o powi\u0119kszeniu 32x i b\u0142\u0119dzie odleg\u0142o\u015bci widzenia \u2264\u00b10,4%.<\/li>\n<li>Zaawansowany kompensator: system t\u0142umienia magnetycznego z zawieszeniem drutowym w kszta\u0142cie litery X (b\u0142\u0105d \u22640,4\u201d).<\/li>\n<li>Ergonomiczna konstrukcja: w zestawie ci\u0119\u017carek pionu, instrukcja obs\u0142ugi, sworze\u0144 regulacyjny i etui zwi\u0119kszaj\u0105ce wydajno\u015b\u0107 w terenie.<\/li>\n<\/ul>","protected":false},"featured_media":1898,"comment_status":"open","ping_status":"closed","template":"","meta":[],"product_brand":[],"product_cat":[15,140],"product_tag":[],"class_list":{"0":"post-541","1":"product","2":"type-product","3":"status-publish","4":"has-post-thumbnail","6":"product_cat-surveying-instrument","7":"product_cat-automatic-level","9":"first","10":"instock","11":"shipping-taxable","12":"product-type-simple"},"_links":{"self":[{"href":"https:\/\/mountlaser.com\/pl\/wp-json\/wp\/v2\/product\/541","targetHints":{"allow":["GET"]}}],"collection":[{"href":"https:\/\/mountlaser.com\/pl\/wp-json\/wp\/v2\/product"}],"about":[{"href":"https:\/\/mountlaser.com\/pl\/wp-json\/wp\/v2\/types\/product"}],"replies":[{"embeddable":true,"href":"https:\/\/mountlaser.com\/pl\/wp-json\/wp\/v2\/comments?post=541"}],"wp:featuredmedia":[{"embeddable":true,"href":"https:\/\/mountlaser.com\/pl\/wp-json\/wp\/v2\/media\/1898"}],"wp:attachment":[{"href":"https:\/\/mountlaser.com\/pl\/wp-json\/wp\/v2\/media?parent=541"}],"wp:term":[{"taxonomy":"product_brand","embeddable":true,"href":"https:\/\/mountlaser.com\/pl\/wp-json\/wp\/v2\/product_brand?post=541"},{"taxonomy":"product_cat","embeddable":true,"href":"https:\/\/mountlaser.com\/pl\/wp-json\/wp\/v2\/product_cat?post=541"},{"taxonomy":"product_tag","embeddable":true,"href":"https:\/\/mountlaser.com\/pl\/wp-json\/wp\/v2\/product_tag?post=541"}],"curies":[{"name":"wp","href":"https:\/\/api.w.org\/{rel}","templated":true}]}}