{"id":5400,"date":"2025-12-05T00:57:10","date_gmt":"2025-12-05T00:57:10","guid":{"rendered":"https:\/\/mountlaser.com\/?post_type=product&#038;p=5400"},"modified":"2025-12-05T01:44:11","modified_gmt":"2025-12-05T01:44:11","slug":"bl21-series-prism-bubble-level","status":"publish","type":"product","link":"https:\/\/mountlaser.com\/pl\/produkt\/bl21-series-prism-bubble-level\/","title":{"rendered":"Poziomnica pryzmatyczna serii BL21"},"content":{"rendered":"<p>Ten <a href=\"https:\/\/mountlaser.com\/pl\/products\/\"><strong>Zielony poziom ba\u0144ki<\/strong><\/a>Seria L firmy Mountlaser zosta\u0142a zaprojektowana z my\u015bl\u0105 o precyzyjnym niwelowaniu spodarek, no\u015bnik\u00f3w i szerokiej gamy system\u00f3w pryzmatycznych. Ka\u017cda poziomnica Green Bubble zosta\u0142a zaprojektowana z my\u015bl\u0105 o bezproblemowej integracji, oferuj\u0105c stabilne i dok\u0142adne odczyty niezb\u0119dne do pomiar\u00f3w geodezyjnych. Jako dedykowany <a href=\"https:\/\/mountlaser.com\/pl\/\"><strong>B\u0105bel do pryzmatu<\/strong><\/a> Rozwi\u0105zanie to zapewnia doskona\u0142\u0105 widoczno\u015b\u0107, d\u0142ugoterminow\u0105 trwa\u0142o\u015b\u0107 i niezawodn\u0105 prac\u0119 nawet w wymagaj\u0105cych warunkach terenowych.<\/p>\n<div>\n<table style=\"border-collapse: collapse; width: 309.77pt;\" border=\"0\" width=\"413\" cellspacing=\"0\" cellpadding=\"0\">\n<tbody>\n<tr style=\"height: 14.25pt;\">\n<td class=\"et2\" style=\"height: 14.25pt; width: 99.75pt;\" width=\"133\" height=\"19\">BL21<\/td>\n<td class=\"et3\" style=\"width: 101.25pt;\" width=\"135\">Do Mini Prism MP061<\/td>\n<td style=\"width: 108.75pt;\" width=\"145\"><img fetchpriority=\"high\" decoding=\"async\" class=\"alignnone wp-image-5401\" src=\"https:\/\/mountlaser.com\/wp-content\/uploads\/2025\/12\/BL211.webp\" alt=\"Green Bubble Level\" width=\"500\" height=\"500\" srcset=\"https:\/\/mountlaser.com\/wp-content\/uploads\/2025\/12\/BL211.webp 1000w, https:\/\/mountlaser.com\/wp-content\/uploads\/2025\/12\/BL211-300x300.webp 300w, https:\/\/mountlaser.com\/wp-content\/uploads\/2025\/12\/BL211-150x150.webp 150w, https:\/\/mountlaser.com\/wp-content\/uploads\/2025\/12\/BL211-768x768.webp 768w, https:\/\/mountlaser.com\/wp-content\/uploads\/2025\/12\/BL211-12x12.webp 12w, https:\/\/mountlaser.com\/wp-content\/uploads\/2025\/12\/BL211-600x600.webp 600w, https:\/\/mountlaser.com\/wp-content\/uploads\/2025\/12\/BL211-800x800.webp 800w, https:\/\/mountlaser.com\/wp-content\/uploads\/2025\/12\/BL211-400x400.webp 400w\" sizes=\"(max-width: 500px) 100vw, 500px\" \/><\/td>\n<\/tr>\n<tr style=\"height: 14.25pt;\">\n<td class=\"et2\" style=\"height: 14.25pt;\" height=\"19\">BL31<\/td>\n<td class=\"et3\">Do Mini Prism SP060\/063<\/td>\n<td><img decoding=\"async\" class=\"alignnone wp-image-5407\" src=\"https:\/\/mountlaser.com\/wp-content\/uploads\/2025\/12\/BL312.webp\" alt=\"Green Bubble Level\" width=\"500\" height=\"500\" srcset=\"https:\/\/mountlaser.com\/wp-content\/uploads\/2025\/12\/BL312.webp 1000w, https:\/\/mountlaser.com\/wp-content\/uploads\/2025\/12\/BL312-300x300.webp 300w, https:\/\/mountlaser.com\/wp-content\/uploads\/2025\/12\/BL312-150x150.webp 150w, https:\/\/mountlaser.com\/wp-content\/uploads\/2025\/12\/BL312-768x768.webp 768w, https:\/\/mountlaser.com\/wp-content\/uploads\/2025\/12\/BL312-12x12.webp 12w, https:\/\/mountlaser.com\/wp-content\/uploads\/2025\/12\/BL312-600x600.webp 600w, https:\/\/mountlaser.com\/wp-content\/uploads\/2025\/12\/BL312-800x800.webp 800w, https:\/\/mountlaser.com\/wp-content\/uploads\/2025\/12\/BL312-400x400.webp 400w\" sizes=\"(max-width: 500px) 100vw, 500px\" \/><\/td>\n<\/tr>\n<tr style=\"height: 14.25pt;\">\n<td class=\"et2\" style=\"height: 14.25pt;\" height=\"19\">BL32<\/td>\n<td class=\"et4\">Do Mini Prism SP065<\/td>\n<td><img decoding=\"async\" class=\"alignnone wp-image-5413\" src=\"https:\/\/mountlaser.com\/wp-content\/uploads\/2025\/12\/BL322.webp\" alt=\"Green Bubble Level\" width=\"500\" height=\"500\" srcset=\"https:\/\/mountlaser.com\/wp-content\/uploads\/2025\/12\/BL322.webp 1000w, https:\/\/mountlaser.com\/wp-content\/uploads\/2025\/12\/BL322-300x300.webp 300w, https:\/\/mountlaser.com\/wp-content\/uploads\/2025\/12\/BL322-150x150.webp 150w, https:\/\/mountlaser.com\/wp-content\/uploads\/2025\/12\/BL322-768x768.webp 768w, https:\/\/mountlaser.com\/wp-content\/uploads\/2025\/12\/BL322-12x12.webp 12w, https:\/\/mountlaser.com\/wp-content\/uploads\/2025\/12\/BL322-600x600.webp 600w, https:\/\/mountlaser.com\/wp-content\/uploads\/2025\/12\/BL322-800x800.webp 800w, https:\/\/mountlaser.com\/wp-content\/uploads\/2025\/12\/BL322-400x400.webp 400w\" sizes=\"(max-width: 500px) 100vw, 500px\" \/><\/td>\n<\/tr>\n<tr style=\"height: 14.25pt;\">\n<td class=\"et2\" style=\"height: 14.25pt;\" height=\"19\">BL33<\/td>\n<td class=\"et3\">Do Mini Prism SP066<\/td>\n<td class=\"et5\"><img loading=\"lazy\" decoding=\"async\" class=\"alignnone wp-image-5419\" src=\"https:\/\/mountlaser.com\/wp-content\/uploads\/2025\/12\/BL332.webp\" alt=\"Green Bubble Level\" width=\"500\" height=\"500\" srcset=\"https:\/\/mountlaser.com\/wp-content\/uploads\/2025\/12\/BL332.webp 1000w, https:\/\/mountlaser.com\/wp-content\/uploads\/2025\/12\/BL332-300x300.webp 300w, https:\/\/mountlaser.com\/wp-content\/uploads\/2025\/12\/BL332-150x150.webp 150w, https:\/\/mountlaser.com\/wp-content\/uploads\/2025\/12\/BL332-768x768.webp 768w, https:\/\/mountlaser.com\/wp-content\/uploads\/2025\/12\/BL332-12x12.webp 12w, https:\/\/mountlaser.com\/wp-content\/uploads\/2025\/12\/BL332-600x600.webp 600w, https:\/\/mountlaser.com\/wp-content\/uploads\/2025\/12\/BL332-800x800.webp 800w, https:\/\/mountlaser.com\/wp-content\/uploads\/2025\/12\/BL332-400x400.webp 400w\" sizes=\"(max-width: 500px) 100vw, 500px\" \/><\/td>\n<\/tr>\n<tr style=\"height: 14.25pt;\">\n<td class=\"et2\" style=\"height: 14.25pt;\" height=\"19\">BL34<\/td>\n<td class=\"et3\">Do Mini Prism SP067<\/td>\n<td class=\"et5\"><img loading=\"lazy\" decoding=\"async\" class=\"alignnone wp-image-5423\" src=\"https:\/\/mountlaser.com\/wp-content\/uploads\/2025\/12\/BL341.webp\" alt=\"Green Bubble Level\" width=\"500\" height=\"500\" srcset=\"https:\/\/mountlaser.com\/wp-content\/uploads\/2025\/12\/BL341.webp 1000w, https:\/\/mountlaser.com\/wp-content\/uploads\/2025\/12\/BL341-300x300.webp 300w, https:\/\/mountlaser.com\/wp-content\/uploads\/2025\/12\/BL341-150x150.webp 150w, https:\/\/mountlaser.com\/wp-content\/uploads\/2025\/12\/BL341-768x768.webp 768w, https:\/\/mountlaser.com\/wp-content\/uploads\/2025\/12\/BL341-12x12.webp 12w, https:\/\/mountlaser.com\/wp-content\/uploads\/2025\/12\/BL341-600x600.webp 600w, https:\/\/mountlaser.com\/wp-content\/uploads\/2025\/12\/BL341-800x800.webp 800w, https:\/\/mountlaser.com\/wp-content\/uploads\/2025\/12\/BL341-400x400.webp 400w\" sizes=\"(max-width: 500px) 100vw, 500px\" \/><\/td>\n<\/tr>\n<tr style=\"height: 14.25pt;\">\n<td class=\"et2\" style=\"height: 14.25pt;\" height=\"19\">BL35<\/td>\n<td class=\"et3\">Do Mini Prism SP068<\/td>\n<td><img loading=\"lazy\" decoding=\"async\" class=\"alignnone wp-image-5429\" src=\"https:\/\/mountlaser.com\/wp-content\/uploads\/2025\/12\/BL351.webp\" alt=\"Green Bubble Level\" width=\"500\" height=\"500\" srcset=\"https:\/\/mountlaser.com\/wp-content\/uploads\/2025\/12\/BL351.webp 1000w, https:\/\/mountlaser.com\/wp-content\/uploads\/2025\/12\/BL351-300x300.webp 300w, https:\/\/mountlaser.com\/wp-content\/uploads\/2025\/12\/BL351-150x150.webp 150w, https:\/\/mountlaser.com\/wp-content\/uploads\/2025\/12\/BL351-768x768.webp 768w, https:\/\/mountlaser.com\/wp-content\/uploads\/2025\/12\/BL351-12x12.webp 12w, https:\/\/mountlaser.com\/wp-content\/uploads\/2025\/12\/BL351-600x600.webp 600w, https:\/\/mountlaser.com\/wp-content\/uploads\/2025\/12\/BL351-800x800.webp 800w, https:\/\/mountlaser.com\/wp-content\/uploads\/2025\/12\/BL351-400x400.webp 400w\" sizes=\"(max-width: 500px) 100vw, 500px\" \/><\/td>\n<\/tr>\n<\/tbody>\n<\/table>\n<p>Ka\u017cda zielona poziomica b\u0105belkowa charakteryzuje si\u0119 doskona\u0142\u0105 stabilno\u015bci\u0105 cieczy i wyra\u017anymi oznaczeniami odniesienia, co u\u0142atwia geodetom precyzyjne zorientowanie instrumentu. Niezale\u017cnie od tego, czy jest u\u017cywana jako <a href=\"https:\/\/mountlaser.com\/pl\/contact-us\/\">B\u0105bel do pryzmatu<\/a> lub zainstalowane na spodarkach i no\u015bnikach, te libelki zwi\u0119kszaj\u0105 dok\u0142adno\u015b\u0107 pomiar\u00f3w w zastosowaniach budowlanych, kartograficznych i in\u017cynieryjnych.<\/p>\n<\/div>","protected":false},"excerpt":{"rendered":"<ul>\n<li>Dobrze widoczna zielona poziomica b\u0105belkowa umo\u017cliwia szybkie i precyzyjne poziomowanie w ka\u017cdych warunkach o\u015bwietleniowych, zwi\u0119kszaj\u0105c dok\u0142adno\u015b\u0107 pomiar\u00f3w.<\/li>\n<li>Doskona\u0142a kompatybilno\u015b\u0107 z systemami Bubble for Prism, zaprojektowana tak, aby pasowa\u0107 do wielu modeli minipryzmat\u00f3w, zapewniaj\u0105c bezproblemow\u0105 instalacj\u0119 i stabiln\u0105 prac\u0119.<\/li>\n<li>Trwa\u0142a konstrukcja gwarantuje d\u0142ugoterminow\u0105 stabilno\u015b\u0107 i odporno\u015b\u0107 na warunki terenowe, redukuj\u0105c konieczno\u015b\u0107 konserwacji i gwarantuj\u0105c niezawodne u\u017cytkowanie w profesjonalnych zastosowaniach geodezyjnych.<\/li>\n<\/ul>","protected":false},"featured_media":5405,"comment_status":"open","ping_status":"closed","template":"","meta":[],"product_brand":[],"product_cat":[79,153],"product_tag":[],"class_list":{"0":"post-5400","1":"product","2":"type-product","3":"status-publish","4":"has-post-thumbnail","6":"product_cat-surveying-accessory","7":"product_cat-bubble-for-tribrach-carrier-prism","9":"first","10":"instock","11":"shipping-taxable","12":"product-type-simple"},"_links":{"self":[{"href":"https:\/\/mountlaser.com\/pl\/wp-json\/wp\/v2\/product\/5400","targetHints":{"allow":["GET"]}}],"collection":[{"href":"https:\/\/mountlaser.com\/pl\/wp-json\/wp\/v2\/product"}],"about":[{"href":"https:\/\/mountlaser.com\/pl\/wp-json\/wp\/v2\/types\/product"}],"replies":[{"embeddable":true,"href":"https:\/\/mountlaser.com\/pl\/wp-json\/wp\/v2\/comments?post=5400"}],"wp:featuredmedia":[{"embeddable":true,"href":"https:\/\/mountlaser.com\/pl\/wp-json\/wp\/v2\/media\/5405"}],"wp:attachment":[{"href":"https:\/\/mountlaser.com\/pl\/wp-json\/wp\/v2\/media?parent=5400"}],"wp:term":[{"taxonomy":"product_brand","embeddable":true,"href":"https:\/\/mountlaser.com\/pl\/wp-json\/wp\/v2\/product_brand?post=5400"},{"taxonomy":"product_cat","embeddable":true,"href":"https:\/\/mountlaser.com\/pl\/wp-json\/wp\/v2\/product_cat?post=5400"},{"taxonomy":"product_tag","embeddable":true,"href":"https:\/\/mountlaser.com\/pl\/wp-json\/wp\/v2\/product_tag?post=5400"}],"curies":[{"name":"wp","href":"https:\/\/api.w.org\/{rel}","templated":true}]}}