{"id":538,"date":"2024-03-28T08:06:48","date_gmt":"2024-03-28T08:06:48","guid":{"rendered":"https:\/\/startersites.io\/blocksy\/pottery\/?post_type=product&#038;p=538"},"modified":"2025-12-01T03:22:35","modified_gmt":"2025-12-01T03:22:35","slug":"ma-k32-k40-auto-level","status":"publish","type":"product","link":"https:\/\/mountlaser.com\/pl\/produkt\/ma-k32-k40-auto-level\/","title":{"rendered":"MA-K32\/ K40 Autopoziomowanie"},"content":{"rendered":"<p>Ten <a href=\"https:\/\/mountlaser.com\/pl\/\"><strong>Poziomice automatyczne MA-K32\/K40<\/strong><\/a> Niwelatory automatyczne firmy Mountlaser reprezentuj\u0105 szczyt precyzji in\u017cynieryjnej dla profesjonalnych geodet\u00f3w. Zaprojektowane z japo\u0144skim systemem kompensacji, instrumenty te zapewniaj\u0105 wyj\u0105tkow\u0105 dok\u0142adno\u015b\u0107 z odchyleniem standardowym 1,0 mm na km podw\u00f3jnego pomiaru, co czyni je idealnymi do wymagaj\u0105cych zastosowa\u0144 w budownictwie, in\u017cynierii i geodezji.<br \/>\n<a href=\"https:\/\/mountlaser.com\/pl\/kategoria-produktu\/surveying-instrument\/automatic-level\/\">MA-K32\/ K40 Autopoziomowanie<\/a> Oba modele, z opcjami powi\u0119kszenia 32x (MA-K32) lub 40x (MA-K40), wyposa\u017cone s\u0105 w teleskopy z obrazem prostym oraz zaawansowane kompensatory magnetyczne z zawieszeniem w kszta\u0142cie litery X (b\u0142\u0105d \u22640,4 cala), co zapewnia szybk\u0105 i stabiln\u0105 konfiguracj\u0119 oraz krystalicznie czysty obraz. Wodoodporno\u015b\u0107 IPX6 gwarantuje niezawodno\u015b\u0107 w najtrudniejszych warunkach terenowych, umacniaj\u0105c ich pozycj\u0119 w\u015br\u00f3d najlepszych niwelator\u00f3w automatycznych dost\u0119pnych na rynku.<\/p>\n<p>Zaprojektowane, aby sprosta\u0107 wymaganiom wsp\u00f3\u0142czesnych geodet\u00f3w, te<a href=\"https:\/\/mountlaser.com\/pl\/contact-us\/\"><strong> automatyczne niwelatory geodezyjne<\/strong> <\/a>\u0141\u0105cz\u0105 solidn\u0105 wytrzyma\u0142o\u015b\u0107 z \u0142atw\u0105 obs\u0142ug\u0105. Dla tych, kt\u00f3rzy szukaj\u0105 bezkompromisowej wydajno\u015bci i trwa\u0142o\u015bci w niwelatorach automatycznych, seria MA-K oferuje niezr\u00f3wnan\u0105 warto\u015b\u0107 i precyzj\u0119 w ka\u017cdym wymagaj\u0105cym projekcie.<\/p>\n<p><img fetchpriority=\"high\" decoding=\"async\" class=\"aligncenter wp-image-1907\" src=\"https:\/\/mountlaser.com\/wp-content\/uploads\/2024\/03\/MA-K326.webp\" alt=\"surveyors automatic levels\" width=\"500\" height=\"500\" srcset=\"https:\/\/mountlaser.com\/wp-content\/uploads\/2024\/03\/MA-K326.webp 1000w, https:\/\/mountlaser.com\/wp-content\/uploads\/2024\/03\/MA-K326-300x300.webp 300w, https:\/\/mountlaser.com\/wp-content\/uploads\/2024\/03\/MA-K326-400x400.webp 400w, https:\/\/mountlaser.com\/wp-content\/uploads\/2024\/03\/MA-K326-800x800.webp 800w, https:\/\/mountlaser.com\/wp-content\/uploads\/2024\/03\/MA-K326-600x600.webp 600w, https:\/\/mountlaser.com\/wp-content\/uploads\/2024\/03\/MA-K326-150x150.webp 150w, https:\/\/mountlaser.com\/wp-content\/uploads\/2024\/03\/MA-K326-768x768.webp 768w, https:\/\/mountlaser.com\/wp-content\/uploads\/2024\/03\/MA-K326-12x12.webp 12w\" sizes=\"(max-width: 500px) 100vw, 500px\" \/><\/p>\n<p>&nbsp;<\/p>\n<p><strong><a href=\"https:\/\/mountlaser.com\/pl\/about-us\/\">MA-K32\/ K40 Autopoziomowanie<\/a> Specyfikacje<\/strong><\/p>\n<table style=\"border-collapse: collapse; width: 589.52pt;\" border=\"0\" width=\"786\" cellspacing=\"0\" cellpadding=\"0\">\n<tbody>\n<tr style=\"height: 14.25pt;\">\n<td class=\"et2\" style=\"height: 14.25pt; width: 207.75pt;\" width=\"277\" height=\"19\">Numer modelu.<\/td>\n<td class=\"et2\" style=\"width: 185.25pt;\" width=\"247\">MA-K32<\/td>\n<td class=\"et3\" style=\"width: 196.50pt;\" width=\"262\">MA-K40<\/td>\n<\/tr>\n<tr style=\"height: 14.25pt;\">\n<td class=\"et2\" style=\"height: 14.25pt;\" height=\"19\">Odleg\u0142o\u015b\u0107 robocza<\/td>\n<td class=\"et4\" colspan=\"2\">60m<\/td>\n<\/tr>\n<tr style=\"height: 14.25pt;\">\n<td class=\"et2\" style=\"height: 14.25pt;\" height=\"19\">Odchylenie standardowe dla biegu podw\u00f3jnego na dystansie 1 km<\/td>\n<td class=\"et4\" colspan=\"2\">1,0 mm<\/td>\n<\/tr>\n<tr style=\"height: 14.25pt;\">\n<td class=\"et2\" style=\"height: 14.25pt;\" height=\"19\">Powi\u0119kszenie teleskopu<\/td>\n<td class=\"et2\">32X<\/td>\n<td class=\"et3\">40X<\/td>\n<\/tr>\n<tr style=\"height: 14.25pt;\">\n<td class=\"et2\" style=\"height: 14.25pt;\" height=\"19\">Obraz teleskopu<\/td>\n<td class=\"et4\" colspan=\"2\">Wyprostowany<\/td>\n<\/tr>\n<tr style=\"height: 14.25pt;\">\n<td class=\"et2\" style=\"height: 14.25pt;\" height=\"19\">Najkr\u00f3tsza odleg\u0142o\u015b\u0107 ogniskowania<\/td>\n<td class=\"et4\" colspan=\"2\">0,5 m<\/td>\n<\/tr>\n<tr style=\"height: 14.25pt;\">\n<td class=\"et2\" style=\"height: 14.25pt;\" height=\"19\">Wy\u015bwietl b\u0142\u0105d odleg\u0142o\u015bci<\/td>\n<td class=\"et4\" colspan=\"2\">\u2264\u00b10,4%<\/td>\n<\/tr>\n<tr style=\"height: 14.25pt;\">\n<td class=\"et2\" style=\"height: 14.25pt;\" height=\"19\">Efektywny rozmiar apertury obiektywu<\/td>\n<td class=\"et4\" colspan=\"2\">40 mm<\/td>\n<\/tr>\n<tr style=\"height: 14.25pt;\">\n<td class=\"et2\" style=\"height: 14.25pt;\" height=\"19\">B\u0142\u0105d ustawiania ostro\u015bci<\/td>\n<td class=\"et4\" colspan=\"2\">\u22641 mm<\/td>\n<\/tr>\n<tr style=\"height: 14.25pt;\">\n<td class=\"et2\" style=\"height: 14.25pt;\" height=\"19\">Typ kompensatora<\/td>\n<td class=\"et4\" colspan=\"2\">Zawieszenie drutowe w kszta\u0142cie litery X z t\u0142umieniem magnetycznym<\/td>\n<\/tr>\n<tr style=\"height: 14.25pt;\">\n<td class=\"et2\" style=\"height: 14.25pt;\" height=\"19\">Kompensacja b\u0142\u0119du<\/td>\n<td class=\"et4\" colspan=\"2\">\u22640,4\u201d<\/td>\n<\/tr>\n<tr style=\"height: 14.25pt;\">\n<td class=\"et2\" style=\"height: 14.25pt;\" height=\"19\">Siatka przyrz\u0105du<\/td>\n<td class=\"et4\" colspan=\"2\">Kszta\u0142t klina<\/td>\n<\/tr>\n<tr style=\"height: 14.25pt;\">\n<td class=\"et2\" style=\"height: 14.25pt;\" height=\"19\">Dok\u0142adno\u015b\u0107 ustawie\u0144<\/td>\n<td class=\"et4\" colspan=\"2\">\u00b10,3\u201d<\/td>\n<\/tr>\n<tr style=\"height: 14.25pt;\">\n<td class=\"et2\" style=\"height: 14.25pt;\" height=\"19\">Wodoodporny i py\u0142oszczelny<\/td>\n<td class=\"et4\" colspan=\"2\">IPX6<\/td>\n<\/tr>\n<tr style=\"height: 14.25pt;\">\n<td class=\"et2\" style=\"height: 14.25pt;\" height=\"19\">Standardowe akcesorium<\/td>\n<td class=\"et4\" colspan=\"2\">Pion, r\u0119czny, trzpie\u0144 regulacyjny, obudowa plastikowa<\/td>\n<\/tr>\n<tr style=\"height: 14.25pt;\">\n<td class=\"et6\" style=\"height: 14.25pt;\" height=\"19\">Waga netto<\/td>\n<td class=\"et7\" colspan=\"2\">1,8 kg<\/td>\n<\/tr>\n<\/tbody>\n<\/table>","protected":false},"excerpt":{"rendered":"<ul>\n<li>Wyj\u0105tkowa dok\u0142adno\u015b\u0107: odchylenie standardowe wynosz\u0105ce 1,0 mm na km podw\u00f3jnego pomiaru gwarantuje wyniki zgodne z wymaganiami geodezyjnymi.<\/li>\n<li>Zaawansowany kompensator: zawieszenie magnetyczne w kszta\u0142cie litery X w stylu japo\u0144skim, t\u0142umi\u0105ce drgania (b\u0142\u0105d \u22640,4 cala).<\/li>\n<li>Odporno\u015b\u0107 na warunki atmosferyczne: wodoodporno\u015b\u0107 klasy IPX6 chroni przed ulewnym deszczem i kurzem.<\/li>\n<li>Akcesoria profesjonalne: W zestawie ci\u0119\u017carek pionu, instrukcja obs\u0142ugi, trzpie\u0144 regulacyjny i trwa\u0142a plastikowa obudowa.<\/li>\n<\/ul>","protected":false},"featured_media":1903,"comment_status":"open","ping_status":"closed","template":"","meta":[],"product_brand":[],"product_cat":[15,140],"product_tag":[],"class_list":{"0":"post-538","1":"product","2":"type-product","3":"status-publish","4":"has-post-thumbnail","6":"product_cat-surveying-instrument","7":"product_cat-automatic-level","9":"first","10":"instock","11":"shipping-taxable","12":"product-type-simple"},"_links":{"self":[{"href":"https:\/\/mountlaser.com\/pl\/wp-json\/wp\/v2\/product\/538","targetHints":{"allow":["GET"]}}],"collection":[{"href":"https:\/\/mountlaser.com\/pl\/wp-json\/wp\/v2\/product"}],"about":[{"href":"https:\/\/mountlaser.com\/pl\/wp-json\/wp\/v2\/types\/product"}],"replies":[{"embeddable":true,"href":"https:\/\/mountlaser.com\/pl\/wp-json\/wp\/v2\/comments?post=538"}],"wp:featuredmedia":[{"embeddable":true,"href":"https:\/\/mountlaser.com\/pl\/wp-json\/wp\/v2\/media\/1903"}],"wp:attachment":[{"href":"https:\/\/mountlaser.com\/pl\/wp-json\/wp\/v2\/media?parent=538"}],"wp:term":[{"taxonomy":"product_brand","embeddable":true,"href":"https:\/\/mountlaser.com\/pl\/wp-json\/wp\/v2\/product_brand?post=538"},{"taxonomy":"product_cat","embeddable":true,"href":"https:\/\/mountlaser.com\/pl\/wp-json\/wp\/v2\/product_cat?post=538"},{"taxonomy":"product_tag","embeddable":true,"href":"https:\/\/mountlaser.com\/pl\/wp-json\/wp\/v2\/product_tag?post=538"}],"curies":[{"name":"wp","href":"https:\/\/api.w.org\/{rel}","templated":true}]}}