{"id":5358,"date":"2025-12-04T09:22:41","date_gmt":"2025-12-04T09:22:41","guid":{"rendered":"https:\/\/mountlaser.com\/?post_type=product&#038;p=5358"},"modified":"2025-12-12T08:09:26","modified_gmt":"2025-12-12T08:09:26","slug":"cm01-crack-monitor","status":"publish","type":"product","link":"https:\/\/mountlaser.com\/pl\/produkt\/cm01-crack-monitor\/","title":{"rendered":"Monitor p\u0119kni\u0119\u0107 CM01"},"content":{"rendered":"<p data-start=\"179\" data-end=\"744\">Ten <a href=\"https:\/\/mountlaser.com\/pl\/\"><strong data-start=\"183\" data-end=\"205\">Monitor p\u0119kni\u0119\u0107 CM01<\/strong><\/a> to precyzyjnie wykonany miernik przeznaczony do dok\u0142adnego \u015bledzenia ruch\u00f3w konstrukcyjnych w budynkach, \u015bcianach, mostach i innych krytycznych powierzchniach. Jako niezawodny <a href=\"https:\/\/mountlaser.com\/pl\/kategoria-produktu\/surveying-accessory\/\"><strong data-start=\"360\" data-end=\"386\">Standardowy monitor p\u0119kni\u0119\u0107<\/strong><\/a>, Posiada dwie nak\u0142adaj\u0105ce si\u0119 na siebie p\u0142ytki \u2013 jedn\u0105 przezroczyst\u0105 z precyzyjnym kursorem krzy\u017cowym i drug\u0105 skalibrowan\u0105 w milimetrach \u2013 co pozwala specjalistom na pewny pomiar nawet najmniejszych zmian. Niezale\u017cnie od tego, czy monitoruje si\u0119 go d\u0142ugoterminowo, czy przeprowadza rutynowe inspekcje, monitor p\u0119kni\u0119\u0107 CM01 zapewnia niezawodn\u0105 prac\u0119 zar\u00f3wno w warunkach wewn\u0119trznych, jak i zewn\u0119trznych.<\/p>\n<p data-start=\"179\" data-end=\"744\"><img fetchpriority=\"high\" decoding=\"async\" class=\"aligncenter wp-image-5360\" src=\"https:\/\/mountlaser.com\/wp-content\/uploads\/2025\/12\/\u4e3b\u56fe2.webp\" alt=\"CM01 Crack Monitor\" width=\"500\" height=\"500\" srcset=\"https:\/\/mountlaser.com\/wp-content\/uploads\/2025\/12\/\u4e3b\u56fe2.webp 800w, https:\/\/mountlaser.com\/wp-content\/uploads\/2025\/12\/\u4e3b\u56fe2-300x300.webp 300w, https:\/\/mountlaser.com\/wp-content\/uploads\/2025\/12\/\u4e3b\u56fe2-150x150.webp 150w, https:\/\/mountlaser.com\/wp-content\/uploads\/2025\/12\/\u4e3b\u56fe2-768x768.webp 768w, https:\/\/mountlaser.com\/wp-content\/uploads\/2025\/12\/\u4e3b\u56fe2-12x12.webp 12w, https:\/\/mountlaser.com\/wp-content\/uploads\/2025\/12\/\u4e3b\u56fe2-600x600.webp 600w, https:\/\/mountlaser.com\/wp-content\/uploads\/2025\/12\/\u4e3b\u56fe2-400x400.webp 400w\" sizes=\"(max-width: 500px) 100vw, 500px\" \/><\/p>\n<p data-start=\"746\" data-end=\"1250\">\u0141atwy w monta\u017cu za pomoc\u0105 do\u0142\u0105czonych \u015brub i kompatybilny z klejem (brak w zestawie), standardowy monitor p\u0119kni\u0119\u0107 zapewnia bezpieczne mocowanie, zapewniaj\u0105c sp\u00f3jne i powtarzalne odczyty. Ka\u017cdy monitor p\u0119kni\u0119\u0107 CM01 zawiera szczeg\u00f3\u0142ow\u0105 instrukcj\u0119 monta\u017cu oraz kart\u0119 rejestracyjn\u0105 p\u0119kni\u0119\u0107, co czyni go kompletnym rozwi\u0105zaniem dla in\u017cynier\u00f3w, geodet\u00f3w i inspektor\u00f3w budowlanych. Dla profesjonalist\u00f3w, kt\u00f3rzy polegaj\u0105 na dok\u0142adno\u015bci\u2026 <a href=\"https:\/\/mountlaser.com\/pl\/contact-us\/\">Standardowy monitor p\u0119kni\u0119\u0107<\/a>, ten model zapewnia trwa\u0142o\u015b\u0107, przejrzysto\u015b\u0107 i precyzj\u0119 pomiaru.<\/p>","protected":false},"excerpt":{"rendered":"<ul>\n<li>Mierzy i monitoruje ruch p\u0119kni\u0119\u0107 w czasie<\/li>\n<li>Zapewnia precyzyjne odczyty w skali milimetrowej<\/li>\n<li>Wspiera oceny konstrukcyjne i oceny bezpiecze\u0144stwa<\/li>\n<li>Precyzyjny wska\u017anik z nak\u0142adaj\u0105cymi si\u0119 na siebie przezroczystymi i skalibrowanymi p\u0142ytkami<\/li>\n<li>Precyzyjny kursor krzy\u017cowy zapewniaj\u0105cy wyra\u017any i dok\u0142adny pomiar<\/li>\n<li>Monta\u017c za pomoc\u0105 \u015brub (w zestawie) i kleju (opcjonalnie)<\/li>\n<\/ul>","protected":false},"featured_media":5359,"comment_status":"open","ping_status":"closed","template":"","meta":[],"product_brand":[],"product_cat":[79,151],"product_tag":[],"class_list":{"0":"post-5358","1":"product","2":"type-product","3":"status-publish","4":"has-post-thumbnail","6":"product_cat-surveying-accessory","7":"product_cat-crack-monitor","9":"first","10":"instock","11":"shipping-taxable","12":"product-type-simple"},"_links":{"self":[{"href":"https:\/\/mountlaser.com\/pl\/wp-json\/wp\/v2\/product\/5358","targetHints":{"allow":["GET"]}}],"collection":[{"href":"https:\/\/mountlaser.com\/pl\/wp-json\/wp\/v2\/product"}],"about":[{"href":"https:\/\/mountlaser.com\/pl\/wp-json\/wp\/v2\/types\/product"}],"replies":[{"embeddable":true,"href":"https:\/\/mountlaser.com\/pl\/wp-json\/wp\/v2\/comments?post=5358"}],"wp:featuredmedia":[{"embeddable":true,"href":"https:\/\/mountlaser.com\/pl\/wp-json\/wp\/v2\/media\/5359"}],"wp:attachment":[{"href":"https:\/\/mountlaser.com\/pl\/wp-json\/wp\/v2\/media?parent=5358"}],"wp:term":[{"taxonomy":"product_brand","embeddable":true,"href":"https:\/\/mountlaser.com\/pl\/wp-json\/wp\/v2\/product_brand?post=5358"},{"taxonomy":"product_cat","embeddable":true,"href":"https:\/\/mountlaser.com\/pl\/wp-json\/wp\/v2\/product_cat?post=5358"},{"taxonomy":"product_tag","embeddable":true,"href":"https:\/\/mountlaser.com\/pl\/wp-json\/wp\/v2\/product_tag?post=5358"}],"curies":[{"name":"wp","href":"https:\/\/api.w.org\/{rel}","templated":true}]}}