{"id":5353,"date":"2025-12-04T08:35:29","date_gmt":"2025-12-04T08:35:29","guid":{"rendered":"https:\/\/mountlaser.com\/?post_type=product&#038;p=5353"},"modified":"2025-12-15T03:03:51","modified_gmt":"2025-12-15T03:03:51","slug":"sn01-surveying-nail","status":"publish","type":"product","link":"https:\/\/mountlaser.com\/pl\/produkt\/sn01-surveying-nail\/","title":{"rendered":"SN01 Gw\u00f3\u017ad\u017a geodezyjny"},"content":{"rendered":"<p data-start=\"179\" data-end=\"661\">Ten<a href=\"https:\/\/mountlaser.com\/pl\/\"> <strong data-start=\"183\" data-end=\"206\">SN01 Gw\u00f3\u017ad\u017a geodezyjny<\/strong> <\/a>to trwa\u0142y i niezawodny znacznik gruntu, przeznaczony do wyznaczania i precyzyjnej identyfikacji punkt\u00f3w pomiarowych z d\u0142ugoterminow\u0105 dok\u0142adno\u015bci\u0105. Wykonany z wysokiej jako\u015bci ocynkowanego \u017celaza, gw\u00f3\u017ad\u017a geodezyjny SN01 charakteryzuje si\u0119 doskona\u0142\u0105 odporno\u015bci\u0105 na korozj\u0119, dzi\u0119ki czemu idealnie nadaje si\u0119 do wymagaj\u0105cych warunk\u00f3w zewn\u0119trznych. Jako profesjonalny <a href=\"https:\/\/mountlaser.com\/pl\/kategoria-produktu\/surveying-accessory\/\"><strong data-start=\"512\" data-end=\"535\">Markery do paznokci Survey<\/strong><\/a>, Gwo\u017adzie te stanowi\u0105 stabilny punkt odniesienia, powszechnie stosowany w pomiarach in\u017cynieryjnych, planowaniu konstrukcji i kartowaniu katastralnym.<\/p>\n<p data-start=\"663\" data-end=\"1112\">Zaprojektowane specjalnie do u\u017cytku profesjonalnego, gwo\u017adzie geodezyjne SN01 to sprawdzone znaczniki geodezyjne do ustalania sta\u0142ych punkt\u00f3w odniesienia w gruncie. Dost\u0119pne w \u015brednicy 7,0 mm i d\u0142ugo\u015bci 55 mm lub 70 mm, gwo\u017adzie geodezyjne SN01 zapewniaj\u0105 stabilne zakotwiczenie w r\u00f3\u017cnych warunkach gruntowych. <a href=\"https:\/\/mountlaser.com\/pl\/about-us\/\">Markery do paznokci Survey<\/a> s\u0105 niezb\u0119dnym narz\u0119dziem dla geodet\u00f3w potrzebuj\u0105cych niezawodnego i trwa\u0142ego oznaczenia terenu w ka\u017cdych warunkach terenowych.<\/p>\n<div>\n<table style=\"border-collapse: collapse; width: 1002.02pt;\" border=\"0\" width=\"1336\" cellspacing=\"0\" cellpadding=\"0\">\n<tbody>\n<tr style=\"height: 14.25pt;\">\n<td class=\"et2\" style=\"height: 14.25pt; width: 127.50pt;\" width=\"170\" height=\"19\">NUMER<\/td>\n<td class=\"et3\" style=\"width: 196.50pt;\" width=\"262\">MEATRIAL<\/td>\n<td class=\"et3\" style=\"width: 213.00pt;\" width=\"284\">\u015aREDNICA D<\/td>\n<td class=\"et3\" style=\"width: 93.75pt;\" width=\"125\">ROZMIAR L<\/td>\n<td class=\"et3\" style=\"width: 170.25pt;\" width=\"227\">MOQ (szt.)<\/td>\n<td class=\"et4\" style=\"width: 201.00pt;\" width=\"268\">ZDJ\u0118CIE<\/td>\n<\/tr>\n<tr style=\"height: 14.25pt;\">\n<td class=\"et5\" style=\"height: 14.25pt;\" height=\"19\">SN01-70055\/70070<\/td>\n<td class=\"et5\">Ocynkowane \u017celazo<\/td>\n<td class=\"et5\">7,0 mm<\/td>\n<td class=\"et5\">55\/70 mm<\/td>\n<td class=\"et6\">1000<\/td>\n<td class=\"et7\"><img fetchpriority=\"high\" decoding=\"async\" class=\"alignnone wp-image-5355\" src=\"https:\/\/mountlaser.com\/wp-content\/uploads\/2025\/12\/SM01-Surveying-Marker2.webp\" alt=\"SN01 Surveying Nail\" width=\"500\" height=\"500\" srcset=\"https:\/\/mountlaser.com\/wp-content\/uploads\/2025\/12\/SM01-Surveying-Marker2.webp 1000w, https:\/\/mountlaser.com\/wp-content\/uploads\/2025\/12\/SM01-Surveying-Marker2-300x300.webp 300w, https:\/\/mountlaser.com\/wp-content\/uploads\/2025\/12\/SM01-Surveying-Marker2-150x150.webp 150w, https:\/\/mountlaser.com\/wp-content\/uploads\/2025\/12\/SM01-Surveying-Marker2-768x768.webp 768w, https:\/\/mountlaser.com\/wp-content\/uploads\/2025\/12\/SM01-Surveying-Marker2-12x12.webp 12w, https:\/\/mountlaser.com\/wp-content\/uploads\/2025\/12\/SM01-Surveying-Marker2-600x600.webp 600w, https:\/\/mountlaser.com\/wp-content\/uploads\/2025\/12\/SM01-Surveying-Marker2-800x800.webp 800w, https:\/\/mountlaser.com\/wp-content\/uploads\/2025\/12\/SM01-Surveying-Marker2-400x400.webp 400w\" sizes=\"(max-width: 500px) 100vw, 500px\" \/><\/td>\n<\/tr>\n<\/tbody>\n<\/table>\n<\/div>\n<p>&nbsp;<\/p>\n<p>&nbsp;<\/p>","protected":false},"excerpt":{"rendered":"<ul>\n<li>Ustala dok\u0142adne i sta\u0142e punkty odniesienia pomiar\u00f3w<\/li>\n<li>Zapewnia stabiln\u0105 kontrol\u0119 gruntu, umo\u017cliwiaj\u0105c\u0105 precyzyjne pomiary<\/li>\n<li>Nadaje si\u0119 do pomiar\u00f3w in\u017cynieryjnych, planowania budowy i mapowania katastralnego<\/li>\n<\/ul>","protected":false},"featured_media":5355,"comment_status":"open","ping_status":"closed","template":"","meta":[],"product_brand":[],"product_cat":[79,152],"product_tag":[],"class_list":{"0":"post-5353","1":"product","2":"type-product","3":"status-publish","4":"has-post-thumbnail","6":"product_cat-surveying-accessory","7":"product_cat-surveying-marker","9":"first","10":"instock","11":"shipping-taxable","12":"product-type-simple"},"_links":{"self":[{"href":"https:\/\/mountlaser.com\/pl\/wp-json\/wp\/v2\/product\/5353","targetHints":{"allow":["GET"]}}],"collection":[{"href":"https:\/\/mountlaser.com\/pl\/wp-json\/wp\/v2\/product"}],"about":[{"href":"https:\/\/mountlaser.com\/pl\/wp-json\/wp\/v2\/types\/product"}],"replies":[{"embeddable":true,"href":"https:\/\/mountlaser.com\/pl\/wp-json\/wp\/v2\/comments?post=5353"}],"wp:featuredmedia":[{"embeddable":true,"href":"https:\/\/mountlaser.com\/pl\/wp-json\/wp\/v2\/media\/5355"}],"wp:attachment":[{"href":"https:\/\/mountlaser.com\/pl\/wp-json\/wp\/v2\/media?parent=5353"}],"wp:term":[{"taxonomy":"product_brand","embeddable":true,"href":"https:\/\/mountlaser.com\/pl\/wp-json\/wp\/v2\/product_brand?post=5353"},{"taxonomy":"product_cat","embeddable":true,"href":"https:\/\/mountlaser.com\/pl\/wp-json\/wp\/v2\/product_cat?post=5353"},{"taxonomy":"product_tag","embeddable":true,"href":"https:\/\/mountlaser.com\/pl\/wp-json\/wp\/v2\/product_tag?post=5353"}],"curies":[{"name":"wp","href":"https:\/\/api.w.org\/{rel}","templated":true}]}}