{"id":5347,"date":"2025-12-04T06:58:07","date_gmt":"2025-12-04T06:58:07","guid":{"rendered":"https:\/\/mountlaser.com\/?post_type=product&#038;p=5347"},"modified":"2025-12-12T06:41:36","modified_gmt":"2025-12-12T06:41:36","slug":"sm01-bl-surveying-marker","status":"publish","type":"product","link":"https:\/\/mountlaser.com\/pl\/produkt\/sm01-bl-surveying-marker\/","title":{"rendered":"Znacznik geodezyjny SM01-BL"},"content":{"rendered":"<p data-start=\"255\" data-end=\"730\">Ten <a href=\"https:\/\/mountlaser.com\/pl\/products\/\"><strong data-start=\"259\" data-end=\"287\">Znacznik geodezyjny SM01-BL<\/strong><\/a> to trwa\u0142y, precyzyjny znacznik punkt\u00f3w odniesienia, przeznaczony do profesjonalnych prac geodezyjnych i budowlanych. Wykonany z wysokiej jako\u015bci tworzywa sztucznego formowanego wtryskowo, znacznik geodezyjny SM01-BL zapewnia wytrzyma\u0142o\u015b\u0107 i trwa\u0142o\u015b\u0107 niezb\u0119dn\u0105 w trudnych warunkach pracy na zewn\u0105trz. Jako jeden z najbardziej niezawodnych <a href=\"https:\/\/mountlaser.com\/pl\/contact-us\/\"><strong data-start=\"597\" data-end=\"620\">znaczniki geodezyjne<\/strong><\/a>, zapewnia sp\u00f3jne i dok\u0142adne pozycjonowanie linii uk\u0142adu, identyfikacj\u0119 granic i punkt\u00f3w kontrolnych.<\/p>\n<p data-start=\"732\" data-end=\"1222\">Dost\u0119pny w szerokiej gamie jasnych, dobrze widocznych kolor\u00f3w, znacznik geodezyjny SM01-BL zapewnia wyra\u017ane rozpoznanie w ka\u017cdych warunkach o\u015bwietleniowych i terenowych. Geodeci, kt\u00f3rzy korzystaj\u0105 ze znacznik\u00f3w geodezyjnych w codziennej pracy w terenie, doceni\u0105 ich niezawodno\u015b\u0107, odporno\u015b\u0107 na warunki atmosferyczne i \u0142atwo\u015b\u0107 monta\u017cu. Niezale\u017cnie od tego, czy jest u\u017cywany na planach budowlanych, czy na d\u0142ugoterminowych punktach pomiarowych, <a href=\"https:\/\/mountlaser.com\/pl\/\">Znacznik geodezyjny SM01-BL<\/a> wyr\u00f3\u017cnia si\u0119 jako rozwi\u0105zanie profesjonalne w\u015br\u00f3d nowoczesnych znacznik\u00f3w geodezyjnych.<\/p>\n<div>\n<table style=\"border-collapse: collapse; width: 681.77pt;\" border=\"0\" width=\"909\" cellspacing=\"0\" cellpadding=\"0\">\n<tbody>\n<tr style=\"height: 14.25pt;\">\n<td class=\"et2\" style=\"height: 14.25pt; width: 127.50pt;\" width=\"170\" height=\"19\">NUMER<\/td>\n<td class=\"et2\" style=\"width: 196.50pt;\" width=\"262\">KOLOR<\/td>\n<td class=\"et2\" style=\"width: 213.00pt;\" width=\"284\">ROZMIAR D xdx H<\/td>\n<td class=\"et3\" style=\"width: 144.75pt;\" width=\"193\">ZDJ\u0118CIE<\/td>\n<\/tr>\n<tr style=\"height: 14.25pt;\">\n<td class=\"et4\" style=\"height: 14.25pt;\" height=\"19\">SM01-BL<\/td>\n<td class=\"et5\">Niebieski<\/td>\n<td class=\"et6\">D46 \u00d7 d10 \u00d7 H6 mm<\/td>\n<td class=\"et7\"><img fetchpriority=\"high\" decoding=\"async\" class=\"alignnone wp-image-5349\" src=\"https:\/\/mountlaser.com\/wp-content\/uploads\/2025\/12\/SM01-Surveying-Marker4.webp\" alt=\"SM01-BL Surveying Marker\" width=\"500\" height=\"500\" srcset=\"https:\/\/mountlaser.com\/wp-content\/uploads\/2025\/12\/SM01-Surveying-Marker4.webp 1000w, https:\/\/mountlaser.com\/wp-content\/uploads\/2025\/12\/SM01-Surveying-Marker4-300x300.webp 300w, https:\/\/mountlaser.com\/wp-content\/uploads\/2025\/12\/SM01-Surveying-Marker4-150x150.webp 150w, https:\/\/mountlaser.com\/wp-content\/uploads\/2025\/12\/SM01-Surveying-Marker4-768x768.webp 768w, https:\/\/mountlaser.com\/wp-content\/uploads\/2025\/12\/SM01-Surveying-Marker4-12x12.webp 12w, https:\/\/mountlaser.com\/wp-content\/uploads\/2025\/12\/SM01-Surveying-Marker4-600x600.webp 600w, https:\/\/mountlaser.com\/wp-content\/uploads\/2025\/12\/SM01-Surveying-Marker4-800x800.webp 800w, https:\/\/mountlaser.com\/wp-content\/uploads\/2025\/12\/SM01-Surveying-Marker4-400x400.webp 400w\" sizes=\"(max-width: 500px) 100vw, 500px\" \/><\/td>\n<\/tr>\n<\/tbody>\n<\/table>\n<\/div>","protected":false},"excerpt":{"rendered":"<ul>\n<li>Trwa\u0142y materia\u0142: Wykonany z wysokiej jako\u015bci formowanego wtryskowo tworzywa sztucznego, co zapewnia d\u0142ug\u0105 \u017cywotno\u015b\u0107.<\/li>\n<li>Wysoka widoczno\u015b\u0107: Dost\u0119pny w kolorze niebieskim, co u\u0142atwia rozpoznanie w ka\u017cdym terenie.<\/li>\n<li>Narz\u0119dzie do precyzyjnego okre\u015blania punkt\u00f3w odniesienia: idealne do zaznaczania punkt\u00f3w kontrolnych, granic, linii uk\u0142adu i wa\u017cnych wsp\u00f3\u0142rz\u0119dnych geodezyjnych.<\/li>\n<li>Stabilne i lekkie: \u0141atwe do ustawienia i bezpieczne, odpowiednie do stosowania w pracach geodezyjnych i budowlanych.<\/li>\n<li>Standardowy rozmiar D46 \u00d7 d10 \u00d7 H6 mm, odpowiedni do szerokich zastosowa\u0144 geodezyjnych.<\/li>\n<\/ul>","protected":false},"featured_media":5352,"comment_status":"open","ping_status":"closed","template":"","meta":[],"product_brand":[],"product_cat":[79,152],"product_tag":[],"class_list":{"0":"post-5347","1":"product","2":"type-product","3":"status-publish","4":"has-post-thumbnail","6":"product_cat-surveying-accessory","7":"product_cat-surveying-marker","9":"first","10":"instock","11":"shipping-taxable","12":"product-type-simple"},"_links":{"self":[{"href":"https:\/\/mountlaser.com\/pl\/wp-json\/wp\/v2\/product\/5347","targetHints":{"allow":["GET"]}}],"collection":[{"href":"https:\/\/mountlaser.com\/pl\/wp-json\/wp\/v2\/product"}],"about":[{"href":"https:\/\/mountlaser.com\/pl\/wp-json\/wp\/v2\/types\/product"}],"replies":[{"embeddable":true,"href":"https:\/\/mountlaser.com\/pl\/wp-json\/wp\/v2\/comments?post=5347"}],"wp:featuredmedia":[{"embeddable":true,"href":"https:\/\/mountlaser.com\/pl\/wp-json\/wp\/v2\/media\/5352"}],"wp:attachment":[{"href":"https:\/\/mountlaser.com\/pl\/wp-json\/wp\/v2\/media?parent=5347"}],"wp:term":[{"taxonomy":"product_brand","embeddable":true,"href":"https:\/\/mountlaser.com\/pl\/wp-json\/wp\/v2\/product_brand?post=5347"},{"taxonomy":"product_cat","embeddable":true,"href":"https:\/\/mountlaser.com\/pl\/wp-json\/wp\/v2\/product_cat?post=5347"},{"taxonomy":"product_tag","embeddable":true,"href":"https:\/\/mountlaser.com\/pl\/wp-json\/wp\/v2\/product_tag?post=5347"}],"curies":[{"name":"wp","href":"https:\/\/api.w.org\/{rel}","templated":true}]}}