{"id":5345,"date":"2025-12-04T06:27:29","date_gmt":"2025-12-04T06:27:29","guid":{"rendered":"https:\/\/mountlaser.com\/?post_type=product&#038;p=5345"},"modified":"2025-12-04T06:27:29","modified_gmt":"2025-12-04T06:27:29","slug":"cw02-crack-width-ruler","status":"publish","type":"product","link":"https:\/\/mountlaser.com\/pl\/produkt\/cw02-crack-width-ruler\/","title":{"rendered":"Linijka do pomiaru szeroko\u015bci p\u0119kni\u0119\u0107 CW02"},"content":{"rendered":"<p>Ten <a href=\"https:\/\/mountlaser.com\/pl\/\"><strong data-start=\"172\" data-end=\"193\">Linijka do pomiaru szeroko\u015bci p\u0119kni\u0119\u0107<\/strong><\/a> to precyzyjne narz\u0119dzie pomiarowe przeznaczone dla in\u017cynier\u00f3w, inspektor\u00f3w i specjalist\u00f3w budowlanych, kt\u00f3rzy potrzebuj\u0105 wiarygodnej oceny p\u0119kni\u0119\u0107 w konstrukcjach betonowych. Wykonana z elastycznego, przezroczystego tworzywa PET, linijka ta zapewnia \u0142atw\u0105 obs\u0142ug\u0119 i d\u0142ugotrwa\u0142\u0105 trwa\u0142o\u015b\u0107 na placu budowy. Jako wszechstronny przyrz\u0105d, <a href=\"https:\/\/mountlaser.com\/pl\/products\/\"><strong data-start=\"495\" data-end=\"533\">Plastikowa miarka szeroko\u015bci p\u0119kni\u0119\u0107 w betonie<\/strong><\/a> zapewnia dok\u0142adne odczyty d\u0142ugo\u015bci, szeroko\u015bci, \u015brednicy punktu i powierzchni p\u0119kni\u0119cia, co czyni go niezb\u0119dnym do oceny bezpiecze\u0144stwa konstrukcji.<\/p>\n<p><img fetchpriority=\"high\" decoding=\"async\" class=\"aligncenter wp-image-5346\" src=\"https:\/\/mountlaser.com\/wp-content\/uploads\/2025\/12\/CW021.webp\" alt=\"Plastic Concrete Crack Width Ruler\" width=\"500\" height=\"500\" srcset=\"https:\/\/mountlaser.com\/wp-content\/uploads\/2025\/12\/CW021.webp 800w, https:\/\/mountlaser.com\/wp-content\/uploads\/2025\/12\/CW021-300x300.webp 300w, https:\/\/mountlaser.com\/wp-content\/uploads\/2025\/12\/CW021-150x150.webp 150w, https:\/\/mountlaser.com\/wp-content\/uploads\/2025\/12\/CW021-768x768.webp 768w, https:\/\/mountlaser.com\/wp-content\/uploads\/2025\/12\/CW021-12x12.webp 12w, https:\/\/mountlaser.com\/wp-content\/uploads\/2025\/12\/CW021-600x600.webp 600w, https:\/\/mountlaser.com\/wp-content\/uploads\/2025\/12\/CW021-400x400.webp 400w\" sizes=\"(max-width: 500px) 100vw, 500px\" \/><\/p>\n<p>Wyra\u017ana skala i linie odniesienia pozwalaj\u0105 u\u017cytkownikom umie\u015bci\u0107 linijk\u0119 do pomiaru szeroko\u015bci p\u0119kni\u0119cia bezpo\u015brednio nad uszkodzon\u0105 powierzchni\u0105, co umo\u017cliwia szybki, wizualny pomiar. Do rutynowych inspekcji, przegl\u0105d\u00f3w konserwacyjnych i monitorowania konstrukcji, <a href=\"https:\/\/mountlaser.com\/pl\/contact-us\/\">Plastikowa miarka szeroko\u015bci p\u0119kni\u0119\u0107 w betonie<\/a> zapewnia precyzj\u0119 i prostot\u0119 za ka\u017cdym razem.<\/p>","protected":false},"excerpt":{"rendered":"<ul>\n<li>Wysokiej precyzji pomiar szeroko\u015bci i d\u0142ugo\u015bci p\u0119kni\u0119\u0107, \u015brednicy punktu i powierzchni.<\/li>\n<li>Szeroki zakres pomiarowy: \u015brednica punktu 0,05\u20132 mm, szeroko\u015b\u0107 linii 0,03\u20132,2 mm, dok\u0142adno\u015b\u0107 \u00b10,01 mm.<\/li>\n<li>Konstrukcja o podw\u00f3jnej skali z podzia\u0142k\u0105 metryczn\u0105 80 mm do og\u00f3lnych pomiar\u00f3w.<\/li>\n<li>Przezroczysty materia\u0142 PET (grubo\u015b\u0107 0,5 mm) zapewniaj\u0105cy dobr\u0105 widoczno\u015b\u0107 i \u0142atwe umieszczanie na powierzchniach.<\/li>\n<li>Szybki i \u0142atwy w u\u017cyciu: umie\u015b\u0107 linijk\u0119 nad p\u0119kni\u0119ciem i por\u00f3wnaj z liniami odniesienia.<\/li>\n<\/ul>","protected":false},"featured_media":5346,"comment_status":"open","ping_status":"closed","template":"","meta":[],"product_brand":[],"product_cat":[79,151],"product_tag":[],"class_list":{"0":"post-5345","1":"product","2":"type-product","3":"status-publish","4":"has-post-thumbnail","6":"product_cat-surveying-accessory","7":"product_cat-crack-monitor","9":"first","10":"instock","11":"shipping-taxable","12":"product-type-simple"},"_links":{"self":[{"href":"https:\/\/mountlaser.com\/pl\/wp-json\/wp\/v2\/product\/5345","targetHints":{"allow":["GET"]}}],"collection":[{"href":"https:\/\/mountlaser.com\/pl\/wp-json\/wp\/v2\/product"}],"about":[{"href":"https:\/\/mountlaser.com\/pl\/wp-json\/wp\/v2\/types\/product"}],"replies":[{"embeddable":true,"href":"https:\/\/mountlaser.com\/pl\/wp-json\/wp\/v2\/comments?post=5345"}],"wp:featuredmedia":[{"embeddable":true,"href":"https:\/\/mountlaser.com\/pl\/wp-json\/wp\/v2\/media\/5346"}],"wp:attachment":[{"href":"https:\/\/mountlaser.com\/pl\/wp-json\/wp\/v2\/media?parent=5345"}],"wp:term":[{"taxonomy":"product_brand","embeddable":true,"href":"https:\/\/mountlaser.com\/pl\/wp-json\/wp\/v2\/product_brand?post=5345"},{"taxonomy":"product_cat","embeddable":true,"href":"https:\/\/mountlaser.com\/pl\/wp-json\/wp\/v2\/product_cat?post=5345"},{"taxonomy":"product_tag","embeddable":true,"href":"https:\/\/mountlaser.com\/pl\/wp-json\/wp\/v2\/product_tag?post=5345"}],"curies":[{"name":"wp","href":"https:\/\/api.w.org\/{rel}","templated":true}]}}