{"id":5343,"date":"2025-12-04T06:08:54","date_gmt":"2025-12-04T06:08:54","guid":{"rendered":"https:\/\/mountlaser.com\/?post_type=product&#038;p=5343"},"modified":"2025-12-04T08:58:08","modified_gmt":"2025-12-04T08:58:08","slug":"cw01-crack-width-gauge","status":"publish","type":"product","link":"https:\/\/mountlaser.com\/pl\/produkt\/cw01-crack-width-gauge\/","title":{"rendered":"Wska\u017anik szeroko\u015bci p\u0119kni\u0119cia CW01"},"content":{"rendered":"<p data-start=\"160\" data-end=\"642\">Ten<a href=\"https:\/\/mountlaser.com\/pl\/\"> <strong data-start=\"164\" data-end=\"194\">Wska\u017anik szeroko\u015bci p\u0119kni\u0119\u0107 w betonie<\/strong><\/a> To niezawodne i \u0142atwe w u\u017cyciu narz\u0119dzie inspekcyjne przeznaczone do szybkiego i dok\u0142adnego monitorowania p\u0119kni\u0119\u0107 konstrukcyjnych. Wykonany z wytrzyma\u0142ego, odpornego na uderzenia poliw\u0119glanu, miernik ten gwarantuje d\u0142ugotrwa\u0142\u0105 wydajno\u015b\u0107 w terenie, nawet w wymagaj\u0105cych warunkach budowlanych i in\u017cynieryjnych.\u00a0<a href=\"https:\/\/mountlaser.com\/pl\/products\/\"><strong data-start=\"499\" data-end=\"520\">Wska\u017anik szeroko\u015bci p\u0119kni\u0119cia<\/strong><\/a> funkcje wbudowane w kompaktow\u0105 konstrukcj\u0119 umo\u017cliwiaj\u0105 profesjonalistom wykonywanie precyzyjnych ocen p\u0119kni\u0119\u0107 z du\u017c\u0105 pewno\u015bci\u0105.<\/p>\n<p data-start=\"160\" data-end=\"642\"><img fetchpriority=\"high\" decoding=\"async\" class=\"aligncenter wp-image-5344\" src=\"https:\/\/mountlaser.com\/wp-content\/uploads\/2025\/12\/CW01.webp\" alt=\"Concrete Crack Width Gauge\" width=\"500\" height=\"500\" srcset=\"https:\/\/mountlaser.com\/wp-content\/uploads\/2025\/12\/CW01.webp 1000w, https:\/\/mountlaser.com\/wp-content\/uploads\/2025\/12\/CW01-300x300.webp 300w, https:\/\/mountlaser.com\/wp-content\/uploads\/2025\/12\/CW01-150x150.webp 150w, https:\/\/mountlaser.com\/wp-content\/uploads\/2025\/12\/CW01-768x768.webp 768w, https:\/\/mountlaser.com\/wp-content\/uploads\/2025\/12\/CW01-12x12.webp 12w, https:\/\/mountlaser.com\/wp-content\/uploads\/2025\/12\/CW01-600x600.webp 600w, https:\/\/mountlaser.com\/wp-content\/uploads\/2025\/12\/CW01-800x800.webp 800w, https:\/\/mountlaser.com\/wp-content\/uploads\/2025\/12\/CW01-400x400.webp 400w\" sizes=\"(max-width: 500px) 100vw, 500px\" \/><\/p>\n<p data-start=\"644\" data-end=\"1141\">Jedna strona wska\u017anika szeroko\u015bci p\u0119kni\u0119\u0107 w betonie posiada 80-milimetrow\u0105 skal\u0119 z wyra\u017anymi oznaczeniami w milimetrach i centymetrach, co u\u0142atwia og\u00f3lne pomiary. Na odwrocie znajduje si\u0119 tabela por\u00f3wnawcza wska\u017anika szeroko\u015bci p\u0119kni\u0119\u0107, kt\u00f3ra zawiera wizualne odniesienia w zakresie od 0,1 mm do 7,0 mm, umo\u017cliwiaj\u0105c inspektorom szybk\u0105 identyfikacj\u0119 rozmiaru p\u0119kni\u0119\u0107 bez u\u017cycia dodatkowych narz\u0119dzi. Niezale\u017cnie od tego, czy jest on u\u017cywany do rutynowych kontroli, czy do szczeg\u00f3\u0142owego monitorowania konstrukcji, <a href=\"https:\/\/mountlaser.com\/pl\/contact-us\/\">Wska\u017anik szeroko\u015bci p\u0119kni\u0119cia<\/a> gwarantuje niezawodn\u0105 dok\u0142adno\u015b\u0107 ka\u017cdej kontroli.<\/p>","protected":false},"excerpt":{"rendered":"<ul>\n<li>Zapewnia szybk\u0105 i dok\u0142adn\u0105 ocen\u0119 szeroko\u015bci p\u0119kni\u0119\u0107 w zakresie od 0,1 mm do 7,0 mm<\/li>\n<li>Konstrukcja dwustronna: skala pomiarowa + tabela por\u00f3wnawcza p\u0119kni\u0119\u0107<\/li>\n<li>Wykonane z wytrzyma\u0142ego poliw\u0119glanu zapewniaj\u0105cego d\u0142ug\u0105 \u017cywotno\u015b\u0107<\/li>\n<li>Lekki i przeno\u015bny do inspekcji terenowych<\/li>\n<li>Idealny do zastosowa\u0144 w in\u017cynierii l\u0105dowej, konserwacji budynk\u00f3w i monitorowaniu bezpiecze\u0144stwa konstrukcji<\/li>\n<\/ul>","protected":false},"featured_media":5344,"comment_status":"open","ping_status":"closed","template":"","meta":[],"product_brand":[],"product_cat":[79,151],"product_tag":[],"class_list":{"0":"post-5343","1":"product","2":"type-product","3":"status-publish","4":"has-post-thumbnail","6":"product_cat-surveying-accessory","7":"product_cat-crack-monitor","9":"first","10":"instock","11":"shipping-taxable","12":"product-type-simple"},"_links":{"self":[{"href":"https:\/\/mountlaser.com\/pl\/wp-json\/wp\/v2\/product\/5343","targetHints":{"allow":["GET"]}}],"collection":[{"href":"https:\/\/mountlaser.com\/pl\/wp-json\/wp\/v2\/product"}],"about":[{"href":"https:\/\/mountlaser.com\/pl\/wp-json\/wp\/v2\/types\/product"}],"replies":[{"embeddable":true,"href":"https:\/\/mountlaser.com\/pl\/wp-json\/wp\/v2\/comments?post=5343"}],"wp:featuredmedia":[{"embeddable":true,"href":"https:\/\/mountlaser.com\/pl\/wp-json\/wp\/v2\/media\/5344"}],"wp:attachment":[{"href":"https:\/\/mountlaser.com\/pl\/wp-json\/wp\/v2\/media?parent=5343"}],"wp:term":[{"taxonomy":"product_brand","embeddable":true,"href":"https:\/\/mountlaser.com\/pl\/wp-json\/wp\/v2\/product_brand?post=5343"},{"taxonomy":"product_cat","embeddable":true,"href":"https:\/\/mountlaser.com\/pl\/wp-json\/wp\/v2\/product_cat?post=5343"},{"taxonomy":"product_tag","embeddable":true,"href":"https:\/\/mountlaser.com\/pl\/wp-json\/wp\/v2\/product_tag?post=5343"}],"curies":[{"name":"wp","href":"https:\/\/api.w.org\/{rel}","templated":true}]}}