{"id":5338,"date":"2025-12-04T05:07:10","date_gmt":"2025-12-04T05:07:10","guid":{"rendered":"https:\/\/mountlaser.com\/?post_type=product&#038;p=5338"},"modified":"2025-12-04T05:07:10","modified_gmt":"2025-12-04T05:07:10","slug":"ts01-02-topo-shoe","status":"publish","type":"product","link":"https:\/\/mountlaser.com\/pl\/produkt\/ts01-02-topo-shoe\/","title":{"rendered":"TS01\/02 Buty Topo"},"content":{"rendered":"<p>Ten <a href=\"https:\/\/mountlaser.com\/pl\/\"><strong>Buty topo Prism Pole<\/strong><\/a> to precyzyjnie zaprojektowany dodatek, kt\u00f3ry zapewnia stabilne podparcie dla tyczek pryzmatycznych w r\u00f3\u017cnych warunkach geodezyjnych. Zar\u00f3wno stopka topometryczna do tyczek pryzmatycznych, jak i <strong><a href=\"https:\/\/mountlaser.com\/pl\/kategoria-produktu\/surveying-pole-rod\/\">Buty Topo z szerok\u0105 podstaw\u0105<\/a><\/strong> Charakteryzuj\u0105 si\u0119 trwa\u0142\u0105 konstrukcj\u0105 i \u017ce\u0144skim gwintem 5\/8\u2033-11, co zapewnia bezpieczne mocowanie i niezawodn\u0105 prac\u0119 w trudnych warunkach terenowych. Geodeci pracuj\u0105cy na nier\u00f3wnym lub mi\u0119kkim terenie doceni\u0105 zwi\u0119kszon\u0105 stabilno\u015b\u0107 zapewnian\u0105 przez but Topo Shoe, a szeroka podstawa buta Topo Shoe zapewnia szerszy kontakt z pod\u0142o\u017cem, zapewniaj\u0105c maksymaln\u0105 r\u00f3wnowag\u0119. Te buty Topo Shoe s\u0105 niezb\u0119dne do utrzymania dok\u0142adnych pomiar\u00f3w i sp\u00f3jnego poziomowania podczas profesjonalnych prac geodezyjnych.<\/p>\n<figure id=\"attachment_5339\" aria-describedby=\"caption-attachment-5339\" style=\"width: 500px\" class=\"wp-caption aligncenter\"><img fetchpriority=\"high\" decoding=\"async\" class=\"wp-image-5339\" src=\"https:\/\/mountlaser.com\/wp-content\/uploads\/2025\/12\/IMG_0632.webp\" alt=\"Wide Base Topo Shoe\" width=\"500\" height=\"500\" srcset=\"https:\/\/mountlaser.com\/wp-content\/uploads\/2025\/12\/IMG_0632.webp 1000w, https:\/\/mountlaser.com\/wp-content\/uploads\/2025\/12\/IMG_0632-300x300.webp 300w, https:\/\/mountlaser.com\/wp-content\/uploads\/2025\/12\/IMG_0632-150x150.webp 150w, https:\/\/mountlaser.com\/wp-content\/uploads\/2025\/12\/IMG_0632-768x768.webp 768w, https:\/\/mountlaser.com\/wp-content\/uploads\/2025\/12\/IMG_0632-12x12.webp 12w, https:\/\/mountlaser.com\/wp-content\/uploads\/2025\/12\/IMG_0632-600x600.webp 600w, https:\/\/mountlaser.com\/wp-content\/uploads\/2025\/12\/IMG_0632-800x800.webp 800w, https:\/\/mountlaser.com\/wp-content\/uploads\/2025\/12\/IMG_0632-400x400.webp 400w\" sizes=\"(max-width: 500px) 100vw, 500px\" \/><figcaption id=\"caption-attachment-5339\" class=\"wp-caption-text\">Buty Topo TS01 z szerok\u0105 podstaw\u0105<\/figcaption><\/figure>\n<figure id=\"attachment_5340\" aria-describedby=\"caption-attachment-5340\" style=\"width: 500px\" class=\"wp-caption aligncenter\"><img decoding=\"async\" class=\"wp-image-5340\" src=\"https:\/\/mountlaser.com\/wp-content\/uploads\/2025\/12\/TS02.webp\" alt=\"Prism Pole Topo Shoe\" width=\"500\" height=\"500\" srcset=\"https:\/\/mountlaser.com\/wp-content\/uploads\/2025\/12\/TS02.webp 1000w, https:\/\/mountlaser.com\/wp-content\/uploads\/2025\/12\/TS02-300x300.webp 300w, https:\/\/mountlaser.com\/wp-content\/uploads\/2025\/12\/TS02-150x150.webp 150w, https:\/\/mountlaser.com\/wp-content\/uploads\/2025\/12\/TS02-768x768.webp 768w, https:\/\/mountlaser.com\/wp-content\/uploads\/2025\/12\/TS02-12x12.webp 12w, https:\/\/mountlaser.com\/wp-content\/uploads\/2025\/12\/TS02-600x600.webp 600w, https:\/\/mountlaser.com\/wp-content\/uploads\/2025\/12\/TS02-800x800.webp 800w, https:\/\/mountlaser.com\/wp-content\/uploads\/2025\/12\/TS02-400x400.webp 400w\" sizes=\"(max-width: 500px) 100vw, 500px\" \/><figcaption id=\"caption-attachment-5340\" class=\"wp-caption-text\">TS02 Prism Pole Topology Shoe<\/figcaption><\/figure>","protected":false},"excerpt":{"rendered":"<ul>\n<li>Zapewnia stabiln\u0105 podstaw\u0119 dla tyczek pryzmatycznych na mi\u0119kkim, nier\u00f3wnym lub nier\u00f3wnym pod\u0142o\u017cu.<\/li>\n<li>Gwarantuje bezpieczne mocowanie dzi\u0119ki wewn\u0119trznemu gwintowi \u017ce\u0144skiemu 5\/8\u2033-11.<\/li>\n<li>Zwi\u0119ksza dok\u0142adno\u015b\u0107 pomiaru poprzez minimalizowanie przesuni\u0119cia lub opadania biegun\u00f3w.<\/li>\n<li>Zaprojektowane do intensywnego u\u017cytkowania w terenie, z bardzo wytrzyma\u0142\u0105 konstrukcj\u0105 metalow\u0105.<\/li>\n<\/ul>","protected":false},"featured_media":5339,"comment_status":"open","ping_status":"closed","template":"","meta":[],"product_brand":[],"product_cat":[89,150],"product_tag":[],"class_list":{"0":"post-5338","1":"product","2":"type-product","3":"status-publish","4":"has-post-thumbnail","6":"product_cat-surveying-pole-rod","7":"product_cat-pole-accessory","9":"first","10":"instock","11":"shipping-taxable","12":"product-type-simple"},"_links":{"self":[{"href":"https:\/\/mountlaser.com\/pl\/wp-json\/wp\/v2\/product\/5338","targetHints":{"allow":["GET"]}}],"collection":[{"href":"https:\/\/mountlaser.com\/pl\/wp-json\/wp\/v2\/product"}],"about":[{"href":"https:\/\/mountlaser.com\/pl\/wp-json\/wp\/v2\/types\/product"}],"replies":[{"embeddable":true,"href":"https:\/\/mountlaser.com\/pl\/wp-json\/wp\/v2\/comments?post=5338"}],"wp:featuredmedia":[{"embeddable":true,"href":"https:\/\/mountlaser.com\/pl\/wp-json\/wp\/v2\/media\/5339"}],"wp:attachment":[{"href":"https:\/\/mountlaser.com\/pl\/wp-json\/wp\/v2\/media?parent=5338"}],"wp:term":[{"taxonomy":"product_brand","embeddable":true,"href":"https:\/\/mountlaser.com\/pl\/wp-json\/wp\/v2\/product_brand?post=5338"},{"taxonomy":"product_cat","embeddable":true,"href":"https:\/\/mountlaser.com\/pl\/wp-json\/wp\/v2\/product_cat?post=5338"},{"taxonomy":"product_tag","embeddable":true,"href":"https:\/\/mountlaser.com\/pl\/wp-json\/wp\/v2\/product_tag?post=5338"}],"curies":[{"name":"wp","href":"https:\/\/api.w.org\/{rel}","templated":true}]}}