{"id":5331,"date":"2025-12-04T04:43:31","date_gmt":"2025-12-04T04:43:31","guid":{"rendered":"https:\/\/mountlaser.com\/?post_type=product&#038;p=5331"},"modified":"2025-12-04T04:43:31","modified_gmt":"2025-12-04T04:43:31","slug":"hrt01-pole-tip","status":"publish","type":"product","link":"https:\/\/mountlaser.com\/pl\/produkt\/hrt01-pole-tip\/","title":{"rendered":"Ko\u0144c\u00f3wka tyczki HRT01"},"content":{"rendered":"<p>Ten <a href=\"https:\/\/mountlaser.com\/pl\/\"><strong>punkt s\u0142upa geodezyjnego<\/strong><\/a> to niezb\u0119dny element zapewniaj\u0105cy stabilne, precyzyjne i sp\u00f3jne pozycjonowanie podczas pomiar\u00f3w terenowych. Nasz model HRT01 wyposa\u017cony jest w wytrzyma\u0142y pr\u0119t sze\u015bciok\u0105tny ze wzmocnion\u0105 ko\u0144c\u00f3wk\u0105, zaprojektowan\u0105 z my\u015bl\u0105 o d\u0142ugotrwa\u0142ej niezawodno\u015bci. Ten grot tyczki geodezyjnej poprawia przyczepno\u015b\u0107 w zr\u00f3\u017cnicowanym terenie, umo\u017cliwiaj\u0105c geodetom utrzymanie dok\u0142adnego ustawienia w pionie nawet w trudnych warunkach.<\/p>\n<p>Zaprojektowany jako <a href=\"https:\/\/mountlaser.com\/pl\/kategoria-produktu\/surveying-pole-rod\/\"><strong>Ostry punkt wymienny Ti<\/strong><\/a>HRT01 to bezpieczne i odporne na zu\u017cycie rozwi\u0105zanie, kt\u00f3re mo\u017cna \u0142atwo wymieni\u0107 w razie potrzeby. Sze\u015bciok\u0105tna konstrukcja zapobiega obracaniu si\u0119 i zapewnia sztywne, niezawodne po\u0142\u0105czenie mi\u0119dzy tyczk\u0105 a pod\u0142o\u017cem. Niezale\u017cnie od tego, czy jest u\u017cywana z tyczkami GPS, tyczkami pryzmatycznymi, czy tradycyjnymi \u0142atami pomiarowymi, ten grot geodezyjny zapewnia doskona\u0142\u0105 stabilno\u015b\u0107.<\/p>\n<p><img fetchpriority=\"high\" decoding=\"async\" class=\"aligncenter wp-image-5333\" src=\"https:\/\/mountlaser.com\/wp-content\/uploads\/2025\/12\/HRT012.webp\" alt=\"surveying pole point\" width=\"500\" height=\"500\" srcset=\"https:\/\/mountlaser.com\/wp-content\/uploads\/2025\/12\/HRT012.webp 1000w, https:\/\/mountlaser.com\/wp-content\/uploads\/2025\/12\/HRT012-300x300.webp 300w, https:\/\/mountlaser.com\/wp-content\/uploads\/2025\/12\/HRT012-150x150.webp 150w, https:\/\/mountlaser.com\/wp-content\/uploads\/2025\/12\/HRT012-768x768.webp 768w, https:\/\/mountlaser.com\/wp-content\/uploads\/2025\/12\/HRT012-12x12.webp 12w, https:\/\/mountlaser.com\/wp-content\/uploads\/2025\/12\/HRT012-600x600.webp 600w, https:\/\/mountlaser.com\/wp-content\/uploads\/2025\/12\/HRT012-800x800.webp 800w, https:\/\/mountlaser.com\/wp-content\/uploads\/2025\/12\/HRT012-400x400.webp 400w\" sizes=\"(max-width: 500px) 100vw, 500px\" \/><\/p>\n<p>Jako prawdziwy <a href=\"https:\/\/mountlaser.com\/pl\/about-us\/\">Wymienna ko\u0144c\u00f3wka z ostrym czubkiem<\/a>, Oferuje \u0142atw\u0105 konserwacj\u0119, skr\u00f3cony czas przestoju i stabiln\u0105 wydajno\u015b\u0107 w r\u00f3\u017cnorodnych zastosowaniach geodezyjnych. Jego solidna konstrukcja gwarantuje d\u0142ug\u0105 \u017cywotno\u015b\u0107, dzi\u0119ki czemu idealnie nadaje si\u0119 do wymiany zu\u017cytych ko\u0144c\u00f3wek. Profesjonali\u015bci poszukuj\u0105cy precyzji i trwa\u0142o\u015bci doceni\u0105 ten grot geodezyjny jako niezawodne narz\u0119dzie w codziennych pracach terenowych.<\/p>","protected":false},"excerpt":{"rendered":"<ul>\n<li>Zapewnia stabilny punkt styku dla kij\u00f3w na mi\u0119kkim lub nier\u00f3wnym terenie<\/li>\n<li>Zapobiega po\u015blizgowi i obrotowi dzi\u0119ki sze\u015bciok\u0105tnej konstrukcji pr\u0119ta<\/li>\n<li>S\u0142u\u017cy jako ostry grot z wymienn\u0105 ko\u0144c\u00f3wk\u0105 umo\u017cliwiaj\u0105c\u0105 szybk\u0105 wymian\u0119 i niskie koszty konserwacji<\/li>\n<li>Zwi\u0119ksza dok\u0142adno\u015b\u0107 ustawienia pionowego podczas prac geodezyjnych<\/li>\n<\/ul>","protected":false},"featured_media":5332,"comment_status":"open","ping_status":"closed","template":"","meta":[],"product_brand":[],"product_cat":[89,150],"product_tag":[],"class_list":{"0":"post-5331","1":"product","2":"type-product","3":"status-publish","4":"has-post-thumbnail","6":"product_cat-surveying-pole-rod","7":"product_cat-pole-accessory","9":"first","10":"instock","11":"shipping-taxable","12":"product-type-simple"},"_links":{"self":[{"href":"https:\/\/mountlaser.com\/pl\/wp-json\/wp\/v2\/product\/5331","targetHints":{"allow":["GET"]}}],"collection":[{"href":"https:\/\/mountlaser.com\/pl\/wp-json\/wp\/v2\/product"}],"about":[{"href":"https:\/\/mountlaser.com\/pl\/wp-json\/wp\/v2\/types\/product"}],"replies":[{"embeddable":true,"href":"https:\/\/mountlaser.com\/pl\/wp-json\/wp\/v2\/comments?post=5331"}],"wp:featuredmedia":[{"embeddable":true,"href":"https:\/\/mountlaser.com\/pl\/wp-json\/wp\/v2\/media\/5332"}],"wp:attachment":[{"href":"https:\/\/mountlaser.com\/pl\/wp-json\/wp\/v2\/media?parent=5331"}],"wp:term":[{"taxonomy":"product_brand","embeddable":true,"href":"https:\/\/mountlaser.com\/pl\/wp-json\/wp\/v2\/product_brand?post=5331"},{"taxonomy":"product_cat","embeddable":true,"href":"https:\/\/mountlaser.com\/pl\/wp-json\/wp\/v2\/product_cat?post=5331"},{"taxonomy":"product_tag","embeddable":true,"href":"https:\/\/mountlaser.com\/pl\/wp-json\/wp\/v2\/product_tag?post=5331"}],"curies":[{"name":"wp","href":"https:\/\/api.w.org\/{rel}","templated":true}]}}