{"id":5325,"date":"2025-12-04T02:38:47","date_gmt":"2025-12-04T02:38:47","guid":{"rendered":"https:\/\/mountlaser.com\/?post_type=product&#038;p=5325"},"modified":"2025-12-04T02:38:47","modified_gmt":"2025-12-04T02:38:47","slug":"tip01-pole-tip","status":"publish","type":"product","link":"https:\/\/mountlaser.com\/pl\/produkt\/tip01-pole-tip\/","title":{"rendered":"Ko\u0144c\u00f3wka tyczki TIP01"},"content":{"rendered":"<p data-start=\"198\" data-end=\"516\">Ten <a href=\"https:\/\/mountlaser.com\/pl\/\"><strong data-start=\"202\" data-end=\"231\">Ko\u0144c\u00f3wka zamienna do kij\u00f3w<\/strong><\/a> to wytrzyma\u0142y, precyzyjnie obrobiony dodatek, kt\u00f3ry zapewnia stabilno\u015b\u0107 i precyzj\u0119 tyczki geodezyjnej w ka\u017cdym terenie. Wykonana z wysokiej jako\u015bci metalu w kolorze srebrnym, ta wymienna ko\u0144c\u00f3wka do tyczki zapewnia d\u0142ugotrwa\u0142\u0105 wydajno\u015b\u0107 i bezpieczne wbijanie si\u0119 w grunt podczas prac terenowych.<\/p>\n<p data-start=\"518\" data-end=\"894\">Nasz <a href=\"https:\/\/mountlaser.com\/pl\/products\/\"><strong data-start=\"522\" data-end=\"560\">Ostra ko\u0144c\u00f3wka zapasowa do kija GPS<\/strong><\/a> Zapewnia lepsz\u0105 przyczepno\u015b\u0107 na glebie, \u017cwirze lub nier\u00f3wnych powierzchniach, gwarantuj\u0105c stabilne osadzenie tyczki geodezyjnej i powtarzalno\u015b\u0107 pomiar\u00f3w. Niezale\u017cnie od tego, czy pracujesz z tyczk\u0105 GPS, pryzmatyczn\u0105, czy tyczk\u0105 GNSS, ostra ko\u0144c\u00f3wka wymienna do tyczki GPS zapewnia niezawodn\u0105 kompatybilno\u015b\u0107, \u0142atw\u0105 instalacj\u0119 i niezawodn\u0105 trwa\u0142o\u015b\u0107.<\/p>\n<p data-start=\"518\" data-end=\"894\"><img fetchpriority=\"high\" decoding=\"async\" class=\"aligncenter wp-image-5328\" src=\"https:\/\/mountlaser.com\/wp-content\/uploads\/2025\/12\/TIP013.webp\" alt=\"Replacement Tip for Poles\" width=\"500\" height=\"500\" srcset=\"https:\/\/mountlaser.com\/wp-content\/uploads\/2025\/12\/TIP013.webp 1000w, https:\/\/mountlaser.com\/wp-content\/uploads\/2025\/12\/TIP013-300x300.webp 300w, https:\/\/mountlaser.com\/wp-content\/uploads\/2025\/12\/TIP013-150x150.webp 150w, https:\/\/mountlaser.com\/wp-content\/uploads\/2025\/12\/TIP013-768x768.webp 768w, https:\/\/mountlaser.com\/wp-content\/uploads\/2025\/12\/TIP013-12x12.webp 12w, https:\/\/mountlaser.com\/wp-content\/uploads\/2025\/12\/TIP013-600x600.webp 600w, https:\/\/mountlaser.com\/wp-content\/uploads\/2025\/12\/TIP013-800x800.webp 800w, https:\/\/mountlaser.com\/wp-content\/uploads\/2025\/12\/TIP013-400x400.webp 400w\" sizes=\"(max-width: 500px) 100vw, 500px\" \/><\/p>\n<p data-start=\"896\" data-end=\"1118\">Dzi\u0119ki solidnej konstrukcji i uniwersalnemu dopasowaniu, <a href=\"https:\/\/mountlaser.com\/pl\/about-us\/\">Ko\u0144c\u00f3wka zamienna do kij\u00f3w<\/a>\u00a0s\u0105 niezb\u0119dnymi akcesoriami pozwalaj\u0105cymi zachowa\u0107 precyzj\u0119 dzia\u0142ania sprz\u0119tu i wyd\u0142u\u017cy\u0107 \u017cywotno\u015b\u0107 systemu maszt\u00f3w.<\/p>","protected":false},"excerpt":{"rendered":"<ul>\n<li data-start=\"1142\" data-end=\"1196\">\n<p data-start=\"1144\" data-end=\"1196\">Zapewnia ostry i stabilny punkt uziemienia dla s\u0142up\u00f3w<\/p>\n<\/li>\n<li data-start=\"1197\" data-end=\"1263\">\n<p data-start=\"1199\" data-end=\"1263\">Zwi\u0119ksza dok\u0142adno\u015b\u0107, minimalizuj\u0105c ruch dr\u0105\u017cka w nier\u00f3wnym terenie<\/p>\n<\/li>\n<li data-start=\"1264\" data-end=\"1320\">\n<p data-start=\"1266\" data-end=\"1320\">Umo\u017cliwia \u0142atw\u0105 wymian\u0119 na kompatybilne tyczki pomiarowe<\/p>\n<\/li>\n<li data-start=\"1321\" data-end=\"1370\">\n<p data-start=\"1323\" data-end=\"1370\">Wykonany z trwa\u0142ego metalu, co zapewnia d\u0142ug\u0105 \u017cywotno\u015b\u0107<\/p>\n<\/li>\n<li data-start=\"1371\" data-end=\"1458\">\n<p data-start=\"1373\" data-end=\"1458\">Zapewnia niezawodn\u0105 prac\u0119 w zastosowaniach geodezyjnych, budowlanych i GNSS<\/p>\n<\/li>\n<\/ul>","protected":false},"featured_media":5326,"comment_status":"open","ping_status":"closed","template":"","meta":[],"product_brand":[],"product_cat":[89,150],"product_tag":[],"class_list":{"0":"post-5325","1":"product","2":"type-product","3":"status-publish","4":"has-post-thumbnail","6":"product_cat-surveying-pole-rod","7":"product_cat-pole-accessory","9":"first","10":"instock","11":"shipping-taxable","12":"product-type-simple"},"_links":{"self":[{"href":"https:\/\/mountlaser.com\/pl\/wp-json\/wp\/v2\/product\/5325","targetHints":{"allow":["GET"]}}],"collection":[{"href":"https:\/\/mountlaser.com\/pl\/wp-json\/wp\/v2\/product"}],"about":[{"href":"https:\/\/mountlaser.com\/pl\/wp-json\/wp\/v2\/types\/product"}],"replies":[{"embeddable":true,"href":"https:\/\/mountlaser.com\/pl\/wp-json\/wp\/v2\/comments?post=5325"}],"wp:featuredmedia":[{"embeddable":true,"href":"https:\/\/mountlaser.com\/pl\/wp-json\/wp\/v2\/media\/5326"}],"wp:attachment":[{"href":"https:\/\/mountlaser.com\/pl\/wp-json\/wp\/v2\/media?parent=5325"}],"wp:term":[{"taxonomy":"product_brand","embeddable":true,"href":"https:\/\/mountlaser.com\/pl\/wp-json\/wp\/v2\/product_brand?post=5325"},{"taxonomy":"product_cat","embeddable":true,"href":"https:\/\/mountlaser.com\/pl\/wp-json\/wp\/v2\/product_cat?post=5325"},{"taxonomy":"product_tag","embeddable":true,"href":"https:\/\/mountlaser.com\/pl\/wp-json\/wp\/v2\/product_tag?post=5325"}],"curies":[{"name":"wp","href":"https:\/\/api.w.org\/{rel}","templated":true}]}}