{"id":5288,"date":"2025-12-04T01:51:53","date_gmt":"2025-12-04T01:51:53","guid":{"rendered":"https:\/\/mountlaser.com\/?post_type=product&#038;p=5288"},"modified":"2025-12-04T01:51:53","modified_gmt":"2025-12-04T01:51:53","slug":"rl01-rod-level","status":"publish","type":"product","link":"https:\/\/mountlaser.com\/pl\/produkt\/rl01-rod-level\/","title":{"rendered":"Poziomica pr\u0119towa RL01"},"content":{"rendered":"<p>Ten <a href=\"https:\/\/mountlaser.com\/pl\/\"><strong>Poziomica pr\u0119towa<\/strong><\/a> To niezb\u0119dne narz\u0119dzie do pomiaru wysoko\u015bci, zaprojektowane, aby pom\u00f3c geodetom w uzyskiwaniu dok\u0142adnych odczyt\u00f3w pionowych podczas pracy z \u0142atami niwelacyjnymi i tyczkami. Zaprojektowany z my\u015bl\u0105 o niezawodno\u015bci i \u0142atwo\u015bci u\u017cytkowania, poziomnica zapewnia prawid\u0142owe ustawienie \u0142aty w szerokim zakresie warunk\u00f3w terenowych. Nasza oferta obejmuje r\u00f3\u017cnorodne materia\u0142y i style mocowania \u2013 takie jak zatrzaski i paski \u2013 pozwalaj\u0105ce profesjonalistom wybra\u0107 najbardziej odpowiedni. <a href=\"https:\/\/mountlaser.com\/pl\/kategoria-produktu\/surveying-pole-rod\/\"><strong>Regulowany poziom \u0142aty pomiarowej<\/strong><\/a> dla ich przep\u0142ywu pracy.<\/p>\n<p>Wykonana z precyzyjnych libelek 40&#039;\/2 mm, ka\u017cda poziomnica pr\u0119towa zapewnia szybki podgl\u0105d wizualny, gwarantuj\u0105c niezawodne ustawienie. Dost\u0119pne opcje obejmuj\u0105 lekkie plastikowe korpusy, takie jak RL01, wytrzyma\u0142e aluminiowe ramy w modelach RL02 i RL03 oraz uniwersalne wersje z mocowaniem na pas, dost\u0119pne w modelach RL04 i PA40. Jako regulowana poziomnica pr\u0119towa, narz\u0119dzie jest kompatybilne z r\u00f3\u017cnymi typami pr\u0119t\u00f3w, zapewniaj\u0105c kompatybilno\u015b\u0107 i sp\u00f3jn\u0105 wydajno\u015b\u0107 nawet w trudnych warunkach geodezyjnych.<\/p>\n<p>Niezale\u017cnie od tego, czy jest u\u017cywany do planowania budowy, geodezji, czy pomiar\u00f3w topograficznych, niwelator zwi\u0119ksza wydajno\u015b\u0107, poprawiaj\u0105c stabilno\u015b\u0107 \u0142aty i zapewniaj\u0105c dok\u0142adne odczyty odniesienia. Geodeci polegaj\u0105 na <a href=\"https:\/\/mountlaser.com\/pl\/contact-us\/\">Poziomica pr\u0119towa<\/a> aby ograniczy\u0107 liczb\u0119 b\u0142\u0119d\u00f3w, utrzyma\u0107 sp\u00f3jny przep\u0142yw pracy i zagwarantowa\u0107 niezawodne wyr\u00f3wnanie pionowe w ka\u017cdym projekcie.<\/p>\n<div>\n<table style=\"border-collapse: collapse; width: 710.27pt;\" border=\"0\" width=\"947\" cellspacing=\"0\" cellpadding=\"0\">\n<tbody>\n<tr style=\"height: 14.25pt;\">\n<td class=\"et2\" style=\"height: 14.25pt; width: 99.75pt;\" width=\"133\" height=\"19\">NUMER<\/td>\n<td class=\"et3\" style=\"width: 75.75pt;\" width=\"101\">TWORZYWO<\/td>\n<td class=\"et4\" style=\"width: 108.75pt;\" width=\"145\">FIOLKA B\u0104BELKOWA<\/td>\n<td class=\"et4\" style=\"width: 144.00pt;\" width=\"192\">METODA MOCOWANIA<\/td>\n<td class=\"et4\" style=\"width: 114.00pt;\" width=\"152\">KOLOR<\/td>\n<td class=\"et5\" style=\"width: 168.00pt;\" width=\"224\">ZDJ\u0118CIE<\/td>\n<\/tr>\n<tr style=\"height: 14.25pt;\">\n<td class=\"et6\" style=\"height: 14.25pt;\" height=\"19\">RL01<\/td>\n<td class=\"et6\">Plastikowy<\/td>\n<td class=\"et6\">40&#039;\/ 2mm<\/td>\n<td class=\"et6\">\u2014<\/td>\n<td class=\"et6\">Pomara\u0144czowy<\/td>\n<td class=\"et7\"><img fetchpriority=\"high\" decoding=\"async\" class=\"alignnone wp-image-5290\" src=\"https:\/\/mountlaser.com\/wp-content\/uploads\/2025\/12\/RL012.webp\" alt=\"Rod Level\" width=\"500\" height=\"500\" srcset=\"https:\/\/mountlaser.com\/wp-content\/uploads\/2025\/12\/RL012.webp 1200w, https:\/\/mountlaser.com\/wp-content\/uploads\/2025\/12\/RL012-300x300.webp 300w, https:\/\/mountlaser.com\/wp-content\/uploads\/2025\/12\/RL012-1024x1024.webp 1024w, https:\/\/mountlaser.com\/wp-content\/uploads\/2025\/12\/RL012-150x150.webp 150w, https:\/\/mountlaser.com\/wp-content\/uploads\/2025\/12\/RL012-768x768.webp 768w, https:\/\/mountlaser.com\/wp-content\/uploads\/2025\/12\/RL012-12x12.webp 12w, https:\/\/mountlaser.com\/wp-content\/uploads\/2025\/12\/RL012-600x600.webp 600w, https:\/\/mountlaser.com\/wp-content\/uploads\/2025\/12\/RL012-800x800.webp 800w, https:\/\/mountlaser.com\/wp-content\/uploads\/2025\/12\/RL012-400x400.webp 400w\" sizes=\"(max-width: 500px) 100vw, 500px\" \/><\/td>\n<\/tr>\n<tr style=\"height: 14.25pt;\">\n<td class=\"et6\" style=\"height: 14.25pt;\" height=\"19\">RL02<\/td>\n<td class=\"et6\">Aluminium<\/td>\n<td class=\"et6\">40&#039;\/ 2mm<\/td>\n<td class=\"et6\">\u2014<\/td>\n<td class=\"et6\">CZERWONY\/Czarny<\/td>\n<td class=\"et7\"><img decoding=\"async\" class=\"alignnone wp-image-5297\" src=\"https:\/\/mountlaser.com\/wp-content\/uploads\/2025\/12\/RL024.webp\" alt=\"Rod Level\" width=\"500\" height=\"500\" srcset=\"https:\/\/mountlaser.com\/wp-content\/uploads\/2025\/12\/RL024.webp 1200w, https:\/\/mountlaser.com\/wp-content\/uploads\/2025\/12\/RL024-300x300.webp 300w, https:\/\/mountlaser.com\/wp-content\/uploads\/2025\/12\/RL024-1024x1024.webp 1024w, https:\/\/mountlaser.com\/wp-content\/uploads\/2025\/12\/RL024-150x150.webp 150w, https:\/\/mountlaser.com\/wp-content\/uploads\/2025\/12\/RL024-768x768.webp 768w, https:\/\/mountlaser.com\/wp-content\/uploads\/2025\/12\/RL024-12x12.webp 12w, https:\/\/mountlaser.com\/wp-content\/uploads\/2025\/12\/RL024-600x600.webp 600w, https:\/\/mountlaser.com\/wp-content\/uploads\/2025\/12\/RL024-800x800.webp 800w, https:\/\/mountlaser.com\/wp-content\/uploads\/2025\/12\/RL024-400x400.webp 400w\" sizes=\"(max-width: 500px) 100vw, 500px\" \/><\/td>\n<\/tr>\n<tr style=\"height: 14.25pt;\">\n<td class=\"et6\" style=\"height: 14.25pt;\" height=\"19\">RL03<\/td>\n<td class=\"et6\">Aluminium<\/td>\n<td class=\"et6\">40&#039;\/ 2mm<\/td>\n<td class=\"et6\">Zatrzaskowy<\/td>\n<td class=\"et6\">Czarny<\/td>\n<td class=\"et7\"><img decoding=\"async\" class=\"alignnone wp-image-5303\" src=\"https:\/\/mountlaser.com\/wp-content\/uploads\/2025\/12\/RL034.webp\" alt=\"Rod Level\" width=\"500\" height=\"500\" srcset=\"https:\/\/mountlaser.com\/wp-content\/uploads\/2025\/12\/RL034.webp 1200w, https:\/\/mountlaser.com\/wp-content\/uploads\/2025\/12\/RL034-300x300.webp 300w, https:\/\/mountlaser.com\/wp-content\/uploads\/2025\/12\/RL034-1024x1024.webp 1024w, https:\/\/mountlaser.com\/wp-content\/uploads\/2025\/12\/RL034-150x150.webp 150w, https:\/\/mountlaser.com\/wp-content\/uploads\/2025\/12\/RL034-768x768.webp 768w, https:\/\/mountlaser.com\/wp-content\/uploads\/2025\/12\/RL034-12x12.webp 12w, https:\/\/mountlaser.com\/wp-content\/uploads\/2025\/12\/RL034-600x600.webp 600w, https:\/\/mountlaser.com\/wp-content\/uploads\/2025\/12\/RL034-800x800.webp 800w, https:\/\/mountlaser.com\/wp-content\/uploads\/2025\/12\/RL034-400x400.webp 400w\" sizes=\"(max-width: 500px) 100vw, 500px\" \/><\/td>\n<\/tr>\n<tr style=\"height: 14.25pt;\">\n<td class=\"et6\" style=\"height: 14.25pt;\" height=\"19\">RL04<\/td>\n<td class=\"et6\">Aluminium<\/td>\n<td class=\"et6\">40&#039;\/ 2mm<\/td>\n<td class=\"et6\">Pasek<\/td>\n<td class=\"et6\">CZERWONY\/Czarny<\/td>\n<td class=\"et7\"><img loading=\"lazy\" decoding=\"async\" class=\"alignnone wp-image-5310\" src=\"https:\/\/mountlaser.com\/wp-content\/uploads\/2025\/12\/RL046.webp\" alt=\"Rod Level\" width=\"500\" height=\"500\" srcset=\"https:\/\/mountlaser.com\/wp-content\/uploads\/2025\/12\/RL046.webp 1200w, https:\/\/mountlaser.com\/wp-content\/uploads\/2025\/12\/RL046-300x300.webp 300w, https:\/\/mountlaser.com\/wp-content\/uploads\/2025\/12\/RL046-1024x1024.webp 1024w, https:\/\/mountlaser.com\/wp-content\/uploads\/2025\/12\/RL046-150x150.webp 150w, https:\/\/mountlaser.com\/wp-content\/uploads\/2025\/12\/RL046-768x768.webp 768w, https:\/\/mountlaser.com\/wp-content\/uploads\/2025\/12\/RL046-12x12.webp 12w, https:\/\/mountlaser.com\/wp-content\/uploads\/2025\/12\/RL046-600x600.webp 600w, https:\/\/mountlaser.com\/wp-content\/uploads\/2025\/12\/RL046-800x800.webp 800w, https:\/\/mountlaser.com\/wp-content\/uploads\/2025\/12\/RL046-400x400.webp 400w\" sizes=\"(max-width: 500px) 100vw, 500px\" \/><\/td>\n<\/tr>\n<tr style=\"height: 14.25pt;\">\n<td class=\"et6\" style=\"height: 14.25pt;\" height=\"19\">PA40<\/td>\n<td class=\"et6\">Aluminium<\/td>\n<td class=\"et6\">40&#039;\/ 2mm<\/td>\n<td class=\"et6\">Pasek<\/td>\n<td class=\"et6\">\u017b\u00f3\u0142ty<\/td>\n<td class=\"et7\"><img loading=\"lazy\" decoding=\"async\" class=\"alignnone wp-image-5317\" src=\"https:\/\/mountlaser.com\/wp-content\/uploads\/2025\/12\/PA406.webp\" alt=\"Rod Level\" width=\"500\" height=\"500\" srcset=\"https:\/\/mountlaser.com\/wp-content\/uploads\/2025\/12\/PA406.webp 1200w, https:\/\/mountlaser.com\/wp-content\/uploads\/2025\/12\/PA406-300x300.webp 300w, https:\/\/mountlaser.com\/wp-content\/uploads\/2025\/12\/PA406-1024x1024.webp 1024w, https:\/\/mountlaser.com\/wp-content\/uploads\/2025\/12\/PA406-150x150.webp 150w, https:\/\/mountlaser.com\/wp-content\/uploads\/2025\/12\/PA406-768x768.webp 768w, https:\/\/mountlaser.com\/wp-content\/uploads\/2025\/12\/PA406-12x12.webp 12w, https:\/\/mountlaser.com\/wp-content\/uploads\/2025\/12\/PA406-600x600.webp 600w, https:\/\/mountlaser.com\/wp-content\/uploads\/2025\/12\/PA406-800x800.webp 800w, https:\/\/mountlaser.com\/wp-content\/uploads\/2025\/12\/PA406-400x400.webp 400w\" sizes=\"(max-width: 500px) 100vw, 500px\" \/><\/td>\n<\/tr>\n<\/tbody>\n<\/table>\n<\/div>","protected":false},"excerpt":{"rendered":"<ul>\n<li>Zapewnia precyzyjne ustawienie pionowe wszystkich powszechnie stosowanych \u0142at geodezyjnych.<\/li>\n<li>Wyposa\u017cona w libelk\u0119 40&#039;\/2mm umo\u017cliwiaj\u0105c\u0105 szybkie i dok\u0142adne poziomowanie.<\/li>\n<li>Dost\u0119pne w obudowach plastikowych lub aluminiowych, aby spe\u0142ni\u0107 r\u00f3\u017cne wymagania dotycz\u0105ce trwa\u0142o\u015bci.<\/li>\n<li>R\u00f3\u017cne metody mocowania \u2014 zatrzaski lub paski \u2014 zapewniaj\u0105 elastyczne opcje instalacji.<\/li>\n<li>S\u0142u\u017cy jako regulowana poziomica pomiarowa do pr\u0119t\u00f3w o r\u00f3\u017cnych \u015brednicach i zastosowa\u0144 terenowych.<\/li>\n<\/ul>","protected":false},"featured_media":5294,"comment_status":"open","ping_status":"closed","template":"","meta":[],"product_brand":[],"product_cat":[89,150],"product_tag":[],"class_list":{"0":"post-5288","1":"product","2":"type-product","3":"status-publish","4":"has-post-thumbnail","6":"product_cat-surveying-pole-rod","7":"product_cat-pole-accessory","9":"first","10":"instock","11":"shipping-taxable","12":"product-type-simple"},"_links":{"self":[{"href":"https:\/\/mountlaser.com\/pl\/wp-json\/wp\/v2\/product\/5288","targetHints":{"allow":["GET"]}}],"collection":[{"href":"https:\/\/mountlaser.com\/pl\/wp-json\/wp\/v2\/product"}],"about":[{"href":"https:\/\/mountlaser.com\/pl\/wp-json\/wp\/v2\/types\/product"}],"replies":[{"embeddable":true,"href":"https:\/\/mountlaser.com\/pl\/wp-json\/wp\/v2\/comments?post=5288"}],"wp:featuredmedia":[{"embeddable":true,"href":"https:\/\/mountlaser.com\/pl\/wp-json\/wp\/v2\/media\/5294"}],"wp:attachment":[{"href":"https:\/\/mountlaser.com\/pl\/wp-json\/wp\/v2\/media?parent=5288"}],"wp:term":[{"taxonomy":"product_brand","embeddable":true,"href":"https:\/\/mountlaser.com\/pl\/wp-json\/wp\/v2\/product_brand?post=5288"},{"taxonomy":"product_cat","embeddable":true,"href":"https:\/\/mountlaser.com\/pl\/wp-json\/wp\/v2\/product_cat?post=5288"},{"taxonomy":"product_tag","embeddable":true,"href":"https:\/\/mountlaser.com\/pl\/wp-json\/wp\/v2\/product_tag?post=5288"}],"curies":[{"name":"wp","href":"https:\/\/api.w.org\/{rel}","templated":true}]}}