{"id":5287,"date":"2025-12-04T01:37:53","date_gmt":"2025-12-04T01:37:53","guid":{"rendered":"https:\/\/mountlaser.com\/?post_type=product&#038;p=5287"},"modified":"2025-12-04T01:54:26","modified_gmt":"2025-12-04T01:54:26","slug":"bbp-bubble-and-holder","status":"publish","type":"product","link":"https:\/\/mountlaser.com\/pl\/produkt\/bbp-bubble-and-holder\/","title":{"rendered":"Ba\u0144ka i uchwyt BBP"},"content":{"rendered":"<p>Ten <a href=\"https:\/\/mountlaser.com\/pl\/kategoria-produktu\/surveying-pole-rod\/\"><strong>Uchwyt na ba\u0144ki do tyczki<\/strong><\/a> To precyzyjnie zaprojektowany element zapewniaj\u0105cy dok\u0142adne poziomowanie tyczek geodezyjnych o r\u00f3\u017cnych \u015brednicach. Dost\u0119pny w czarnych wersjach BBP25\/30\/32\/36 i srebrnych SBP32\/38, uchwyt ten gwarantuje bezpieczne mocowanie i stabiln\u0105 prac\u0119 w wymagaj\u0105cych warunkach terenowych. Niezale\u017cnie od tego, czy jest u\u017cywany na tyczkach pryzmatycznych, czy tyczkach geodezyjnych GPS, uchwyt z libell\u0105 do tyczek zapewnia niezawodno\u015b\u0107 i bezproblemow\u0105 kompatybilno\u015b\u0107 z szerok\u0105 gam\u0105 libell do tyczek. Jego trwa\u0142a konstrukcja i ergonomiczna konstrukcja u\u0142atwiaj\u0105 monta\u017c, umo\u017cliwiaj\u0105c geodetom szybk\u0105 regulacj\u0119 i kontrol\u0119 ustawienia w pionie.<\/p>\n<figure id=\"attachment_5279\" aria-describedby=\"caption-attachment-5279\" style=\"width: 500px\" class=\"wp-caption aligncenter\"><img fetchpriority=\"high\" decoding=\"async\" class=\"wp-image-5279\" src=\"https:\/\/mountlaser.com\/wp-content\/uploads\/2025\/12\/BBP3.webp\" alt=\"Bubble Holder for pole\" width=\"500\" height=\"500\" srcset=\"https:\/\/mountlaser.com\/wp-content\/uploads\/2025\/12\/BBP3.webp 1000w, https:\/\/mountlaser.com\/wp-content\/uploads\/2025\/12\/BBP3-300x300.webp 300w, https:\/\/mountlaser.com\/wp-content\/uploads\/2025\/12\/BBP3-150x150.webp 150w, https:\/\/mountlaser.com\/wp-content\/uploads\/2025\/12\/BBP3-768x768.webp 768w, https:\/\/mountlaser.com\/wp-content\/uploads\/2025\/12\/BBP3-12x12.webp 12w, https:\/\/mountlaser.com\/wp-content\/uploads\/2025\/12\/BBP3-600x600.webp 600w, https:\/\/mountlaser.com\/wp-content\/uploads\/2025\/12\/BBP3-800x800.webp 800w, https:\/\/mountlaser.com\/wp-content\/uploads\/2025\/12\/BBP3-400x400.webp 400w\" sizes=\"(max-width: 500px) 100vw, 500px\" \/><figcaption id=\"caption-attachment-5279\" class=\"wp-caption-text\">BBP25\/30\/32\/36<\/figcaption><\/figure>\n<figure id=\"attachment_5319\" aria-describedby=\"caption-attachment-5319\" style=\"width: 500px\" class=\"wp-caption aligncenter\"><img decoding=\"async\" class=\"wp-image-5319\" src=\"https:\/\/mountlaser.com\/wp-content\/uploads\/2025\/12\/SBP1.webp\" alt=\"Bubble Holder for pole\" width=\"500\" height=\"500\" srcset=\"https:\/\/mountlaser.com\/wp-content\/uploads\/2025\/12\/SBP1.webp 1200w, https:\/\/mountlaser.com\/wp-content\/uploads\/2025\/12\/SBP1-300x300.webp 300w, https:\/\/mountlaser.com\/wp-content\/uploads\/2025\/12\/SBP1-1024x1024.webp 1024w, https:\/\/mountlaser.com\/wp-content\/uploads\/2025\/12\/SBP1-150x150.webp 150w, https:\/\/mountlaser.com\/wp-content\/uploads\/2025\/12\/SBP1-768x768.webp 768w, https:\/\/mountlaser.com\/wp-content\/uploads\/2025\/12\/SBP1-12x12.webp 12w, https:\/\/mountlaser.com\/wp-content\/uploads\/2025\/12\/SBP1-600x600.webp 600w, https:\/\/mountlaser.com\/wp-content\/uploads\/2025\/12\/SBP1-800x800.webp 800w, https:\/\/mountlaser.com\/wp-content\/uploads\/2025\/12\/SBP1-400x400.webp 400w\" sizes=\"(max-width: 500px) 100vw, 500px\" \/><figcaption id=\"caption-attachment-5319\" class=\"wp-caption-text\">SBP32\/38<\/figcaption><\/figure>\n<p>Dzi\u0119ki lepszej widoczno\u015bci i d\u0142ugotrwa\u0142ej dok\u0142adno\u015bci uchwyt na ba\u0144ki do tyczek jest niezb\u0119dnym narz\u0119dziem dla profesjonalist\u00f3w, kt\u00f3rzy polegaj\u0105 na precyzyjnych pomiarach, szczeg\u00f3lnie w po\u0142\u0105czeniu z wysokiej jako\u015bci<a href=\"https:\/\/mountlaser.com\/pl\/about-us\/\"><strong> ba\u0144ka do tyczki<\/strong><\/a> komponenty i akcesoria.<\/p>","protected":false},"excerpt":{"rendered":"<ul>\n<li>Zapewnia szybkie i dok\u0142adne pionowe ustawienie s\u0142up\u00f3w geodezyjnych<\/li>\n<li>Kompatybilny z wieloma \u015brednicami dr\u0105\u017ck\u00f3w (25\/30\/32\/36 mm i 32\/38 mm)<\/li>\n<li>Mocno mocuje ba\u0144k\u0119 do fiolek na dr\u0105\u017ckach<\/li>\n<li>Zwi\u0119ksza dok\u0142adno\u015b\u0107 pomiar\u00f3w w budownictwie, kartografii i geodezji<\/li>\n<li>Zaprojektowane z my\u015bl\u0105 o wytrzyma\u0142o\u015bci i warunkach terenowych<\/li>\n<\/ul>","protected":false},"featured_media":5277,"comment_status":"open","ping_status":"closed","template":"","meta":[],"product_brand":[],"product_cat":[89,150],"product_tag":[],"class_list":{"0":"post-5287","1":"product","2":"type-product","3":"status-publish","4":"has-post-thumbnail","6":"product_cat-surveying-pole-rod","7":"product_cat-pole-accessory","9":"first","10":"instock","11":"shipping-taxable","12":"product-type-simple"},"_links":{"self":[{"href":"https:\/\/mountlaser.com\/pl\/wp-json\/wp\/v2\/product\/5287","targetHints":{"allow":["GET"]}}],"collection":[{"href":"https:\/\/mountlaser.com\/pl\/wp-json\/wp\/v2\/product"}],"about":[{"href":"https:\/\/mountlaser.com\/pl\/wp-json\/wp\/v2\/types\/product"}],"replies":[{"embeddable":true,"href":"https:\/\/mountlaser.com\/pl\/wp-json\/wp\/v2\/comments?post=5287"}],"wp:featuredmedia":[{"embeddable":true,"href":"https:\/\/mountlaser.com\/pl\/wp-json\/wp\/v2\/media\/5277"}],"wp:attachment":[{"href":"https:\/\/mountlaser.com\/pl\/wp-json\/wp\/v2\/media?parent=5287"}],"wp:term":[{"taxonomy":"product_brand","embeddable":true,"href":"https:\/\/mountlaser.com\/pl\/wp-json\/wp\/v2\/product_brand?post=5287"},{"taxonomy":"product_cat","embeddable":true,"href":"https:\/\/mountlaser.com\/pl\/wp-json\/wp\/v2\/product_cat?post=5287"},{"taxonomy":"product_tag","embeddable":true,"href":"https:\/\/mountlaser.com\/pl\/wp-json\/wp\/v2\/product_tag?post=5287"}],"curies":[{"name":"wp","href":"https:\/\/api.w.org\/{rel}","templated":true}]}}