{"id":5286,"date":"2025-12-03T09:14:35","date_gmt":"2025-12-03T09:14:35","guid":{"rendered":"https:\/\/mountlaser.com\/?post_type=product&#038;p=5286"},"modified":"2025-12-03T09:17:43","modified_gmt":"2025-12-03T09:17:43","slug":"bl09-pole-bubble-vial","status":"publish","type":"product","link":"https:\/\/mountlaser.com\/pl\/produkt\/bl09-pole-bubble-vial\/","title":{"rendered":"BL09 Fiolka b\u0105belkowa"},"content":{"rendered":"<p>Ten <a href=\"https:\/\/mountlaser.com\/pl\/\"><strong>BL09 Fiolka b\u0105belkowa<\/strong><\/a> to precyzyjnie zaprojektowany przyrz\u0105d do poziomowania przeznaczony do tyczek pryzmatycznych i GPS, zapewniaj\u0105cy stabilne i dok\u0142adne pomiary w terenie. Zbudowana z przejrzystego p\u0142ynu i trwa\u0142ej obudowy, libella BL09 z libell\u0105 umo\u017cliwia szybkie poziomowanie wizualne, dzi\u0119ki czemu idealnie nadaje si\u0119 do wymagaj\u0105cych zastosowa\u0144 geodezyjnych.<\/p>\n<p>Ten niezawodny <a href=\"https:\/\/mountlaser.com\/pl\/products\/\"><strong>Zesp\u00f3\u0142 fiolki b\u0105belkowej<\/strong><\/a> Jest \u0142atwy w monta\u017cu, odporny na uderzenia i zachowuje dok\u0142adno\u015b\u0107 nawet w trudnych warunkach zewn\u0119trznych. Niezale\u017cnie od tego, czy jest u\u017cywany jako element zamienny, czy jako ulepszenie, <!--StartFragment --><span class=\"cf0\">Zesp\u00f3\u0142 fiolki b\u0105belkowej<\/span><!--EndFragment --> gwarantuje sta\u0142\u0105 wydajno\u015b\u0107 i d\u0142ugoterminow\u0105 trwa\u0142o\u015b\u0107.<\/p>\n<p>Dzi\u0119ki kompaktowej konstrukcji i uniwersalnej kompatybilno\u015bci, zesp\u00f3\u0142 libelli b\u0105belkowej zwi\u0119ksza wydajno\u015b\u0107 pomiar\u00f3w i skraca czas konfiguracji. Geodeci mog\u0105 polega\u0107 na libelli b\u0105belkowej BL09, aby zachowa\u0107 precyzj\u0119 pionu, a zesp\u00f3\u0142 libelli b\u0105belkowej zapewnia stabilne wsparcie na ka\u017cdym placu budowy.<\/p>\n<p><img fetchpriority=\"high\" decoding=\"async\" class=\"aligncenter wp-image-5273\" src=\"https:\/\/mountlaser.com\/wp-content\/uploads\/2025\/12\/BL093.webp\" alt=\"BL09 Pole Bubble Vial\" width=\"500\" height=\"500\" srcset=\"https:\/\/mountlaser.com\/wp-content\/uploads\/2025\/12\/BL093.webp 1000w, https:\/\/mountlaser.com\/wp-content\/uploads\/2025\/12\/BL093-300x300.webp 300w, https:\/\/mountlaser.com\/wp-content\/uploads\/2025\/12\/BL093-150x150.webp 150w, https:\/\/mountlaser.com\/wp-content\/uploads\/2025\/12\/BL093-768x768.webp 768w, https:\/\/mountlaser.com\/wp-content\/uploads\/2025\/12\/BL093-12x12.webp 12w, https:\/\/mountlaser.com\/wp-content\/uploads\/2025\/12\/BL093-600x600.webp 600w, https:\/\/mountlaser.com\/wp-content\/uploads\/2025\/12\/BL093-800x800.webp 800w, https:\/\/mountlaser.com\/wp-content\/uploads\/2025\/12\/BL093-400x400.webp 400w\" sizes=\"(max-width: 500px) 100vw, 500px\" \/><\/p>\n<p>Dzi\u0119ki kompaktowej konstrukcji i uniwersalnej kompatybilno\u015bci, <a href=\"https:\/\/mountlaser.com\/pl\/contact-us\/\">Zesp\u00f3\u0142 fiolki b\u0105belkowej<\/a> Zwi\u0119ksza wydajno\u015b\u0107 pomiar\u00f3w i skraca czas konfiguracji. Geodeci mog\u0105 polega\u0107 na libelli BL09, kt\u00f3ra utrzymuje precyzj\u0119 pionu, a zesp\u00f3\u0142 libelli zapewnia stabilne podparcie na ka\u017cdym placu budowy.<\/p>","protected":false},"excerpt":{"rendered":"<ul>\n<li>Zapewnia dok\u0142adne poziomowanie tyczek pryzmatycznych i tyczek GPS<\/li>\n<li>Zapewnia szybk\u0105 widoczno\u015b\u0107 p\u0119cherzyk\u00f3w powietrza, co pozwala na efektywn\u0105 konfiguracj\u0119 w terenie<\/li>\n<li>Trwa\u0142a konstrukcja zapewnia dok\u0142adno\u015b\u0107 w warunkach zewn\u0119trznych<\/li>\n<li>Prosta instalacja i stabilne mocowanie<\/li>\n<\/ul>","protected":false},"featured_media":5271,"comment_status":"open","ping_status":"closed","template":"","meta":[],"product_brand":[],"product_cat":[89,150],"product_tag":[],"class_list":{"0":"post-5286","1":"product","2":"type-product","3":"status-publish","4":"has-post-thumbnail","6":"product_cat-surveying-pole-rod","7":"product_cat-pole-accessory","9":"first","10":"instock","11":"shipping-taxable","12":"product-type-simple"},"_links":{"self":[{"href":"https:\/\/mountlaser.com\/pl\/wp-json\/wp\/v2\/product\/5286","targetHints":{"allow":["GET"]}}],"collection":[{"href":"https:\/\/mountlaser.com\/pl\/wp-json\/wp\/v2\/product"}],"about":[{"href":"https:\/\/mountlaser.com\/pl\/wp-json\/wp\/v2\/types\/product"}],"replies":[{"embeddable":true,"href":"https:\/\/mountlaser.com\/pl\/wp-json\/wp\/v2\/comments?post=5286"}],"wp:featuredmedia":[{"embeddable":true,"href":"https:\/\/mountlaser.com\/pl\/wp-json\/wp\/v2\/media\/5271"}],"wp:attachment":[{"href":"https:\/\/mountlaser.com\/pl\/wp-json\/wp\/v2\/media?parent=5286"}],"wp:term":[{"taxonomy":"product_brand","embeddable":true,"href":"https:\/\/mountlaser.com\/pl\/wp-json\/wp\/v2\/product_brand?post=5286"},{"taxonomy":"product_cat","embeddable":true,"href":"https:\/\/mountlaser.com\/pl\/wp-json\/wp\/v2\/product_cat?post=5286"},{"taxonomy":"product_tag","embeddable":true,"href":"https:\/\/mountlaser.com\/pl\/wp-json\/wp\/v2\/product_tag?post=5286"}],"curies":[{"name":"wp","href":"https:\/\/api.w.org\/{rel}","templated":true}]}}