{"id":5269,"date":"2025-12-03T08:48:43","date_gmt":"2025-12-03T08:48:43","guid":{"rendered":"https:\/\/mountlaser.com\/?post_type=product&#038;p=5269"},"modified":"2025-12-03T08:48:43","modified_gmt":"2025-12-03T08:48:43","slug":"pin-pole","status":"publish","type":"product","link":"https:\/\/mountlaser.com\/pl\/produkt\/pin-pole\/","title":{"rendered":"S\u0142upek szpilkowy"},"content":{"rendered":"<p>Ten <a href=\"https:\/\/mountlaser.com\/pl\/\"><strong>S\u0142upek z czerwonymi i bia\u0142ymi elementami<\/strong><\/a> to kompaktowa i niezawodna tyczka geodezyjna przeznaczona do precyzyjnych pomiar\u00f3w terenowych, szczeg\u00f3lnie w miejscach, gdzie mobilno\u015b\u0107 i szybkie rozstawianie s\u0105 kluczowe. Popularna konfiguracja tyczki 1,5 m zapewnia doskona\u0142\u0105 widoczno\u015b\u0107 dzi\u0119ki kontrastowemu, czerwono-bia\u0142emu wyko\u0144czeniu, gwarantuj\u0105c precyzyjne celowanie i ustawienie podczas prac geodezyjnych.<\/p>\n<p>Zaprojektowany z my\u015bl\u0105 o wszechstronno\u015bci, <a href=\"https:\/\/mountlaser.com\/pl\/about-us\/\"><strong>S\u0142upek szpilkowy 1,5 m<\/strong><\/a> Posiada zdejmowan\u0105 ko\u0144c\u00f3wk\u0119 i od\u0142\u0105czane sekcje, co pozwala geodetom na \u0142atwy transport i monta\u017c w ci\u0105gu kilku sekund. Niezale\u017cnie od tego, czy jest wykonany ze stali, stali nierdzewnej czy aluminium, ka\u017cdy model zapewnia trwa\u0142o\u015b\u0107 i stabilno\u015b\u0107 niezb\u0119dn\u0105 w profesjonalnych zastosowaniach geodezyjnych.<\/p>\n<p>Tyczka o d\u0142ugo\u015bci 1,5 m jest dost\u0119pna w wielu konfiguracjach \u2013 w tym ze stali, stali nierdzewnej i aluminium \u2013 co zapewnia kompatybilno\u015b\u0107 z popularnymi akcesoriami geodezyjnymi za pomoc\u0105 gwint\u00f3w M6 lub 1\/4\u2033-20. Jej lekka i segmentowa konstrukcja sprawia, \u017ce <a href=\"https:\/\/mountlaser.com\/pl\/contact-us\/\">S\u0142upek z czerwonymi i bia\u0142ymi elementami<\/a> idealny do pomiar\u00f3w GNSS, ustawiania pryzmat\u00f3w i znakowania punkt\u00f3w na placach budowy.<\/p>\n<div>\n<table style=\"border-collapse: collapse; width: 604.52pt;\" border=\"0\" width=\"806\" cellspacing=\"0\" cellpadding=\"0\">\n<tbody>\n<tr style=\"height: 14.25pt;\">\n<td class=\"et2\" style=\"height: 14.25pt; width: 99.75pt;\" width=\"133\" height=\"19\">NUMER<\/td>\n<td class=\"et3\" style=\"width: 75.75pt;\" width=\"101\">TWORZYWO<\/td>\n<td class=\"et3\" style=\"width: 108.75pt;\" width=\"145\">\u015aREDNICA<\/td>\n<td class=\"et3\" style=\"width: 144.00pt;\" width=\"192\">D\u0141UGO\u015a\u0106<\/td>\n<td class=\"et3\" style=\"width: 176.25pt;\" width=\"235\">NITKA<\/td>\n<\/tr>\n<tr style=\"height: 14.25pt;\">\n<td class=\"et4\" style=\"height: 14.25pt;\" height=\"19\">SP095003<\/td>\n<td class=\"et4\">Stal<\/td>\n<td class=\"et4\">\u015arednica zewn\u0119trzna 9 mm<\/td>\n<td class=\"et4\">500 mm x 3 sekcje, rozszerzalne do 1,5 m<\/td>\n<td class=\"et4\">M6<\/td>\n<\/tr>\n<tr style=\"height: 14.25pt;\">\n<td class=\"et4\" style=\"height: 14.25pt;\" height=\"19\">SSP093005<\/td>\n<td class=\"et4\">Stal nierdzewna<\/td>\n<td class=\"et4\">\u015arednica zewn\u0119trzna 9 mm<\/td>\n<td class=\"et4\">300 mm x 5 sekcji, rozszerzalne do 1,5 m<\/td>\n<td class=\"et4\">M6<\/td>\n<\/tr>\n<tr style=\"height: 14.25pt;\">\n<td class=\"et4\" style=\"height: 14.25pt;\" height=\"19\">AP123004<\/td>\n<td class=\"et4\">Aluminium<\/td>\n<td class=\"et4\">OD12mm<\/td>\n<td class=\"et4\">300 mm x 4 sekcje, rozszerzalne do 1,2 m<\/td>\n<td class=\"et4\">1\/4&#8243;-20<\/td>\n<\/tr>\n<tr style=\"height: 14.25pt;\">\n<td class=\"et4\" style=\"height: 14.25pt;\" height=\"19\">AP123005<\/td>\n<td class=\"et4\">Aluminium<\/td>\n<td class=\"et4\">OD12mm<\/td>\n<td class=\"et4\">300 mm x 5 sekcji, rozszerzalne do 1,5 m<\/td>\n<td class=\"et4\">1\/4&#8243;-20<\/td>\n<\/tr>\n<\/tbody>\n<\/table>\n<p><img fetchpriority=\"high\" decoding=\"async\" class=\"aligncenter wp-image-5262\" src=\"https:\/\/mountlaser.com\/wp-content\/uploads\/2025\/12\/Pin-Pole1.webp\" alt=\"1.5m pin pole\" width=\"500\" height=\"500\" srcset=\"https:\/\/mountlaser.com\/wp-content\/uploads\/2025\/12\/Pin-Pole1.webp 1000w, https:\/\/mountlaser.com\/wp-content\/uploads\/2025\/12\/Pin-Pole1-300x300.webp 300w, https:\/\/mountlaser.com\/wp-content\/uploads\/2025\/12\/Pin-Pole1-150x150.webp 150w, https:\/\/mountlaser.com\/wp-content\/uploads\/2025\/12\/Pin-Pole1-768x768.webp 768w, https:\/\/mountlaser.com\/wp-content\/uploads\/2025\/12\/Pin-Pole1-12x12.webp 12w, https:\/\/mountlaser.com\/wp-content\/uploads\/2025\/12\/Pin-Pole1-600x600.webp 600w, https:\/\/mountlaser.com\/wp-content\/uploads\/2025\/12\/Pin-Pole1-800x800.webp 800w, https:\/\/mountlaser.com\/wp-content\/uploads\/2025\/12\/Pin-Pole1-400x400.webp 400w\" sizes=\"(max-width: 500px) 100vw, 500px\" \/><\/p>\n<\/div>","protected":false},"excerpt":{"rendered":"<ul>\n<li>Zapewnia stabilny, wyra\u017anie widoczny punkt odniesienia do zada\u0144 geodezyjnych<\/li>\n<li>Konstrukcja sekcyjna umo\u017cliwia \u0142atwe przenoszenie i szybki monta\u017c<\/li>\n<li>Kompatybilny z odbiornikami GNSS, minipryzmatami i r\u00f3\u017cnymi akcesoriami terenowymi<\/li>\n<li>Wyjmowana ko\u0144c\u00f3wka zwi\u0119ksza wszechstronno\u015b\u0107 w r\u00f3\u017cnych rodzajach terenu<\/li>\n<li>Trwa\u0142a konstrukcja, odpowiednia do d\u0142ugotrwa\u0142ego, codziennego u\u017cytku<\/li>\n<\/ul>","protected":false},"featured_media":5263,"comment_status":"open","ping_status":"closed","template":"","meta":[],"product_brand":[],"product_cat":[89,149],"product_tag":[],"class_list":{"0":"post-5269","1":"product","2":"type-product","3":"status-publish","4":"has-post-thumbnail","6":"product_cat-surveying-pole-rod","7":"product_cat-pin-pole","9":"first","10":"instock","11":"shipping-taxable","12":"product-type-simple"},"_links":{"self":[{"href":"https:\/\/mountlaser.com\/pl\/wp-json\/wp\/v2\/product\/5269","targetHints":{"allow":["GET"]}}],"collection":[{"href":"https:\/\/mountlaser.com\/pl\/wp-json\/wp\/v2\/product"}],"about":[{"href":"https:\/\/mountlaser.com\/pl\/wp-json\/wp\/v2\/types\/product"}],"replies":[{"embeddable":true,"href":"https:\/\/mountlaser.com\/pl\/wp-json\/wp\/v2\/comments?post=5269"}],"wp:featuredmedia":[{"embeddable":true,"href":"https:\/\/mountlaser.com\/pl\/wp-json\/wp\/v2\/media\/5263"}],"wp:attachment":[{"href":"https:\/\/mountlaser.com\/pl\/wp-json\/wp\/v2\/media?parent=5269"}],"wp:term":[{"taxonomy":"product_brand","embeddable":true,"href":"https:\/\/mountlaser.com\/pl\/wp-json\/wp\/v2\/product_brand?post=5269"},{"taxonomy":"product_cat","embeddable":true,"href":"https:\/\/mountlaser.com\/pl\/wp-json\/wp\/v2\/product_cat?post=5269"},{"taxonomy":"product_tag","embeddable":true,"href":"https:\/\/mountlaser.com\/pl\/wp-json\/wp\/v2\/product_tag?post=5269"}],"curies":[{"name":"wp","href":"https:\/\/api.w.org\/{rel}","templated":true}]}}