{"id":5246,"date":"2025-12-03T07:14:47","date_gmt":"2025-12-03T07:14:47","guid":{"rendered":"https:\/\/mountlaser.com\/?post_type=product&#038;p=5246"},"modified":"2025-12-03T07:14:47","modified_gmt":"2025-12-03T07:14:47","slug":"rp-is-range-pole","status":"publish","type":"product","link":"https:\/\/mountlaser.com\/pl\/produkt\/rp-is-range-pole\/","title":{"rendered":"Tyczka RP-IS"},"content":{"rendered":"<p>Ten <a href=\"https:\/\/mountlaser.com\/pl\/\"><strong>Tyczka RP-IS<\/strong><\/a> To trwa\u0142e i niezawodne rozwi\u0105zanie zaprojektowane z my\u015bl\u0105 o precyzyjnych pomiarach terenowych i profesjonalnych zastosowaniach geodezyjnych. Zbudowany z solidnej stalowej konstrukcji, tyczka RP-IS Range Pole zapewnia d\u0142ugotrwa\u0142\u0105 stabilno\u015b\u0107 i dok\u0142adno\u015b\u0107, dzi\u0119ki czemu idealnie nadaje si\u0119 do trudnych warunk\u00f3w zewn\u0119trznych. Jako cz\u0119\u015b\u0107 kategorii <a href=\"https:\/\/mountlaser.com\/pl\/kategoria-produktu\/surveying-pole-rod\/\"><strong>Pr\u0119ty pomiarowe do pomiar\u00f3w geodezyjnych<\/strong><\/a>, Ten model gwarantuje niezawodn\u0105 wydajno\u015b\u0107 przy wyr\u00f3wnywaniu, tyczeniu i oznaczaniu pozycji w zr\u00f3\u017cnicowanym terenie.<\/p>\n<p>Dzi\u0119ki konstrukcji z rur stalowych typu insert, dr\u0105\u017cek RP-IS Range Tyre oferuje wyj\u0105tkow\u0105 sztywno\u015b\u0107, umo\u017cliwiaj\u0105c utrzymanie sta\u0142ego po\u0142o\u017cenia w pionie. 50-centymetrowy, czerwono-bia\u0142y pasek malowany sprayem poprawia widoczno\u015b\u0107, umo\u017cliwiaj\u0105c precyzyjne celowanie z du\u017cej odleg\u0142o\u015bci. Dost\u0119pne w modu\u0142owych odcinkach o d\u0142ugo\u015bci 1 m, dr\u0105\u017cki te mo\u017cna rozszerzy\u0107 do 1 m, 2 m lub 3 m, w zale\u017cno\u015bci od wymaga\u0144 projektu, zapewniaj\u0105c niezr\u00f3wnan\u0105 elastyczno\u015b\u0107 w terenie.<\/p>\n<div>\n<table style=\"border-collapse: collapse; width: 444.77pt;\" border=\"0\" width=\"593\" cellspacing=\"0\" cellpadding=\"0\">\n<tbody>\n<tr style=\"height: 14.25pt;\">\n<td class=\"et2\" style=\"height: 14.25pt; width: 99.75pt;\" width=\"133\" height=\"19\">NUMER<\/td>\n<td class=\"et3\" style=\"width: 75.75pt;\" width=\"101\">TWORZYWO<\/td>\n<td class=\"et3\" style=\"width: 219.75pt;\" width=\"293\">D\u0141UGO\u015a\u0106<\/td>\n<td class=\"et4\" style=\"width: 49.50pt;\" width=\"66\">ZDJ\u0118CIE<\/td>\n<\/tr>\n<tr style=\"height: 14.25pt;\">\n<td class=\"et5\" style=\"height: 14.25pt;\" height=\"19\">RP-IS11\/22\/33<\/td>\n<td class=\"et6\">Mocna stal<\/td>\n<td class=\"et6\">Sekcje 1m x 1\/2\/3, rozszerzalne do 1\/2\/3m<\/td>\n<td class=\"et7\"><img fetchpriority=\"high\" decoding=\"async\" class=\"alignnone wp-image-5249\" src=\"https:\/\/mountlaser.com\/wp-content\/uploads\/2025\/12\/RP-IS3.webp\" alt=\"RP-IS Range Pole\" width=\"500\" height=\"500\" srcset=\"https:\/\/mountlaser.com\/wp-content\/uploads\/2025\/12\/RP-IS3.webp 1000w, https:\/\/mountlaser.com\/wp-content\/uploads\/2025\/12\/RP-IS3-300x300.webp 300w, https:\/\/mountlaser.com\/wp-content\/uploads\/2025\/12\/RP-IS3-150x150.webp 150w, https:\/\/mountlaser.com\/wp-content\/uploads\/2025\/12\/RP-IS3-768x768.webp 768w, https:\/\/mountlaser.com\/wp-content\/uploads\/2025\/12\/RP-IS3-12x12.webp 12w, https:\/\/mountlaser.com\/wp-content\/uploads\/2025\/12\/RP-IS3-600x600.webp 600w, https:\/\/mountlaser.com\/wp-content\/uploads\/2025\/12\/RP-IS3-800x800.webp 800w, https:\/\/mountlaser.com\/wp-content\/uploads\/2025\/12\/RP-IS3-400x400.webp 400w\" sizes=\"(max-width: 500px) 100vw, 500px\" \/><\/td>\n<\/tr>\n<\/tbody>\n<\/table>\n<\/div>","protected":false},"excerpt":{"rendered":"<ul>\n<li>Rura stalowa o wysokiej wytrzyma\u0142o\u015bci: konstrukcja wk\u0142adana gwarantuje doskona\u0142\u0105 sztywno\u015b\u0107 i d\u0142ugoterminow\u0105 trwa\u0142o\u015b\u0107.<\/li>\n<li>Lepsza widoczno\u015b\u0107: 50-centymetrowe czerwono-bia\u0142e pasy naniesione sprayem u\u0142atwiaj\u0105 rozpoznanie ustawienia pojazd\u00f3w w r\u00f3\u017cnych warunkach.<\/li>\n<li>Opcje d\u0142ugo\u015bci modu\u0142owej: Mo\u017cliwo\u015b\u0107 konfiguracji w odcinkach 1-metrowych do d\u0142ugo\u015bci 3 metr\u00f3w, co zapewnia elastyczno\u015b\u0107 zastosowa\u0144 geodezyjnych.<\/li>\n<li>Idealny do zastosowa\u0144 profesjonalnych: Przydatny przy rozplanowywaniu obiekt\u00f3w budowlanych, geodezji in\u017cynieryjnej, pomiarach grunt\u00f3w i oznaczaniu punkt\u00f3w kontrolnych.<\/li>\n<\/ul>","protected":false},"featured_media":5247,"comment_status":"open","ping_status":"closed","template":"","meta":[],"product_brand":[],"product_cat":[89,147],"product_tag":[],"class_list":{"0":"post-5246","1":"product","2":"type-product","3":"status-publish","4":"has-post-thumbnail","6":"product_cat-surveying-pole-rod","7":"product_cat-range-pole","9":"first","10":"instock","11":"shipping-taxable","12":"product-type-simple"},"_links":{"self":[{"href":"https:\/\/mountlaser.com\/pl\/wp-json\/wp\/v2\/product\/5246","targetHints":{"allow":["GET"]}}],"collection":[{"href":"https:\/\/mountlaser.com\/pl\/wp-json\/wp\/v2\/product"}],"about":[{"href":"https:\/\/mountlaser.com\/pl\/wp-json\/wp\/v2\/types\/product"}],"replies":[{"embeddable":true,"href":"https:\/\/mountlaser.com\/pl\/wp-json\/wp\/v2\/comments?post=5246"}],"wp:featuredmedia":[{"embeddable":true,"href":"https:\/\/mountlaser.com\/pl\/wp-json\/wp\/v2\/media\/5247"}],"wp:attachment":[{"href":"https:\/\/mountlaser.com\/pl\/wp-json\/wp\/v2\/media?parent=5246"}],"wp:term":[{"taxonomy":"product_brand","embeddable":true,"href":"https:\/\/mountlaser.com\/pl\/wp-json\/wp\/v2\/product_brand?post=5246"},{"taxonomy":"product_cat","embeddable":true,"href":"https:\/\/mountlaser.com\/pl\/wp-json\/wp\/v2\/product_cat?post=5246"},{"taxonomy":"product_tag","embeddable":true,"href":"https:\/\/mountlaser.com\/pl\/wp-json\/wp\/v2\/product_tag?post=5246"}],"curies":[{"name":"wp","href":"https:\/\/api.w.org\/{rel}","templated":true}]}}