{"id":5236,"date":"2025-12-03T06:43:31","date_gmt":"2025-12-03T06:43:31","guid":{"rendered":"https:\/\/mountlaser.com\/?post_type=product&#038;p=5236"},"modified":"2025-12-03T06:43:32","modified_gmt":"2025-12-03T06:43:32","slug":"rp-ca-cas-range-pole","status":"publish","type":"product","link":"https:\/\/mountlaser.com\/pl\/produkt\/rp-ca-cas-range-pole\/","title":{"rendered":"Tyczka RP-CA\/CAS"},"content":{"rendered":"<p>Ten <a href=\"https:\/\/mountlaser.com\/pl\/\"><strong>Aluminiowy s\u0142upek do zasi\u0119gu<\/strong><\/a> to profesjonalna tyczka geodezyjna zaprojektowana do precyzyjnego oznaczania punkt\u00f3w i niezawodnego wyznaczania pionu w zastosowaniach terenowych. Zaprojektowana z teleskopow\u0105, precyzyjn\u0105 rur\u0105, aluminiowa tyczka oferuje doskona\u0142\u0105 sztywno\u015b\u0107, p\u0142ynne wysuwanie i d\u0142ugotrwa\u0142\u0105 trwa\u0142o\u015b\u0107 podczas prac geodezyjnych, budowlanych i geoprzestrzennych.<\/p>\n<p>Ten <a href=\"https:\/\/mountlaser.com\/pl\/kategoria-produktu\/surveying-pole-rod\/\"><strong>Tyczka RP-CA\/CAS<\/strong><\/a> Seria charakteryzuje si\u0119 lekk\u0105 aluminiow\u0105 konstrukcj\u0105 po\u0142\u0105czon\u0105 z niezawodnym systemem blokady kompresyjnej (C), kt\u00f3ry zapewnia stabiln\u0105 regulacj\u0119 wysoko\u015bci podczas u\u017cytkowania. Dost\u0119pny w konfiguracjach 2 m, 3 m i 5 m, dr\u0105\u017cek RP-CA\/CAS Range zapewnia wyj\u0105tkow\u0105 wszechstronno\u015b\u0107, a jednocze\u015bnie jest \u0142atwy w transporcie dzi\u0119ki do\u0142\u0105czonej torbie transportowej. Ka\u017cdy<a href=\"https:\/\/mountlaser.com\/pl\/contact-us\/\"> Aluminiowy s\u0142upek do zasi\u0119gu<\/a> jest stworzony do zapewnienia sta\u0142ej, wysokiej precyzji pracy w wymagaj\u0105cych warunkach terenowych.<\/p>\n<div>\n<table style=\"border-collapse: collapse; width: 395.27pt;\" border=\"0\" width=\"527\" cellspacing=\"0\" cellpadding=\"0\">\n<tbody>\n<tr style=\"height: 14.25pt;\">\n<td class=\"et2\" style=\"height: 14.25pt; width: 99.75pt;\" width=\"133\" height=\"19\">NUMER<\/td>\n<td class=\"et3\" style=\"width: 75.75pt;\" width=\"101\">TWORZYWO<\/td>\n<td class=\"et3\" style=\"width: 219.75pt;\" width=\"293\">D\u0141UGO\u015a\u0106<\/td>\n<\/tr>\n<tr style=\"height: 14.25pt;\">\n<td class=\"et4\" style=\"height: 14.25pt;\" height=\"19\">RP-CA22\/33\/53<\/td>\n<td class=\"et4\">Aluminium<\/td>\n<td class=\"et4\">Rozszerz do 2\/3\/5m, 2\/3\/3 sekcji<\/td>\n<\/tr>\n<tr style=\"height: 14.25pt;\">\n<td class=\"et4\" style=\"height: 14.25pt;\" height=\"19\">RP-CAS22\/33\/53<\/td>\n<td class=\"et4\">Aluminium<\/td>\n<td class=\"et4\">Rozszerz do 2\/3\/5m, 2\/3\/3 sekcji<\/td>\n<\/tr>\n<\/tbody>\n<\/table>\n<p><img fetchpriority=\"high\" decoding=\"async\" class=\"aligncenter wp-image-5237\" src=\"https:\/\/mountlaser.com\/wp-content\/uploads\/2025\/12\/RP-CA1.webp\" alt=\"Aluminum Range Pole\" width=\"500\" height=\"500\" srcset=\"https:\/\/mountlaser.com\/wp-content\/uploads\/2025\/12\/RP-CA1.webp 1000w, https:\/\/mountlaser.com\/wp-content\/uploads\/2025\/12\/RP-CA1-300x300.webp 300w, https:\/\/mountlaser.com\/wp-content\/uploads\/2025\/12\/RP-CA1-150x150.webp 150w, https:\/\/mountlaser.com\/wp-content\/uploads\/2025\/12\/RP-CA1-768x768.webp 768w, https:\/\/mountlaser.com\/wp-content\/uploads\/2025\/12\/RP-CA1-12x12.webp 12w, https:\/\/mountlaser.com\/wp-content\/uploads\/2025\/12\/RP-CA1-600x600.webp 600w, https:\/\/mountlaser.com\/wp-content\/uploads\/2025\/12\/RP-CA1-800x800.webp 800w, https:\/\/mountlaser.com\/wp-content\/uploads\/2025\/12\/RP-CA1-400x400.webp 400w\" sizes=\"(max-width: 500px) 100vw, 500px\" \/><\/p>\n<\/div>","protected":false},"excerpt":{"rendered":"<ul>\n<li>Regulacja wysoko\u015bci: Teleskopowe rury aluminiowe z blokad\u0105 kompresyjn\u0105 zapewniaj\u0105 bezpieczne wysuni\u0119cie podczas prac geodezyjnych.<\/li>\n<li>Wysoka widoczno\u015b\u0107 i precyzja: zapewnia wyra\u017an\u0105 widoczno\u015b\u0107 i dok\u0142adne odniesienie pionowe w przypadku pracy ze stacjami tachimetrycznymi lub odbiornikami GNSS.<\/li>\n<li>Trwa\u0142a konstrukcja: Odporne na korozj\u0119 aluminium zapewnia wytrzyma\u0142o\u015b\u0107 bez nadmiernej wagi.<\/li>\n<li>Wygoda w terenie: Lekka konstrukcja i do\u0142\u0105czona torba transportowa umo\u017cliwiaj\u0105 szybkie rozk\u0142adanie i transport.<\/li>\n<\/ul>","protected":false},"featured_media":5237,"comment_status":"open","ping_status":"closed","template":"","meta":[],"product_brand":[],"product_cat":[89,147],"product_tag":[],"class_list":{"0":"post-5236","1":"product","2":"type-product","3":"status-publish","4":"has-post-thumbnail","6":"product_cat-surveying-pole-rod","7":"product_cat-range-pole","9":"first","10":"instock","11":"shipping-taxable","12":"product-type-simple"},"_links":{"self":[{"href":"https:\/\/mountlaser.com\/pl\/wp-json\/wp\/v2\/product\/5236","targetHints":{"allow":["GET"]}}],"collection":[{"href":"https:\/\/mountlaser.com\/pl\/wp-json\/wp\/v2\/product"}],"about":[{"href":"https:\/\/mountlaser.com\/pl\/wp-json\/wp\/v2\/types\/product"}],"replies":[{"embeddable":true,"href":"https:\/\/mountlaser.com\/pl\/wp-json\/wp\/v2\/comments?post=5236"}],"wp:featuredmedia":[{"embeddable":true,"href":"https:\/\/mountlaser.com\/pl\/wp-json\/wp\/v2\/media\/5237"}],"wp:attachment":[{"href":"https:\/\/mountlaser.com\/pl\/wp-json\/wp\/v2\/media?parent=5236"}],"wp:term":[{"taxonomy":"product_brand","embeddable":true,"href":"https:\/\/mountlaser.com\/pl\/wp-json\/wp\/v2\/product_brand?post=5236"},{"taxonomy":"product_cat","embeddable":true,"href":"https:\/\/mountlaser.com\/pl\/wp-json\/wp\/v2\/product_cat?post=5236"},{"taxonomy":"product_tag","embeddable":true,"href":"https:\/\/mountlaser.com\/pl\/wp-json\/wp\/v2\/product_tag?post=5236"}],"curies":[{"name":"wp","href":"https:\/\/api.w.org\/{rel}","templated":true}]}}