{"id":5193,"date":"2025-12-03T02:46:05","date_gmt":"2025-12-03T02:46:05","guid":{"rendered":"https:\/\/mountlaser.com\/?post_type=product&#038;p=5193"},"modified":"2025-12-03T05:06:30","modified_gmt":"2025-12-03T05:06:30","slug":"gp220tlb-ac-gps-pole-twist-lock","status":"publish","type":"product","link":"https:\/\/mountlaser.com\/pl\/produkt\/gp220tlb-ac-gps-pole-twist-lock\/","title":{"rendered":"Blokada obrotowa s\u0142upka GPS GP220TLB-AC"},"content":{"rendered":"<p>Przedstawiamy <a href=\"https:\/\/mountlaser.com\/pl\/kategoria-produktu\/surveying-pole-rod\/\"><strong>Blokada obrotowa s\u0142upka GPS GP220TLB-AC<\/strong><\/a>, profesjonalny tyk geodezyjny zaprojektowany z my\u015bl\u0105 o precyzji, trwa\u0142o\u015bci i niezawodnej pracy w terenie. Zaprojektowany jako <a href=\"https:\/\/mountlaser.com\/pl\/about-us\/\"><strong>2,5 m metryczny s\u0142upek GPS ze sta\u0142\u0105 ko\u0144c\u00f3wk\u0105<\/strong><\/a>, Ten model zapewnia dok\u0142adne pomiary wysoko\u015bci i stabilny zbi\u00f3r danych GNSS w wymagaj\u0105cych warunkach. Blokada obrotowa s\u0142upka GPS GP220TLB-AC posiada p\u0142ynny i bezpieczny mechanizm blokady obrotowej, umo\u017cliwiaj\u0105c geodetom szybkie ustawienie s\u0142upka na odpowiedniej wysoko\u015bci, zachowuj\u0105c jednocze\u015bnie absolutn\u0105 stabilno\u015b\u0107 podczas u\u017cytkowania.<\/p>\n<p>Wykonany z po\u0142\u0105czenia aluminium i ekonomicznego w\u0142\u00f3kna w\u0119glowego, 2,5-metrowy trzpie\u0144 pomiarowy GPS Metric Grad Fixed Tip oferuje idealn\u0105 r\u00f3wnowag\u0119 mi\u0119dzy wytrzyma\u0142o\u015bci\u0105, wag\u0105 i d\u0142ugotrwa\u0142\u0105 trwa\u0142o\u015bci\u0105. Ka\u017cdy element jest wyposa\u017cony w okr\u0105g\u0142\u0105 libell\u0119 o \u015brednicy 9 metr\u00f3w (30 st\u00f3p) oraz solidn\u0105 aluminiow\u0105 podstaw\u0119 z wbudowanym uchwytem, kompasem i poziomic\u0105 \u2013 co zapewnia wi\u0119ksz\u0105 dok\u0142adno\u015b\u0107 ustawienia w terenie. Gwint 5\/8\u2033-11 gwarantuje kompatybilno\u015b\u0107 ze standardowymi odbiornikami GNSS i akcesoriami, a do\u0142\u0105czony mi\u0119kki futera\u0142 zapewnia wygodny transport i ochron\u0119 podczas codziennej pracy.<\/p>\n<p>Dzi\u0119ki niezawodnej konstrukcji z blokad\u0105 obrotow\u0105, oznaczeniom metrycznym i solidnej, sta\u0142ej ko\u0144c\u00f3wce, <a href=\"https:\/\/mountlaser.com\/pl\/contact-us\/\">Blokada obrotowa s\u0142upka GPS GP220TLB-AC<\/a>\u00a0jest niezast\u0105pionym narz\u0119dziem dla geodet\u00f3w, in\u017cynier\u00f3w budowlanych, zespo\u0142\u00f3w kartograficznych GNSS i profesjonalist\u00f3w zajmuj\u0105cych si\u0119 monitoringiem, kt\u00f3rym zale\u017cy na niezawodnej wydajno\u015bci i precyzyjnych wynikach.<\/p>\n<div>\n<table style=\"border-collapse: collapse; width: 669.77pt;\" border=\"0\" width=\"893\" cellspacing=\"0\" cellpadding=\"0\">\n<tbody>\n<tr style=\"height: 14.25pt;\">\n<td class=\"et2\" style=\"height: 14.25pt; width: 99.75pt;\" width=\"133\" height=\"19\">NUMER<\/td>\n<td class=\"et2\" style=\"width: 75.75pt;\" width=\"101\">ROZSZERZENIE<\/td>\n<td class=\"et3\" style=\"width: 46.50pt;\" width=\"62\">ZAMEK<\/td>\n<td class=\"et3\" style=\"width: 49.50pt;\" width=\"66\">ABSOLWENCI<\/td>\n<td class=\"et3\" style=\"width: 176.25pt;\" width=\"235\">MATERIA\u0141 RURKI<\/td>\n<td class=\"et3\" style=\"width: 114.00pt;\" width=\"152\">BAZA B\u0104BELKOWA<\/td>\n<td class=\"et3\" style=\"width: 54.00pt;\" width=\"72\">\u015aREDNICA<\/td>\n<td class=\"et4\" style=\"width: 54.00pt;\" width=\"72\">ZDJ\u0118CIE<\/td>\n<\/tr>\n<tr style=\"height: 14.25pt;\">\n<td class=\"et5\" style=\"height: 14.25pt;\" height=\"19\">GP220TLB-AC<\/td>\n<td class=\"et5\">220 cm<\/td>\n<td class=\"et5\">Twist<\/td>\n<td class=\"et5\">cm<\/td>\n<td class=\"et5\">Aluminium\/W\u0142\u00f3kno w\u0119glowe Ecomonic<\/td>\n<td class=\"et5\">z uchwytem, kompasem. ba\u0144k\u0105<\/td>\n<td class=\"et5\">25\/32 mm<\/td>\n<td><img fetchpriority=\"high\" decoding=\"async\" class=\"alignnone wp-image-5205\" src=\"https:\/\/mountlaser.com\/wp-content\/uploads\/2025\/12\/GP220TLB-AC\uff082\uff09.webp\" alt=\"GP220TLB-AC GPS Pole Thread Lock\" width=\"500\" height=\"500\" srcset=\"https:\/\/mountlaser.com\/wp-content\/uploads\/2025\/12\/GP220TLB-AC\uff082\uff09.webp 1000w, https:\/\/mountlaser.com\/wp-content\/uploads\/2025\/12\/GP220TLB-AC\uff082\uff09-300x300.webp 300w, https:\/\/mountlaser.com\/wp-content\/uploads\/2025\/12\/GP220TLB-AC\uff082\uff09-150x150.webp 150w, https:\/\/mountlaser.com\/wp-content\/uploads\/2025\/12\/GP220TLB-AC\uff082\uff09-768x768.webp 768w, https:\/\/mountlaser.com\/wp-content\/uploads\/2025\/12\/GP220TLB-AC\uff082\uff09-12x12.webp 12w, https:\/\/mountlaser.com\/wp-content\/uploads\/2025\/12\/GP220TLB-AC\uff082\uff09-600x600.webp 600w, https:\/\/mountlaser.com\/wp-content\/uploads\/2025\/12\/GP220TLB-AC\uff082\uff09-800x800.webp 800w, https:\/\/mountlaser.com\/wp-content\/uploads\/2025\/12\/GP220TLB-AC\uff082\uff09-400x400.webp 400w\" sizes=\"(max-width: 500px) 100vw, 500px\" \/><\/td>\n<\/tr>\n<tr style=\"height: 14.25pt;\">\n<td class=\"et5\" style=\"height: 14.25pt;\" height=\"19\">GP220TL-AC<\/td>\n<td class=\"et5\">220 cm<\/td>\n<td class=\"et5\">Twist<\/td>\n<td class=\"et5\">cm<\/td>\n<td class=\"et5\">Aluminium\/W\u0142\u00f3kno w\u0119glowe premium<\/td>\n<td class=\"et5\">z b\u0105belkiem<\/td>\n<td class=\"et5\">25\/32 mm<\/td>\n<td><img decoding=\"async\" class=\"alignnone wp-image-5200\" src=\"https:\/\/mountlaser.com\/wp-content\/uploads\/2025\/12\/GP220TL-AC7.webp\" alt=\"GP220TLB-AC GPS Pole Thread Lock\" width=\"500\" height=\"500\" srcset=\"https:\/\/mountlaser.com\/wp-content\/uploads\/2025\/12\/GP220TL-AC7.webp 1000w, https:\/\/mountlaser.com\/wp-content\/uploads\/2025\/12\/GP220TL-AC7-300x300.webp 300w, https:\/\/mountlaser.com\/wp-content\/uploads\/2025\/12\/GP220TL-AC7-150x150.webp 150w, https:\/\/mountlaser.com\/wp-content\/uploads\/2025\/12\/GP220TL-AC7-768x768.webp 768w, https:\/\/mountlaser.com\/wp-content\/uploads\/2025\/12\/GP220TL-AC7-12x12.webp 12w, https:\/\/mountlaser.com\/wp-content\/uploads\/2025\/12\/GP220TL-AC7-600x600.webp 600w, https:\/\/mountlaser.com\/wp-content\/uploads\/2025\/12\/GP220TL-AC7-800x800.webp 800w, https:\/\/mountlaser.com\/wp-content\/uploads\/2025\/12\/GP220TL-AC7-400x400.webp 400w\" sizes=\"(max-width: 500px) 100vw, 500px\" \/><\/td>\n<\/tr>\n<tr style=\"height: 14.25pt;\">\n<td class=\"et5\" style=\"height: 14.25pt;\" height=\"19\">GP250TL-AC<\/td>\n<td class=\"et5\">250 cm<\/td>\n<td class=\"et5\">Twist<\/td>\n<td class=\"et5\">cm<\/td>\n<td class=\"et5\">Aluminium\/W\u0142\u00f3kno w\u0119glowe premium<\/td>\n<td class=\"et5\">z b\u0105belkiem<\/td>\n<td class=\"et5\">25\/32 mm<\/td>\n<td><img decoding=\"async\" class=\"alignnone wp-image-5216\" src=\"https:\/\/mountlaser.com\/wp-content\/uploads\/2025\/12\/GP250TL-AC4.webp\" alt=\"GP220TLB-AC GPS Pole Thread Lock\" width=\"500\" height=\"500\" srcset=\"https:\/\/mountlaser.com\/wp-content\/uploads\/2025\/12\/GP250TL-AC4.webp 1000w, https:\/\/mountlaser.com\/wp-content\/uploads\/2025\/12\/GP250TL-AC4-300x300.webp 300w, https:\/\/mountlaser.com\/wp-content\/uploads\/2025\/12\/GP250TL-AC4-150x150.webp 150w, https:\/\/mountlaser.com\/wp-content\/uploads\/2025\/12\/GP250TL-AC4-768x768.webp 768w, https:\/\/mountlaser.com\/wp-content\/uploads\/2025\/12\/GP250TL-AC4-12x12.webp 12w, https:\/\/mountlaser.com\/wp-content\/uploads\/2025\/12\/GP250TL-AC4-600x600.webp 600w, https:\/\/mountlaser.com\/wp-content\/uploads\/2025\/12\/GP250TL-AC4-800x800.webp 800w, https:\/\/mountlaser.com\/wp-content\/uploads\/2025\/12\/GP250TL-AC4-400x400.webp 400w\" sizes=\"(max-width: 500px) 100vw, 500px\" \/><\/td>\n<\/tr>\n<tr style=\"height: 14.25pt;\">\n<td class=\"et5\" style=\"height: 14.25pt;\" height=\"19\">GP220TLD-2C<\/td>\n<td class=\"et5\">220 cm<\/td>\n<td class=\"et5\">Twist<\/td>\n<td class=\"et5\">cm\/ stopy<\/td>\n<td class=\"et5\">Aluminium\/W\u0142\u00f3kno w\u0119glowe premium<\/td>\n<td class=\"et5\">z b\u0105belkiem<\/td>\n<td class=\"et5\">25\/32 mm<\/td>\n<td><img loading=\"lazy\" decoding=\"async\" class=\"alignnone wp-image-5218\" src=\"https:\/\/mountlaser.com\/wp-content\/uploads\/2025\/12\/GP250TL-AC6.webp\" alt=\"GP220TLB-AC GPS Pole Thread Lock\" width=\"500\" height=\"500\" srcset=\"https:\/\/mountlaser.com\/wp-content\/uploads\/2025\/12\/GP250TL-AC6.webp 1000w, https:\/\/mountlaser.com\/wp-content\/uploads\/2025\/12\/GP250TL-AC6-300x300.webp 300w, https:\/\/mountlaser.com\/wp-content\/uploads\/2025\/12\/GP250TL-AC6-150x150.webp 150w, https:\/\/mountlaser.com\/wp-content\/uploads\/2025\/12\/GP250TL-AC6-768x768.webp 768w, https:\/\/mountlaser.com\/wp-content\/uploads\/2025\/12\/GP250TL-AC6-12x12.webp 12w, https:\/\/mountlaser.com\/wp-content\/uploads\/2025\/12\/GP250TL-AC6-600x600.webp 600w, https:\/\/mountlaser.com\/wp-content\/uploads\/2025\/12\/GP250TL-AC6-800x800.webp 800w, https:\/\/mountlaser.com\/wp-content\/uploads\/2025\/12\/GP250TL-AC6-400x400.webp 400w\" sizes=\"(max-width: 500px) 100vw, 500px\" \/><\/td>\n<\/tr>\n<tr style=\"height: 14.25pt;\">\n<td class=\"et6\" style=\"height: 14.25pt;\" height=\"19\">GP250TLD-2C<\/td>\n<td class=\"et5\">250 cm<\/td>\n<td class=\"et5\">Twist<\/td>\n<td class=\"et5\">cm\/ stopy<\/td>\n<td class=\"et5\">Wysokiej jako\u015bci w\u0142\u00f3kno w\u0119glowe<\/td>\n<td class=\"et5\">z b\u0105belkiem<\/td>\n<td class=\"et5\">25\/32 mm<\/td>\n<td><img loading=\"lazy\" decoding=\"async\" class=\"alignnone wp-image-5226\" src=\"https:\/\/mountlaser.com\/wp-content\/uploads\/2025\/12\/GP250TLD-CC6.webp\" alt=\"GP220TLB-AC GPS Pole Thread Lock\" width=\"500\" height=\"500\" srcset=\"https:\/\/mountlaser.com\/wp-content\/uploads\/2025\/12\/GP250TLD-CC6.webp 1000w, https:\/\/mountlaser.com\/wp-content\/uploads\/2025\/12\/GP250TLD-CC6-300x300.webp 300w, https:\/\/mountlaser.com\/wp-content\/uploads\/2025\/12\/GP250TLD-CC6-150x150.webp 150w, https:\/\/mountlaser.com\/wp-content\/uploads\/2025\/12\/GP250TLD-CC6-768x768.webp 768w, https:\/\/mountlaser.com\/wp-content\/uploads\/2025\/12\/GP250TLD-CC6-12x12.webp 12w, https:\/\/mountlaser.com\/wp-content\/uploads\/2025\/12\/GP250TLD-CC6-600x600.webp 600w, https:\/\/mountlaser.com\/wp-content\/uploads\/2025\/12\/GP250TLD-CC6-800x800.webp 800w, https:\/\/mountlaser.com\/wp-content\/uploads\/2025\/12\/GP250TLD-CC6-400x400.webp 400w\" sizes=\"(max-width: 500px) 100vw, 500px\" \/><\/td>\n<\/tr>\n<\/tbody>\n<\/table>\n<\/div>","protected":false},"excerpt":{"rendered":"<ul data-start=\"1639\" data-end=\"2157\">\n<li data-start=\"1639\" data-end=\"1733\">\n<p data-start=\"1641\" data-end=\"1733\">Regulacja wysoko\u015bci za pomoc\u0105 blokady obrotowej umo\u017cliwiaj\u0105ca szybkie i stabilne pozycjonowanie w pomiarach stopni metrycznych.<\/p>\n<\/li>\n<li data-start=\"1734\" data-end=\"1823\">\n<p data-start=\"1736\" data-end=\"1823\">Konstrukcja ko\u0144c\u00f3wki sta\u0142ej gwarantuje stabilny kontakt z pod\u0142o\u017cem i zmniejsza odchylenia pomiaru.<\/p>\n<\/li>\n<li data-start=\"1824\" data-end=\"1913\">\n<p data-start=\"1826\" data-end=\"1913\">Zintegrowany uchwyt, kompas i 30-stopowa libella umo\u017cliwiaj\u0105ca szybkie poziomowanie i orientacj\u0119.<\/p>\n<\/li>\n<li data-start=\"1914\" data-end=\"2000\">\n<p data-start=\"1916\" data-end=\"2000\">Zgodno\u015b\u0107 z gwintem 5\/8\u2033-11, obs\u0142uguje wi\u0119kszo\u015b\u0107 odbiornik\u00f3w GNSS i system\u00f3w ruchomych.<\/p>\n<\/li>\n<li data-start=\"2001\" data-end=\"2097\">\n<p data-start=\"2003\" data-end=\"2097\">Trwa\u0142a konstrukcja hybrydowa z aluminium i ekonomicznego w\u0142\u00f3kna w\u0119glowego zapewniaj\u0105ca d\u0142ug\u0105 \u017cywotno\u015b\u0107.<\/p>\n<\/li>\n<li data-start=\"2098\" data-end=\"2157\">\n<p data-start=\"2100\" data-end=\"2157\">W zestawie mi\u0119kki pokrowiec zapewniaj\u0105cy bezpieczny i \u0142atwy transport.<\/p>\n<\/li>\n<\/ul>","protected":false},"featured_media":5204,"comment_status":"open","ping_status":"closed","template":"","meta":[],"product_brand":[],"product_cat":[89,146],"product_tag":[],"class_list":{"0":"post-5193","1":"product","2":"type-product","3":"status-publish","4":"has-post-thumbnail","6":"product_cat-surveying-pole-rod","7":"product_cat-gps-pole-twist-lock","9":"first","10":"instock","11":"shipping-taxable","12":"product-type-simple"},"_links":{"self":[{"href":"https:\/\/mountlaser.com\/pl\/wp-json\/wp\/v2\/product\/5193","targetHints":{"allow":["GET"]}}],"collection":[{"href":"https:\/\/mountlaser.com\/pl\/wp-json\/wp\/v2\/product"}],"about":[{"href":"https:\/\/mountlaser.com\/pl\/wp-json\/wp\/v2\/types\/product"}],"replies":[{"embeddable":true,"href":"https:\/\/mountlaser.com\/pl\/wp-json\/wp\/v2\/comments?post=5193"}],"wp:featuredmedia":[{"embeddable":true,"href":"https:\/\/mountlaser.com\/pl\/wp-json\/wp\/v2\/media\/5204"}],"wp:attachment":[{"href":"https:\/\/mountlaser.com\/pl\/wp-json\/wp\/v2\/media?parent=5193"}],"wp:term":[{"taxonomy":"product_brand","embeddable":true,"href":"https:\/\/mountlaser.com\/pl\/wp-json\/wp\/v2\/product_brand?post=5193"},{"taxonomy":"product_cat","embeddable":true,"href":"https:\/\/mountlaser.com\/pl\/wp-json\/wp\/v2\/product_cat?post=5193"},{"taxonomy":"product_tag","embeddable":true,"href":"https:\/\/mountlaser.com\/pl\/wp-json\/wp\/v2\/product_tag?post=5193"}],"curies":[{"name":"wp","href":"https:\/\/api.w.org\/{rel}","templated":true}]}}