{"id":5186,"date":"2025-12-03T01:33:40","date_gmt":"2025-12-03T01:33:40","guid":{"rendered":"https:\/\/mountlaser.com\/?post_type=product&#038;p=5186"},"modified":"2025-12-03T05:08:31","modified_gmt":"2025-12-03T05:08:31","slug":"gls30-gps-pole-compression-snap-lock","status":"publish","type":"product","link":"https:\/\/mountlaser.com\/pl\/produkt\/gls30-gps-pole-compression-snap-lock\/","title":{"rendered":"S\u0142upek GPS GLS30 z blokad\u0105 zatrzaskow\u0105 i kompresj\u0105"},"content":{"rendered":"<p>Ten <a href=\"https:\/\/mountlaser.com\/pl\/\"><strong>2-metrowy pr\u0119t GPS z w\u0142\u00f3kna w\u0119glowego<\/strong><\/a> Zosta\u0142 zaprojektowany do profesjonalnych pomiar\u00f3w geodezyjnych GNSS, zapewniaj\u0105c doskona\u0142\u0105 wytrzyma\u0142o\u015b\u0107, stabilno\u015b\u0107 i lekko\u015b\u0107 w wymagaj\u0105cych warunkach terenowych. Zaprojektowany z najwy\u017cszej jako\u015bci materia\u0142\u00f3w, 2-metrowy pr\u0119t GPS Rover Rod z w\u0142\u00f3kna w\u0119glowego gwarantuje wyj\u0105tkow\u0105 sztywno\u015b\u0107 i mniejsze uginanie podczas pomiar\u00f3w, dzi\u0119ki czemu idealnie nadaje si\u0119 do precyzyjnych pomiar\u00f3w GNSS.<\/p>\n<p>Pr\u0119t jest bezpo\u015brednio kompatybilny z szerok\u0105 gam\u0105 odbiornik\u00f3w GNSS, a jego jako\u015b\u0107 wykonania spe\u0142nia wiod\u0105ce standardy bran\u017cowe. Jako wysokowydajna alternatywa, <a href=\"https:\/\/mountlaser.com\/pl\/kategoria-produktu\/surveying-pole-rod\/\"><strong>Maszt GNSS GLS30 Carbon<\/strong><\/a> zapewnia wyj\u0105tkow\u0105 trwa\u0142o\u015b\u0107 i p\u0142ynn\u0105 prac\u0119 zar\u00f3wno w rutynowych, jak i trudnych warunkach pomiarowych.<\/p>\n<p>Wyposa\u017cony w niezawodny system kompresji i blokady zatrzaskowej, s\u0142upek GNSS GLS30 Carbon umo\u017cliwia szybk\u0105 regulacj\u0119 wysoko\u015bci, zachowuj\u0105c jednocze\u015bnie stabilno\u015b\u0107 podczas pracy. Zintegrowana aluminiowa podstawa z libell\u0105 okr\u0105g\u0142\u0105 o \u015brednicy 9 metr\u00f3w (30 st\u00f3p) zapewnia szybkie poziomowanie, a gwint 5\/8\u2033-11 umo\u017cliwia uniwersalny monta\u017c urz\u0105dze\u0144 GNSS.<\/p>\n<p>Zbudowany z <a href=\"https:\/\/mountlaser.com\/pl\/about-us\/\">najwy\u017cszej jako\u015bci w\u0142\u00f3kno w\u0119glowe<\/a>, 2-metrowy pr\u0119t GPS Rover Rod z w\u0142\u00f3kna w\u0119glowego zapewnia doskona\u0142\u0105 r\u00f3wnowag\u0119 mi\u0119dzy lekko\u015bci\u0105 i por\u0119czno\u015bci\u0105 a d\u0142ugotrwa\u0142\u0105 wytrzyma\u0142o\u015bci\u0105 w terenie. Dostarczany z mi\u0119kkim etui ochronnym, jest idealnym wyborem dla geodet\u00f3w poszukuj\u0105cych dok\u0142adno\u015bci, wygody i niezawodno\u015bci.<\/p>\n<div>\n<table style=\"border-collapse: collapse; width: 1055.28pt;\" border=\"0\" width=\"1407\" cellspacing=\"0\" cellpadding=\"0\">\n<tbody>\n<tr style=\"height: 14.25pt;\">\n<td class=\"et2\" style=\"height: 14.25pt; width: 235.50pt;\" width=\"314\" height=\"19\">NUMER<\/td>\n<td class=\"et2\" style=\"width: 309.00pt;\" width=\"412\">ROZSZERZENIE<\/td>\n<td class=\"et3\" style=\"width: 88.50pt;\" width=\"118\">TWORZYWO<\/td>\n<td class=\"et4\" style=\"width: 138.00pt;\" width=\"184\">BAZA B\u0104BELKOWA<\/td>\n<td class=\"et4\" style=\"width: 176.25pt;\" width=\"235\">ZAMEK<\/td>\n<td class=\"et2\" style=\"width: 54.00pt;\" width=\"72\">\u015aREDNICA<\/td>\n<td class=\"et5\" style=\"width: 54.00pt;\" width=\"72\">ZDJ\u0118CIE<\/td>\n<\/tr>\n<tr style=\"height: 14.25pt;\">\n<td class=\"et6\" style=\"height: 14.25pt;\" height=\"19\">GLS30<\/td>\n<td class=\"et6\">200 cm<\/td>\n<td class=\"et6\">W\u0142\u00f3kno w\u0119glowe premium<\/td>\n<td class=\"et6\">z b\u0105belkiem<\/td>\n<td class=\"et6\">Kompresja i zatrzask<\/td>\n<td class=\"et6\">18\/25 mm<\/td>\n<td><img fetchpriority=\"high\" decoding=\"async\" class=\"alignnone wp-image-5188\" src=\"https:\/\/mountlaser.com\/wp-content\/uploads\/2025\/12\/GLS302.webp\" alt=\"2 Meter carbon fiber GPS Rover Rod\" width=\"500\" height=\"500\" srcset=\"https:\/\/mountlaser.com\/wp-content\/uploads\/2025\/12\/GLS302.webp 1000w, https:\/\/mountlaser.com\/wp-content\/uploads\/2025\/12\/GLS302-300x300.webp 300w, https:\/\/mountlaser.com\/wp-content\/uploads\/2025\/12\/GLS302-150x150.webp 150w, https:\/\/mountlaser.com\/wp-content\/uploads\/2025\/12\/GLS302-768x768.webp 768w, https:\/\/mountlaser.com\/wp-content\/uploads\/2025\/12\/GLS302-12x12.webp 12w, https:\/\/mountlaser.com\/wp-content\/uploads\/2025\/12\/GLS302-600x600.webp 600w, https:\/\/mountlaser.com\/wp-content\/uploads\/2025\/12\/GLS302-800x800.webp 800w, https:\/\/mountlaser.com\/wp-content\/uploads\/2025\/12\/GLS302-400x400.webp 400w\" sizes=\"(max-width: 500px) 100vw, 500px\" \/><\/td>\n<\/tr>\n<\/tbody>\n<\/table>\n<\/div>","protected":false},"excerpt":{"rendered":"<ul>\n<li>Zapewnia stabilne i dok\u0142adne odniesienie wysoko\u015bci do pomiar\u00f3w GNSS<\/li>\n<li>Zapewnia szybk\u0105 i bezpieczn\u0105 regulacj\u0119 wysoko\u015bci za pomoc\u0105 kompresji i blokady zatrzaskowej<\/li>\n<li>Obs\u0142uguje uniwersalne odbiorniki GNSS ze standardowym gwintem monta\u017cowym 5\/8\u2033-11<\/li>\n<li>Zwi\u0119ksza dok\u0142adno\u015b\u0107 poziomowania dzi\u0119ki zintegrowanej 30-stopowej libelce okr\u0105g\u0142ej<\/li>\n<li>Lekka konstrukcja z w\u0142\u00f3kna w\u0119glowego poprawia prowadzenie i d\u0142ugoterminow\u0105 trwa\u0142o\u015b\u0107<\/li>\n<\/ul>","protected":false},"featured_media":5187,"comment_status":"open","ping_status":"closed","template":"","meta":[],"product_brand":[],"product_cat":[89,145],"product_tag":[],"class_list":{"0":"post-5186","1":"product","2":"type-product","3":"status-publish","4":"has-post-thumbnail","6":"product_cat-surveying-pole-rod","7":"product_cat-gps-pole-compression-snap-lock","9":"first","10":"instock","11":"shipping-taxable","12":"product-type-simple"},"_links":{"self":[{"href":"https:\/\/mountlaser.com\/pl\/wp-json\/wp\/v2\/product\/5186","targetHints":{"allow":["GET"]}}],"collection":[{"href":"https:\/\/mountlaser.com\/pl\/wp-json\/wp\/v2\/product"}],"about":[{"href":"https:\/\/mountlaser.com\/pl\/wp-json\/wp\/v2\/types\/product"}],"replies":[{"embeddable":true,"href":"https:\/\/mountlaser.com\/pl\/wp-json\/wp\/v2\/comments?post=5186"}],"wp:featuredmedia":[{"embeddable":true,"href":"https:\/\/mountlaser.com\/pl\/wp-json\/wp\/v2\/media\/5187"}],"wp:attachment":[{"href":"https:\/\/mountlaser.com\/pl\/wp-json\/wp\/v2\/media?parent=5186"}],"wp:term":[{"taxonomy":"product_brand","embeddable":true,"href":"https:\/\/mountlaser.com\/pl\/wp-json\/wp\/v2\/product_brand?post=5186"},{"taxonomy":"product_cat","embeddable":true,"href":"https:\/\/mountlaser.com\/pl\/wp-json\/wp\/v2\/product_cat?post=5186"},{"taxonomy":"product_tag","embeddable":true,"href":"https:\/\/mountlaser.com\/pl\/wp-json\/wp\/v2\/product_tag?post=5186"}],"curies":[{"name":"wp","href":"https:\/\/api.w.org\/{rel}","templated":true}]}}