{"id":5168,"date":"2025-12-03T01:03:04","date_gmt":"2025-12-03T01:03:04","guid":{"rendered":"https:\/\/mountlaser.com\/?post_type=product&#038;p=5168"},"modified":"2025-12-03T05:17:23","modified_gmt":"2025-12-03T05:17:23","slug":"gp200sc-2-gps-pole-compression-snap-lock","status":"publish","type":"product","link":"https:\/\/mountlaser.com\/pl\/produkt\/gp200sc-2-gps-pole-compression-snap-lock\/","title":{"rendered":"S\u0142upek GPS GP200SC-2 z blokad\u0105 zatrzaskow\u0105 i kompresj\u0105"},"content":{"rendered":"<p>Ten <a href=\"https:\/\/mountlaser.com\/pl\/kategoria-produktu\/surveying-pole-rod\/\"><strong>2-metrowy aluminiowy s\u0142upek GPS<\/strong><\/a> Zosta\u0142 zaprojektowany do profesjonalnych pomiar\u00f3w geodezyjnych GNSS, oferuj\u0105c trwa\u0142o\u015b\u0107, stabilno\u015b\u0107 i wygod\u0119 u\u017cytkowania w terenie. Zbudowany z systemem kompresji i blokady zatrzaskowej, aluminiowy maszt GPS o d\u0142ugo\u015bci 2 m zapewnia szybk\u0105 regulacj\u0119 wysoko\u015bci i bezpieczne blokowanie, dzi\u0119ki czemu idealnie nadaje si\u0119 do precyzyjnych zada\u0144 pomiarowych. <a href=\"https:\/\/mountlaser.com\/pl\/\"><strong>S\u0142upek GPS GP200SC-2 z blokad\u0105 zatrzaskow\u0105 i kompresj\u0105<\/strong>\u00a0<\/a>dodatkowo zwi\u0119ksza wydajno\u015b\u0107, zapewniaj\u0105c niezawodne po\u0142\u0105czenie gwintowane dla wszystkich standardowych odbiornik\u00f3w GNSS z mocowaniem 5\/8\u2033-11. Wyposa\u017cony w libell\u0119 okr\u0105g\u0142\u0105 o \u015brednicy 30 st\u00f3p i solidn\u0105 aluminiow\u0105 podstaw\u0119 z libell\u0105, tyczka GPS GP200SC-2 z blokad\u0105 zatrzaskow\u0105 zapewnia precyzyjne poziomowanie w trudnych warunkach.<\/p>\n<p>Wykonany z wytrzyma\u0142ego aluminium, aluminiowy maszt GPS o d\u0142ugo\u015bci 2 m jest lekki, a jednocze\u015bnie wystarczaj\u0105co wytrzyma\u0142y do codziennej pracy w terenie. <a href=\"https:\/\/mountlaser.com\/pl\/contact-us\/\">S\u0142upek GPS GP200SC-2 z blokad\u0105 zatrzaskow\u0105 i kompresj\u0105<\/a>\u00a0Dost\u0119pny jest w wersji aluminiowej i z wysokiej jako\u015bci w\u0142\u00f3kna w\u0119glowego, daj\u0105c geodetom elastyczne mo\u017cliwo\u015bci do r\u00f3\u017cnych zastosowa\u0144. Ka\u017cdy s\u0142upek jest dostarczany z mi\u0119kkim pokrowcem i wewn\u0119trznym pude\u0142kiem ochronnym, co zapewnia bezpieczny transport i d\u0142ugotrwa\u0142\u0105 trwa\u0142o\u015b\u0107.<\/p>\n<div>\n<table style=\"border-collapse: collapse; width: 1055.28pt;\" border=\"0\" width=\"1407\" cellspacing=\"0\" cellpadding=\"0\">\n<tbody>\n<tr style=\"height: 14.25pt;\">\n<td class=\"et2\" style=\"height: 14.25pt; width: 235.50pt;\" width=\"314\" height=\"19\">NUMER<\/td>\n<td class=\"et2\" style=\"width: 309.00pt;\" width=\"412\">ROZSZERZENIE<\/td>\n<td class=\"et3\" style=\"width: 88.50pt;\" width=\"118\">TWORZYWO<\/td>\n<td class=\"et4\" style=\"width: 138.00pt;\" width=\"184\">BAZA B\u0104BELKOWA<\/td>\n<td class=\"et4\" style=\"width: 176.25pt;\" width=\"235\">ZAMEK<\/td>\n<td class=\"et2\" style=\"width: 54.00pt;\" width=\"72\">\u015aREDNICA<\/td>\n<td class=\"et5\" style=\"width: 54.00pt;\" width=\"72\">ZDJ\u0118CIE<\/td>\n<\/tr>\n<tr style=\"height: 14.25pt;\">\n<td class=\"et6\" style=\"height: 14.25pt;\" height=\"19\">GP200SC-2A<\/td>\n<td class=\"et6\">200 cm<\/td>\n<td class=\"et7\">Aluminium<\/td>\n<td class=\"et6\">z b\u0105belkiem<\/td>\n<td class=\"et6\">Kompresja i zatrzask<\/td>\n<td class=\"et6\">25\/32 mm<\/td>\n<td><img fetchpriority=\"high\" decoding=\"async\" class=\"alignnone wp-image-5173\" src=\"https:\/\/mountlaser.com\/wp-content\/uploads\/2025\/12\/GP200SC-AA-5.webp\" alt=\"2m Aluminum GPS Pole\" width=\"500\" height=\"500\" srcset=\"https:\/\/mountlaser.com\/wp-content\/uploads\/2025\/12\/GP200SC-AA-5.webp 1000w, https:\/\/mountlaser.com\/wp-content\/uploads\/2025\/12\/GP200SC-AA-5-300x300.webp 300w, https:\/\/mountlaser.com\/wp-content\/uploads\/2025\/12\/GP200SC-AA-5-150x150.webp 150w, https:\/\/mountlaser.com\/wp-content\/uploads\/2025\/12\/GP200SC-AA-5-768x768.webp 768w, https:\/\/mountlaser.com\/wp-content\/uploads\/2025\/12\/GP200SC-AA-5-12x12.webp 12w, https:\/\/mountlaser.com\/wp-content\/uploads\/2025\/12\/GP200SC-AA-5-600x600.webp 600w, https:\/\/mountlaser.com\/wp-content\/uploads\/2025\/12\/GP200SC-AA-5-800x800.webp 800w, https:\/\/mountlaser.com\/wp-content\/uploads\/2025\/12\/GP200SC-AA-5-400x400.webp 400w\" sizes=\"(max-width: 500px) 100vw, 500px\" \/><\/td>\n<\/tr>\n<tr style=\"height: 14.25pt;\">\n<td class=\"et6\" style=\"height: 14.25pt;\" height=\"19\">GP200SC-2C<\/td>\n<td class=\"et6\">200 cm<\/td>\n<td class=\"et6\">W\u0142\u00f3kno w\u0119glowe premium<\/td>\n<td class=\"et6\">z b\u0105belkiem<\/td>\n<td class=\"et6\">Kompresja i zatrzask<\/td>\n<td class=\"et6\">25\/32 mm<\/td>\n<td><img decoding=\"async\" class=\"alignnone wp-image-5178\" src=\"https:\/\/mountlaser.com\/wp-content\/uploads\/2025\/12\/GP200SC-CC-1.webp\" alt=\"2m Aluminum GPS Pole\" width=\"500\" height=\"500\" srcset=\"https:\/\/mountlaser.com\/wp-content\/uploads\/2025\/12\/GP200SC-CC-1.webp 1000w, https:\/\/mountlaser.com\/wp-content\/uploads\/2025\/12\/GP200SC-CC-1-300x300.webp 300w, https:\/\/mountlaser.com\/wp-content\/uploads\/2025\/12\/GP200SC-CC-1-150x150.webp 150w, https:\/\/mountlaser.com\/wp-content\/uploads\/2025\/12\/GP200SC-CC-1-768x768.webp 768w, https:\/\/mountlaser.com\/wp-content\/uploads\/2025\/12\/GP200SC-CC-1-12x12.webp 12w, https:\/\/mountlaser.com\/wp-content\/uploads\/2025\/12\/GP200SC-CC-1-600x600.webp 600w, https:\/\/mountlaser.com\/wp-content\/uploads\/2025\/12\/GP200SC-CC-1-800x800.webp 800w, https:\/\/mountlaser.com\/wp-content\/uploads\/2025\/12\/GP200SC-CC-1-400x400.webp 400w\" sizes=\"(max-width: 500px) 100vw, 500px\" \/><\/td>\n<\/tr>\n<\/tbody>\n<\/table>\n<\/div>","protected":false},"excerpt":{"rendered":"<ul>\n<li>Szybka regulacja wysoko\u015bci: System kompresji i blokady zatrzaskowej umo\u017cliwia szybk\u0105 i bezpieczn\u0105 regulacj\u0119 wysoko\u015bci.<\/li>\n<li>Wysoka dok\u0142adno\u015b\u0107 poziomowania: Aluminiowa podstawa z libell\u0105 okr\u0105g\u0142\u0105 o \u015brednicy 30 st\u00f3p gwarantuje stabilne i precyzyjne pomiary.<\/li>\n<li>Uniwersalna kompatybilno\u015b\u0107: Wyposa\u017cony w gwint 5\/8\u2033-11, kt\u00f3ry pasuje do wi\u0119kszo\u015bci odbiornik\u00f3w GNSS i akcesori\u00f3w.<\/li>\n<li>Trwa\u0142a konstrukcja: Bardzo wytrzyma\u0142e rury aluminiowe gwarantuj\u0105 d\u0142ugowieczno\u015b\u0107 w trudnych warunkach terenowych.<\/li>\n<li>Przeno\u015bna konstrukcja: Od\u0142\u0105czana konstrukcja i do\u0142\u0105czony mi\u0119kki pokrowiec u\u0142atwiaj\u0105 przenoszenie i przechowywanie kija.<\/li>\n<\/ul>","protected":false},"featured_media":5173,"comment_status":"open","ping_status":"closed","template":"","meta":[],"product_brand":[],"product_cat":[89,145],"product_tag":[],"class_list":{"0":"post-5168","1":"product","2":"type-product","3":"status-publish","4":"has-post-thumbnail","6":"product_cat-surveying-pole-rod","7":"product_cat-gps-pole-compression-snap-lock","9":"first","10":"instock","11":"shipping-taxable","12":"product-type-simple"},"_links":{"self":[{"href":"https:\/\/mountlaser.com\/pl\/wp-json\/wp\/v2\/product\/5168","targetHints":{"allow":["GET"]}}],"collection":[{"href":"https:\/\/mountlaser.com\/pl\/wp-json\/wp\/v2\/product"}],"about":[{"href":"https:\/\/mountlaser.com\/pl\/wp-json\/wp\/v2\/types\/product"}],"replies":[{"embeddable":true,"href":"https:\/\/mountlaser.com\/pl\/wp-json\/wp\/v2\/comments?post=5168"}],"wp:featuredmedia":[{"embeddable":true,"href":"https:\/\/mountlaser.com\/pl\/wp-json\/wp\/v2\/media\/5173"}],"wp:attachment":[{"href":"https:\/\/mountlaser.com\/pl\/wp-json\/wp\/v2\/media?parent=5168"}],"wp:term":[{"taxonomy":"product_brand","embeddable":true,"href":"https:\/\/mountlaser.com\/pl\/wp-json\/wp\/v2\/product_brand?post=5168"},{"taxonomy":"product_cat","embeddable":true,"href":"https:\/\/mountlaser.com\/pl\/wp-json\/wp\/v2\/product_cat?post=5168"},{"taxonomy":"product_tag","embeddable":true,"href":"https:\/\/mountlaser.com\/pl\/wp-json\/wp\/v2\/product_tag?post=5168"}],"curies":[{"name":"wp","href":"https:\/\/api.w.org\/{rel}","templated":true}]}}