{"id":5156,"date":"2025-12-02T09:14:54","date_gmt":"2025-12-02T09:14:54","guid":{"rendered":"https:\/\/mountlaser.com\/?post_type=product&#038;p=5156"},"modified":"2025-12-03T05:21:02","modified_gmt":"2025-12-03T05:21:02","slug":"gp180sc-2a-gps-pole-compression-snap-lock","status":"publish","type":"product","link":"https:\/\/mountlaser.com\/pl\/produkt\/gp180sc-2a-gps-pole-compression-snap-lock\/","title":{"rendered":"S\u0142upek GPS GP180SC-2A z blokad\u0105 zatrzaskow\u0105 i kompresj\u0105"},"content":{"rendered":"<p>Ten <a href=\"https:\/\/mountlaser.com\/pl\/kategoria-produktu\/surveying-pole-rod\/\"><strong>Aluminiowy pr\u0119t Snap-Lock Rover<\/strong><\/a> to wytrzyma\u0142y i gotowy do pracy w terenie maszt geodezyjny zaprojektowany dla profesjonalist\u00f3w, kt\u00f3rzy potrzebuj\u0105 niezawodnej stabilno\u015bci wysoko\u015bci i szybkiego monta\u017cu. Wykonany z wysokiej jako\u015bci aluminium, ten aluminiowy dr\u0105\u017cek Snap-Lock Rover Rod \u0142\u0105czy blokad\u0119 kompresyjn\u0105 z niezawodnym mechanizmem blokady zatrzaskowej, zapewniaj\u0105c bezpieczne wysuwanie nawet w trudnym terenie. Zaprojektowany jako wszechstronny <a href=\"https:\/\/mountlaser.com\/pl\/about-us\/\">Pr\u0119t aluminiowy Rover<\/a>, zapewnia doskona\u0142\u0105 sztywno\u015b\u0107 przy zachowaniu niewielkiej wagi, co jest przydatne w codziennej pracy z odbiornikami GNSS i tachimetrami.<\/p>\n<div>\n<p>Wyposa\u017cony w gwint 5\/8\u2033-11 i opcjonalny okr\u0105g\u0142y dystans, aluminiowy pr\u0119t pomiarowy Snap-Lock Rover z \u0142atwo\u015bci\u0105 dopasowuje si\u0119 do r\u00f3\u017cnych odbiornik\u00f3w i akcesori\u00f3w. Czarna, b\u0105belkowa podstawa o \u015brednicy zewn\u0119trznej 32 mm zapewnia precyzyjne ustawienie w pionie, a do\u0142\u0105czony mi\u0119kki pokrowiec i wewn\u0119trzne pude\u0142ko zapewniaj\u0105 bezpieczny i wygodny transport. Dzi\u0119ki wydajnemu systemowi blokowania i solidnej konstrukcji, ten aluminiowy pr\u0119t pomiarowy zapewnia stabilne i powtarzalne pomiary w profesjonalnych pracach geodezyjnych.<\/p>\n<table style=\"border-collapse: collapse; width: 1055.28pt;\" border=\"0\" width=\"1407\" cellspacing=\"0\" cellpadding=\"0\">\n<tbody>\n<tr style=\"height: 14.25pt;\">\n<td class=\"et2\" style=\"height: 14.25pt; width: 235.50pt;\" width=\"314\" height=\"19\">NUMER<\/td>\n<td class=\"et2\" style=\"width: 309.00pt;\" width=\"412\">ROZSZERZENIE<\/td>\n<td class=\"et3\" style=\"width: 88.50pt;\" width=\"118\">TWORZYWO<\/td>\n<td class=\"et4\" style=\"width: 138.00pt;\" width=\"184\">BAZA B\u0104BELKOWA<\/td>\n<td class=\"et4\" style=\"width: 176.25pt;\" width=\"235\">ZAMEK<\/td>\n<td class=\"et2\" style=\"width: 54.00pt;\" width=\"72\">\u015aREDNICA<\/td>\n<td class=\"et5\" style=\"width: 54.00pt;\" width=\"72\">ZDJ\u0118CIE<\/td>\n<\/tr>\n<tr style=\"height: 14.25pt;\">\n<td class=\"et6\" style=\"height: 14.25pt;\" height=\"19\">GP180SC-2A<\/td>\n<td class=\"et7\">180 cm<\/td>\n<td class=\"et6\">Aluminium<\/td>\n<td class=\"et6\" style=\"text-align: center;\">\u2013<\/td>\n<td class=\"et6\">Kompresja i zatrzask<\/td>\n<td class=\"et6\">18\/25 mm<\/td>\n<td><img fetchpriority=\"high\" decoding=\"async\" class=\"alignnone wp-image-5160\" src=\"https:\/\/mountlaser.com\/wp-content\/uploads\/2025\/12\/GP180SC-AA-4.webp\" alt=\"Aluminum Snap-Lock Rover Rod\" width=\"500\" height=\"500\" srcset=\"https:\/\/mountlaser.com\/wp-content\/uploads\/2025\/12\/GP180SC-AA-4.webp 1000w, https:\/\/mountlaser.com\/wp-content\/uploads\/2025\/12\/GP180SC-AA-4-300x300.webp 300w, https:\/\/mountlaser.com\/wp-content\/uploads\/2025\/12\/GP180SC-AA-4-150x150.webp 150w, https:\/\/mountlaser.com\/wp-content\/uploads\/2025\/12\/GP180SC-AA-4-768x768.webp 768w, https:\/\/mountlaser.com\/wp-content\/uploads\/2025\/12\/GP180SC-AA-4-12x12.webp 12w, https:\/\/mountlaser.com\/wp-content\/uploads\/2025\/12\/GP180SC-AA-4-600x600.webp 600w, https:\/\/mountlaser.com\/wp-content\/uploads\/2025\/12\/GP180SC-AA-4-800x800.webp 800w, https:\/\/mountlaser.com\/wp-content\/uploads\/2025\/12\/GP180SC-AA-4-400x400.webp 400w\" sizes=\"(max-width: 500px) 100vw, 500px\" \/><\/td>\n<\/tr>\n<\/tbody>\n<\/table>\n<\/div>","protected":false},"excerpt":{"rendered":"<ul>\n<li data-start=\"1200\" data-end=\"1286\">\n<p data-start=\"1202\" data-end=\"1286\">Zapewnia stabilne rozwi\u0105zanie monta\u017cowe dla odbiornik\u00f3w GNSS i urz\u0105dze\u0144 tachimetrycznych<\/p>\n<\/li>\n<li data-start=\"1287\" data-end=\"1368\">\n<p data-start=\"1289\" data-end=\"1368\">Mechanizm blokady zatrzaskowej i kompresyjnej zapewnia szybkie i bezpieczne wysuwanie kija<\/p>\n<\/li>\n<li data-start=\"1369\" data-end=\"1449\">\n<p data-start=\"1371\" data-end=\"1449\">Utrzymuje dok\u0142adn\u0105 pionow\u0105 pozycj\u0119 dzi\u0119ki 30-stopowej fiolce z p\u0119cherzykami powietrza zintegrowanej z podstaw\u0105<\/p>\n<\/li>\n<li data-start=\"1450\" data-end=\"1507\">\n<p data-start=\"1452\" data-end=\"1507\">Kompatybilny ze standardowymi narz\u0119dziami z gwintem 5\/8\u2033-11<\/p>\n<\/li>\n<li data-start=\"1508\" data-end=\"1567\">\n<p data-start=\"1510\" data-end=\"1567\">Trwa\u0142a aluminiowa konstrukcja umo\u017cliwia d\u0142ugotrwa\u0142e u\u017cytkowanie w terenie<\/p>\n<\/li>\n<\/ul>","protected":false},"featured_media":5161,"comment_status":"open","ping_status":"closed","template":"","meta":[],"product_brand":[],"product_cat":[89,145],"product_tag":[],"class_list":{"0":"post-5156","1":"product","2":"type-product","3":"status-publish","4":"has-post-thumbnail","6":"product_cat-surveying-pole-rod","7":"product_cat-gps-pole-compression-snap-lock","9":"first","10":"instock","11":"shipping-taxable","12":"product-type-simple"},"_links":{"self":[{"href":"https:\/\/mountlaser.com\/pl\/wp-json\/wp\/v2\/product\/5156","targetHints":{"allow":["GET"]}}],"collection":[{"href":"https:\/\/mountlaser.com\/pl\/wp-json\/wp\/v2\/product"}],"about":[{"href":"https:\/\/mountlaser.com\/pl\/wp-json\/wp\/v2\/types\/product"}],"replies":[{"embeddable":true,"href":"https:\/\/mountlaser.com\/pl\/wp-json\/wp\/v2\/comments?post=5156"}],"wp:featuredmedia":[{"embeddable":true,"href":"https:\/\/mountlaser.com\/pl\/wp-json\/wp\/v2\/media\/5161"}],"wp:attachment":[{"href":"https:\/\/mountlaser.com\/pl\/wp-json\/wp\/v2\/media?parent=5156"}],"wp:term":[{"taxonomy":"product_brand","embeddable":true,"href":"https:\/\/mountlaser.com\/pl\/wp-json\/wp\/v2\/product_brand?post=5156"},{"taxonomy":"product_cat","embeddable":true,"href":"https:\/\/mountlaser.com\/pl\/wp-json\/wp\/v2\/product_cat?post=5156"},{"taxonomy":"product_tag","embeddable":true,"href":"https:\/\/mountlaser.com\/pl\/wp-json\/wp\/v2\/product_tag?post=5156"}],"curies":[{"name":"wp","href":"https:\/\/api.w.org\/{rel}","templated":true}]}}