{"id":5124,"date":"2025-12-02T08:53:06","date_gmt":"2025-12-02T08:53:06","guid":{"rendered":"https:\/\/mountlaser.com\/?post_type=product&#038;p=5124"},"modified":"2025-12-03T05:22:39","modified_gmt":"2025-12-03T05:22:39","slug":"gp150cl-gps-pole-compression-snap-lock","status":"publish","type":"product","link":"https:\/\/mountlaser.com\/pl\/produkt\/gp150cl-gps-pole-compression-snap-lock\/","title":{"rendered":"S\u0142upek GPS GP150CL z blokad\u0105 zatrzaskow\u0105 i kompresj\u0105"},"content":{"rendered":"<p>Ten <a href=\"https:\/\/mountlaser.com\/pl\/kategoria-produktu\/surveying-pole-rod\/\"><strong>Kije GPS z blokad\u0105 zatrzaskow\u0105<\/strong><\/a> Seria tyczki GPS zosta\u0142a zaprojektowana z my\u015bl\u0105 o profesjonalnych pomiarach GNSS, zapewniaj\u0105c stabilno\u015b\u0107, dok\u0142adno\u015b\u0107 i szybkie rozstawianie w terenie. Wykonane z wytrzyma\u0142ej aluminiowej konstrukcji i wyposa\u017cone w niezawodny mechanizm kompresji i blokady zatrzaskowej, tyczki te zapewniaj\u0105 bezpieczne ustawienie wysoko\u015bci nawet podczas intensywnego, codziennego u\u017cytkowania. Ka\u017cdy model tyczki GPS z blokad\u0105 zatrzaskow\u0105 posiada 9-metrow\u0105 libell\u0119 okr\u0105g\u0142\u0105 zamontowan\u0105 na solidnej aluminiowej podstawie, zapewniaj\u0105c precyzyjne poziomowanie odbiornik\u00f3w GNSS i odbiornik\u00f3w ruchomych.<\/p>\n<p>Zaprojektowany jako wszechstronny <a href=\"https:\/\/mountlaser.com\/pl\/about-us\/\"><strong>pr\u0119t aluminiowy GT Rover z zatrzaskiem<\/strong><\/a>, Ten system umo\u017cliwia p\u0142ynn\u0105 regulacj\u0119 wysoko\u015bci i sp\u00f3jne ustawienie, dzi\u0119ki czemu idealnie nadaje si\u0119 do pomiar\u00f3w topograficznych, tyczenia budowlanego i gromadzenia danych GIS. Aluminiowa konstrukcja pr\u0119ta pomiarowego GT z blokad\u0105 zatrzaskow\u0105 u\u0142atwia przenoszenie dzi\u0119ki od\u0142\u0105czanej konstrukcji i jest dostarczana w mi\u0119kkiej torbie transportowej. Dost\u0119pne w wielu d\u0142ugo\u015bciach i konfiguracjach, tyczki GPS z blokad\u0105 zatrzaskow\u0105 oferuj\u0105 niezawodne i uniwersalne rozwi\u0105zanie zar\u00f3wno dla pocz\u0105tkuj\u0105cych, jak i profesjonalnych geodet\u00f3w, kt\u00f3rzy potrzebuj\u0105 trwa\u0142ego i wydajnego rozwi\u0105zania. <a href=\"https:\/\/mountlaser.com\/pl\/contact-us\/\">pr\u0119t aluminiowy GT Rover z zatrzaskiem<\/a> na polu.<\/p>\n<div>\n<table style=\"border-collapse: collapse; width: 1055.28pt;\" border=\"0\" width=\"1407\" cellspacing=\"0\" cellpadding=\"0\">\n<tbody>\n<tr style=\"height: 14.25pt;\">\n<td class=\"et2\" style=\"height: 14.25pt; width: 235.50pt;\" width=\"314\" height=\"19\">NUMER<\/td>\n<td class=\"et2\" style=\"width: 309.00pt;\" width=\"412\">ROZSZERZENIE<\/td>\n<td class=\"et3\" style=\"width: 88.50pt;\" width=\"118\">TWORZYWO<\/td>\n<td class=\"et4\" style=\"width: 138.00pt;\" width=\"184\">BAZA B\u0104BELKOWA<\/td>\n<td class=\"et4\" style=\"width: 176.25pt;\" width=\"235\">ZAMEK<\/td>\n<td class=\"et2\" style=\"width: 54.00pt;\" width=\"72\">\u015aREDNICA<\/td>\n<td class=\"et5\" style=\"width: 54.00pt;\" width=\"72\">ZDJ\u0118CIE<\/td>\n<\/tr>\n<tr style=\"height: 14.25pt;\">\n<td class=\"et6\" style=\"height: 14.25pt;\" height=\"19\">GP150CL-4A<\/td>\n<td class=\"et6\">150 cm<\/td>\n<td class=\"et6\">Aluminium<\/td>\n<td class=\"et6\">z b\u0105belkiem<\/td>\n<td class=\"et6\">Kompresja<\/td>\n<td class=\"et6\">20\/24\/28\/32 mm<\/td>\n<td><img fetchpriority=\"high\" decoding=\"async\" class=\"alignnone wp-image-5125\" src=\"https:\/\/mountlaser.com\/wp-content\/uploads\/2025\/12\/GP150CL-4A1.webp\" alt=\"GPS Poles with Snap-Lock\" width=\"500\" height=\"500\" srcset=\"https:\/\/mountlaser.com\/wp-content\/uploads\/2025\/12\/GP150CL-4A1.webp 1000w, https:\/\/mountlaser.com\/wp-content\/uploads\/2025\/12\/GP150CL-4A1-300x300.webp 300w, https:\/\/mountlaser.com\/wp-content\/uploads\/2025\/12\/GP150CL-4A1-150x150.webp 150w, https:\/\/mountlaser.com\/wp-content\/uploads\/2025\/12\/GP150CL-4A1-768x768.webp 768w, https:\/\/mountlaser.com\/wp-content\/uploads\/2025\/12\/GP150CL-4A1-12x12.webp 12w, https:\/\/mountlaser.com\/wp-content\/uploads\/2025\/12\/GP150CL-4A1-600x600.webp 600w, https:\/\/mountlaser.com\/wp-content\/uploads\/2025\/12\/GP150CL-4A1-800x800.webp 800w, https:\/\/mountlaser.com\/wp-content\/uploads\/2025\/12\/GP150CL-4A1-400x400.webp 400w\" sizes=\"(max-width: 500px) 100vw, 500px\" \/><\/td>\n<\/tr>\n<tr style=\"height: 14.25pt;\">\n<td class=\"et6\" style=\"height: 14.25pt;\" height=\"19\">GP180CL-4A<\/td>\n<td class=\"et6\">180 cm<\/td>\n<td class=\"et6\">Aluminium<\/td>\n<td class=\"et6\">z b\u0105belkiem<\/td>\n<td class=\"et6\">Kompresja<\/td>\n<td class=\"et6\">20\/24\/28\/32 mm<\/td>\n<td><img decoding=\"async\" class=\"alignnone wp-image-5146\" src=\"https:\/\/mountlaser.com\/wp-content\/uploads\/2025\/12\/GP180CL-4A7.webp\" alt=\"GPS Poles with Snap-Lock\" width=\"500\" height=\"500\" srcset=\"https:\/\/mountlaser.com\/wp-content\/uploads\/2025\/12\/GP180CL-4A7.webp 1000w, https:\/\/mountlaser.com\/wp-content\/uploads\/2025\/12\/GP180CL-4A7-300x300.webp 300w, https:\/\/mountlaser.com\/wp-content\/uploads\/2025\/12\/GP180CL-4A7-150x150.webp 150w, https:\/\/mountlaser.com\/wp-content\/uploads\/2025\/12\/GP180CL-4A7-768x768.webp 768w, https:\/\/mountlaser.com\/wp-content\/uploads\/2025\/12\/GP180CL-4A7-12x12.webp 12w, https:\/\/mountlaser.com\/wp-content\/uploads\/2025\/12\/GP180CL-4A7-600x600.webp 600w, https:\/\/mountlaser.com\/wp-content\/uploads\/2025\/12\/GP180CL-4A7-800x800.webp 800w, https:\/\/mountlaser.com\/wp-content\/uploads\/2025\/12\/GP180CL-4A7-400x400.webp 400w\" sizes=\"(max-width: 500px) 100vw, 500px\" \/><\/td>\n<\/tr>\n<tr style=\"height: 14.25pt;\">\n<td class=\"et6\" style=\"height: 14.25pt;\" height=\"19\">GP150CL-4AB<\/td>\n<td class=\"et6\">150 cm<\/td>\n<td class=\"et6\">Aluminium<\/td>\n<td class=\"et6\">z uchwytem, kompasem, ba\u0144k\u0105<\/td>\n<td class=\"et6\">Kompresja<\/td>\n<td class=\"et6\">20\/24\/28\/32 mm<\/td>\n<td><img decoding=\"async\" class=\"alignnone wp-image-5136\" src=\"https:\/\/mountlaser.com\/wp-content\/uploads\/2025\/12\/GP150CL-4AB4.webp\" alt=\"GPS Poles with Snap-Lock\" width=\"500\" height=\"500\" srcset=\"https:\/\/mountlaser.com\/wp-content\/uploads\/2025\/12\/GP150CL-4AB4.webp 1000w, https:\/\/mountlaser.com\/wp-content\/uploads\/2025\/12\/GP150CL-4AB4-300x300.webp 300w, https:\/\/mountlaser.com\/wp-content\/uploads\/2025\/12\/GP150CL-4AB4-150x150.webp 150w, https:\/\/mountlaser.com\/wp-content\/uploads\/2025\/12\/GP150CL-4AB4-768x768.webp 768w, https:\/\/mountlaser.com\/wp-content\/uploads\/2025\/12\/GP150CL-4AB4-12x12.webp 12w, https:\/\/mountlaser.com\/wp-content\/uploads\/2025\/12\/GP150CL-4AB4-600x600.webp 600w, https:\/\/mountlaser.com\/wp-content\/uploads\/2025\/12\/GP150CL-4AB4-800x800.webp 800w, https:\/\/mountlaser.com\/wp-content\/uploads\/2025\/12\/GP150CL-4AB4-400x400.webp 400w\" sizes=\"(max-width: 500px) 100vw, 500px\" \/><\/td>\n<\/tr>\n<tr style=\"height: 14.25pt;\">\n<td class=\"et6\" style=\"height: 14.25pt;\" height=\"19\">GP180CL-4AB<\/td>\n<td class=\"et6\">180 cm<\/td>\n<td class=\"et6\">Aluminium<\/td>\n<td class=\"et6\">z uchwytem, kompasem, ba\u0144k\u0105<\/td>\n<td class=\"et6\">Kompresja<\/td>\n<td class=\"et6\">20\/24\/28\/32 mm<\/td>\n<td><img loading=\"lazy\" decoding=\"async\" class=\"alignnone wp-image-5150\" src=\"https:\/\/mountlaser.com\/wp-content\/uploads\/2025\/12\/GP180CL-4AB4.webp\" alt=\"GPS Poles with Snap-Lock\" width=\"500\" height=\"500\" srcset=\"https:\/\/mountlaser.com\/wp-content\/uploads\/2025\/12\/GP180CL-4AB4.webp 1000w, https:\/\/mountlaser.com\/wp-content\/uploads\/2025\/12\/GP180CL-4AB4-300x300.webp 300w, https:\/\/mountlaser.com\/wp-content\/uploads\/2025\/12\/GP180CL-4AB4-150x150.webp 150w, https:\/\/mountlaser.com\/wp-content\/uploads\/2025\/12\/GP180CL-4AB4-768x768.webp 768w, https:\/\/mountlaser.com\/wp-content\/uploads\/2025\/12\/GP180CL-4AB4-12x12.webp 12w, https:\/\/mountlaser.com\/wp-content\/uploads\/2025\/12\/GP180CL-4AB4-600x600.webp 600w, https:\/\/mountlaser.com\/wp-content\/uploads\/2025\/12\/GP180CL-4AB4-800x800.webp 800w, https:\/\/mountlaser.com\/wp-content\/uploads\/2025\/12\/GP180CL-4AB4-400x400.webp 400w\" sizes=\"(max-width: 500px) 100vw, 500px\" \/><\/td>\n<\/tr>\n<\/tbody>\n<\/table>\n<\/div>","protected":false},"excerpt":{"rendered":"<ul>\n<li>Szybka regulacja wysoko\u015bci: System kompresji i blokady zatrzaskowej zapewnia szybk\u0105 regulacj\u0119 wysoko\u015bci i bezpieczne blokowanie.<\/li>\n<li>Precyzyjne poziomowanie: Zintegrowana 30-stopowa libelka okr\u0105g\u0142a na aluminiowej podstawie umo\u017cliwia dok\u0142adne ustawienie w pionie.<\/li>\n<li>Uniwersalna kompatybilno\u015b\u0107: Wyposa\u017cony w gwint 5\/8\u2033-11, kt\u00f3ry pasuje do wi\u0119kszo\u015bci odbiornik\u00f3w GNSS i instrument\u00f3w pomiarowych.<\/li>\n<li>Trwa\u0142o\u015b\u0107 w warunkach polowych: konstrukcja z rur aluminiowych z opcjonalnymi okr\u0105g\u0142ymi przek\u0142adkami umo\u017cliwia solidne u\u017cytkowanie na zewn\u0105trz.<\/li>\n<li>Wszechstronne konfiguracje: Dost\u0119pne w r\u00f3\u017cnych d\u0142ugo\u015bciach (150 cm \/ 180 cm) oraz w opcjonalnych wersjach z uchwytem lub kompasem.<\/li>\n<\/ul>","protected":false},"featured_media":5125,"comment_status":"open","ping_status":"closed","template":"","meta":[],"product_brand":[],"product_cat":[89,145],"product_tag":[],"class_list":{"0":"post-5124","1":"product","2":"type-product","3":"status-publish","4":"has-post-thumbnail","6":"product_cat-surveying-pole-rod","7":"product_cat-gps-pole-compression-snap-lock","9":"first","10":"instock","11":"shipping-taxable","12":"product-type-simple"},"_links":{"self":[{"href":"https:\/\/mountlaser.com\/pl\/wp-json\/wp\/v2\/product\/5124","targetHints":{"allow":["GET"]}}],"collection":[{"href":"https:\/\/mountlaser.com\/pl\/wp-json\/wp\/v2\/product"}],"about":[{"href":"https:\/\/mountlaser.com\/pl\/wp-json\/wp\/v2\/types\/product"}],"replies":[{"embeddable":true,"href":"https:\/\/mountlaser.com\/pl\/wp-json\/wp\/v2\/comments?post=5124"}],"wp:featuredmedia":[{"embeddable":true,"href":"https:\/\/mountlaser.com\/pl\/wp-json\/wp\/v2\/media\/5125"}],"wp:attachment":[{"href":"https:\/\/mountlaser.com\/pl\/wp-json\/wp\/v2\/media?parent=5124"}],"wp:term":[{"taxonomy":"product_brand","embeddable":true,"href":"https:\/\/mountlaser.com\/pl\/wp-json\/wp\/v2\/product_brand?post=5124"},{"taxonomy":"product_cat","embeddable":true,"href":"https:\/\/mountlaser.com\/pl\/wp-json\/wp\/v2\/product_cat?post=5124"},{"taxonomy":"product_tag","embeddable":true,"href":"https:\/\/mountlaser.com\/pl\/wp-json\/wp\/v2\/product_tag?post=5124"}],"curies":[{"name":"wp","href":"https:\/\/api.w.org\/{rel}","templated":true}]}}