{"id":5116,"date":"2025-12-02T08:10:15","date_gmt":"2025-12-02T08:10:15","guid":{"rendered":"https:\/\/mountlaser.com\/?post_type=product&#038;p=5116"},"modified":"2025-12-02T08:10:15","modified_gmt":"2025-12-02T08:10:15","slug":"gp300-6c-gps-pole-thread-lock","status":"publish","type":"product","link":"https:\/\/mountlaser.com\/pl\/produkt\/gp300-6c-gps-pole-thread-lock\/","title":{"rendered":"Blokada gwintu s\u0142upka GPS GP300-6C"},"content":{"rendered":"<p>Ten <a href=\"https:\/\/mountlaser.com\/pl\/\"><strong>Blokada gwintu s\u0142upka GPS GP300-6C<\/strong><\/a> to wysokiej jako\u015bci tyczka geodezyjna o d\u0142ugo\u015bci 300 cm przeznaczona dla profesjonalist\u00f3w, kt\u00f3rzy wymagaj\u0105 maksymalnej stabilno\u015bci, precyzji i mobilno\u015bci w terenie. Zaprojektowana jako <a href=\"https:\/\/mountlaser.com\/pl\/kategoria-produktu\/surveying-pole-rod\/\">czarny s\u0142up GNSS<\/a>, Zapewnia wyj\u0105tkow\u0105 trwa\u0142o\u015b\u0107 dzi\u0119ki ca\u0142kowicie aluminiowej konstrukcji i \u015brednicy rury 32 mm. Blokada gwintowana s\u0142upka GPS GP300-6C posiada niezawodny mechanizm blokuj\u0105cy, kt\u00f3ry zapewnia bezpieczn\u0105 regulacj\u0119 wysoko\u015bci, nawet podczas intensywnych prac geodezyjnych GNSS. Od\u0142\u0105czana, 6-sekcyjna konstrukcja sprawia, \u017ce ten czarny s\u0142upek GNSS jest \u0142atwy w transporcie, zachowuj\u0105c jednocze\u015bnie sztywn\u0105, roz\u0142o\u017con\u0105 form\u0119.<\/p>\n<p>Wyposa\u017cony w aluminiow\u0105 podstaw\u0119 z libell\u0105 okr\u0105g\u0142\u0105 o \u015brednicy 9 metr\u00f3w, dalmierz GPS GP300-6C z blokad\u0105 gwintu umo\u017cliwia szybkie i dok\u0142adne poziomowanie, co pozwala na precyzyjne zbieranie danych. Standardowo wyposa\u017cony jest w antypo\u015blizgow\u0105 os\u0142on\u0119, gwint monta\u017cowy 5\/8\u2033-11 oraz mi\u0119kk\u0105 torb\u0119 transportow\u0105, zapewniaj\u0105c wygod\u0119 i niezawodn\u0105 prac\u0119 na ka\u017cdym placu budowy. Dla geodet\u00f3w poszukuj\u0105cych lekkiego, a jednocze\u015bnie wytrzyma\u0142ego dalmierza. <a href=\"https:\/\/mountlaser.com\/pl\/contact-us\/\">czarny s\u0142up GNSS<\/a>, Ten model oferuje optymaln\u0105 r\u00f3wnowag\u0119 pomi\u0119dzy wytrzyma\u0142o\u015bci\u0105, u\u017cyteczno\u015bci\u0105 i dok\u0142adno\u015bci\u0105 pomiaru.<\/p>\n<div>\n<table style=\"border-collapse: collapse; width: 1055.28pt;\" border=\"0\" width=\"1407\" cellspacing=\"0\" cellpadding=\"0\">\n<tbody>\n<tr style=\"height: 14.25pt;\">\n<td class=\"et2\" style=\"height: 14.25pt; width: 235.50pt;\" width=\"314\" height=\"19\">NUMER<\/td>\n<td class=\"et2\" style=\"width: 309.00pt;\" width=\"412\">ROZSZERZENIE<\/td>\n<td class=\"et2\" style=\"width: 88.50pt;\" width=\"118\">SEKCJE<\/td>\n<td class=\"et2\" style=\"width: 138.00pt;\" width=\"184\">TWORZYWO<\/td>\n<td class=\"et2\" style=\"width: 176.25pt;\" width=\"235\">KOLOR<\/td>\n<td class=\"et2\" style=\"width: 54.00pt;\" width=\"72\">\u015aREDNICA<\/td>\n<td class=\"et3\" style=\"width: 54.00pt;\" width=\"72\">ZDJ\u0118CIE<\/td>\n<\/tr>\n<tr style=\"height: 14.25pt;\">\n<td class=\"et4\" style=\"height: 14.25pt;\" height=\"19\">GP300-6C<\/td>\n<td class=\"et4\">300 cm<\/td>\n<td class=\"et5\">6<\/td>\n<td class=\"et4\">W\u0142\u00f3kno w\u0119glowe premium<\/td>\n<td class=\"et4\">Czarny<\/td>\n<td class=\"et4\">32 mm<\/td>\n<td><img fetchpriority=\"high\" decoding=\"async\" class=\"alignnone wp-image-5121\" src=\"https:\/\/mountlaser.com\/wp-content\/uploads\/2025\/12\/GP300-6C-5.webp\" alt=\"GP300-6C GPS Pole Thread Lock\" width=\"500\" height=\"500\" srcset=\"https:\/\/mountlaser.com\/wp-content\/uploads\/2025\/12\/GP300-6C-5.webp 1000w, https:\/\/mountlaser.com\/wp-content\/uploads\/2025\/12\/GP300-6C-5-300x300.webp 300w, https:\/\/mountlaser.com\/wp-content\/uploads\/2025\/12\/GP300-6C-5-150x150.webp 150w, https:\/\/mountlaser.com\/wp-content\/uploads\/2025\/12\/GP300-6C-5-768x768.webp 768w, https:\/\/mountlaser.com\/wp-content\/uploads\/2025\/12\/GP300-6C-5-12x12.webp 12w, https:\/\/mountlaser.com\/wp-content\/uploads\/2025\/12\/GP300-6C-5-600x600.webp 600w, https:\/\/mountlaser.com\/wp-content\/uploads\/2025\/12\/GP300-6C-5-800x800.webp 800w, https:\/\/mountlaser.com\/wp-content\/uploads\/2025\/12\/GP300-6C-5-400x400.webp 400w\" sizes=\"(max-width: 500px) 100vw, 500px\" \/><\/td>\n<\/tr>\n<\/tbody>\n<\/table>\n<\/div>","protected":false},"excerpt":{"rendered":"<ul>\n<li>Bezpieczny system blokowania gwintowanego \u2013 gwarantuje stabilne mocowanie na dowolnej wysoko\u015bci podczas prac geodezyjnych GNSS.<\/li>\n<li>Od\u0142\u0105czana konstrukcja 6-sekcyjna \u2013 umo\u017cliwia roz\u0142o\u017cenie dr\u0105\u017cka do d\u0142ugo\u015bci 300 cm, przy jednoczesnym zachowaniu kompaktowych rozmiar\u00f3w u\u0142atwiaj\u0105cych transport.<\/li>\n<li>Precyzyjne poziomowanie \u2013 zintegrowana aluminiowa podstawa z libell\u0105 okr\u0105g\u0142\u0105 o \u015brednicy 30 st\u00f3p zwi\u0119ksza dok\u0142adno\u015b\u0107 ustawienia.<\/li>\n<li>Ochrona antypo\u015blizgowa \u2013 standardowa os\u0142ona antypo\u015blizgowa zwi\u0119ksza bezpiecze\u0144stwo prowadzenia i zapobiega po\u015blizgom na nier\u00f3wnym terenie.<\/li>\n<li>Uniwersalna kompatybilno\u015b\u0107 \u2013 gwint 5\/8\u2033-11 pasuje do wszystkich g\u0142\u00f3wnych odbiornik\u00f3w GNSS i instrument\u00f3w geodezyjnych.<\/li>\n<li>Trwa\u0142a konstrukcja \u2013 aluminiowe rury o \u015brednicy zewn\u0119trznej 32 mm zapewniaj\u0105 wytrzyma\u0142o\u015b\u0107 i d\u0142ugoterminow\u0105 niezawodno\u015b\u0107.<\/li>\n<\/ul>","protected":false},"featured_media":5121,"comment_status":"open","ping_status":"closed","template":"","meta":[],"product_brand":[],"product_cat":[89,143],"product_tag":[],"class_list":{"0":"post-5116","1":"product","2":"type-product","3":"status-publish","4":"has-post-thumbnail","6":"product_cat-surveying-pole-rod","7":"product_cat-gps-pole-thread-lock","9":"first","10":"instock","11":"shipping-taxable","12":"product-type-simple"},"_links":{"self":[{"href":"https:\/\/mountlaser.com\/pl\/wp-json\/wp\/v2\/product\/5116","targetHints":{"allow":["GET"]}}],"collection":[{"href":"https:\/\/mountlaser.com\/pl\/wp-json\/wp\/v2\/product"}],"about":[{"href":"https:\/\/mountlaser.com\/pl\/wp-json\/wp\/v2\/types\/product"}],"replies":[{"embeddable":true,"href":"https:\/\/mountlaser.com\/pl\/wp-json\/wp\/v2\/comments?post=5116"}],"wp:featuredmedia":[{"embeddable":true,"href":"https:\/\/mountlaser.com\/pl\/wp-json\/wp\/v2\/media\/5121"}],"wp:attachment":[{"href":"https:\/\/mountlaser.com\/pl\/wp-json\/wp\/v2\/media?parent=5116"}],"wp:term":[{"taxonomy":"product_brand","embeddable":true,"href":"https:\/\/mountlaser.com\/pl\/wp-json\/wp\/v2\/product_brand?post=5116"},{"taxonomy":"product_cat","embeddable":true,"href":"https:\/\/mountlaser.com\/pl\/wp-json\/wp\/v2\/product_cat?post=5116"},{"taxonomy":"product_tag","embeddable":true,"href":"https:\/\/mountlaser.com\/pl\/wp-json\/wp\/v2\/product_tag?post=5116"}],"curies":[{"name":"wp","href":"https:\/\/api.w.org\/{rel}","templated":true}]}}