{"id":5097,"date":"2025-12-02T07:46:21","date_gmt":"2025-12-02T07:46:21","guid":{"rendered":"https:\/\/mountlaser.com\/?post_type=product&#038;p=5097"},"modified":"2025-12-02T07:46:21","modified_gmt":"2025-12-02T07:46:21","slug":"gp200-2a-gps-pole-thread-lock","status":"publish","type":"product","link":"https:\/\/mountlaser.com\/pl\/produkt\/gp200-2a-gps-pole-thread-lock\/","title":{"rendered":"Blokada gwintu s\u0142upka GPS GP200-2A"},"content":{"rendered":"<p>Ten <a href=\"https:\/\/mountlaser.com\/pl\/kategoria-produktu\/surveying-pole-rod\/\">Blokada gwintu s\u0142upka GPS GP200-2A<\/a> to trwa\u0142a i niezawodna tyczka geodezyjna zaprojektowana do profesjonalnych zastosowa\u0144 GNSS. Zaprojektowana jako solidna \u0142ata GNSS, wyposa\u017cona jest w mechanizm blokady gwintowanej, kt\u00f3ry zapewnia bezpieczn\u0105 regulacj\u0119 wysoko\u015bci i stabiln\u0105 prac\u0119 w terenie. Blokada gwintowana tyczki GPS GP200-2A oferuje od\u0142\u0105czan\u0105, \u0142atw\u0105 w transporcie konstrukcj\u0119, dzi\u0119ki czemu idealnie nadaje si\u0119 dla geodet\u00f3w, kt\u00f3rzy wymagaj\u0105 mobilno\u015bci bez kompromis\u00f3w w zakresie precyzji.<\/p>\n<p>Wykonany z wysokiej jako\u015bci aluminium i wyposa\u017cony w okr\u0105g\u0142\u0105 libel\u0119 o \u015brednicy 30 st\u00f3p na czarnej podstawie b\u0105belkowej, ten <a href=\"https:\/\/mountlaser.com\/pl\/\">Pr\u0119t GNSS<\/a> gwarantuje precyzyjne poziomowanie w trudnych warunkach. \u015arednica tuby 32 mm, os\u0142ona antypo\u015blizgowa i gwint monta\u017cowy 5\/8\u2033-11 zapewniaj\u0105 kompatybilno\u015b\u0107 z szerok\u0105 gam\u0105 odbiornik\u00f3w GNSS. Dost\u0119pny w wielu wersjach kolorystycznych. <a href=\"https:\/\/mountlaser.com\/pl\/contact-us\/\">Blokada gwintu s\u0142upka GPS GP200-2A<\/a> Idealnie wpasowuje si\u0119 w ka\u017cdy proces pomiarowy. Niezale\u017cnie od tego, czy jest u\u017cywany jako g\u0142\u00f3wny GNSS ROD, czy jako niezawodna kopia zapasowa w terenie, zapewnia wytrzyma\u0142o\u015b\u0107, stabilno\u015b\u0107 i d\u0142ugotrwa\u0142\u0105 u\u017cyteczno\u015b\u0107.<\/p>\n<div>\n<table style=\"border-collapse: collapse; width: 1055.28pt;\" border=\"0\" width=\"1407\" cellspacing=\"0\" cellpadding=\"0\">\n<tbody>\n<tr style=\"height: 14.25pt;\">\n<td class=\"et2\" style=\"height: 14.25pt; width: 235.50pt;\" width=\"314\" height=\"19\">NUMER<\/td>\n<td class=\"et2\" style=\"width: 309.00pt;\" width=\"412\">ROZSZERZENIE<\/td>\n<td class=\"et2\" style=\"width: 88.50pt;\" width=\"118\">SEKCJE<\/td>\n<td class=\"et2\" style=\"width: 138.00pt;\" width=\"184\">TWORZYWO<\/td>\n<td class=\"et2\" style=\"width: 176.25pt;\" width=\"235\">KOLOR<\/td>\n<td class=\"et2\" style=\"width: 54.00pt;\" width=\"72\">\u015aREDNICA<\/td>\n<td class=\"et3\" style=\"width: 54.00pt;\" width=\"72\">ZDJ\u0118CIE<\/td>\n<\/tr>\n<tr style=\"height: 14.25pt;\">\n<td class=\"et4\" style=\"height: 14.25pt;\" height=\"19\">GP200-2ABK<\/td>\n<td class=\"et4\">200 cm<\/td>\n<td class=\"et5\">2<\/td>\n<td class=\"et4\">Aluminium<\/td>\n<td class=\"et4\">Czarny<\/td>\n<td class=\"et4\">32 mm<\/td>\n<td><img fetchpriority=\"high\" decoding=\"async\" class=\"alignnone wp-image-5101\" src=\"https:\/\/mountlaser.com\/wp-content\/uploads\/2025\/12\/GP200-2A-4.webp\" alt=\"GP200-2A GPS Pole Thread Lock\" width=\"500\" height=\"500\" srcset=\"https:\/\/mountlaser.com\/wp-content\/uploads\/2025\/12\/GP200-2A-4.webp 1000w, https:\/\/mountlaser.com\/wp-content\/uploads\/2025\/12\/GP200-2A-4-300x300.webp 300w, https:\/\/mountlaser.com\/wp-content\/uploads\/2025\/12\/GP200-2A-4-150x150.webp 150w, https:\/\/mountlaser.com\/wp-content\/uploads\/2025\/12\/GP200-2A-4-768x768.webp 768w, https:\/\/mountlaser.com\/wp-content\/uploads\/2025\/12\/GP200-2A-4-12x12.webp 12w, https:\/\/mountlaser.com\/wp-content\/uploads\/2025\/12\/GP200-2A-4-600x600.webp 600w, https:\/\/mountlaser.com\/wp-content\/uploads\/2025\/12\/GP200-2A-4-800x800.webp 800w, https:\/\/mountlaser.com\/wp-content\/uploads\/2025\/12\/GP200-2A-4-400x400.webp 400w\" sizes=\"(max-width: 500px) 100vw, 500px\" \/><\/td>\n<\/tr>\n<tr style=\"height: 14.25pt;\">\n<td class=\"et4\" style=\"height: 14.25pt;\" height=\"19\">GP200-2AGN<\/td>\n<td class=\"et4\">200 cm<\/td>\n<td class=\"et5\">2<\/td>\n<td class=\"et4\">Aluminium<\/td>\n<td class=\"et4\">Zielony<\/td>\n<td class=\"et4\">32 mm<\/td>\n<td><img decoding=\"async\" class=\"alignnone wp-image-5111\" src=\"https:\/\/mountlaser.com\/wp-content\/uploads\/2025\/12\/GP200-2A-5-1.webp\" alt=\"\" width=\"500\" height=\"500\" srcset=\"https:\/\/mountlaser.com\/wp-content\/uploads\/2025\/12\/GP200-2A-5-1.webp 1000w, https:\/\/mountlaser.com\/wp-content\/uploads\/2025\/12\/GP200-2A-5-1-300x300.webp 300w, https:\/\/mountlaser.com\/wp-content\/uploads\/2025\/12\/GP200-2A-5-1-150x150.webp 150w, https:\/\/mountlaser.com\/wp-content\/uploads\/2025\/12\/GP200-2A-5-1-768x768.webp 768w, https:\/\/mountlaser.com\/wp-content\/uploads\/2025\/12\/GP200-2A-5-1-12x12.webp 12w, https:\/\/mountlaser.com\/wp-content\/uploads\/2025\/12\/GP200-2A-5-1-600x600.webp 600w, https:\/\/mountlaser.com\/wp-content\/uploads\/2025\/12\/GP200-2A-5-1-800x800.webp 800w, https:\/\/mountlaser.com\/wp-content\/uploads\/2025\/12\/GP200-2A-5-1-400x400.webp 400w\" sizes=\"(max-width: 500px) 100vw, 500px\" \/><\/td>\n<\/tr>\n<tr style=\"height: 14.25pt;\">\n<td class=\"et4\" style=\"height: 14.25pt;\" height=\"19\">GP200-4AYL<\/td>\n<td class=\"et4\">200 cm<\/td>\n<td class=\"et5\">4<\/td>\n<td class=\"et4\">Aluminium<\/td>\n<td class=\"et4\">\u017b\u00f3\u0142ty<\/td>\n<td class=\"et4\">32 mm<\/td>\n<td><\/td>\n<\/tr>\n<\/tbody>\n<\/table>\n<\/div>","protected":false},"excerpt":{"rendered":"<ul>\n<li>Zapewnia bezpieczn\u0105 i stabiln\u0105 regulacj\u0119 wysoko\u015bci dzi\u0119ki systemowi blokady gwintowanej<\/li>\n<li>Pe\u0142ni funkcj\u0119 precyzyjnego pr\u0119ta GNSS dla odbiornik\u00f3w GNSS, sprz\u0119tu GPS i instrument\u00f3w geodezyjnych.<\/li>\n<li>Zapewnia precyzyjne poziomowanie za pomoc\u0105 zintegrowanej 30-stopowej libelki okr\u0105g\u0142ej<\/li>\n<li>Zapewnia przeno\u015bno\u015b\u0107 dzi\u0119ki od\u0142\u0105czanej konstrukcji sk\u0142adaj\u0105cej si\u0119 z wielu sekcji<\/li>\n<li>Zapewnia doskona\u0142\u0105 przyczepno\u015b\u0107 i bezpiecze\u0144stwo dzi\u0119ki antypo\u015blizgowej pow\u0142oce<\/li>\n<li>Kompatybilny ze wszystkimi odbiornikami GPS\/GNSS z gwintem 5\/8\u2033-11<\/li>\n<li>W zestawie znajduje si\u0119 mi\u0119kki pokrowiec zapewniaj\u0105cy \u0142atwy transport i ochron\u0119<\/li>\n<\/ul>","protected":false},"featured_media":5109,"comment_status":"open","ping_status":"closed","template":"","meta":[],"product_brand":[],"product_cat":[89,143],"product_tag":[],"class_list":{"0":"post-5097","1":"product","2":"type-product","3":"status-publish","4":"has-post-thumbnail","6":"product_cat-surveying-pole-rod","7":"product_cat-gps-pole-thread-lock","9":"first","10":"instock","11":"shipping-taxable","12":"product-type-simple"},"_links":{"self":[{"href":"https:\/\/mountlaser.com\/pl\/wp-json\/wp\/v2\/product\/5097","targetHints":{"allow":["GET"]}}],"collection":[{"href":"https:\/\/mountlaser.com\/pl\/wp-json\/wp\/v2\/product"}],"about":[{"href":"https:\/\/mountlaser.com\/pl\/wp-json\/wp\/v2\/types\/product"}],"replies":[{"embeddable":true,"href":"https:\/\/mountlaser.com\/pl\/wp-json\/wp\/v2\/comments?post=5097"}],"wp:featuredmedia":[{"embeddable":true,"href":"https:\/\/mountlaser.com\/pl\/wp-json\/wp\/v2\/media\/5109"}],"wp:attachment":[{"href":"https:\/\/mountlaser.com\/pl\/wp-json\/wp\/v2\/media?parent=5097"}],"wp:term":[{"taxonomy":"product_brand","embeddable":true,"href":"https:\/\/mountlaser.com\/pl\/wp-json\/wp\/v2\/product_brand?post=5097"},{"taxonomy":"product_cat","embeddable":true,"href":"https:\/\/mountlaser.com\/pl\/wp-json\/wp\/v2\/product_cat?post=5097"},{"taxonomy":"product_tag","embeddable":true,"href":"https:\/\/mountlaser.com\/pl\/wp-json\/wp\/v2\/product_tag?post=5097"}],"curies":[{"name":"wp","href":"https:\/\/api.w.org\/{rel}","templated":true}]}}